{"id":997,"date":"2018-09-27T16:17:31","date_gmt":"2018-09-27T14:17:31","guid":{"rendered":"http:\/\/dev1.ganec.de\/de\/?page_id=997"},"modified":"2018-12-09T15:20:13","modified_gmt":"2018-12-09T13:20:13","slug":"windows","status":"publish","type":"page","link":"https:\/\/www.ganec.de\/de\/produkte\/sichere-usb-sticks\/mxi-stealth-key\/windows","title":{"rendered":"MXI Stealth Key \u2013 Einsatz unter Windows"},"content":{"rendered":"<div id=\"right-col\" class=\"custom-sidebar\">\r\n    <div id=\"sidebar\">\r\n        <h3 class=\"widget-title\">StealthKey Informationen<\/h3>\r\n        <ul>\r\n            <li><a href=\"\/de\/produkte\/sichere-usb-sticks\/mxi-stealth-key\">Merkmale<\/a><\/li>\r\n            <li><a href=\"\/de\/produkte\/sichere-usb-sticks\/mxi-stealth-key\/technische-daten\">Technische Daten<\/a><\/li>\r\n            <li><a href=\"\/de\/produkte\/sichere-usb-sticks\/mxi-stealth-key\/windows\">Einsatz unter Windows<\/a><\/li>\r\n            <li><a href=\"\/de\/produkte\/sichere-usb-sticks\/mxi-stealth-key\/macos\">Einsatz unter macOS<\/a><\/li>\r\n            <li><a href=\"\/de\/produkte\/sichere-usb-sticks\/mxi-stealth-key\/linux\">Einsatz unter Linux<\/a><\/li>\r\n            <li><a href=\"\/de\/produkte\/sichere-usb-sticks\/mxi-stealth-key\/verwaltung\">Zentrale Verwaltungsl\u00f6sung<\/a><\/li>\r\n            <li><a href=\"\/de\/produkte\/sichere-usb-sticks\/mxi-stealth-key\/presse-und-testberichte\">Presse \/\r\n                Testberichte<\/a><\/li>\r\n            <li><a href=\"\/de\/produkte\/sichere-usb-sticks\/mxi-stealth-key\/datenblaetter\">Datenbl\u00e4tter<\/a><\/li>\r\n            <li><a href=\"\/de\/produkte\/sichere-usb-sticks\/mxi-stealth-key\/faq\">H\u00e4ufige Fragen (FAQ)<\/a><\/li>\r\n        <\/ul>\r\n        <ul>\r\n            <li><a href=\"\/de\/kontakt\">Angebot \/ Beratung anfordern<\/a><\/li>\r\n            <li><a href=\"http:\/\/www.ganec-shop.de\/uebersicht-entscheidungshilfe-sichere-USB-Sticks\">Online-Shop<\/a><\/li>\r\n        <\/ul>\r\n        <ul>\r\n            <li><a href=\"\/de\/produkte\/sichere-usb-sticks\">zur\u00fcck zur \u00dcbersicht<\/a><\/li>\r\n        <\/ul>\r\n    <\/div>\r\n    <div class=\"clear\"><\/div>\r\n<\/div>\r\n<p>Den Einsatz des MXI Stealth Keys unter Windows haben wir den erh\u00e4ltlichen Varianten entsprechend separat\r\n    dokumentiert.\r\n<\/p>\r\n<ul class=\"blue\">\r\n    <li><a href=\"#M700\">MXI Stealth Key M700 Bio<\/a><\/li>\r\n    <li><a href=\"#M550\">MXI Stealth Key M550<\/a><\/li>\r\n<\/ul>\r\n<p><\/p>\r\n<div id=\"M700\" style=\"margin: 205px 0px 0px 0px;\">\r\n    <p style=\"font-size: 1.2em;\"><strong>MXI Stealth Key M700 Bio<\/strong><\/p>\r\n    <p>\r\n        Parameter f\u00fcr alle Betriebssystem-Tests:<br>\r\n        Firmware-Version: 1.14<br>\r\n        ACCESS Standard Version 3.8.7.1<\/p>\r\n    <div style=\"margin: 35px 0px 0px 0px;\">\r\n        <h3>MXI Stealth Key M700 Bio \u2013 Benutzung unter Windows<\/h3>\r\n        <p>\r\n            Der MXI Stealth Key M700 Bio besitzt eine integrierte Multiuser-Funktion: Es k\u00f6nnen \u2013 neben dem zwangsl\u00e4ufig\r\n            erforderlichen Administratoraccount \u2013 mehrere User auf demselben Stick angelegt werden. Jeder Benutzer\r\n            erh\u00e4lt so einen, von den anderen Benutzern getrennten Speicherbereich.\r\n        <\/p>\r\n        <p>Die folgende Bilderreihe zeigt die Verwendung des bereits eingerichteten (personalisierten) MXI-M700 Bio\r\n            Sticks unter einem Windows7 (64 Bit) System.\r\n        <\/p>\r\n    <\/div>\r\n    <div style=\"width:54%; margin: 40px 0px 0px 0px;\">\r\n        <p>\r\n            <strong>Login<\/strong><br>\r\n            Ist die Autostart Funktion unter Windows aktiviert, wird das Login Programm des Sticks nach Best\u00e4tigung\r\n            automatisch gestartet. Ansonsten kann man das Programm auch \u00fcber den Windows-Explorer von der\r\n            CDRom-Partition des Sticks starten.\r\n        <\/p>\r\n    <\/div>\r\n    <div style=\"width:45%; margin: -130px 0px 0px 445px;\">\r\n        <a href=\"\/de\/wp-content\/uploads\/produkte\/sticks\/mxi\/windows\/MXI-Bio_start_mkd.PNG\" class=\"highslide\"\r\n           onmouseover=\"hs.headingText=''\" onclick=\"return hs.expand(this, { headingText: '' } )\">\r\n            <img decoding=\"async\" src=\"\/de\/wp-content\/uploads\/produkte\/sticks\/mxi\/windows\/thumbs\/MXI-Bio_start_mkd.PNG\" alt=\"\" title=\"\">\r\n        <\/a>\r\n    <\/div>\r\n    <div style=\"width:45%; margin: -90px 0px 0px 0px;\">\r\n        <a href=\"\/de\/wp-content\/uploads\/produkte\/sticks\/mxi\/windows\/MXI-Bio_logon_1_mkd.PNG\" class=\"highslide\"\r\n           onmouseover=\"hs.headingText=''\" onclick=\"return hs.expand(this, { headingText: '' } )\">\r\n            <img decoding=\"async\" src=\"\/de\/wp-content\/uploads\/produkte\/sticks\/mxi\/windows\/thumbs\/MXI-Bio_logon_1_mkd.PNG\" alt=\"\"\r\n                 title=\"\">\r\n        <\/a>\r\n    <\/div>\r\n    <div style=\"width: 54%; margin: -135px 0px 0px 350px;\">\r\n        <p>\r\n            Nach dem Start des Login-Programmes kann man, falls mehrere Benutzerkonten angelegt wurden, den Benutzer\r\n            ausw\u00e4hlen, der sich an den Stick anmelden m\u00f6chte. Ist nur ein Benutzer angelegt worden, startet sofort der\r\n            Anmelde-Dialog.<\/p>\r\n    <\/div>\r\n    <div style=\"margin: 40px 0px 0px 0px;\"><p>Die hinterlegte Authentifizierungsmethode entscheidet dann \u00fcber den weiteren Verlauf der\r\n        Anmeldung, da man biometrische Merkmale mit der Passwortmethode kombinieren kann.<br>Die Abbildung zeigt den\r\n        Dialog f\u00fcr Biometrie.<\/p><\/div>\r\n    <div style=\"width: 54%; margin: 40px 0px 0px 0px;\">\r\n        <p>\r\n            <strong>Verwendung<\/strong><br>\r\n            Nach erfolgreicher Anmeldung wird das sichere Laufwerk freigeschaltet und in das System eingebunden.\r\n        <\/p>\r\n    <\/div>\r\n    <div style=\"width: 45%; margin: -80px 0px 0px 445px;\">\r\n        <a href=\"\/de\/wp-content\/uploads\/produkte\/sticks\/mxi\/windows\/MXI-Bio_logon_SecurePart_mkd.PNG\" class=\"highslide\"\r\n           onmouseover=\"hs.headingText=''\" onclick=\"return hs.expand(this, { headingText: '' } )\">\r\n            <img decoding=\"async\" src=\"\/de\/wp-content\/uploads\/produkte\/sticks\/mxi\/windows\/thumbs\/MXI-Bio_logon_SecurePart_mkd.PNG\" alt=\"\"\r\n                 title=\"\">\r\n        <\/a>\r\n    <\/div>\r\n    <div style=\"width: 54%; margin: 20px 0px 0px 350px;\">\r\n        <p>\r\n            \u00dcber das Tray-Icon in der Windows Men\u00fcleiste k\u00f6nnen unter anderem Einstellungen des Sticks vorgenommen\r\n            werden.\r\n        <\/p>\r\n    <\/div>\r\n    <div style=\"width: 45%; margin: -100px 0px 0px 0px;\">\r\n        <a href=\"\/de\/wp-content\/uploads\/produkte\/sticks\/mxi\/windows\/MXI-Bio_tray_mkd.PNG\" class=\"highslide\"\r\n           onmouseover=\"hs.headingText=''\" onclick=\"return hs.expand(this, { headingText: '' } )\">\r\n            <img decoding=\"async\" src=\"\/de\/wp-content\/uploads\/produkte\/sticks\/mxi\/windows\/MXI-Bio_tray_mkd.PNG\" alt=\"\" title=\"\">\r\n        <\/a>\r\n    <\/div>\r\n    <div style=\"width: 54%; margin: 20px 0px 0px 0px;\">\r\n        <p>\r\n            Portable Anwendungen sind nicht vorinstalliert \u2013 gerade beim Einsatz unter Windows kann der Benutzer auf\r\n            eine F\u00fclle an portablen Anwendungen zur\u00fcckgreifen (siehe beispielsweise <a href=\"http:\/\/portableapps.com\/\"\r\n                                                                                       target=\"_blank\">http:\/\/portableapps.com\/<\/a>).\r\n        <\/p>\r\n    <\/div>\r\n    <div style=\"width: 45%; margin: -130px 0px 0px 445px;\">\r\n        <a href=\"\/de\/wp-content\/uploads\/produkte\/sticks\/mxi\/windows\/MXI-Bio_traymenu_mkd.png\" class=\"highslide\"\r\n           onmouseover=\"hs.headingText=''\" onclick=\"return hs.expand(this, { headingText: '' } )\">\r\n            <img decoding=\"async\" src=\"\/de\/wp-content\/uploads\/produkte\/sticks\/mxi\/windows\/thumbs\/MXI-Bio_traymenu_mkd.png\" alt=\"\"\r\n                 title=\"\">\r\n        <\/a>\r\n    <\/div>\r\n    <div style=\"margin: 10px 0px 0px 0px;\">\r\n        <p>Es steht kein build-in Programm zur Sicherung des privaten Laufwerkes zur Verf\u00fcgung, es gibt hier aber auch\r\n            viele M\u00f6glichkeiten f\u00fcr den Benutzer sein individuelles Backup-Konzept einzusetzen.<\/p>\r\n    <\/div>\r\n    <div style=\"width: 52%; margin: 40px 0px 0px 0px;\">\r\n        <p>\r\n            <strong>Logout<\/strong><br>\r\n            Das sichere Laufwerk wird \u00fcber die Schaltfl\u00e4che \u201eLogout\u201c im Men\u00fc des Tray-Icons verschlossen.\r\n        <\/p>\r\n    <\/div>\r\n    <div style=\"width: 45%;margin: -80px 0px 0px 445px;\">\r\n        <a href=\"\/de\/wp-content\/uploads\/produkte\/sticks\/mxi\/windows\/MXI-Bio_eject.PNG\" class=\"highslide\"\r\n           onmouseover=\"hs.headingText=''\" onclick=\"return hs.expand(this, { headingText: '' } )\">\r\n            <img decoding=\"async\" src=\"\/de\/wp-content\/uploads\/produkte\/sticks\/mxi\/windows\/thumbs\/MXI-Bio_eject.PNG\" alt=\"\" title=\"\">\r\n        <\/a>\r\n    <\/div>\r\n    <div style=\"margin: -10px 0px 0px 0px;\">\r\n        <a href=\"\/de\/wp-content\/uploads\/produkte\/sticks\/mxi\/windows\/MXI-Bio_logout_mkd.png\" class=\"highslide\"\r\n           onmouseover=\"hs.headingText=''\" onclick=\"return hs.expand(this, { headingText: '' } )\">\r\n            <img decoding=\"async\" src=\"\/de\/wp-content\/uploads\/produkte\/sticks\/mxi\/windows\/thumbs\/MXI-Bio_logout_mkd.png\" alt=\"\" title=\"\">\r\n        <\/a>\r\n    <\/div>\r\n\r\n    <div style=\"width: 52%;margin: -110px 0px 0px 350px;\">\r\n        <p>\r\n            Au\u00dferdem kann der Stick \u00fcber \u201eEject Device\u201c aus dem System entfernt werden. Vorher sollten allerdings alle\r\n            offenen Dateien und vom Stick gestarteten Anwendungen geschlossen werden.\r\n        <\/p>\r\n    <\/div>\r\n<\/div>\r\n<div id=\"M550\" style=\"margin: 105px 0px 0px 0px;\">\r\n    <p style=\"font-size: 1.2em;\"><strong>MXI Stealth Key M550<\/strong><\/p>\r\n    <p>\r\n        Parameter f\u00fcr alle Betriebssystem-Tests:<br>\r\n        Firmware-Version: Stealth M550 FW 2.2<br>\r\n        ACCESS Standard Version 4.0.1.14<\/p>\r\n    <div style=\"margin: 35px 0px 55px 0px;\">\r\n        <h3>MXI Stealth Key M550 \u2013 Benutzung unter Windows<\/h3>\r\n        <p>\r\n            Der MXI Stealth Key M550 besitzt eine integrierte Multiuser-Funktion: Es k\u00f6nnen \u2013 neben dem zwangsl\u00e4ufig\r\n            erforderlichen Administratoraccount \u2013 mehrere User auf demselben Stick angelegt werden. Jeder Benutzer\r\n            erh\u00e4lt so einen, von den anderen Benutzern getrennten Speicherbereich.\r\n        <\/p>\r\n        <p>\r\n            Die folgende Bilderreihe zeigt die Verwendung des bereits eingerichteten (personalisierten) MXI-M550 Sticks\r\n            unter dem Betriebssystem Windows 7 Professional, 32 Bit.\r\n        <\/p>\r\n    <\/div>\r\n    <div style=\"width:52%; margin: -15px 0px 0px 0px;\">\r\n        <p>\r\n            <strong>Login<\/strong><br>\r\n            Nachdem der Stick mit dem PC verbunden wurde, werden die CDRom-Partition und die, noch verschlossene,\r\n            sichere Partition in das System eingebunden.\r\n        <\/p>\r\n    <\/div>\r\n    <div style=\"width:45%;margin: -105px 0px 0px 445px;\">\r\n        <a href=\"\/de\/wp-content\/uploads\/produkte\/sticks\/mxi\/windows\/MX550_explorer-2_mkd.png\" class=\"highslide\"\r\n           onmouseover=\"hs.headingText=''\" onclick=\"return hs.expand(this, { headingText: '' } )\">\r\n            <img decoding=\"async\" src=\"\/de\/wp-content\/uploads\/produkte\/sticks\/mxi\/windows\/thumbs\/MX550_explorer-2_mkd.png\" alt=\"\"\r\n                 title=\"\">\r\n        <\/a>\r\n    <\/div>\r\n    <div style=\"width:45%;margin: -140px 0px 0px 0px;\">\r\n        <a href=\"\/de\/wp-content\/uploads\/produkte\/sticks\/mxi\/windows\/MX550_autostart_mkd.PNG\" class=\"highslide\"\r\n           onmouseover=\"hs.headingText=''\" onclick=\"return hs.expand(this, { headingText: '' } )\">\r\n            <img decoding=\"async\" src=\"\/de\/wp-content\/uploads\/produkte\/sticks\/mxi\/windows\/thumbs\/MX550_autostart_mkd.PNG\" alt=\"\"\r\n                 title=\"\">\r\n        <\/a>\r\n    <\/div>\r\n    <div style=\"width: 52%;margin: -150px 0px 0px 350px;\">\r\n        <p>\r\n            Der \u201eOrdner \u00f6ffnen\u201c-Dialog von Windows \u00f6ffnet sich auch f\u00fcr die sichere aber noch verschlossene Partition.\r\n        <\/p>\r\n    <\/div>\r\n    <div style=\"width:52%;margin: 140px 0px 0px 0px;\">\r\n        <p>\r\n            L\u00e4sst man den Start des Login-Programms \u201eStart\u201c des Sticks \u00fcber die Autostart-Funktion zu oder startet man\r\n            die Anwendung manuell \u00fcber den Windows-Explorer, \u00f6ffnet sich der Authentifizierungsdialog.\r\n        <\/p>\r\n    <\/div>\r\n    <div style=\"width:45%;margin: -200px 0px 0px 445px;\">\r\n        <a href=\"\/de\/wp-content\/uploads\/produkte\/sticks\/mxi\/windows\/MX550_login_mkd.png\" class=\"highslide\"\r\n           onmouseover=\"hs.headingText=''\" onclick=\"return hs.expand(this, { headingText: '' } )\">\r\n            <img decoding=\"async\" src=\"\/de\/wp-content\/uploads\/produkte\/sticks\/mxi\/windows\/thumbs\/MX550_login_mkd.png\" alt=\"\" title=\"\">\r\n        <\/a>\r\n    <\/div>\r\n    <div style=\"width: 100%;margin: 15px 0px 0px 0px;\">\r\n        <p>\r\n            <strong>Verwendung<\/strong><br>\r\n            Nach dem erfolgreichen Login wird das Tray-Icon des Login Programmes des Sticks in das System-Tray\r\n            eingebunden. Die sichere Partition ist nun freigeschaltet und steht dem Benutzer zur Verf\u00fcgung.\r\n        <\/p>\r\n    <\/div>\r\n    <div style=\"width: 45%;margin: 40px 0px 0px 0px;\">\r\n        <a href=\"\/de\/wp-content\/uploads\/produkte\/sticks\/mxi\/windows\/MX550_tray-1_mkd.png\" class=\"highslide\"\r\n           onmouseover=\"hs.headingText=''\" onclick=\"return hs.expand(this, { headingText: '' } )\">\r\n            <img decoding=\"async\" src=\"\/de\/wp-content\/uploads\/produkte\/sticks\/mxi\/windows\/MX550_tray-1_mkd.png\" alt=\"\" title=\"\">\r\n        <\/a>\r\n    <\/div>\r\n    <div style=\"width: 52%;margin: -110px 0px 0px 350px;\">\r\n        <p>\r\n            Der Tooltip des Tray-Icons signalisiert, dass die sichere Partition freigeschaltet ist.\r\n        <\/p>\r\n    <\/div>\r\n    <div style=\"width: 52%;margin: 20px 0px 0px 350px;\">\r\n        <p>\r\n            Portable Anwendungen sind nicht vorinstalliert \u2013 gerade beim Einsatz unter Windows kann der Benutzer auf\r\n            eine F\u00fclle an portablen Anwendungen zur\u00fcckgreifen (siehe beispielsweise <a href=\"http:\/\/portableapps.com\/\"\r\n                                                                                       target=\"_blank\">http:\/\/portableapps.com\/<\/a>).\r\n        <\/p>\r\n        <p>\r\n            Es steht kein build-in Programm zur Sicherung des privaten Laufwerkes zur Verf\u00fcgung, es gibt hier aber auch\r\n            viele M\u00f6glichkeiten f\u00fcr den Benutzer sein individuelles Backup-Konzept einzusetzen.\r\n        <\/p>\r\n    <\/div>\r\n    <div style=\"width: 45%;margin: -150px 0px 0px 0px;\">\r\n        <a href=\"\/de\/wp-content\/uploads\/produkte\/sticks\/mxi\/windows\/MX550_tray-2-a_mkd.png\" class=\"highslide\"\r\n           onmouseover=\"hs.headingText=''\" onclick=\"return hs.expand(this, { headingText: '' } )\">\r\n            <img decoding=\"async\" src=\"\/de\/wp-content\/uploads\/produkte\/sticks\/mxi\/windows\/thumbs\/MX550_tray-2-a_mkd.png\" alt=\"\" title=\"\">\r\n        <\/a>\r\n    <\/div>\r\n    <div style=\"width: 45%;margin: 40px 0px 0px 445px;\">\r\n        <a href=\"\/de\/wp-content\/uploads\/produkte\/sticks\/mxi\/windows\/MX550_manage_mkd.png\" class=\"highslide\"\r\n           onmouseover=\"hs.headingText=''\" onclick=\"return hs.expand(this, { headingText: '' } )\">\r\n            <img decoding=\"async\" src=\"\/de\/wp-content\/uploads\/produkte\/sticks\/mxi\/windows\/thumbs\/MX550_manage_mkd.png\" alt=\"\"\r\n                 title=\"\"><\/a>\r\n    <\/div>\r\n    <div style=\"width: 52%;margin: -260px 0px 0px 0px;\">\r\n        <p>\r\n            \u00dcber das Men\u00fc des Tray-Icons kann man die sichere Partition sperren und den Stick auswerfen, oder\r\n            Einstellungen vornehmen.<\/p>\r\n        <p>\r\n            \u00dcber den Men\u00fcpunkt \u201eManage Device\u201c des Tray-Icons erreicht man den Hauptdialog zur Verwaltung des Sticks.\r\n        <\/p>\r\n    <\/div>\r\n    <div style=\"margin: 95px 0px 0px 0px;\">\r\n        <p>\r\n            <strong>Logout<\/strong><br>\r\n            Das sichere Laufwerk wird durch \u201eLogout\u201c im Men\u00fc des Tray-Icons verschlossen \u2013 durch \u201eEject Device\u201c kann\r\n            zus\u00e4tzlich der Stick aus dem System entfernt werden. Vorher sollte man alle offenen Dateien und vom Stick\r\n            gestarteten Anwendungen schlie\u00dfen.\r\n        <\/p>\r\n    <\/div>\r\n    <div style=\"width: 45%;margin: 30px 0px 0px 0px;\">\r\n        <a href=\"\/de\/wp-content\/uploads\/produkte\/sticks\/mxi\/windows\/MX550_logout.png\" class=\"highslide\"\r\n           onmouseover=\"hs.headingText=''\" onclick=\"return hs.expand(this, { headingText: '' } )\">\r\n            <img decoding=\"async\" src=\"\/de\/wp-content\/uploads\/produkte\/sticks\/mxi\/windows\/thumbs\/MX550_logout.png\" alt=\"\" title=\"\">\r\n        <\/a>\r\n    <\/div>\r\n    <div style=\"width: 45%;margin: -148px 0px 0px 445px;\">\r\n        <a href=\"\/de\/wp-content\/uploads\/produkte\/sticks\/mxi\/windows\/MX550_tray-2-b_mkd.png\" class=\"highslide\"\r\n           onmouseover=\"hs.headingText=''\" onclick=\"return hs.expand(this, { headingText: '' } )\">\r\n            <img decoding=\"async\" src=\"\/de\/wp-content\/uploads\/produkte\/sticks\/mxi\/windows\/thumbs\/MX550_tray-2-b_mkd.png\" alt=\"\" title=\"\">\r\n        <\/a>\r\n    <\/div>\r\n<\/div>","protected":false},"excerpt":{"rendered":"StealthKey Informationen Merkmale Technische Daten Einsatz unter Windows Einsatz unter","protected":false},"author":1,"featured_media":0,"parent":676,"menu_order":0,"comment_status":"closed","ping_status":"closed","template":"","meta":{"footnotes":""},"class_list":["post-997","page","type-page","status-publish","hentry","no-wpautop","","tg-column-two"],"_links":{"self":[{"href":"https:\/\/www.ganec.de\/de\/wp-json\/wp\/v2\/pages\/997","targetHints":{"allow":["GET"]}}],"collection":[{"href":"https:\/\/www.ganec.de\/de\/wp-json\/wp\/v2\/pages"}],"about":[{"href":"https:\/\/www.ganec.de\/de\/wp-json\/wp\/v2\/types\/page"}],"author":[{"embeddable":true,"href":"https:\/\/www.ganec.de\/de\/wp-json\/wp\/v2\/users\/1"}],"replies":[{"embeddable":true,"href":"https:\/\/www.ganec.de\/de\/wp-json\/wp\/v2\/comments?post=997"}],"version-history":[{"count":6,"href":"https:\/\/www.ganec.de\/de\/wp-json\/wp\/v2\/pages\/997\/revisions"}],"predecessor-version":[{"id":1004,"href":"https:\/\/www.ganec.de\/de\/wp-json\/wp\/v2\/pages\/997\/revisions\/1004"}],"up":[{"embeddable":true,"href":"https:\/\/www.ganec.de\/de\/wp-json\/wp\/v2\/pages\/676"}],"wp:attachment":[{"href":"https:\/\/www.ganec.de\/de\/wp-json\/wp\/v2\/media?parent=997"}],"curies":[{"name":"wp","href":"https:\/\/api.w.org\/{rel}","templated":true}]}}