{"id":986,"date":"2018-09-27T15:33:24","date_gmt":"2018-09-27T13:33:24","guid":{"rendered":"http:\/\/dev1.ganec.de\/de\/?page_id=986"},"modified":"2018-12-09T15:15:13","modified_gmt":"2018-12-09T13:15:13","slug":"faq","status":"publish","type":"page","link":"https:\/\/www.ganec.de\/de\/produkte\/sichere-usb-sticks\/blockmaster-safestick\/faq","title":{"rendered":"Blockmaster SafeStick \u2013 H\u00e4ufige Fragen \/ Antworten (FAQ)"},"content":{"rendered":"<div id=\"right-col\" class=\"custom-sidebar\">\r\n    <div id=\"sidebar\">\r\n        <h3 class=\"widget-title\">SafeStick Informationen<\/h3>\r\n        <ul>\r\n            <li><a href=\"\/de\/produkte\/sichere-usb-sticks\/blockmaster-safestick\">Merkmale<\/a><\/li>\r\n            <li><a href=\"\/de\/produkte\/sichere-usb-sticks\/blockmaster-safestick\/technische-daten\">Technische Daten<\/a>\r\n            <\/li>\r\n            <li><a href=\"\/de\/produkte\/sichere-usb-sticks\/blockmaster-safestick\/windows\">Einsatz unter Windows<\/a><\/li>\r\n            <li><a href=\"\/de\/produkte\/sichere-usb-sticks\/blockmaster-safestick\/macos\">Einsatz unter macOS<\/a><\/li>\r\n            <li><a href=\"\/de\/produkte\/sichere-usb-sticks\/blockmaster-safestick\/linux\">Einsatz unter Linux<\/a><\/li>\r\n            <li><a href=\"\/de\/produkte\/sichere-usb-sticks\/blockmaster-safestick\/verwaltung\">Zentrale\r\n                Verwaltungsl\u00f6sung<\/a><\/li>\r\n            <li><a href=\"\/de\/produkte\/sichere-usb-sticks\/blockmaster-safestick\/presse-und-testberichte\">Presse \/\r\n                Testberichte<\/a><\/li>\r\n            <li><a href=\"\/de\/produkte\/sichere-usb-sticks\/blockmaster-safestick\/datenblaetter\">Datenbl\u00e4tter<\/a><\/li>\r\n            <li><a href=\"\/de\/produkte\/sichere-usb-sticks\/blockmaster-safestick\/faq\">H\u00e4ufige Fragen (FAQ)<\/a><\/li>\r\n        <\/ul>\r\n        <ul>\r\n            <li><a href=\"\/de\/kontakt\">Angebot \/ Beratung anfordern<\/a><\/li>\r\n            <li><a href=\"http:\/\/www.ganec-shop.de\/uebersicht-entscheidungshilfe-sichere-USB-Sticks\">Online-Shop<\/a><\/li>\r\n        <\/ul>\r\n        <ul>\r\n            <li><a href=\"\/de\/produkte\/sichere-usb-sticks\">zur\u00fcck zur \u00dcbersicht<\/a><\/li>\r\n        <\/ul>\r\n    <\/div>\r\n    <div class=\"clear\"><\/div>\r\n<\/div>\r\n<p>\r\n    Auf dieser Seite haben wir h\u00e4ufige Fragen zu Blockmaster SafeStick USB-Sticks aufgelistet \u2013 und beantwortet.<\/p>\r\n<div style=\"margin: 0px 0px 0px 0px\">\r\n    <div style=\"margin: 25px 0px 0px 0px\">\r\n        <h3>1. Muss Software installiert werden, um den SafeStick nutzen zu k\u00f6nnen?<\/h3>\r\n        <p>\r\n            Nein, das ist nicht erforderlich. S\u00e4mtliche Software, die Sie zur Nutzung des SafeSticks ben\u00f6tigen, ist vorinstalliert und kann somit ohne vorherige Installation gestartet werden.<\/p><\/div>\r\n    <div style=\"margin: 25px 0px 0px 0px\">\r\n        <h3>2. Welche Variante ist f\u00fcr wen geeignet?<\/h3>\r\n        <p>\r\n            Die <strong>Standard-Variante<\/strong> ist f\u00fcr die meisten Kunden geeignet, unabh\u00e4ngig davon, ob der USB-Stick im privaten oder gesch\u00e4ftlichen Umfeld eingesetzt werden soll.<br \/>\r\n            <br \/>\r\n            Die <strong>Supersonic-Variante<\/strong> wendet sich an Kunden, die zus\u00e4tzlich zu den Funktionen der Standard-Variante eine hohe Lese- und\/oder Schreibgeschwindigkeit ben\u00f6tigen. Dabei ist allerdings zu ber\u00fccksichtigen, dass nur die Speichergr\u00f6\u00dfen 4 und 8 GB zur Verf\u00fcgung stehen.<br \/>\r\n        <\/p><\/div>\r\n    <div style=\"margin: 25px 0px 0px 0px\">\r\n        <h3>3. Fallen seitens Blockmaster Geb\u00fchren f\u00fcr die Nutzung der USB-Sticks an?<\/h3>\r\n        <p>\r\n            Grunds\u00e4tzlich k\u00f6nnen Sie alle SafeSticks nutzen, ohne dass zwangsl\u00e4ufig eine Nutzungsgeb\u00fchr f\u00e4llig wird. Bitte beachten Sie dabei folgendes:<br \/>\r\n            <br \/>\r\n            Wenn Sie SafeSticks zentral verwalten m\u00f6chten, fallen in Abh\u00e4ngigkeit von der eingesetzten Variante der Verwaltungsl\u00f6sung regelm\u00e4\u00dfige Kosten an. Bitte kontaktieren Sie uns, wenn Sie weitere Informationen oder ein Angebot ben\u00f6tigen.<\/p><\/div>\r\n    <div style=\"margin: 25px 0px 0px 0px\">\r\n        <h3>4. Existiert ein Masterpasswort bzw. eine \u201eHintert\u00fcr\u201c?<\/h3>\r\n        <p>\r\n            Die Blockmaster SafeSticks verf\u00fcgen laut Angabe des Herstellers nicht \u00fcber eine \u201eHintert\u00fcr\u201c oder ein Masterpasswort, die es Dritten (z.B. Geheimdiensten) erlauben, auf Ihre Daten zuzugreifen.<br \/>\r\n            <br \/>\r\n            Wenn Sie die SafeSticks mit der SafeConsole zentral verwalten, besteht die M\u00f6glichkeit, den SafeStick mit Hilfe eines individuellen Freischaltcodes ohne Eingabe des \turspr\u00fcnglichen Passworts wieder aufzuschlie\u00dfen. Die Kommunikation zwischen Anwender und der SafeConsole, die zur Generierung des Codes erforderlich ist, wird dabei mittels des asymmetrischen RSA Algorithmus verschl\u00fcsselt. Dieses Verfahren ist somit nicht mit einem (globalen) Masterpasswort gleichzusetzen.<\/p><\/div>\r\n    <div style=\"margin: 25px 0px 0px 0px\">\r\n        <h3>5. Was passiert, wenn man sein Passwort vergessen hat?<\/h3>\r\n        <p>\r\n            Die Beantwortung der Frage h\u00e4ngt davon ab, ob die zentrale Verwaltungsl\u00f6sung SafeConsole eingesetzt wird.<br \/>\r\n            <br \/>\r\n            <strong>SafeConsole wird nicht eingesetzt:<\/strong> Sofern es Ihnen nicht gelingt, das korrekte Passwort im Rahmen der zul\u00e4ssigen Fehlversuche zu erraten, existiert keine M\u00f6glichkeit, an die Daten zu gelangen. Der Stick deaktiviert sich automatisch, sobald die maximale Anzahl an Fehlversuchen erreicht ist. Der Anwender kann den \tStick dann nur noch zur\u00fccksetzen, wobei das Passwort und die Daten gel\u00f6scht werden und der Stick in den Auslieferungszustand versetzt wird.<br \/>\r\n            <br \/>\r\n            <strong>SafeConsole wird eingesetzt:<\/strong> Mit Unterst\u00fctzung des Administrators und eines individuellen Freischaltcodes, der generiert wird, wenn der Stick mit der \tSafeConsole auf sichere Weise verbunden ist, kann der Nutzer wieder an die Daten gelangen und ein neues Passwort vergeben.<\/p><\/div>\r\n<\/div>","protected":false},"excerpt":{"rendered":"SafeStick Informationen Merkmale Technische Daten Einsatz unter Windows Einsatz unter","protected":false},"author":1,"featured_media":0,"parent":671,"menu_order":0,"comment_status":"closed","ping_status":"closed","template":"","meta":{"footnotes":""},"class_list":["post-986","page","type-page","status-publish","hentry","no-wpautop","","tg-column-two"],"_links":{"self":[{"href":"https:\/\/www.ganec.de\/de\/wp-json\/wp\/v2\/pages\/986","targetHints":{"allow":["GET"]}}],"collection":[{"href":"https:\/\/www.ganec.de\/de\/wp-json\/wp\/v2\/pages"}],"about":[{"href":"https:\/\/www.ganec.de\/de\/wp-json\/wp\/v2\/types\/page"}],"author":[{"embeddable":true,"href":"https:\/\/www.ganec.de\/de\/wp-json\/wp\/v2\/users\/1"}],"replies":[{"embeddable":true,"href":"https:\/\/www.ganec.de\/de\/wp-json\/wp\/v2\/comments?post=986"}],"version-history":[{"count":2,"href":"https:\/\/www.ganec.de\/de\/wp-json\/wp\/v2\/pages\/986\/revisions"}],"predecessor-version":[{"id":990,"href":"https:\/\/www.ganec.de\/de\/wp-json\/wp\/v2\/pages\/986\/revisions\/990"}],"up":[{"embeddable":true,"href":"https:\/\/www.ganec.de\/de\/wp-json\/wp\/v2\/pages\/671"}],"wp:attachment":[{"href":"https:\/\/www.ganec.de\/de\/wp-json\/wp\/v2\/media?parent=986"}],"curies":[{"name":"wp","href":"https:\/\/api.w.org\/{rel}","templated":true}]}}