{"id":983,"date":"2018-09-27T15:29:38","date_gmt":"2018-09-27T13:29:38","guid":{"rendered":"http:\/\/dev1.ganec.de\/de\/?page_id=983"},"modified":"2018-12-09T15:14:19","modified_gmt":"2018-12-09T13:14:19","slug":"datenblaetter","status":"publish","type":"page","link":"https:\/\/www.ganec.de\/de\/produkte\/sichere-usb-sticks\/blockmaster-safestick\/datenblaetter","title":{"rendered":"Blockmaster SafeStick \u2013 Datenbl\u00e4tter"},"content":{"rendered":"<div id=\"right-col\" class=\"custom-sidebar\">\r\n    <div id=\"sidebar\">\r\n        <h3 class=\"widget-title\">SafeStick Informationen<\/h3>\r\n        <ul>\r\n            <li><a href=\"\/de\/produkte\/sichere-usb-sticks\/blockmaster-safestick\">Merkmale<\/a><\/li>\r\n            <li><a href=\"\/de\/produkte\/sichere-usb-sticks\/blockmaster-safestick\/technische-daten\">Technische Daten<\/a>\r\n            <\/li>\r\n            <li><a href=\"\/de\/produkte\/sichere-usb-sticks\/blockmaster-safestick\/windows\">Einsatz unter Windows<\/a><\/li>\r\n            <li><a href=\"\/de\/produkte\/sichere-usb-sticks\/blockmaster-safestick\/macos\">Einsatz unter macOS<\/a><\/li>\r\n            <li><a href=\"\/de\/produkte\/sichere-usb-sticks\/blockmaster-safestick\/linux\">Einsatz unter Linux<\/a><\/li>\r\n            <li><a href=\"\/de\/produkte\/sichere-usb-sticks\/blockmaster-safestick\/verwaltung\">Zentrale\r\n                Verwaltungsl\u00f6sung<\/a><\/li>\r\n            <li><a href=\"\/de\/produkte\/sichere-usb-sticks\/blockmaster-safestick\/presse-und-testberichte\">Presse \/\r\n                Testberichte<\/a><\/li>\r\n            <li><a href=\"\/de\/produkte\/sichere-usb-sticks\/blockmaster-safestick\/datenblaetter\">Datenbl\u00e4tter<\/a><\/li>\r\n            <li><a href=\"\/de\/produkte\/sichere-usb-sticks\/blockmaster-safestick\/faq\">H\u00e4ufige Fragen (FAQ)<\/a><\/li>\r\n        <\/ul>\r\n        <ul>\r\n            <li><a href=\"\/de\/kontakt\">Angebot \/ Beratung anfordern<\/a><\/li>\r\n            <li><a href=\"http:\/\/www.ganec-shop.de\/uebersicht-entscheidungshilfe-sichere-USB-Sticks\">Online-Shop<\/a><\/li>\r\n        <\/ul>\r\n        <ul>\r\n            <li><a href=\"\/de\/produkte\/sichere-usb-sticks\">zur\u00fcck zur \u00dcbersicht<\/a><\/li>\r\n        <\/ul>\r\n    <\/div>\r\n    <div class=\"clear\"><\/div>\r\n<\/div>\r\n<p>\r\n    Auf dieser Seite finden Sie Datenbl\u00e4tter in englischer Sprache f\u00fcr den Blockmaster SafeStick und der Verwaltungsl\u00f6sung SafeConsole.<\/p>\r\n<div style=\"margin: 20px 0px 0px 0px\">\r\n    <h3>Datenbl\u00e4tter des Herstellers<\/h3>\r\n    <p>\r\n        <a href=\"\/de\/wp-content\/uploads\/produkte\/sticks\/blockmaster\/datasheets\/SafeStick overview.pdf\" target=\"_blank\">\u00dcbersicht: SafeStick<\/a><br \/>\r\n        \u00dcberblick \u00fcber den sicheren USB-Stick von Blockmaster (Englisch)<\/p>\r\n    <p>\r\n        <a href=\"\/de\/wp-content\/uploads\/produkte\/sticks\/blockmaster\/datasheets\/SafeConsole overview.pdf\" target=\"_blank\">\u00dcbersicht: SafeConsole<\/a><br \/>\r\n        \u00dcberblick \u00fcber die Verwaltungsl\u00f6sung SafeConsole (Englisch)<\/p>\r\n    <p>\r\n        <a href=\"\/de\/wp-content\/uploads\/produkte\/sticks\/blockmaster\/datasheets\/SpecList SafeConsole.pdf\" target=\"_blank\">Gegen\u00fcberstellung: SafeConsole Intro, Enforce und Enforce &#038; Enable<\/a><br \/>\r\n        \u00dcberblick \u00fcber die drei verschiedenen Varianten der Verwaltungsl\u00f6sung SafeConsole (Englisch)<\/p>","protected":false},"excerpt":{"rendered":"SafeStick Informationen Merkmale Technische Daten Einsatz unter Windows Einsatz unter","protected":false},"author":1,"featured_media":0,"parent":671,"menu_order":0,"comment_status":"closed","ping_status":"closed","template":"","meta":{"footnotes":""},"class_list":["post-983","page","type-page","status-publish","hentry","no-wpautop","","tg-column-two"],"_links":{"self":[{"href":"https:\/\/www.ganec.de\/de\/wp-json\/wp\/v2\/pages\/983","targetHints":{"allow":["GET"]}}],"collection":[{"href":"https:\/\/www.ganec.de\/de\/wp-json\/wp\/v2\/pages"}],"about":[{"href":"https:\/\/www.ganec.de\/de\/wp-json\/wp\/v2\/types\/page"}],"author":[{"embeddable":true,"href":"https:\/\/www.ganec.de\/de\/wp-json\/wp\/v2\/users\/1"}],"replies":[{"embeddable":true,"href":"https:\/\/www.ganec.de\/de\/wp-json\/wp\/v2\/comments?post=983"}],"version-history":[{"count":2,"href":"https:\/\/www.ganec.de\/de\/wp-json\/wp\/v2\/pages\/983\/revisions"}],"predecessor-version":[{"id":985,"href":"https:\/\/www.ganec.de\/de\/wp-json\/wp\/v2\/pages\/983\/revisions\/985"}],"up":[{"embeddable":true,"href":"https:\/\/www.ganec.de\/de\/wp-json\/wp\/v2\/pages\/671"}],"wp:attachment":[{"href":"https:\/\/www.ganec.de\/de\/wp-json\/wp\/v2\/media?parent=983"}],"curies":[{"name":"wp","href":"https:\/\/api.w.org\/{rel}","templated":true}]}}