{"id":967,"date":"2018-08-09T16:41:09","date_gmt":"2018-08-09T14:41:09","guid":{"rendered":"http:\/\/dev1.ganec.de\/de\/?page_id=967"},"modified":"2018-12-09T15:13:53","modified_gmt":"2018-12-09T13:13:53","slug":"macos","status":"publish","type":"page","link":"https:\/\/www.ganec.de\/de\/produkte\/sichere-usb-sticks\/blockmaster-safestick\/macos","title":{"rendered":"Blockmaster SafeStick &#8211; Einsatz unter MacOS"},"content":{"rendered":"<div id=\"right-col\" class=\"custom-sidebar\">\r\n    <div id=\"sidebar\">\r\n        <h3 class=\"widget-title\">SafeStick Informationen<\/h3>\r\n        <ul>\r\n            <li><a href=\"\/de\/produkte\/sichere-usb-sticks\/blockmaster-safestick\">Merkmale<\/a><\/li>\r\n            <li><a href=\"\/de\/produkte\/sichere-usb-sticks\/blockmaster-safestick\/technische-daten\">Technische Daten<\/a>\r\n            <\/li>\r\n            <li><a href=\"\/de\/produkte\/sichere-usb-sticks\/blockmaster-safestick\/windows\">Einsatz unter Windows<\/a><\/li>\r\n            <li><a href=\"\/de\/produkte\/sichere-usb-sticks\/blockmaster-safestick\/macos\">Einsatz unter macOS<\/a><\/li>\r\n            <li><a href=\"\/de\/produkte\/sichere-usb-sticks\/blockmaster-safestick\/linux\">Einsatz unter Linux<\/a><\/li>\r\n            <li><a href=\"\/de\/produkte\/sichere-usb-sticks\/blockmaster-safestick\/verwaltung\">Zentrale\r\n                Verwaltungsl\u00f6sung<\/a><\/li>\r\n            <li><a href=\"\/de\/produkte\/sichere-usb-sticks\/blockmaster-safestick\/presse-und-testberichte\">Presse \/\r\n                Testberichte<\/a><\/li>\r\n            <li><a href=\"\/de\/produkte\/sichere-usb-sticks\/blockmaster-safestick\/datenblaetter\">Datenbl\u00e4tter<\/a><\/li>\r\n            <li><a href=\"\/de\/produkte\/sichere-usb-sticks\/blockmaster-safestick\/faq\">H\u00e4ufige Fragen (FAQ)<\/a><\/li>\r\n        <\/ul>\r\n        <ul>\r\n            <li><a href=\"\/de\/kontakt\">Angebot \/ Beratung anfordern<\/a><\/li>\r\n            <li><a href=\"http:\/\/www.ganec-shop.de\/uebersicht-entscheidungshilfe-sichere-USB-Sticks\">Online-Shop<\/a><\/li>\r\n        <\/ul>\r\n        <ul>\r\n            <li><a href=\"\/de\/produkte\/sichere-usb-sticks\">zur\u00fcck zur \u00dcbersicht<\/a><\/li>\r\n        <\/ul>\r\n    <\/div>\r\n    <div class=\"clear\"><\/div>\r\n<\/div>\r\n<p>\r\n    Parameter f\u00fcr alle Betriebssystem-Tests:<br>\r\n    Firmware: 4.0.3 Linux RC2 BETA<\/p>\r\n<div style=\"margin: 35px 0px 0px 0px\">\r\n    <h3>Blockmaster SafeStick \u2013 Benutzung unter MacOS 10.6.7<\/h3>\r\n    <p>\r\n        F\u00fcr diese Tests kam ein SafeStick mit der Firmwareversion \u201e4.0.3 Linux RC2 BETA\u201c zum Einsatz, da diese Version\r\n        erstmalig auch Linux Unterst\u00fctzung mitbringt.<br>\r\n        <br>\r\n        Die folgende Bilderreihe zeigt die Verwendung des bereits eingerichteten (personalisierten) SafeSticks unter\r\n        einem intel-based Mac (MacOS 10.6.7, Snow Leopard). \u00c4ltere MacOS Versionen, basierend auf der PowerPC Plattform,\r\n        werden nicht unterst\u00fctzt.\r\n    <\/p>\r\n<\/div>\r\n<div style=\"\r\nwidth:54%; margin: 80px 0px 25px 0px;\">\r\n    <p>\r\n        <strong>Verbindung mit dem Mac<\/strong><br>\r\n        Nachdem der SafeStick mit dem Mac verbunden wurde, wird dessen CDRom-Partition automatisch eingebunden.\r\n    <\/p>\r\n<\/div>\r\n<div style=\"\r\nwidth:45%; margin: -100px 0px 0px 450px;\">\r\n    <a href=\"\/de\/wp-content\/uploads\/produkte\/sticks\/blockmaster\/macos\/SafeStick_CDRomPart_mkd.png\" class=\"highslide\"\r\n       onmouseover=\"hs.headingText=''\" onclick=\"return hs.expand(this, { headingText: '' } )\">\r\n        <img decoding=\"async\" src=\"\/de\/wp-content\/uploads\/produkte\/sticks\/blockmaster\/macos\/thumbs\/SafeStick_CDRomPart_mkd.png\" alt=\"\"\r\n             title=\"\">\r\n    <\/a>\r\n<\/div>\r\n<div style=\"\r\nwidth:45%; margin: -70px 0px 0px 0px;\">\r\n    <a href=\"\/de\/wp-content\/uploads\/produkte\/sticks\/blockmaster\/macos\/SafeStick_Logon_b_mkd.png\" class=\"highslide\"\r\n       onmouseover=\"hs.headingText=''\" onclick=\"return hs.expand(this, { headingText: '' } )\">\r\n        <img decoding=\"async\" src=\"\/de\/wp-content\/uploads\/produkte\/sticks\/blockmaster\/macos\/thumbs\/SafeStick_Logon_b_mkd.png\" alt=\"\"\r\n             title=\"\">\r\n    <\/a>\r\n<\/div>\r\n<div style=\"\r\nwidth: 54%; margin: -100px 0px 45px 350px;\">\r\n    <p>\r\n        <strong>Login<\/strong><br>\r\n        Ein Doppelklick auf das Programm \u201eSafeStick\u201c startet das Login-Programm.\r\n    <\/p>\r\n<\/div>\r\n<div style=\"\r\nwidth: 54%; margin: 60px 0px 45px 0px;\">\r\n    <p>\r\n        <strong>Verwendung<\/strong><br>\r\n        Nach dem erfolgreichen Logon wird die sichere Partition \u201eaufgeschlossen\u201c und mit dem Namen \u201eFAT16\u201c in das System\r\n        eingebunden.<br>\r\n        <br>\r\n        Es gibt keine vorinstallierte Software bzw. keine eingebaute Backup-L\u00f6sung f\u00fcr MacOS. Truecrypt k\u00f6nnte eine\r\n        M\u00f6glichkeit darstellen, um sichere Backups von den Daten der sicheren Partition zu erstellen.\r\n    <\/p>\r\n<\/div>\r\n<div style=\"\r\nwidth: 45%; margin: -230px 0px 0px 450px;\">\r\n    <a href=\"\/de\/wp-content\/uploads\/produkte\/sticks\/blockmaster\/macos\/SafeStick_SecurePart_mkd.png\" class=\"highslide\"\r\n       onmouseover=\"hs.headingText=''\" onclick=\"return hs.expand(this, { headingText: '' } )\">\r\n        <img decoding=\"async\" src=\"\/de\/wp-content\/uploads\/produkte\/sticks\/blockmaster\/macos\/thumbs\/SafeStick_SecurePart_mkd.png\" alt=\"\"\r\n             title=\"\">\r\n    <\/a>\r\n<\/div>\r\n<div style=\"width: 45%; margin: 20px 0px 0px 0px;\">\r\n    <a href=\"\/de\/wp-content\/uploads\/produkte\/sticks\/blockmaster\/macos\/SafeStick_Logout_mkd.png\" class=\"highslide\"\r\n       onmouseover=\"hs.headingText=''\" onclick=\"return hs.expand(this, { headingText: '' } )\">\r\n        <img decoding=\"async\" src=\"\/de\/wp-content\/uploads\/produkte\/sticks\/blockmaster\/macos\/thumbs\/SafeStick_Logout_mkd.png\" alt=\"\"\r\n             title=\"\">\r\n    <\/a>\r\n<\/div>\r\n<div style=\"\r\nwidth: 54%; margin: -90px 0px 0px 350px;\">\r\n    <p>\r\n        <strong>Logout<\/strong><br>\r\n        Die sichere Partition wird durch das Ziehen des Laufwerksymbols auf die \u201eEject\u201c Fl\u00e4che bewerkstelligt.\r\n    <\/p>\r\n<\/div>","protected":false},"excerpt":{"rendered":"SafeStick Informationen Merkmale Technische Daten Einsatz unter Windows Einsatz unter","protected":false},"author":1,"featured_media":0,"parent":671,"menu_order":0,"comment_status":"closed","ping_status":"closed","template":"","meta":{"footnotes":""},"class_list":["post-967","page","type-page","status-publish","hentry","no-wpautop","","tg-column-two"],"_links":{"self":[{"href":"https:\/\/www.ganec.de\/de\/wp-json\/wp\/v2\/pages\/967","targetHints":{"allow":["GET"]}}],"collection":[{"href":"https:\/\/www.ganec.de\/de\/wp-json\/wp\/v2\/pages"}],"about":[{"href":"https:\/\/www.ganec.de\/de\/wp-json\/wp\/v2\/types\/page"}],"author":[{"embeddable":true,"href":"https:\/\/www.ganec.de\/de\/wp-json\/wp\/v2\/users\/1"}],"replies":[{"embeddable":true,"href":"https:\/\/www.ganec.de\/de\/wp-json\/wp\/v2\/comments?post=967"}],"version-history":[{"count":3,"href":"https:\/\/www.ganec.de\/de\/wp-json\/wp\/v2\/pages\/967\/revisions"}],"predecessor-version":[{"id":970,"href":"https:\/\/www.ganec.de\/de\/wp-json\/wp\/v2\/pages\/967\/revisions\/970"}],"up":[{"embeddable":true,"href":"https:\/\/www.ganec.de\/de\/wp-json\/wp\/v2\/pages\/671"}],"wp:attachment":[{"href":"https:\/\/www.ganec.de\/de\/wp-json\/wp\/v2\/media?parent=967"}],"curies":[{"name":"wp","href":"https:\/\/api.w.org\/{rel}","templated":true}]}}