{"id":963,"date":"2018-08-09T15:50:05","date_gmt":"2018-08-09T13:50:05","guid":{"rendered":"http:\/\/dev1.ganec.de\/de\/?page_id=963"},"modified":"2018-12-09T15:13:10","modified_gmt":"2018-12-09T13:13:10","slug":"windows","status":"publish","type":"page","link":"https:\/\/www.ganec.de\/de\/produkte\/sichere-usb-sticks\/blockmaster-safestick\/windows","title":{"rendered":"Blockmaster SafeStick &#8211; Einsatz unter Windows"},"content":{"rendered":"<div id=\"right-col\" class=\"custom-sidebar\">\r\n    <div id=\"sidebar\">\r\n        <h3 class=\"widget-title\">SafeStick Informationen<\/h3>\r\n        <ul>\r\n            <li><a href=\"\/de\/produkte\/sichere-usb-sticks\/blockmaster-safestick\">Merkmale<\/a><\/li>\r\n            <li><a href=\"\/de\/produkte\/sichere-usb-sticks\/blockmaster-safestick\/technische-daten\">Technische Daten<\/a>\r\n            <\/li>\r\n            <li><a href=\"\/de\/produkte\/sichere-usb-sticks\/blockmaster-safestick\/windows\">Einsatz unter Windows<\/a><\/li>\r\n            <li><a href=\"\/de\/produkte\/sichere-usb-sticks\/blockmaster-safestick\/macos\">Einsatz unter macOS<\/a><\/li>\r\n            <li><a href=\"\/de\/produkte\/sichere-usb-sticks\/blockmaster-safestick\/linux\">Einsatz unter Linux<\/a><\/li>\r\n            <li><a href=\"\/de\/produkte\/sichere-usb-sticks\/blockmaster-safestick\/verwaltung\">Zentrale\r\n                Verwaltungsl\u00f6sung<\/a><\/li>\r\n            <li><a href=\"\/de\/produkte\/sichere-usb-sticks\/blockmaster-safestick\/presse-und-testberichte\">Presse \/\r\n                Testberichte<\/a><\/li>\r\n            <li><a href=\"\/de\/produkte\/sichere-usb-sticks\/blockmaster-safestick\/datenblaetter\">Datenbl\u00e4tter<\/a><\/li>\r\n            <li><a href=\"\/de\/produkte\/sichere-usb-sticks\/blockmaster-safestick\/faq\">H\u00e4ufige Fragen (FAQ)<\/a><\/li>\r\n        <\/ul>\r\n        <ul>\r\n            <li><a href=\"\/de\/kontakt\">Angebot \/ Beratung anfordern<\/a><\/li>\r\n            <li><a href=\"http:\/\/www.ganec-shop.de\/uebersicht-entscheidungshilfe-sichere-USB-Sticks\">Online-Shop<\/a><\/li>\r\n        <\/ul>\r\n        <ul>\r\n            <li><a href=\"\/de\/produkte\/sichere-usb-sticks\">zur\u00fcck zur \u00dcbersicht<\/a><\/li>\r\n        <\/ul>\r\n    <\/div>\r\n    <div class=\"clear\"><\/div>\r\n<\/div>\r\n<p>\r\n    Parameter f\u00fcr alle Betriebssystem-Tests:<br>\r\n    Firmware: 4.0.3 Linux RC2 BETA<\/p>\r\n<div style=\"margin: 35px 0px 0px 0px;\">\r\n    <h3>Blockmaster SafeStick \u2013 Benutzung unter Windows<\/h3>\r\n    <p>\r\n        F\u00fcr diese Tests kam ein SafeStick mit der Firmwareversion \u201e4.0.3 Linux RC2 BETA\u201c zum Einsatz, da diese Version\r\n        erstmalig auch Linux Unterst\u00fctzung mitbringt.<br>\r\n        <br>\r\n        Die folgende Bilderserie zeigt die Verwendung des bereits eingerichteten (personalisierten) SafeSticks unter\r\n        Windows7 (32 Bit Version). <\/p>\r\n<\/div>\r\n<div style=\"\r\nwidth:54%;margin: 120px 0px 0px 0px;\">\r\n    <p>\r\n        <strong>Login<\/strong><br>\r\n        Wird der SafeStick mit dem Rechner verbunden, wird die \u00f6ffentliche CD-Rom-Partition in das System eingebunden.\r\n    <\/p>\r\n<\/div>\r\n<div style=\"\r\nwidth:45%; margin: -80px 0px 0px 445px;\">\r\n    <a href=\"\/de\/wp-content\/uploads\/produkte\/sticks\/blockmaster\/windows\/SafeStick_CDRomPart_mkd.PNG\" class=\"highslide\"\r\n       onmouseover=\"hs.headingText=''\" onclick=\"return hs.expand(this, { headingText: '' } )\">\r\n        <img decoding=\"async\" src=\"\/de\/wp-content\/uploads\/produkte\/sticks\/blockmaster\/windows\/thumbs\/SafeStick_CDRomPart_mkd.PNG\" alt=\"\"\r\n             title=\"\">\r\n    <\/a>\r\n<\/div>\r\n<div style=\"width:45%; margin: 0px 0px 0px 0px;\">\r\n    <a href=\"\/de\/wp-content\/uploads\/produkte\/sticks\/blockmaster\/windows\/SafeStick_autorun-a_mkd.PNG\" class=\"highslide\"\r\n       onmouseover=\"hs.headingText=''\" onclick=\"return hs.expand(this, { headingText: '' } )\">\r\n        <img decoding=\"async\" src=\"\/de\/wp-content\/uploads\/produkte\/sticks\/blockmaster\/windows\/thumbs\/SafeStick_autorun-a_mkd.PNG\" alt=\"\"\r\n             title=\"\">\r\n    <\/a>\r\n<\/div>\r\n<div style=\"\r\nwidth: 54%; margin: -290px 0px 0px 350px;\">\r\n    <p>\r\n        Startet das Logon-Programm \u201eSafeStick.exe\u201c durch die Autostart Funktion nicht automatisch, muss es von der\r\n        CDRom-Partition des Sticks manuell gestartet werden.\r\n    <\/p>\r\n<\/div>\r\n<div style=\"width: 45%; margin: 35px 0px 0px 450px;\">\r\n    <a href=\"\/de\/wp-content\/uploads\/produkte\/sticks\/blockmaster\/windows\/SafeStick_logon_403_mkd.PNG\" class=\"highslide\"\r\n       onmouseover=\"hs.headingText=''\" onclick=\"return hs.expand(this, { headingText: '' } )\">\r\n        <img decoding=\"async\" src=\"\/de\/wp-content\/uploads\/produkte\/sticks\/blockmaster\/windows\/thumbs\/SafeStick_logon_403_mkd.PNG\" alt=\"\"\r\n             title=\"\">\r\n    <\/a>\r\n<\/div>\r\n<div style=\"\r\nwidth:54%; margin: 0px 0px 0px 0px;\">\r\n    <p>\r\n        <strong>Verwendung <\/strong><br>\r\n        Nach erfolgreichem Login wird das sichere Laufwerk \u201eaufgeschlossen\u201c und in das System eingebunden.<br>\r\n        <br>\r\n        Vorinstallierte Programme bzw. eine eingebaute Backup-L\u00f6sung zur Sicherung der auf der sicheren Partition\r\n        befindlichen Daten gibt es nicht. Bei Bedarf k\u00f6nnte TrueCrypt eine Backup-M\u00f6glichkeit darstellen.\r\n    <\/p>\r\n<\/div>\r\n<div style=\"\r\nwidth:45%; margin: -175px 0px 0px 445px;\">\r\n    <a href=\"\/de\/wp-content\/uploads\/produkte\/sticks\/blockmaster\/windows\/SafeStick_SecurePart-b_mkd.PNG\"\r\n       class=\"highslide\" onmouseover=\"hs.headingText=''\" onclick=\"return hs.expand(this, { headingText: '' } )\">\r\n        <img decoding=\"async\" src=\"\/de\/wp-content\/uploads\/produkte\/sticks\/blockmaster\/windows\/thumbs\/SafeStick_SecurePart-b_mkd.PNG\"\r\n             alt=\"\" title=\"\">\r\n    <\/a>\r\n<\/div>\r\n<div style=\"\r\nwidth:45%; margin: 35px 0px 0px 0px;\">\r\n    <a href=\"\/de\/wp-content\/uploads\/produkte\/sticks\/blockmaster\/windows\/SafeStick_tray_mkd.png\" class=\"highslide\"\r\n       onmouseover=\"hs.headingText=''\" onclick=\"return hs.expand(this, { headingText: '' } )\">\r\n        <img decoding=\"async\" src=\"\/de\/wp-content\/uploads\/produkte\/sticks\/blockmaster\/windows\/thumbs\/SafeStick_tray_mkd.png\" alt=\"\"\r\n             title=\"\">\r\n    <\/a>\r\n<\/div>\r\n<div style=\"\r\nwidth: 54%; margin: -135px 0px 0px 350px;\">\r\n    <p>\r\n        <strong>Logout<\/strong><br>\r\n        \u00dcber das Men\u00fc des SafeSticks in der Tray-Leiste lassen sich grundlegende Einstellungen vornehmen. \u00dcber \u201eSperren\r\n        und Beenden\u201c kann man den Stick verschlie\u00dfen und aus dem System auswerfen.\r\n    <\/p>\r\n<\/div>","protected":false},"excerpt":{"rendered":"SafeStick Informationen Merkmale Technische Daten Einsatz unter Windows Einsatz unter","protected":false},"author":1,"featured_media":0,"parent":671,"menu_order":0,"comment_status":"closed","ping_status":"closed","template":"","meta":{"footnotes":""},"class_list":["post-963","page","type-page","status-publish","hentry","no-wpautop","","tg-column-two"],"_links":{"self":[{"href":"https:\/\/www.ganec.de\/de\/wp-json\/wp\/v2\/pages\/963","targetHints":{"allow":["GET"]}}],"collection":[{"href":"https:\/\/www.ganec.de\/de\/wp-json\/wp\/v2\/pages"}],"about":[{"href":"https:\/\/www.ganec.de\/de\/wp-json\/wp\/v2\/types\/page"}],"author":[{"embeddable":true,"href":"https:\/\/www.ganec.de\/de\/wp-json\/wp\/v2\/users\/1"}],"replies":[{"embeddable":true,"href":"https:\/\/www.ganec.de\/de\/wp-json\/wp\/v2\/comments?post=963"}],"version-history":[{"count":3,"href":"https:\/\/www.ganec.de\/de\/wp-json\/wp\/v2\/pages\/963\/revisions"}],"predecessor-version":[{"id":966,"href":"https:\/\/www.ganec.de\/de\/wp-json\/wp\/v2\/pages\/963\/revisions\/966"}],"up":[{"embeddable":true,"href":"https:\/\/www.ganec.de\/de\/wp-json\/wp\/v2\/pages\/671"}],"wp:attachment":[{"href":"https:\/\/www.ganec.de\/de\/wp-json\/wp\/v2\/media?parent=963"}],"curies":[{"name":"wp","href":"https:\/\/api.w.org\/{rel}","templated":true}]}}