{"id":957,"date":"2018-08-09T15:40:58","date_gmt":"2018-08-09T13:40:58","guid":{"rendered":"http:\/\/dev1.ganec.de\/de\/?page_id=957"},"modified":"2018-12-09T15:19:15","modified_gmt":"2018-12-09T13:19:15","slug":"faq","status":"publish","type":"page","link":"https:\/\/www.ganec.de\/de\/produkte\/sichere-usb-sticks\/kanguru-defender\/faq","title":{"rendered":"Kanguru Defender USB-Sticks &#8211; H\u00e4ufige Fragen \/ Antworten (FAQ)"},"content":{"rendered":"<div id=\"right-col\" class=\"custom-sidebar\">\r\n    <div id=\"sidebar\">\r\n        <h3 class=\"widget-title\">Kanguru Informationen<\/h3>\r\n        <ul>\r\n            <li><a href=\"\/de\/produkte\/sichere-usb-sticks\/kanguru-defender\">Merkmale<\/a><\/li>\r\n            <li><a href=\"\/de\/produkte\/sichere-usb-sticks\/kanguru-defender\/technische-daten\">Technische Daten<\/a><\/li>\r\n            <li><a href=\"\/de\/produkte\/sichere-usb-sticks\/kanguru-defender\/windows\">Einsatz unter Windows<\/a><\/li>\r\n            <li><a href=\"\/de\/produkte\/sichere-usb-sticks\/kanguru-defender\/macos\">Einsatz unter macOS<\/a><\/li>\r\n            <li><a href=\"\/de\/produkte\/sichere-usb-sticks\/kanguru-defender\/linux\">Einsatz unter Linux<\/a><\/li>\r\n            <li><a href=\"\/de\/produkte\/sichere-usb-sticks\/kanguru-defender\/verwaltung\">Zentrale Verwaltungsl\u00f6sung<\/a>\r\n            <\/li>\r\n            <li><a href=\"\/de\/produkte\/sichere-usb-sticks\/kanguru-defender\/presse-und-testberichte\">Presse \/\r\n                Testberichte<\/a><\/li>\r\n            <li><a href=\"\/de\/produkte\/sichere-usb-sticks\/kanguru-defender\/datenblaetter\">Datenbl\u00e4tter<\/a><\/li>\r\n            <li><a href=\"\/de\/produkte\/sichere-usb-sticks\/kanguru-defender\/faq\">H\u00e4ufige Fragen (FAQ)<\/a><\/li>\r\n        <\/ul>\r\n        <ul>\r\n            <li><a href=\"\/de\/kontakt\">Angebot \/ Beratung anfordern<\/a><\/li>\r\n            <li><a href=\"http:\/\/www.ganec-shop.de\/uebersicht-entscheidungshilfe-sichere-USB-Sticks\">Online-Shop<\/a><\/li>\r\n        <\/ul>\r\n        <ul>\r\n            <li><a href=\"\/de\/produkte\/sichere-usb-sticks\">zur\u00fcck zur \u00dcbersicht<\/a><\/li>\r\n        <\/ul>\r\n    <\/div>\r\n    <div class=\"clear\"><\/div>\r\n<\/div>\r\n<p>\r\n    Auf dieser Seite haben wir h\u00e4ufige Fragen zu Kanguru Defender USB-Sticks aufgelistet &ndash; und beantwortet.<\/p>\r\n<div style=\"margin: 0px 0px 0px 0px\">\r\n    <div style=\"margin: 25px 0px 0px 0px\">\r\n        <h3>1. Muss Software installiert werden, um den Kanguru Defender Basic \/ V2 \/ Elite \/ 2000 nutzen zu\r\n            k\u00f6nnen? <\/h3>\r\n        <p>\r\n            Nein, das ist nicht erforderlich. S\u00e4mtliche Software, die Sie zur Nutzung der Kanguru Defender USB-Sticks\r\n            ben\u00f6tigen, ist vorinstalliert und kann somit ohne vorherige Installation gestartet werden.<\/p><\/div>\r\n    <div style=\"margin: 25px 0px 0px 0px\">\r\n        <h3>2. Welche Variante ist f\u00fcr wen geeignet?<\/h3>\r\n        <p>\r\n            Die <strong>Basic-Variante<\/strong> ist f\u00fcr Kunden entwickelt worden, denen es vorwiegend um die sichere\r\n            Speicherung von Daten und einen niedrigen Preis geht.<br\/>\r\n            <br\/>\r\n            Die <strong>V2-Variante<\/strong> wendet sich an Kunden, die den Funktionsumfang der Basic-Variante nutzen\r\n            wollen und die zus\u00e4tzlich eine zentrale Verwaltungsl\u00f6sung einsetzen m\u00f6chten.<br\/>\r\n            <br\/>\r\n            Die <strong>Elite-Variante<\/strong> wurde f\u00fcr Anwender entwickelt, die eine zentrale Verwaltungsl\u00f6sung\r\n            nutzen wollen, den Stick auch unter MacOS und\/oder Linux einsetzen m\u00f6chten und denen eine\r\n            Sicherheitszertifizierung wichtig ist.<br\/>\r\n            <br\/>\r\n            Die <strong>2000-Variante<\/strong> wendet sich an Kunden, die neben den umfangreichen Funktionen der\r\n            Elite-Variante ein besonderes Augenmerk auf eine \u00e4u\u00dferst hochwertige Optik sowie Haptik legen und in Bezug\r\n            auf den Datendurchsatz das Beste aus Ihrem Stick herausholen wollen.<br\/>\r\n        <\/p><\/div>\r\n    <div style=\"margin: 25px 0px 0px 0px\">\r\n        <h3>3. Fallen seitens Kanguru Solutions Geb\u00fchren f\u00fcr die Nutzung der USB-Sticks an?<\/h3>\r\n        <p>\r\n            Grunds\u00e4tzlich k\u00f6nnen Sie alle Kanguru Defender USB-Sticks (Basic, V2, Elite, 2000) nutzen, ohne dass\r\n            zwangsl\u00e4ufig eine Nutzungsgeb\u00fchr f\u00e4llig wird. Bitte beachten Sie dabei folgendes: <br\/>\r\n            <br\/>\r\n            Den integrierten Virenscanner k\u00f6nnen Sie 12 Monate ab Lieferung kostenlos nutzen. Danach fallen\r\n            Nutzungsgeb\u00fchren an, wenn Sie den Virenscanner weiterhin verwenden wollen.<br\/>\r\n            <br\/>\r\n            Wenn Sie Kanguru Defender V2, Kanguru Defender Elite, oder Kanguru Defender 2000 USB-Sticks zentral\r\n            verwalten m\u00f6chten, entstehen je nach L\u00f6sung einmalig oder regelm\u00e4\u00dfig Kosten. Bitte kontaktieren Sie uns,\r\n            wenn Sie weitere Informationen oder ein Angebot ben\u00f6tigen.<\/p><\/div>\r\n    <div style=\"margin: 25px 0px 0px 0px\">\r\n        <h3>4. Existiert ein Masterpasswort bzw. eine \u201eHintert\u00fcr\u201c?<\/h3>\r\n        <p>\r\n            Die Kanguru Defender USB-Sticks verf\u00fcgen laut Angabe des Herstellers nicht \u00fcber eine \u201eHintert\u00fcr\u201c, die es\r\n            Dritten (z.B. Geheimdiensten) erlaubt, auf Ihre Daten zuzugreifen.<br\/>\r\n            <br\/>\r\n            Wenn Sie eine Verwaltungsl\u00f6sung nutzen, k\u00f6nnen Sie f\u00fcr Kanguru Defender V2, Kanguru Defender Elite und\r\n            Kanguru Defender 2000 Sticks ein Masterpasswort festlegen. Dieses Masterpasswort erlaubt es Administratoren,\r\n            auf die Daten zuzugreifen, ohne das Passwort des Nutzers eingeben zu m\u00fcssen.<\/p><\/div>\r\n    <div style=\"margin: 25px 0px 0px 0px\">\r\n        <h3>5. Was passiert, wenn man sein Passwort vergessen hat?<\/h3>\r\n        <p>\r\n            Die Beantwortung der Frage h\u00e4ngt von der jeweiligen Variante ab:<br\/>\r\n            <br\/>\r\n            <strong>Basic-Variante:<\/strong> Sofern es Ihnen nicht gelingt, das korrekte Passwort im Rahmen der\r\n            zul\u00e4ssigen Fehlversuche zu erraten, existiert keine M\u00f6glichkeit, an die Daten zu gelangen. Der Stick setzt\r\n            sich automatisch zur\u00fcck, sobald die maximale Anzahl an Fehlversuchen erreicht ist. Dabei werden das Passwort\r\n            und die Daten gel\u00f6scht, der Stick bleibt aber nutzbar.<br\/>\r\n            <br\/>\r\n            <strong>V2-, Elite- und 2000-Variante:<\/strong> Sofern der Stick nicht zentral verwaltet wird, verhalten\r\n            sich V2 und Elite-Stick wie ein Basic-Stick. Im Rahmen einer zentralen Verwaltung kann der Benutzer mit\r\n            Hilfe des Administrators wieder an seine Daten gelangen, indem der Administrator ein neues Passwort\r\n            festlegt.<\/p><\/div>\r\n<\/div>","protected":false},"excerpt":{"rendered":"Kanguru Informationen Merkmale Technische Daten Einsatz unter Windows Einsatz unter","protected":false},"author":1,"featured_media":0,"parent":662,"menu_order":0,"comment_status":"closed","ping_status":"closed","template":"","meta":{"footnotes":""},"class_list":["post-957","page","type-page","status-publish","hentry","no-wpautop","","tg-column-two"],"_links":{"self":[{"href":"https:\/\/www.ganec.de\/de\/wp-json\/wp\/v2\/pages\/957","targetHints":{"allow":["GET"]}}],"collection":[{"href":"https:\/\/www.ganec.de\/de\/wp-json\/wp\/v2\/pages"}],"about":[{"href":"https:\/\/www.ganec.de\/de\/wp-json\/wp\/v2\/types\/page"}],"author":[{"embeddable":true,"href":"https:\/\/www.ganec.de\/de\/wp-json\/wp\/v2\/users\/1"}],"replies":[{"embeddable":true,"href":"https:\/\/www.ganec.de\/de\/wp-json\/wp\/v2\/comments?post=957"}],"version-history":[{"count":1,"href":"https:\/\/www.ganec.de\/de\/wp-json\/wp\/v2\/pages\/957\/revisions"}],"predecessor-version":[{"id":958,"href":"https:\/\/www.ganec.de\/de\/wp-json\/wp\/v2\/pages\/957\/revisions\/958"}],"up":[{"embeddable":true,"href":"https:\/\/www.ganec.de\/de\/wp-json\/wp\/v2\/pages\/662"}],"wp:attachment":[{"href":"https:\/\/www.ganec.de\/de\/wp-json\/wp\/v2\/media?parent=957"}],"curies":[{"name":"wp","href":"https:\/\/api.w.org\/{rel}","templated":true}]}}