{"id":953,"date":"2018-08-09T15:38:44","date_gmt":"2018-08-09T13:38:44","guid":{"rendered":"http:\/\/dev1.ganec.de\/de\/?page_id=953"},"modified":"2018-12-09T15:18:58","modified_gmt":"2018-12-09T13:18:58","slug":"datenblaetter","status":"publish","type":"page","link":"https:\/\/www.ganec.de\/de\/produkte\/sichere-usb-sticks\/kanguru-defender\/datenblaetter","title":{"rendered":"Kanguru Defender USB-Sticks &#8211; Datenbl\u00e4tter"},"content":{"rendered":"<div id=\"right-col\" class=\"custom-sidebar\">\r\n    <div id=\"sidebar\">\r\n        <h3 class=\"widget-title\">Kanguru Informationen<\/h3>\r\n        <ul>\r\n            <li><a href=\"\/de\/produkte\/sichere-usb-sticks\/kanguru-defender\">Merkmale<\/a><\/li>\r\n            <li><a href=\"\/de\/produkte\/sichere-usb-sticks\/kanguru-defender\/technische-daten\">Technische Daten<\/a><\/li>\r\n            <li><a href=\"\/de\/produkte\/sichere-usb-sticks\/kanguru-defender\/windows\">Einsatz unter Windows<\/a><\/li>\r\n            <li><a href=\"\/de\/produkte\/sichere-usb-sticks\/kanguru-defender\/macos\">Einsatz unter macOS<\/a><\/li>\r\n            <li><a href=\"\/de\/produkte\/sichere-usb-sticks\/kanguru-defender\/linux\">Einsatz unter Linux<\/a><\/li>\r\n            <li><a href=\"\/de\/produkte\/sichere-usb-sticks\/kanguru-defender\/verwaltung\">Zentrale Verwaltungsl\u00f6sung<\/a>\r\n            <\/li>\r\n            <li><a href=\"\/de\/produkte\/sichere-usb-sticks\/kanguru-defender\/presse-und-testberichte\">Presse \/\r\n                Testberichte<\/a><\/li>\r\n            <li><a href=\"\/de\/produkte\/sichere-usb-sticks\/kanguru-defender\/datenblaetter\">Datenbl\u00e4tter<\/a><\/li>\r\n            <li><a href=\"\/de\/produkte\/sichere-usb-sticks\/kanguru-defender\/faq\">H\u00e4ufige Fragen (FAQ)<\/a><\/li>\r\n        <\/ul>\r\n        <ul>\r\n            <li><a href=\"\/de\/kontakt\">Angebot \/ Beratung anfordern<\/a><\/li>\r\n            <li><a href=\"http:\/\/www.ganec-shop.de\/uebersicht-entscheidungshilfe-sichere-USB-Sticks\">Online-Shop<\/a><\/li>\r\n        <\/ul>\r\n        <ul>\r\n            <li><a href=\"\/de\/produkte\/sichere-usb-sticks\">zur\u00fcck zur \u00dcbersicht<\/a><\/li>\r\n        <\/ul>\r\n    <\/div>\r\n    <div class=\"clear\"><\/div>\r\n<\/div>\r\n<p>\r\n    Auf dieser Seite finden Sie Datenbl\u00e4tter in englischer und deutscher Sprache f\u00fcr die Kanguru Defender\r\n    USB-Sticks.<\/p>\r\n<div style=\"margin: 20px 0px 0px 0px\">\r\n    <h3>Datenbl\u00e4tter des Herstellers<\/h3>\r\n    <p>\r\n        <a href=\"\/de\/wp-content\/uploads\/produkte\/sticks\/kanguru\/datasheets\/Kanguru-Management-Software-Feature-Comparison.pdf\"\r\n           target=\"_blank\">Verwaltungsl\u00f6sungen<\/a><br\/>\r\n        \u00dcberblick \u00fcber die erh\u00e4ltlichen Verwaltungsl\u00f6sungen (Englisch)<\/p>\r\n    <div style=\"margin: 20px 0px 0px 0px\">\r\n        <h3>Datenbl\u00e4tter der deutschen Distribution<\/h3>\r\n        <p>\r\n            <a href=\"\/de\/wp-content\/uploads\/produkte\/sticks\/kanguru\/datasheets\/Flyer-Kanguru-Elite-A4-web.pdf\"\r\n               target=\"_blank\">Kanguru Defender Elite<\/a><br\/>\r\n            Beschreibung der Elite-Variante (Deutsch)<\/p>\r\n        <p>\r\n            <a href=\"\/de\/wp-content\/uploads\/produkte\/sticks\/kanguru\/datasheets\/Flyer-Kanguru-RocIT-A4.pdf\"\r\n               target=\"_blank\">Kanguru RocIT Defender<\/a><br\/>\r\n            Beschreibung der RocIT-Variante (Deutsch)<\/p>\r\n    <\/div>","protected":false},"excerpt":{"rendered":"Kanguru Informationen Merkmale Technische Daten Einsatz unter Windows Einsatz unter","protected":false},"author":1,"featured_media":0,"parent":662,"menu_order":0,"comment_status":"closed","ping_status":"closed","template":"","meta":{"footnotes":""},"class_list":["post-953","page","type-page","status-publish","hentry","no-wpautop","","tg-column-two"],"_links":{"self":[{"href":"https:\/\/www.ganec.de\/de\/wp-json\/wp\/v2\/pages\/953","targetHints":{"allow":["GET"]}}],"collection":[{"href":"https:\/\/www.ganec.de\/de\/wp-json\/wp\/v2\/pages"}],"about":[{"href":"https:\/\/www.ganec.de\/de\/wp-json\/wp\/v2\/types\/page"}],"author":[{"embeddable":true,"href":"https:\/\/www.ganec.de\/de\/wp-json\/wp\/v2\/users\/1"}],"replies":[{"embeddable":true,"href":"https:\/\/www.ganec.de\/de\/wp-json\/wp\/v2\/comments?post=953"}],"version-history":[{"count":3,"href":"https:\/\/www.ganec.de\/de\/wp-json\/wp\/v2\/pages\/953\/revisions"}],"predecessor-version":[{"id":1089,"href":"https:\/\/www.ganec.de\/de\/wp-json\/wp\/v2\/pages\/953\/revisions\/1089"}],"up":[{"embeddable":true,"href":"https:\/\/www.ganec.de\/de\/wp-json\/wp\/v2\/pages\/662"}],"wp:attachment":[{"href":"https:\/\/www.ganec.de\/de\/wp-json\/wp\/v2\/media?parent=953"}],"curies":[{"name":"wp","href":"https:\/\/api.w.org\/{rel}","templated":true}]}}