{"id":946,"date":"2018-08-08T15:39:27","date_gmt":"2018-08-08T13:39:27","guid":{"rendered":"http:\/\/dev1.ganec.de\/de\/?page_id=946"},"modified":"2018-12-09T15:19:31","modified_gmt":"2018-12-09T13:19:31","slug":"verwaltung","status":"publish","type":"page","link":"https:\/\/www.ganec.de\/de\/produkte\/sichere-usb-sticks\/kanguru-defender\/verwaltung","title":{"rendered":"Kanguru Defender USB-Sticks &#8211; Zentrale Verwaltungsl\u00f6sung"},"content":{"rendered":"<div id=\"right-col\" class=\"custom-sidebar\">\r\n    <div id=\"sidebar\">\r\n        <h3 class=\"widget-title\">Kanguru Informationen<\/h3>\r\n        <ul>\r\n            <li><a href=\"\/de\/produkte\/sichere-usb-sticks\/kanguru-defender\">Merkmale<\/a><\/li>\r\n            <li><a href=\"\/de\/produkte\/sichere-usb-sticks\/kanguru-defender\/technische-daten\">Technische Daten<\/a><\/li>\r\n            <li><a href=\"\/de\/produkte\/sichere-usb-sticks\/kanguru-defender\/windows\">Einsatz unter Windows<\/a><\/li>\r\n            <li><a href=\"\/de\/produkte\/sichere-usb-sticks\/kanguru-defender\/macos\">Einsatz unter macOS<\/a><\/li>\r\n            <li><a href=\"\/de\/produkte\/sichere-usb-sticks\/kanguru-defender\/linux\">Einsatz unter Linux<\/a><\/li>\r\n            <li><a href=\"\/de\/produkte\/sichere-usb-sticks\/kanguru-defender\/verwaltung\">Zentrale Verwaltungsl\u00f6sung<\/a>\r\n            <\/li>\r\n            <li><a href=\"\/de\/produkte\/sichere-usb-sticks\/kanguru-defender\/presse-und-testberichte\">Presse \/\r\n                Testberichte<\/a><\/li>\r\n            <li><a href=\"\/de\/produkte\/sichere-usb-sticks\/kanguru-defender\/datenblaetter\">Datenbl\u00e4tter<\/a><\/li>\r\n            <li><a href=\"\/de\/produkte\/sichere-usb-sticks\/kanguru-defender\/faq\">H\u00e4ufige Fragen (FAQ)<\/a><\/li>\r\n        <\/ul>\r\n        <ul>\r\n            <li><a href=\"\/de\/kontakt\">Angebot \/ Beratung anfordern<\/a><\/li>\r\n            <li><a href=\"http:\/\/www.ganec-shop.de\/uebersicht-entscheidungshilfe-sichere-USB-Sticks\">Online-Shop<\/a><\/li>\r\n        <\/ul>\r\n        <ul>\r\n            <li><a href=\"\/de\/produkte\/sichere-usb-sticks\">zur\u00fcck zur \u00dcbersicht<\/a><\/li>\r\n        <\/ul>\r\n    <\/div>\r\n    <div class=\"clear\"><\/div>\r\n<\/div>\r\n<p>\r\n    Auf dieser Seite informieren wir Sie \u00fcber die wesentlichen Merkmale der Kanguru Remote Management Console (KRMC),\r\n    der zentralen Verwaltungsl\u00f6sung der Kanguru Defender USB-Sticks vom amerikanischen Hersteller Kanguru Solutions.\r\n    Au\u00dferdem geben wir einen kurzen \u00dcberblick \u00fcber den Kanguru Local Administrator, ein administratives \u201eWerkzeug\u201c, mit\r\n    dem Kanguru Defender USB-Sticks eingerichtet und konfiguriert werden k\u00f6nnen.<\/p>\r\n<div style=\"margin: 20px 0px 0px 0px\">\r\n    <ul class=\"blue\">\r\n        <li><a href=\"#kla\">Kanguru Local Administrator<\/a>\r\n        <\/li>\r\n        <li><a href=\"#shared\">Kanguru Remote Management Console: Gemeinsame Merkmale<\/a>\r\n        <\/li>\r\n        <li><a href=\"#cloud\">Kanguru Remote Management Console: Cloud Edition (KRMC \u2013 Cloud)<\/a>\r\n        <\/li>\r\n        <li><a href=\"#enterprise\">Kanguru Remote Management Console: Enterprise Edition (KRMC \u2013 Enterprise)<\/a>\r\n        <\/li>\r\n    <\/ul>\r\n<\/div>\r\n<div id=\"kla\" style=\"\r\nmargin: 100px 0px 0px 0px;\">\r\n    <h3>Kanguru Local Administrator<\/h3>\r\n    <p style=\"margin: 12px 0px 0px 0px\">\r\n        Der Kanguru Local Administrator (KLA) ist eine Softwarel\u00f6sung, mit der bis zu 12 Kanguru Defender Elite oder V2\r\n        gleichzeitig konfiguriert werden k\u00f6nnen.\r\n        Mit dem KLA durchgef\u00fchrte Einstellungen k\u00f6nnen jederzeit exportiert und zur erneuten Konfiguration weiterer\r\n        Sticks wieder importiert werden. Auch ist ein Export von Informationen f\u00fcr den sp\u00e4teren Import in die KRMC\r\n        vorgesehen, damit die Verbindung der Sticks zur Console in wenigen Schritten abgeschlossen werden kann.<br>\r\n        <br>\r\n        In bestimmten Anwendungsf\u00e4llen (z.B. beim Entsperren eines \u00fcber die KRMC abgeschalteten Kanguru Defenders) kann\r\n        es n\u00f6tig sein, den KLA erneut auszuf\u00fchren, um Einstellungen, auf die aus der KRMC nicht mehr zugegriffen werden\r\n        kann, den neuen Gegebenheiten anzupassen.\r\n        Sobald ein Kanguru Defender mit Hilfe des KLA konfiguriert wurde, ist dieser \u00fcber einen auf dem Stick\r\n        hinterlegten Security-Token dauerhaft an diesen KLA (bzw. dessen Sicherheitsinformationen) gebunden und kann mit\r\n        keinem anderen KLA administriert werden.<br>\r\n        <br>\r\n        Der KLA ist in drei Versionen erh\u00e4ltlich: Standard, Cloud und Enterprise. Mit der Standard-Variante k\u00f6nnen\r\n        ausschlie\u00dflich Standard-Sticks (z.B. Kanguru Defender Elite Standard) bearbeitet werden. F\u00fcr die anderen\r\n        Varianten gilt dies entsprechend.<br><br>\r\n        Im folgenden stellen wir die <strong>ausschlie\u00dflich \u00fcber den KLA verf\u00fcgbaren (Zusatz-)Funktionen<\/strong> anhand\r\n        der KLA Variante f\u00fcr die Enterprise Edition vor.\r\n    <\/p>\r\n    <p style=\"\r\nmargin: 20px 0px 0px 0px;\">\r\n        <strong>Erweiterte Konfiguration des automatischen Schlie\u00dfens bei Inaktivit\u00e4t<\/strong><br>\r\n        Mit Hilfe des Kanguru Local Administrators ist es \u2013 \u00fcber den Umfang der KRMC hinaus \u2013 m\u00f6glich, die integrierte\r\n        \u201eAuto Unmount\u201c Funktion des Kanguru Defenders zu konfigurieren und bei Bedarf <\/p>\r\n    <p style=\" width: 54%; margin: 0px 0px 0px 0px;\">auszuschalten.\r\n        So l\u00e4sst sich \u00fcber den KLA die Zeitspanne bis zum automatischen Verschlie\u00dfen des Kanguru Defenders bei\r\n        Inaktivit\u00e4t deutlich gro\u00dfz\u00fcgiger einrichten, als dies \u00fcber die KRMC m\u00f6glich ist.\r\n    <\/p>\r\n    <p style=\"\r\nmargin: -20px 0px 0px 450px;\">\r\n        <a href=\"\/de\/wp-content\/uploads\/produkte\/sticks\/kanguru\/krmc_kla\/kla_1.PNG\" class=\"highslide    \"\r\n           onmouseover=\"hs.headingText=''\" onclick=\"return hs.expand(this, { headingText: '' } )\">\r\n            <img decoding=\"async\" src=\"\/de\/wp-content\/uploads\/produkte\/sticks\/kanguru\/krmc_kla\/thumbs\/kla_1.PNG\" alt=\"\" title=\"\">\r\n        <\/a>\r\n    <\/p>\r\n    <p style=\"\r\nwidth: 54%; margin: -160px 0px 0px 0px;\">\r\n        <strong>Festlegen eines Master-Passworts<\/strong><br>\r\n        \u00dcber den KLA kann auf Kanguru Defender USB-Sticks ein Master-Passwort f\u00fcr die Benutzung mit der KRMC festgelegt\r\n        werden. Die Einrichtung des Master-Passworts muss vor der Konfiguration und dem ersten Einsatz des USB-Sticks\r\n        durch den Administrator erfolgen und kann im Nachgang nur durch vorheriges Zur\u00fccksetzen des USB-Sticks\r\n        nachgeholt werden.<\/p>\r\n    <p style=\"margin: 0px 0px 0px 0px;\">\r\n        Nach der Festlegung kann das Master-Passwort anschlie\u00dfend \u00fcber die KRMC auch ohne erneuten Einsatz des KLA\r\n        ge\u00e4ndert werden. Das Master-Passwort wird von der Administration f\u00fcr die \u00c4nderung des Benutzerpasswortes aus der\r\n        Ferne ben\u00f6tigt. Dar\u00fcber hinaus kann mit Hilfe des zum Kanguru Defender geh\u00f6rigen KLA (unter Angabe des\r\n        Master-Passwortes) auch auf den sicheren Bereich des Kanguru Defenders zugegriffen werden.\r\n    <\/p>\r\n    <p style=\"margin: 24px 0px 0px 0px\">\r\n        <strong>Erweiterte Konfiguration von Passwort Richtlinien<\/strong><br>\r\n        Neben der \u00fcber die KRMC verf\u00fcgbaren Option, die G\u00fcltigkeit eines verwendeten Passwortes einzuschr\u00e4nken und auf\r\n        einen bestimmten Zeitraum zu begrenzen, bietet der KLA zus\u00e4tzlich die M\u00f6glichkeit, den Vergleich eines neuen\r\n        Passwort mit bis zu 10 bereits verwendeten Passw\u00f6rtern zu erzwingen, um eine wiederholte Nutzung \u00e4lterer\r\n        Passworte zu verhindern.\r\n    <\/p>\r\n    <p style=\"\r\nwidth: 54%; margin: 24px 0px 0px 350px;\">\r\n        <strong>Festlegen der Verbindungsinformationen zur KRMC<\/strong><br>\r\n        Zwingend notwendig wird die Verwendung des Kanguru Local Administrators sp\u00e4testens dann, wenn die Kanguru Remote\r\n        Management Console in der Enterprise Variante zum Einsatz kommen soll: mit Hilfe des KLA wird die IP Adresse\r\n        bzw. die Domain des firmeneigenen Servers eingetragen. Zus\u00e4tzlich l\u00e4sst sich einstellen, in welchen Abst\u00e4nden\r\n        (30 Sekunden \u2013 2 Stunden) sich der Kanguru Defender zuk\u00fcnftig bei der Management Console zur\u00fcckmelden\r\n        soll, oder ob dies nur einmal je Nutzungszeitraum (beim Starten des Login- Programms KDM und \u00d6ffnen der sicheren\r\n        Partition) erforderlich ist.\r\n    <\/p>\r\n    <p style=\"\r\nmargin: -240px 0px 0px 0px;\">\r\n        <a href=\"\/de\/wp-content\/uploads\/produkte\/sticks\/kanguru\/krmc_kla\/kla_3.PNG\" class=\"highslide    \"\r\n           onmouseover=\"hs.headingText=''\" onclick=\"return hs.expand(this, { headingText: '' } )\">\r\n            <img decoding=\"async\" src=\"\/de\/wp-content\/uploads\/produkte\/sticks\/kanguru\/krmc_kla\/thumbs\/kla_3.PNG\" alt=\"\" title=\"\">\r\n        <\/a>\r\n    <\/p>\r\n    <p style=\"\r\nmargin: 60px 0px 0px 0px;\">\r\n        <strong>Erweiterte Sicherheitseinstellungen, falls die Verbindung zur KRMC ausbleibt<\/strong><br>\r\n        In der KRMC kann eingestellt werden, ob sich ein verwalteter Stick in einen \u201ePanic Mode\u201c versetzen soll, wenn er\r\n        sich innerhalb eines bestimmten Zeitraums nicht mit der KRMC verbunden hat.\r\n        In diesem Modus werden \u2013 je nach Voreinstellung \u2013 alle Daten der <\/p>\r\n    <p style=\"width: 54%; margin: 0px 0px 0px 0px;\">sicheren Partition automatisch gel\u00f6scht oder der Stick deaktivert.\r\n        Eine Reaktivierung des Sticks ist nur durch einen berechtigten Administrator m\u00f6glich.\r\n    <\/p>\r\n    <p style=\"width: 54%; margin: 24px 0px 0px 0px\">\r\n        <strong>Erweiterte Konfiguration des integrierten Anti-Viren-Scanners<\/strong><br>\r\n        \u00dcber den Kanguru Local Administrator stehen au\u00dferdem erweiterte Konfigurationsm\u00f6glichkeiten bez\u00fcglich der\r\n        integrierten Anti-Viren-L\u00f6sung zur Verf\u00fcgung. Automatische Updates, die Echtzeit\u00fcberwachung und die gesamte\r\n        Anti-Viren L\u00f6sung k\u00f6nnen damit an- oder ausgeschaltet werden.\r\n    <\/p>\r\n    <p style=\"\r\nmargin: -190px 0px 0px 450px;\">\r\n        <a href=\"\/de\/wp-content\/uploads\/produkte\/sticks\/kanguru\/krmc_kla\/kla_4.PNG\" class=\"highslide    \"\r\n           onmouseover=\"hs.headingText=''\" onclick=\"return hs.expand(this, { headingText: '' } )\">\r\n            <img decoding=\"async\" src=\"\/de\/wp-content\/uploads\/produkte\/sticks\/kanguru\/krmc_kla\/thumbs\/kla_4.PNG\" alt=\"\" title=\"\">\r\n        <\/a>\r\n    <\/p>\r\n<\/div>\r\n<div id=\"shared\" style=\"\r\nmargin: 20px 0px 0px 0px;\">\r\n    <p style=\"\r\nfont-size:1.2em; margin: 40px 0px 16px 0px;\"><strong>Gemeinsame Merkmale aller Kanguru Remote Management\r\n        Console Varianten<\/strong><\/p>\r\n    <p style=\"margin: 12px 0px 0px 0px\">\r\n        <strong>Gruppenverwaltung<\/strong><br>\r\n        Mit Hilfe der Kanguru Remote Management Console k\u00f6nnen zahlreiche Sticks zu beliebig gro\u00dfen Gruppen\r\n        zusammengelegt werden, um die Administration zu erleichtern.<\/p>\r\n    <p style=\"\r\nwidth: 54%; margin: 20px 0px 0px 0px;\">\r\n        \u00dcber die KRMC angelegte Gruppen sind hierbei an keinerlei Eigenschaften der Umgebung (wie beispielsweise die\r\n        Gruppenstruktur eines Active-Directorys) gebunden, sondern k\u00f6nnen individuell je nach Bedarf des administrativen\r\n        Nutzers um einzelne Sticks erweitert oder reduziert werden. Auch die Mehrfachzuweisung eines Sticks zu zwei oder\r\n        mehrere Gruppen wird von der Kanguru Remote Management Console unterst\u00fctzt.\r\n    <\/p>\r\n    <p style=\"\r\nmargin: -210px 0px -12px 450px;\">\r\n        <a href=\"\/de\/wp-content\/uploads\/produkte\/sticks\/kanguru\/krmc_kla\/krmc_group.PNG\" class=\"highslide    \"\r\n           onmouseover=\"hs.headingText=''\" onclick=\"return hs.expand(this, { headingText: '' } )\">\r\n            <img decoding=\"async\" src=\"\/de\/wp-content\/uploads\/produkte\/sticks\/kanguru\/krmc_kla\/thumbs\/krmc_group.PNG\" alt=\"\" title=\"\">\r\n        <\/a>\r\n    <\/p>\r\n    <p style=\"margin: 24px 0px 0px 0px\">\r\n        <strong>Nachrichtenversand<\/strong><br>\r\n        \u00dcber den administrativen Zugang zur KRMC ist es m\u00f6glich, den verwalteten USB-Sticks oder angelegten Gruppen bzw.\r\n        deren Nutzern individuelle Nachrichten zukommen zu lassen, die bei der n\u00e4chsten Synchronisation des Kanguru\r\n        Defenders mit der KRMC in Form eines Hinweistextes ausgegeben werden.<br>\r\n        Als Erweiterung dieser Funktionalit\u00e4t bietet die KRMC die M\u00f6glichkeit, bei allen administrativen Handlungen\r\n        ebenfalls einen Hinweistext f\u00fcr den Endbenutzer anzugeben, um diesen von \u00c4nderungen in Kenntnis zu setzen\r\n        (beispielsweise im Rahmen einer ferngesteuerten Neuvergabe des Kennwortes).\r\n    <\/p>\r\n    <p style=\"margin: 24px 0px 0px 0px\">\r\n        <strong>Definition neuer Passwortrichtlinien<\/strong><br>\r\n        Im Aktionsmen\u00fc der KRMC lassen sich f\u00fcr ausgew\u00e4hlte Gruppen oder einzelne Sticks nach Belieben neue und auch\r\n        unterschiedliche Passwortrichtlinien vorgeben sowie die Nutzung\r\n        eines sogenannten \u201eOffline Profiles\u201c einstellen.<\/p>\r\n    <p style=\"\r\nwidth: 53%; margin: 0px 0px 0px 350px;\">\r\n        Neben der minimalen L\u00e4nge des Passwortes und der G\u00fcltigkeitsdauer lassen sich in der KRMC die Anzahl der\r\n        mindestens zu verwendenden Zeichen (Gro\u00df-, Kleinbuchstaben, Zahlen und Sonderzeichen) \u2013 also die\r\n        Passwortst\u00e4rke \u2013 definieren. Hinzu kommen noch Konfigurationsm\u00f6glichkeiten hinsichtlich der maximal erlaubten\r\n        Fehlversuche beim Login sowie dem Verhalten des Sticks beim Erreichen die eingestellten Limits.<br>\r\n        Auf Wunsch l\u00e4sst sich im Zuge der \u00c4nderungen der Passwortrichtlinen auch die Neuvergabe des Benutzerpasswortes\r\n        erzwingen.<br><br>\r\n        \u00dcber die Konfiguration zum Punkt \u201eOffline Profile\u201c l\u00e4sst sich die Nutzung des betroffenen Kanguru Defenders ohne\r\n        eine bestehende Verbindung zur KRMC wahlweise unterbinden oder gestatten.\r\n    <\/p>\r\n    <p style=\"\r\nmargin: -310px 0px 0px 0px;\">\r\n        <a href=\"\/de\/wp-content\/uploads\/produkte\/sticks\/kanguru\/krmc_kla\/krmc_repro.PNG\" class=\"highslide    \"\r\n           onmouseover=\"hs.headingText=''\" onclick=\"return hs.expand(this, { headingText: '' } )\">\r\n            <img decoding=\"async\" src=\"\/de\/wp-content\/uploads\/produkte\/sticks\/kanguru\/krmc_kla\/thumbs\/krmc_repro.PNG\" alt=\"\" title=\"\">\r\n        <\/a>\r\n    <\/p>\r\n    <p style=\"\r\nmargin: 70px 0px 0px 0px;\">\r\n        <strong>Konfigurierbare \u201eBlack- &amp; Whitelist\u201c<\/strong><br>\r\n        Im Kanguru Defender ist eine \u201eIP\/Domain Control\u201c integriert, welche \u00fcber die KRMC ferngesteuert werden kann. Die\r\n        Verbindung des Sticks zur KRMC kann damit \u2013 basierend auf IP-Adressen oder Domainnamen \u2013 eingeschr\u00e4nkt werden.\r\n        So k\u00f6nnen beispielsweise bestimmte Adressen zugelassen werden, w\u00e4hrend alle anderen automatisch f\u00fcr den\r\n        Verbindungsaufbau gesperrt sind (Whitelist). Alternativ k\u00f6nnen auch Verbindungen von bestimmten Adressen\r\n        geblockt werden, w\u00e4hrend allen anderen automatisch zugelassen werden (Blacklist).\r\n    <\/p>\r\n    <p style=\"margin: 24px 0px 0px 0px\">\r\n        <strong>Verwaltung verlorener Kanguru Defender<\/strong><br>\r\n        Mit Hilfe der Kanguru Remote Mangement Console k\u00f6nnen die Daten von verlorenen USB-Sticks bei Bedarf aus der\r\n        Ferne gel\u00f6scht und der gesamte Stick f\u00fcr die weitere Nutzung deaktiviert werden.\r\n        Eine Deaktivierung des USB-Sticks l\u00e4sst sich nur durch einen Administrator der mit dem Stick verkn\u00fcpften KRMC\r\n        wieder aufheben.\r\n    <\/p>\r\n    <p style=\"width: 54%; margin: 30px 0px 0px 0px\">\r\n        <strong>Neuvergabe des Anwenderpasswortes<\/strong><br>\r\n        Administratoren k\u00f6nnen in allen Varianten der Kanguru Remote Management Console die Neuvergabe eines\r\n        Nutzerpasswortes \u201eaus der Ferne\u201c durchf\u00fchren, ohne daf\u00fcr das bisherige Passwort kennen zu m\u00fcssen.<br><br>\r\n        Hierzu reicht in der Cloud Version die Authentifizierung als \u201eBesitzer\u201c des Cloud Zugangs. Weitere Ma\u00dfnahmen\r\n        sind nicht erforderlich. In der Enterprise Edition ist f\u00fcr eine Neuvergabe des Passwortes die Angabe des zuvor\r\n        eingerichteten Master-Passwortes notwendig.\r\n    <\/p>\r\n    <p style=\"\r\nmargin: -240px 0px 0px 450px;\">\r\n        <a href=\"\/de\/wp-content\/uploads\/produkte\/sticks\/kanguru\/krmc_kla\/krmc_chuserpw.PNG\" class=\"highslide    \"\r\n           onmouseover=\"hs.headingText=''\" onclick=\"return hs.expand(this, { headingText: '' } )\">\r\n            <img decoding=\"async\" src=\"\/de\/wp-content\/uploads\/produkte\/sticks\/kanguru\/krmc_kla\/thumbs\/krmc_chuserpw.PNG\" alt=\"\" title=\"\">\r\n        <\/a>\r\n    <\/p>\r\n    <p style=\"\r\nmargin: 40px 0px 0px 0px;\">\r\n        <strong>Logging- &amp; Reporting<\/strong><br>\r\n        Alle Versionen der KRMC bieten au\u00dferdem Logging- und Reportingfunktionen. Beispielsweise werden Login und Logout\r\n        von registrierten Kanguru Defendern inkl. des Nutzungszeitraumes sowie der IP-Adresse in einer systeminternen\r\n        Logdatei protokolliert und den Administratoren zur Auswertung und weiteren Verarbeitung \u00fcber die KRMC zur\r\n        Verf\u00fcgung gestellt.<br>\r\n        \u00dcber dieses Audit Log hinaus sind in allen Versionen der KRMC auch bereits Auswertungsfunktionen integriert, so\r\n        dass \u00fcber eine gesonderte Rubrik beispielsweise die Nutzungsstatistik eines bestimmten Zeitraumes in\r\n        anschaulichen Diagrammen abgebildet werden kann.\r\n    <\/p>\r\n<\/div>\r\n<div id=\"cloud\" style=\"margin: 46px 0px 0px 0px\">\r\n    <h3>Kanguru Remote Management Console: Cloud Edition<\/h3>\r\n    <p style=\"margin: 12px 0px 0px 0px\">\r\n        Die Besonderheit der Cloud-Version der Kanguru Management Console besteht darin, dass diese Verwaltungsl\u00f6sung\r\n        vom Hersteller Kanguru Solutions selbst betrieben wird.<br>\r\n        Gegen\u00fcber der Enterprise Edition ist zum Betrieb also keine firmeninterne Serverstruktur Voraussetzung. <br>\r\n        Der Zugang zur Cloud Variante ist webbasiert und erfolgt mit Hilfe von Zugangsdaten (Benutzername + Passwort).\r\n        Pro Unternehmen existiert genau ein Zugang f\u00fcr einen Administrator. Weitere Rollen k\u00f6nnen nicht definiert\r\n        werden.\r\n    <\/p>\r\n<\/div>\r\n<div id=\"enterprise\" style=\"margin: 46px 0px 0px 0px\">\r\n    <h3>Kanguru Remote Management Console: Enterprise Edition<\/h3>\r\n    <p style=\"margin: 12px 0px 0px 0px\">\r\n        Im Gegensatz zur Cloud Variante wird die Kanguru Remote Management Console in der Enterprise Edition in einer\r\n        firmeninternen Serverstruktur betrieben.<br>\r\n        Die Enterprise Edition verf\u00fcgt gegen\u00fcber der Cloud-Variante \u00fcber folgende zus\u00e4tzliche Merkmale.\r\n    <\/p>\r\n    <p style=\"margin: 24px 0px 0px 0px\">\r\n        <strong>Active-Directory Unterst\u00fctzung<\/strong><br>\r\n        Neben den bereits \u00fcber den KLA manuell hinterlegten Benutzerinformationen kann \u00fcber die KRMC eine Verbindung zum\r\n        firmeninternen Active-Directory (AD) aufgebaut werden, um den zentral verwalteten USB-Sticks auf Basis der im AD\r\n        hinterlegten Benutzerinformationen einen Besitzer zuzuordnen.\r\n    <\/p>\r\n    <p style=\"width: 54%; margin: 30px 0px 0px 0px\">\r\n        <strong>Rollenkonzept und Rechteverteilung<\/strong><br>\r\n        Mit der Enterprise Edition der Kanguru Remote Management Console ist es m\u00f6glich, ein individuell gestaltbares\r\n        Rollenkonzept umzusetzen und beliebig viele administrative Zug\u00e4nge mit unterschiedlichen Rechten\r\n        anzulegen.<br><br>\r\n        Auf diese Weise k\u00f6nnen durch einen oder mehrere\u201eSuper-Administratoren\u201c Gruppen-Administratoren definiert werden,\r\n        die f\u00fcr die Verwaltung von Benutzergruppen zust\u00e4ndig sind. Mit Hilfe von Benutzergruppen kann beispielsweise die\r\n        interne Organisationsstruktur abgebildet werden (Au\u00dfendienst, Technik etc.).\r\n    <\/p>\r\n    <p style=\"\r\nmargin: -250px 0px 0px 450px;\">\r\n        <a onclick=\"return hs.expand(this, { headingText: '' } )\" onmouseover=\"hs.headingText=''\"\r\n           class=\"highslide       \" href=\"\/de\/wp-content\/uploads\/produkte\/sticks\/kanguru\/krmc_kla\/krmc_new_0.png\">\r\n            <img decoding=\"async\" title=\"\" alt=\"\"\r\n                 src=\"\/de\/wp-content\/uploads\/produkte\/sticks\/kanguru\/krmc_kla\/thumbs\/krmc_new_0_small.png\">\r\n        <\/a>\r\n    <\/p>\r\n    <p style=\"\r\nmargin: 50px 0px 0px 0px;\">\r\n        <strong>A\/V Lizenzmanagement<\/strong><br>\r\n        Die KRMC Enterprise Edition bietet eine automatische Lizenzverwaltung der integrierten Anti-Viren (A\/V) L\u00f6sung.\r\n        Damit besteht die M\u00f6glichkeit, neue Lizenzen automatisch zu beschaffen und den entsprechenden Sticks zuzuordnen\r\n        sowie bestehende Lizenzen vor Ablauf zu aktualisieren.<br>\r\n        \u00dcber die KRMC l\u00e4sst sich einstellen, wie h\u00e4ufig neue Definitions-Dateien (Virensignaturen) vom Kanguru-Server\r\n        abfragt werden. Diese werden anschlie\u00dfend automatisch an die mit der KRMC verbundenen Kanguru Defender verteilt.\r\n    <\/p>\r\n    <p style=\"margin: 24px 0px 0px 0px\">\r\n        <strong>Aus der Ferne \u00e4nderbares Master-Passwort<\/strong><br>\r\n        Wurde das Master-Passwort eines Kanguru Defenders im Vorfeld bereits eingerichtet, so bietet die KRMC die\r\n        M\u00f6glichkeit, dieses aus der Ferne (unter Angabe des \u201ealten\u201c Master Passwortes) zu \u00e4ndern, ohne hierbei den Stick\r\n        neu einrichten zu m\u00fcssen.<br>\r\n        Das Master-Passwort wird zum \u00c4ndern des Benutzerpasswortes eines Kanguru Defenders ben\u00f6tigt und kann dar\u00fcber\r\n        hinaus mit Hilfe des KLA auch zum Aufschlie\u00dfen der sicheren Partition genutzt werden.\r\n    <\/p>\r\n    <p style=\"width:54%; margin: 24px 0px 0px 0px\">\r\n        <strong>Kanguru Device Manager Updates zentral einspielen<\/strong><br>\r\n        In der Enterprise Edition ist es \u00fcber die KRMC m\u00f6glich, neue Software Updates f\u00fcr das Login-Programm (welches\r\n        sich auf jedem USB-Stick befindet) zentral zu verwalten und an die USB-Sticks zu verteilen.\r\n    <\/p>\r\n    <p style=\"\r\nmargin: -120px 0px 18px 450px;\">\r\n        <a onclick=\"return hs.expand(this, { headingText: '' } )\" onmouseover=\"hs.headingText=''\"\r\n           class=\"highslide        \" href=\"\/de\/wp-content\/uploads\/produkte\/sticks\/kanguru\/krmc_kla\/krmc_new_1.png\">\r\n            <img decoding=\"async\" title=\"\" alt=\"\"\r\n                 src=\"\/de\/wp-content\/uploads\/produkte\/sticks\/kanguru\/krmc_kla\/thumbs\/krmc_new_1_small.png\">\r\n        <\/a>\r\n    <\/p>\r\n    <p style=\"\r\nwidth:55%; margin: -100px 0px 0px 0px;\">\r\n        <strong>Kanguru Device Control (kostenpflichtige Option)<\/strong><br>\r\n        Optional l\u00e4sst sich die Kanguru Remote Mangement Console mit der umfangreich konfigurierbaren Endpoint Security\r\n        L\u00f6sung \u201eKanguru Device Control\u201c (KDC) aus dem Hause Kanguru Solutions kombinieren.\r\n        Mit der KDC lassen sich \u2013 unterst\u00fctzt von einer Active Directory Anbindung \u2013 sowohl systemweite als auch an den\r\n        Einzelplatz bzw. an Benutzer gebundene Konfigurationen definieren. <\/p>\r\n    <p style=\"margin: 0px 0px 0px 0px;\">Es k\u00f6nnen bestimmte USB-Endger\u00e4te explizit zugelassen und alle unbekannten\r\n        (nicht konfigurierten) Ger\u00e4te blockiert werden.<br>\r\n        Neben umfangreichen Reportingfunktionen ist f\u00fcr individuell einstellbare Ereignisse eine automatische E-Mail\r\n        Benachrichtigung aktivierbar, die der zust\u00e4ndige Administrator erh\u00e4lt.\r\n    <\/p>\r\n    <p style=\"\r\nmargin: 30px 0px 12px 0px;\">\r\n        F\u00fcr weitere Informationen <a href=\"\/de\/kontakt.html\">Kontaktieren Sie uns<\/a> bitte.\r\n    <\/p>\r\n<\/div>","protected":false},"excerpt":{"rendered":"Kanguru Informationen Merkmale Technische Daten Einsatz unter Windows Einsatz unter","protected":false},"author":1,"featured_media":0,"parent":662,"menu_order":0,"comment_status":"closed","ping_status":"closed","template":"","meta":{"footnotes":""},"class_list":["post-946","page","type-page","status-publish","hentry","no-wpautop","","tg-column-two"],"_links":{"self":[{"href":"https:\/\/www.ganec.de\/de\/wp-json\/wp\/v2\/pages\/946","targetHints":{"allow":["GET"]}}],"collection":[{"href":"https:\/\/www.ganec.de\/de\/wp-json\/wp\/v2\/pages"}],"about":[{"href":"https:\/\/www.ganec.de\/de\/wp-json\/wp\/v2\/types\/page"}],"author":[{"embeddable":true,"href":"https:\/\/www.ganec.de\/de\/wp-json\/wp\/v2\/users\/1"}],"replies":[{"embeddable":true,"href":"https:\/\/www.ganec.de\/de\/wp-json\/wp\/v2\/comments?post=946"}],"version-history":[{"count":2,"href":"https:\/\/www.ganec.de\/de\/wp-json\/wp\/v2\/pages\/946\/revisions"}],"predecessor-version":[{"id":948,"href":"https:\/\/www.ganec.de\/de\/wp-json\/wp\/v2\/pages\/946\/revisions\/948"}],"up":[{"embeddable":true,"href":"https:\/\/www.ganec.de\/de\/wp-json\/wp\/v2\/pages\/662"}],"wp:attachment":[{"href":"https:\/\/www.ganec.de\/de\/wp-json\/wp\/v2\/media?parent=946"}],"curies":[{"name":"wp","href":"https:\/\/api.w.org\/{rel}","templated":true}]}}