{"id":939,"date":"2018-08-08T15:07:09","date_gmt":"2018-08-08T13:07:09","guid":{"rendered":"http:\/\/dev1.ganec.de\/de\/?page_id=939"},"modified":"2018-12-09T15:19:05","modified_gmt":"2018-12-09T13:19:05","slug":"macos","status":"publish","type":"page","link":"https:\/\/www.ganec.de\/de\/produkte\/sichere-usb-sticks\/kanguru-defender\/macos","title":{"rendered":"Kanguru Defender USB-Sticks &#8211; Einsatz unter MacOS"},"content":{"rendered":"<div id=\"right-col\" class=\"custom-sidebar\">\r\n    <div id=\"sidebar\">\r\n        <h3 class=\"widget-title\">Kanguru Informationen<\/h3>\r\n        <ul>\r\n            <li><a href=\"\/de\/produkte\/sichere-usb-sticks\/kanguru-defender\">Merkmale<\/a><\/li>\r\n            <li><a href=\"\/de\/produkte\/sichere-usb-sticks\/kanguru-defender\/technische-daten\">Technische Daten<\/a><\/li>\r\n            <li><a href=\"\/de\/produkte\/sichere-usb-sticks\/kanguru-defender\/windows\">Einsatz unter Windows<\/a><\/li>\r\n            <li><a href=\"\/de\/produkte\/sichere-usb-sticks\/kanguru-defender\/macos\">Einsatz unter macOS<\/a><\/li>\r\n            <li><a href=\"\/de\/produkte\/sichere-usb-sticks\/kanguru-defender\/linux\">Einsatz unter Linux<\/a><\/li>\r\n            <li><a href=\"\/de\/produkte\/sichere-usb-sticks\/kanguru-defender\/verwaltung\">Zentrale Verwaltungsl\u00f6sung<\/a>\r\n            <\/li>\r\n            <li><a href=\"\/de\/produkte\/sichere-usb-sticks\/kanguru-defender\/presse-und-testberichte\">Presse \/\r\n                Testberichte<\/a><\/li>\r\n            <li><a href=\"\/de\/produkte\/sichere-usb-sticks\/kanguru-defender\/datenblaetter\">Datenbl\u00e4tter<\/a><\/li>\r\n            <li><a href=\"\/de\/produkte\/sichere-usb-sticks\/kanguru-defender\/faq\">H\u00e4ufige Fragen (FAQ)<\/a><\/li>\r\n        <\/ul>\r\n        <ul>\r\n            <li><a href=\"\/de\/kontakt\">Angebot \/ Beratung anfordern<\/a><\/li>\r\n            <li><a href=\"http:\/\/www.ganec-shop.de\/uebersicht-entscheidungshilfe-sichere-USB-Sticks\">Online-Shop<\/a><\/li>\r\n        <\/ul>\r\n        <ul>\r\n            <li><a href=\"\/de\/produkte\/sichere-usb-sticks\">zur\u00fcck zur \u00dcbersicht<\/a><\/li>\r\n        <\/ul>\r\n    <\/div>\r\n    <div class=\"clear\"><\/div>\r\n<\/div>\r\n<p>\r\n    Parameter f\u00fcr alle Betriebssystem-Tests:<br>\r\n    Software-Version (= Client-Version): 2.0.1.6<\/p>\r\n<div style=\"margin: 35px 0px 0px 0px;\">\r\n    <h3>Kanguru Defender Elite \u2013 Benutzung unter MacOS 10.6.7<\/h3>\r\n    <p>Die folgende Bilderreihe zeigt die Verwendung des bereits eingerichteten (personalisierten) Kanguru Defender\r\n        Elite unter einem intel-based Mac (MacOS 10.6.7, Snow Leopard).<br>\r\n        <br>\r\n        \u00c4ltere MacOS Versionen, basierend auf der PowerPC-Plattform werden nicht unterst\u00fctzt.<br>\r\n        Die Kanguru Defender Varianten \u201eBasic\u201c und \u201eV2\u201c weisen keine Unterst\u00fctzung f\u00fcr MacOS auf.<\/p>\r\n<\/div>\r\n<div style=\"\r\nwidth:52%; margin: 120px 0px 0px 0px;\">\r\n    <p>\r\n        <strong>Verbindung mit dem Mac<\/strong><br>\r\n        Wird der Stick mit dem Rechner verbunden, wird die unverschl\u00fcsselte CDRom-Partition automatisch eingebunden. Ein\r\n        Klick auf das Laufwerkssymbol \u201eKDMElite\u201c zeigt dessen Inhalt.\r\n    <\/p>\r\n<\/div>\r\n<div style=\"\r\nwidth:45%; margin: -130px 0px 0px 450px;\">\r\n    <a href=\"\/de\/wp-content\/uploads\/produkte\/sticks\/kanguru\/macos\/KDMElite_CDRomPart_mkd.png\" class=\"highslide\"\r\n       onmouseover=\"hs.headingText=''\" onclick=\"return hs.expand(this, { headingText: '' } )\">\r\n        <img decoding=\"async\" src=\"\/de\/wp-content\/uploads\/produkte\/sticks\/kanguru\/macos\/thumbs\/KDMElite_CDRomPart_mkd.png\" alt=\"\"\r\n             title=\"\">\r\n    <\/a>\r\n<\/div>\r\n<div style=\"\r\nwidth:45%; margin: -20px 0px 0px 0px;\">\r\n    <a href=\"\/de\/wp-content\/uploads\/produkte\/sticks\/kanguru\/macos\/KDMElite_login_a_mkd.png\" class=\"highslide\"\r\n       onmouseover=\"hs.headingText=''\" onclick=\"return hs.expand(this, { headingText: '' } )\">\r\n        <img decoding=\"async\" src=\"\/de\/wp-content\/uploads\/produkte\/sticks\/kanguru\/macos\/thumbs\/KDMElite_login_a_mkd.png\" alt=\"\" title=\"\">\r\n    <\/a>\r\n<\/div>\r\n<div style=\"\r\nwidth: 52%; margin: -110px 0px 0px 350px;\">\r\n    <p>\r\n        <strong>Login<\/strong><br>\r\n        Nach dem Start des Login-Programmes \u201eKDMElite\u201c und Initialisierung des Sticks erscheint das Login-Fenster.\r\n    <\/p>\r\n<\/div>\r\n<div style=\"\r\nwidth: 52%; margin: 65px 0px 0px 0px;\">\r\n    <p>\r\n        <strong>Verwendung<\/strong><br>\r\n        Nach erfolgreichem Login wird das verschl\u00fcsselte Laufwerk \u201eFAT16\u201c eingebunden und steht zur Verwendung bereit.\r\n    <\/p>\r\n    <br>\r\n    <p>\r\n        \u00dcber das Men\u00fc des Tray-Icons k\u00f6nnen Einstellungen des Sticks ge\u00e4ndert und die Benutzerhandb\u00fccher eingesehen\r\n        werden.<br>\r\n        <br>\r\n        Vorinstallierte portable Anwendungen (beispielsweise FireFox oder Thunderbird) sind nicht Bestandteil des\r\n        Kanguru Defenders \u2013 diese m\u00fcssen bei Bedarf vom Benutzer selbst installiert werden.<br>\r\n        <br>\r\n        Ein sicheres Backup aller Daten auf dem sicheren Laufwerk muss vom Benutzer selbst organisiert werden \u2013 hier\r\n        k\u00f6nnte truecrypt (<a href=\"http:\/\/www.truecrypt.org\" target=\"_blank\">http:\/\/www.truecrypt.org<\/a>) als Basis\r\n        einer Backup-Strategie dienen.<\/p>\r\n<\/div>\r\n<div style=\"\r\nwidth:45%; margin: -430px 0px 0px 450px;\">\r\n    <a href=\"\/de\/wp-content\/uploads\/produkte\/sticks\/kanguru\/macos\/KDMElite_login_b_mkd.png\" class=\"highslide\"\r\n       onmouseover=\"hs.headingText=''\" onclick=\"return hs.expand(this, { headingText: '' } )\">\r\n        <img decoding=\"async\" src=\"\/de\/wp-content\/uploads\/produkte\/sticks\/kanguru\/macos\/thumbs\/KDMElite_login_b_mkd.png\" alt=\"\" title=\"\">\r\n    <\/a>\r\n<\/div>\r\n<div style=\"width: 45%; margin: 25px 0px 0px 450px;\">\r\n    <a href=\"\/de\/wp-content\/uploads\/produkte\/sticks\/kanguru\/macos\/KDMElite_TrayIcon_mkd.png\" class=\"highslide\"\r\n       onmouseover=\"hs.headingText=''\" onclick=\"return hs.expand(this, { headingText: '' } )\">\r\n        <img decoding=\"async\" src=\"\/de\/wp-content\/uploads\/produkte\/sticks\/kanguru\/macos\/thumbs\/KDMElite_TrayIcon_mkd.png\" alt=\"\"\r\n             title=\"\">\r\n    <\/a>\r\n<\/div>\r\n<div style=\"\r\nwidth: 45%; margin: 60px 0px 0px 0px;\">\r\n    <a href=\"\/de\/wp-content\/uploads\/produkte\/sticks\/kanguru\/macos\/KDMElite_unmount_mkd.png\" class=\"highslide\"\r\n       onmouseover=\"hs.headingText=''\" onclick=\"return hs.expand(this, { headingText: '' } )\">\r\n        <img decoding=\"async\" src=\"\/de\/wp-content\/uploads\/produkte\/sticks\/kanguru\/macos\/thumbs\/KDMElite_unmount_mkd.png\" alt=\"\" title=\"\">\r\n    <\/a>\r\n<\/div>\r\n<div style=\"\r\nwidth: 52%; margin: -155px 0px 0px 350px;\">\r\n    <p>\r\n        <strong>Logout<\/strong><br>\r\n        Das sichere Laufwerk wird \u00fcber den entsprechenden Men\u00fcpunkt des Tray-Icon Symbols geschlossen und aus dem System\r\n        ausgebunden.\r\n        Vorher sollten alle vom Stick gestarteten Anwendungen und offenen Dateien geschlossen werden.\r\n    <\/p>\r\n<\/div>","protected":false},"excerpt":{"rendered":"Kanguru Informationen Merkmale Technische Daten Einsatz unter Windows Einsatz unter","protected":false},"author":1,"featured_media":0,"parent":662,"menu_order":0,"comment_status":"closed","ping_status":"closed","template":"","meta":{"footnotes":""},"class_list":["post-939","page","type-page","status-publish","hentry","no-wpautop","","tg-column-two"],"_links":{"self":[{"href":"https:\/\/www.ganec.de\/de\/wp-json\/wp\/v2\/pages\/939","targetHints":{"allow":["GET"]}}],"collection":[{"href":"https:\/\/www.ganec.de\/de\/wp-json\/wp\/v2\/pages"}],"about":[{"href":"https:\/\/www.ganec.de\/de\/wp-json\/wp\/v2\/types\/page"}],"author":[{"embeddable":true,"href":"https:\/\/www.ganec.de\/de\/wp-json\/wp\/v2\/users\/1"}],"replies":[{"embeddable":true,"href":"https:\/\/www.ganec.de\/de\/wp-json\/wp\/v2\/comments?post=939"}],"version-history":[{"count":2,"href":"https:\/\/www.ganec.de\/de\/wp-json\/wp\/v2\/pages\/939\/revisions"}],"predecessor-version":[{"id":941,"href":"https:\/\/www.ganec.de\/de\/wp-json\/wp\/v2\/pages\/939\/revisions\/941"}],"up":[{"embeddable":true,"href":"https:\/\/www.ganec.de\/de\/wp-json\/wp\/v2\/pages\/662"}],"wp:attachment":[{"href":"https:\/\/www.ganec.de\/de\/wp-json\/wp\/v2\/media?parent=939"}],"curies":[{"name":"wp","href":"https:\/\/api.w.org\/{rel}","templated":true}]}}