{"id":933,"date":"2018-08-08T14:37:00","date_gmt":"2018-08-08T12:37:00","guid":{"rendered":"http:\/\/dev1.ganec.de\/de\/?page_id=933"},"modified":"2018-12-09T15:19:10","modified_gmt":"2018-12-09T13:19:10","slug":"windows","status":"publish","type":"page","link":"https:\/\/www.ganec.de\/de\/produkte\/sichere-usb-sticks\/kanguru-defender\/windows","title":{"rendered":"Kanguru Defender USB-Sticks &#8211; Einsatz unter Windows"},"content":{"rendered":"<div id=\"right-col\" class=\"custom-sidebar\">\r\n    <div id=\"sidebar\">\r\n        <h3 class=\"widget-title\">Kanguru Informationen<\/h3>\r\n        <ul>\r\n            <li><a href=\"\/de\/produkte\/sichere-usb-sticks\/kanguru-defender\">Merkmale<\/a><\/li>\r\n            <li><a href=\"\/de\/produkte\/sichere-usb-sticks\/kanguru-defender\/technische-daten\">Technische Daten<\/a><\/li>\r\n            <li><a href=\"\/de\/produkte\/sichere-usb-sticks\/kanguru-defender\/windows\">Einsatz unter Windows<\/a><\/li>\r\n            <li><a href=\"\/de\/produkte\/sichere-usb-sticks\/kanguru-defender\/macos\">Einsatz unter macOS<\/a><\/li>\r\n            <li><a href=\"\/de\/produkte\/sichere-usb-sticks\/kanguru-defender\/linux\">Einsatz unter Linux<\/a><\/li>\r\n            <li><a href=\"\/de\/produkte\/sichere-usb-sticks\/kanguru-defender\/verwaltung\">Zentrale Verwaltungsl\u00f6sung<\/a>\r\n            <\/li>\r\n            <li><a href=\"\/de\/produkte\/sichere-usb-sticks\/kanguru-defender\/presse-und-testberichte\">Presse \/\r\n                Testberichte<\/a><\/li>\r\n            <li><a href=\"\/de\/produkte\/sichere-usb-sticks\/kanguru-defender\/datenblaetter\">Datenbl\u00e4tter<\/a><\/li>\r\n            <li><a href=\"\/de\/produkte\/sichere-usb-sticks\/kanguru-defender\/faq\">H\u00e4ufige Fragen (FAQ)<\/a><\/li>\r\n        <\/ul>\r\n        <ul>\r\n            <li><a href=\"\/de\/kontakt\">Angebot \/ Beratung anfordern<\/a><\/li>\r\n            <li><a href=\"http:\/\/www.ganec-shop.de\/uebersicht-entscheidungshilfe-sichere-USB-Sticks\">Online-Shop<\/a><\/li>\r\n        <\/ul>\r\n        <ul>\r\n            <li><a href=\"\/de\/produkte\/sichere-usb-sticks\">zur\u00fcck zur \u00dcbersicht<\/a><\/li>\r\n        <\/ul>\r\n    <\/div>\r\n    <div class=\"clear\"><\/div>\r\n<\/div>\r\n<p>\r\n    Parameter f\u00fcr alle Betriebssystem-Tests:<br>\r\n    Software-Version (= Client-Version): 2.0.1.6<\/p>\r\n<div style=\"margin: 35px 0px 0px 0px;\">\r\n    <h3>Kanguru Defender Elite \u2013 Benutzung unter Windows<\/h3>\r\n    <p>Folgende Bilderserie zeigt die Verwendung des bereits eingerichteten (personalisierten) Kanguru Defender Elite\r\n        unter dem Betriebssystem Windows7 (64 Bit Version).<\/p>\r\n    <p>\r\n        Die Kanguru Defender Varianten \u201eBasic\u201c und \u201eV2\u201c weisen ebenfalls Unterst\u00fctzung f\u00fcr Windows Betriebssysteme auf,\r\n        da deren Arbeitsweise mit dem Kanguru Defender Elite vergleichbar ist, trifft die folgende Beschreibung auch auf\r\n        diese Varianten zu.\r\n    <\/p>\r\n<\/div>\r\n<div style=\"\r\nwidth:52%; margin: 120px 0px 0px 0px;\">\r\n    <p>\r\n        <strong>Login<\/strong><br>\r\n        Nachdem der Stick mit dem PC verbunden wurde, wird die unverschl\u00fcsselte CD-Rom Partition, auf der sich das\r\n        Login-Programm befindet, eingebunden. Startet die Anwendung \u201eKDMElite\u201c nicht automatisch, muss das Programm\r\n        manuell \u00fcber den Windows-Eplorer gestartet werden.\r\n    <\/p>\r\n<\/div>\r\n<div style=\"\r\nwidth:45%;margin: -160px 0px -20px 450px;\">\r\n    <a href=\"\/de\/wp-content\/uploads\/produkte\/sticks\/kanguru\/windows\/KDMElite_cdrompart_mkd.PNG\" class=\"highslide\"\r\n       onmouseover=\"hs.headingText=''\" onclick=\"return hs.expand(this, { headingText: '' } )\">\r\n        <img decoding=\"async\" src=\"\/de\/wp-content\/uploads\/produkte\/sticks\/kanguru\/windows\/thumbs\/KDMElite_cdrompart_mkd.PNG\" alt=\"\"\r\n             title=\"\">\r\n    <\/a>\r\n<\/div>\r\n<div style=\"\r\nwidth:45%; margin: 10px 0px 0px 0px;\">\r\n    <a href=\"\/de\/wp-content\/uploads\/produkte\/sticks\/kanguru\/windows\/KDMElite_login_a_2_mkd.PNG\" class=\"highslide\"\r\n       onmouseover=\"hs.headingText=''\" onclick=\"return hs.expand(this, { headingText: '' } )\">\r\n        <img decoding=\"async\" src=\"\/de\/wp-content\/uploads\/produkte\/sticks\/kanguru\/windows\/thumbs\/KDMElite_login_a_2_mkd.PNG\" alt=\"\"\r\n             title=\"\">\r\n    <\/a>\r\n<\/div>\r\n<div style=\"\r\nwidth: 52%; margin: -85px 0px 0px 350px;\">\r\n    <p>\r\n        Nach einer Initialisierungsphase wird der Login-Dialog angezeigt.\r\n    <\/p>\r\n<\/div>\r\n<div style=\"\r\nwidth: 52%; margin: 65px 0px 0px 0px;\">\r\n    <p>\r\n        <strong>Verwendung<\/strong><br>\r\n        Nach erfolgtem Login wird das sichere Laufwerk, das standardm\u00e4\u00dfig den Namen \u201eWechseldatentr\u00e4ger\u201c tr\u00e4gt,\r\n        eingebunden und das Kanguru Tray-Icon in die Symbolleiste eingef\u00fcgt.<\/p>\r\n<\/div>\r\n<div style=\"\r\nwidth:45%; margin: -145px 0px 0px 450px;\">\r\n    <a href=\"\/de\/wp-content\/uploads\/produkte\/sticks\/kanguru\/windows\/KDMElite_drives_mkd.PNG\" class=\"highslide\"\r\n       onmouseover=\"hs.headingText=''\" onclick=\"return hs.expand(this, { headingText: '' } )\">\r\n        <img decoding=\"async\" src=\"\/de\/wp-content\/uploads\/produkte\/sticks\/kanguru\/windows\/KDMElite_drives_mkd.PNG\" alt=\"\" title=\"\">\r\n    <\/a>\r\n<\/div>\r\n<div style=\"\r\nwidth: 45%; margin: 10px 0px 0px 0px;\">\r\n    <a href=\"\/de\/wp-content\/uploads\/produkte\/sticks\/kanguru\/windows\/KDMElite_trayicon_mkd.PNG\" class=\"highslide\"\r\n       onmouseover=\"hs.headingText=''\" onclick=\"return hs.expand(this, { headingText: '' } )\">\r\n        <img decoding=\"async\" src=\"\/de\/wp-content\/uploads\/produkte\/sticks\/kanguru\/windows\/KDMElite_trayicon_mkd.PNG\" alt=\"\" title=\"\">\r\n    <\/a>\r\n<\/div>\r\n<div style=\"\r\nwidth: 52%;margin: -85px 0px 0px 350px;\">\r\n    <p>\r\n        \u00dcber das Men\u00fc des Tray-Icons k\u00f6nnen Einstellungen des Sticks ver\u00e4ndert werden, oder die Benutzerhandb\u00fccher\r\n        abgerufen werden.<br>\r\n        <br>\r\n        <br>\r\n        Portable Programme (wie beispielsweise Firefox) sind nicht vorinstalliert, der Benutzer kann \u2013 gerade bei\r\n        Windows Betriebssystemen \u2013 auf eine Vielzahl von portablen Programmen (siehe z.B. <a\r\n            href=\"http:\/\/portableapps.com\/\" target=\"_blank\">http:\/\/portableapps.com\/<\/a>) zur\u00fcckgreifen.<\/p>\r\n    <br>\r\n    <br>\r\n    <p>\r\n        Eine eingebaute Backup-L\u00f6sung gibt es nicht, hier k\u00f6nnte beispielsweise truecrypt (<a\r\n            href=\"http:\/\/www.truecrypt.org\" target=\"_blank\">http:\/\/www.truecrypt.org<\/a>) ein L\u00f6sungsansatz darstellen.\r\n    <\/p>\r\n<\/div>\r\n<div style=\"\r\nwidth: 45%;margin: -265px 0px 0px 0px;\">\r\n    <a href=\"\/de\/wp-content\/uploads\/produkte\/sticks\/kanguru\/windows\/KDMElite_traymenu_mkd.png\" class=\"highslide\"\r\n       onmouseover=\"hs.headingText=''\" onclick=\"return hs.expand(this, { headingText: '' } )\">\r\n        <img decoding=\"async\" src=\"\/de\/wp-content\/uploads\/produkte\/sticks\/kanguru\/windows\/KDMElite_traymenu_mkd.png\" alt=\"\" title=\"\">\r\n    <\/a>\r\n<\/div>\r\n<div style=\"\r\nwidth: 45%;margin: 80px 0px 0px 450px;\">\r\n    <a href=\"\/de\/wp-content\/uploads\/produkte\/sticks\/kanguru\/windows\/KDMElite_logout.PNG\" class=\"highslide\"\r\n       onmouseover=\"hs.headingText=''\" onclick=\"return hs.expand(this, { headingText: '' } )\">\r\n        <img decoding=\"async\" src=\"\/de\/wp-content\/uploads\/produkte\/sticks\/kanguru\/windows\/thumbs\/KDMElite_logout.PNG\" alt=\"\" title=\"\">\r\n    <\/a>\r\n<\/div>\r\n<div style=\"\r\nwidth: 52%; margin: -140px 0px 0px 0px;\">\r\n    <p>\r\n        <strong>Logout<\/strong><br>\r\n        Das sichere Laufwerk wird \u00fcber den entsprechenden Men\u00fcpunkt des Tray-Icon Symbols geschlossen und aus dem System\r\n        ausgebunden.\r\n        Vorher sollten alle vom Stick gestarteten Anwendungen und offenen Dateien geschlossen werden.\r\n    <\/p>\r\n<\/div>","protected":false},"excerpt":{"rendered":"Kanguru Informationen Merkmale Technische Daten Einsatz unter Windows Einsatz unter","protected":false},"author":1,"featured_media":0,"parent":662,"menu_order":0,"comment_status":"closed","ping_status":"closed","template":"","meta":{"footnotes":""},"class_list":["post-933","page","type-page","status-publish","hentry","no-wpautop","","tg-column-two"],"_links":{"self":[{"href":"https:\/\/www.ganec.de\/de\/wp-json\/wp\/v2\/pages\/933","targetHints":{"allow":["GET"]}}],"collection":[{"href":"https:\/\/www.ganec.de\/de\/wp-json\/wp\/v2\/pages"}],"about":[{"href":"https:\/\/www.ganec.de\/de\/wp-json\/wp\/v2\/types\/page"}],"author":[{"embeddable":true,"href":"https:\/\/www.ganec.de\/de\/wp-json\/wp\/v2\/users\/1"}],"replies":[{"embeddable":true,"href":"https:\/\/www.ganec.de\/de\/wp-json\/wp\/v2\/comments?post=933"}],"version-history":[{"count":5,"href":"https:\/\/www.ganec.de\/de\/wp-json\/wp\/v2\/pages\/933\/revisions"}],"predecessor-version":[{"id":938,"href":"https:\/\/www.ganec.de\/de\/wp-json\/wp\/v2\/pages\/933\/revisions\/938"}],"up":[{"embeddable":true,"href":"https:\/\/www.ganec.de\/de\/wp-json\/wp\/v2\/pages\/662"}],"wp:attachment":[{"href":"https:\/\/www.ganec.de\/de\/wp-json\/wp\/v2\/media?parent=933"}],"curies":[{"name":"wp","href":"https:\/\/api.w.org\/{rel}","templated":true}]}}