{"id":924,"date":"2018-08-07T21:01:28","date_gmt":"2018-08-07T19:01:28","guid":{"rendered":"http:\/\/dev1.ganec.de\/de\/?page_id=924"},"modified":"2018-12-09T15:18:34","modified_gmt":"2018-12-09T13:18:34","slug":"faq","status":"publish","type":"page","link":"https:\/\/www.ganec.de\/de\/produkte\/sichere-usb-sticks\/ironkey\/faq","title":{"rendered":"IronKey &#8211; H\u00e4ufige Fragen \/ Antworten (FAQ)"},"content":{"rendered":"<div id=\"right-col\" class=\"custom-sidebar\">\r\n    <div id=\"sidebar\">\r\n        <h3 class=\"widget-title\">IronKey Informationen<\/h3>\r\n        <ul>\r\n            <li><a href=\"\/de\/produkte\/sichere-usb-sticks\/ironkey\">Merkmale<\/a><\/li>\r\n            <li><a href=\"\/de\/produkte\/sichere-usb-sticks\/ironkey\/technische-daten\">Technische Daten<\/a><\/li>\r\n            <li><a href=\"\/de\/produkte\/sichere-usb-sticks\/ironkey\/windows\">Einsatz unter Windows<\/a><\/li>\r\n            <li><a href=\"\/de\/produkte\/sichere-usb-sticks\/ironkey\/macos\">Einsatz unter macOS<\/a><\/li>\r\n            <li><a href=\"\/de\/produkte\/sichere-usb-sticks\/ironkey\/linux\">Einsatz unter Linux<\/a><\/li>\r\n            <li><a href=\"\/de\/produkte\/sichere-usb-sticks\/ironkey\/verwaltung\">Zentrale Verwaltungsl\u00f6sung<\/a><\/li>\r\n            <li><a href=\"\/de\/produkte\/sichere-usb-sticks\/ironkey\/presse-und-testberichte\">Presse \/ Testberichte<\/a><\/li>\r\n            <li><a href=\"\/de\/produkte\/sichere-usb-sticks\/ironkey\/datenblaetter\">Datenbl\u00e4tter<\/a><\/li>\r\n            <li><a href=\"\/de\/produkte\/sichere-usb-sticks\/ironkey\/faq\">H\u00e4ufige Fragen (FAQ)<\/a><\/li>\r\n        <\/ul>\r\n        <ul>\r\n            <li><a href=\"\/de\/kontakt\">Angebot \/ Beratung anfordern<\/a><\/li>\r\n            <li><a href=\"http:\/\/www.ganec-shop.de\/uebersicht-entscheidungshilfe-sichere-USB-Sticks\">Online-Shop<\/a><\/li>\r\n        <\/ul>\r\n        <ul>\r\n            <li><a href=\"\/de\/produkte\/sichere-usb-sticks\">zur\u00fcck zur \u00dcbersicht<\/a><\/li>\r\n        <\/ul>\r\n    <\/div>\r\n    <div class=\"clear\"><\/div>\r\n<\/div>\r\n<p>\r\n    Auf dieser Seite haben wir h\u00e4ufige Fragen zum IronKey aufgelistet \u2013 und beantwortet.<\/p>\r\n<div style=\"margin: 0px 0px 0px 0px\">\r\n    <div style=\"margin: 25px 0px 0px 0px\">\r\n        <h3>1. Muss Software installiert werden, um den IronKey nutzen zu k\u00f6nnen?<\/h3>\r\n        <p>\r\n            Nein, das ist nicht erforderlich. S\u00e4mtliche Software, die Sie zur Nutzung des IronKeys und der \u2013 je nach\r\n            Modell \u2013 vorhandenen Zusatzprogramme ben\u00f6tigen, ist auf dem Ironkey installiert und kann somit ohne\r\n            vorherige Installation gestartet werden.<\/p><\/div>\r\n    <div style=\"margin: 25px 0px 0px 0px\">\r\n        <h3>2. Welche Variante ist f\u00fcr wen geeignet?<\/h3>\r\n        <p>\r\n            Die <strong>Basic-Variante<\/strong> ist f\u00fcr Anwender konzipiert worden, die sicher Daten speichern und\r\n            transportieren m\u00f6chten und weder eine zentrale Verwaltungsl\u00f6sung nutzen wollen noch zus\u00e4tzliche Funktionen\r\n            ben\u00f6tigen.<br\/>\r\n            <br\/>\r\n            Die <strong>Personal-Variante<\/strong> wendet sich an Nutzer, die zus\u00e4tzlich zur sicheren Datenspeicherung\r\n            weitere Funktionen ben\u00f6tigen, jedoch keine zentrale Verwaltungsl\u00f6sung einsetzen m\u00f6chten. Zu den\r\n            Zusatzfunktionen z\u00e4hlen beispielsweise das sichere mobile Surfen und die Verwaltung von Passw\u00f6rtern.<br\/>\r\n            <br\/>\r\n            Die <strong>Enterprise-Variante<\/strong> wendet sich an Kunden, die eine zentrale Verwaltungsl\u00f6sung nutzen\r\n            m\u00f6chten und\/oder die zus\u00e4tzlichen Funktionen des Enterprise-Sticks ben\u00f6tigen, also den Stick beispielsweise\r\n            als Token zur Erzeugung von Einmal-Passworten oder als sicheren Zertifikatsspeicher einsetzen wollen.<br\/>\r\n            <br\/>\r\n            Die <strong>D200-Variante<\/strong> bietet gegen\u00fcber der <strong>S200-Variante<\/strong> einen Preisvorteil,\r\n            ist daf\u00fcr aber etwas langsamer und nicht NATO-zertifiziert.<\/p><\/div>\r\n    <div style=\"margin: 25px 0px 0px 0px\">\r\n        <h3>3. Fallen seitens IronKey Geb\u00fchren f\u00fcr die Nutzung der USB-Sticks an?<\/h3>\r\n        <p>\r\n            Die Beantwortung der Frage h\u00e4ngt von der jeweiligen IronKey-Variante ab:<br\/>\r\n            <br\/>\r\n            F\u00fcr die <strong>Basic-Variante<\/strong> fallen keine Nutzungsgeb\u00fchren an.<br\/>\r\n            <br\/>\r\n            F\u00fcr die <strong>Personal-Variante<\/strong> fallen <strong>derzeit<\/strong> (Stand: 13.04.2011) keine\r\n            Nutzungsgeb\u00fchren an. IronKey plant, f\u00fcr die Nutzung der \u201eSecure Sessions\u201c (= sicheres Surfen) nach dem\r\n            Ablauf von 12 Monaten ab Lieferung Nutzungsgeb\u00fchren zu erheben. Wann die Planungen in die Tat umgesetzt\r\n            werden, steht momentan noch nicht fest. Anwender, die keine Nutzungsgeb\u00fchr entrichten m\u00f6chten, k\u00f6nnen den\r\n            Personal-Stick selbstverst\u00e4ndlich weiterhin nutzen und m\u00fcssen dann lediglich auf die \u201eSecure Sessions\u201c\r\n            verzichten.<br\/>\r\n            <br\/>\r\n            F\u00fcr die <strong>Enterprise-Variante<\/strong> entstehen immer Nutzungsgeb\u00fchren. Dies ist unabh\u00e4ngig davon, ob\r\n            Sie die \u201eEnterprise-Managed-Services\u201c (= Cloud-L\u00f6sung) nutzen oder selbst einen Enterprise Server betreiben.\r\n            Bitte kontaktieren Sie uns, wenn Sie sich hier\u00fcber weitere Informationen oder ein Angebot ben\u00f6tigen.<\/p>\r\n    <\/div>\r\n    <div style=\"margin: 25px 0px 0px 0px\">\r\n        <h3>4. Existiert ein Masterpasswort bzw. eine \u201eHintert\u00fcr\u201c?<\/h3>\r\n        <p>\r\n            Die IronKey USB-Sticks verf\u00fcgen laut Angabe des Herstellers nicht \u00fcber eine \u201eHintert\u00fcr\u201c, die es Dritten\r\n            (z.B. Geheimdiensten) erlaubt, auf Ihre Daten zuzugreifen.<br\/>\r\n            <br\/>\r\n            Die Basic- und Personal-Variante verf\u00fcgen nicht \u00fcber ein Masterpasswort, das es Dritten erlaubt, ohne\r\n            Kenntnis Ihres Passworts auf Ihren Stick zuzugreifen.<br\/>\r\n            <br\/>\r\n            Auch die <strong>Enterprise-Variante<\/strong> verf\u00fcgt nicht \u00fcber ein Masterpasswort. Allerdings existiert\r\n            ein Verfahren, das es berechtigten Administratoren erm\u00f6glicht, auf die Daten des Sticks zuzugreifen, ohne\r\n            dass das Nutzerpasswort bekannt sein muss. Das Verfahren basiert auf einem asymmetrischen\r\n            Verschl\u00fcsselungsverfahren und erfordert zwingend, dass der Stick des Nutzers und der Stick des\r\n            Administrators k\u00f6rperlich vorhanden sind. Ein Zugriff aus der Ferne ist somit nicht m\u00f6glich.<\/p><\/div>\r\n    <div style=\"margin: 25px 0px 0px 0px\">\r\n        <h3>5. Was passiert, wenn man sein Passwort vergessen hat?<\/h3>\r\n        <p>\r\n            Die Beantwortung der Frage h\u00e4ngt von der jeweiligen IronKey-Variante ab:<br\/>\r\n            <br\/>\r\n            <strong>Basic-Variante:<\/strong> Sofern es Ihnen nicht gelingt, das korrekte Passwort im Rahmen der\r\n            zul\u00e4ssigen Fehlversuche zu erraten, existiert keine M\u00f6glichkeit, an die Daten zu gelangen, oder den Stick\r\n            zur\u00fcckzusetzen. Mit anderen Worten: der Stick ist unbrauchbar und die auf ihm gespeicherten Daten nicht mehr\r\n            zug\u00e4nglich.<br\/>\r\n            <br\/>\r\n            <strong>Personal-Variante:<\/strong> Es besteht die M\u00f6glichkeit, dass Passwort verschl\u00fcsselt online in der\r\n            IronKey Struktur (Cloud) zu speichern und es sich bei Bedarf auf sichere Weise anzeigen zu lassen. Die ist\r\n            nur berechtigten Nutzern m\u00f6glich.\r\n            Es ist weder IronKey noch Dritten m\u00f6glich, online auf Ihren Personal-Stick zuzugreifen.\r\n            Sollten Sie Ihr Passwort nicht online gespeichert haben und es vergessen, bleibt Ihnen nur die M\u00f6glichkeit,\r\n            das korrekte Passwort im Rahmen der zul\u00e4ssigen Fehlversuche zu erraten. Gelingt Ihnen dies nicht, treten die\r\n            gleichen Folgen wie bei der Basic-Variante ein.<br\/>\r\n            <br\/>\r\n            <strong>Enterprise-Variante:<\/strong> Die Enterprise-Variante bietet im Rahmen der \u201eEnterprise-\r\n            Managed-Services\u201c die M\u00f6glichkeit, das Passwort verschl\u00fcsselt online zu speichern und sich bei Bedarf auf\r\n            sicherer Weise anzeigen zu lassen (siehe Personal-Variante). Dar\u00fcber hinaus kann der Administrator auf die\r\n            Daten des Sticks zugreifen, sofern ihm der Stick vorliegt (siehe Antwort zur Frage 4).<\/p><\/div>\r\n<\/div>","protected":false},"excerpt":{"rendered":"IronKey Informationen Merkmale Technische Daten Einsatz unter Windows Einsatz unter","protected":false},"author":1,"featured_media":0,"parent":641,"menu_order":0,"comment_status":"closed","ping_status":"closed","template":"","meta":{"footnotes":""},"class_list":["post-924","page","type-page","status-publish","hentry","no-wpautop","","tg-column-two"],"_links":{"self":[{"href":"https:\/\/www.ganec.de\/de\/wp-json\/wp\/v2\/pages\/924","targetHints":{"allow":["GET"]}}],"collection":[{"href":"https:\/\/www.ganec.de\/de\/wp-json\/wp\/v2\/pages"}],"about":[{"href":"https:\/\/www.ganec.de\/de\/wp-json\/wp\/v2\/types\/page"}],"author":[{"embeddable":true,"href":"https:\/\/www.ganec.de\/de\/wp-json\/wp\/v2\/users\/1"}],"replies":[{"embeddable":true,"href":"https:\/\/www.ganec.de\/de\/wp-json\/wp\/v2\/comments?post=924"}],"version-history":[{"count":1,"href":"https:\/\/www.ganec.de\/de\/wp-json\/wp\/v2\/pages\/924\/revisions"}],"predecessor-version":[{"id":925,"href":"https:\/\/www.ganec.de\/de\/wp-json\/wp\/v2\/pages\/924\/revisions\/925"}],"up":[{"embeddable":true,"href":"https:\/\/www.ganec.de\/de\/wp-json\/wp\/v2\/pages\/641"}],"wp:attachment":[{"href":"https:\/\/www.ganec.de\/de\/wp-json\/wp\/v2\/media?parent=924"}],"curies":[{"name":"wp","href":"https:\/\/api.w.org\/{rel}","templated":true}]}}