{"id":922,"date":"2018-08-07T20:58:21","date_gmt":"2018-08-07T18:58:21","guid":{"rendered":"http:\/\/dev1.ganec.de\/de\/?page_id=922"},"modified":"2018-12-09T15:17:49","modified_gmt":"2018-12-09T13:17:49","slug":"datenblaetter","status":"publish","type":"page","link":"https:\/\/www.ganec.de\/de\/produkte\/sichere-usb-sticks\/ironkey\/datenblaetter","title":{"rendered":"IronKey &#8211; Datenbl\u00e4tter"},"content":{"rendered":"<div id=\"right-col\" class=\"custom-sidebar\">\r\n    <div id=\"sidebar\">\r\n        <h3 class=\"widget-title\">IronKey Informationen<\/h3>\r\n        <ul>\r\n            <li><a href=\"\/de\/produkte\/sichere-usb-sticks\/ironkey\">Merkmale<\/a><\/li>\r\n            <li><a href=\"\/de\/produkte\/sichere-usb-sticks\/ironkey\/technische-daten\">Technische Daten<\/a><\/li>\r\n            <li><a href=\"\/de\/produkte\/sichere-usb-sticks\/ironkey\/windows\">Einsatz unter Windows<\/a><\/li>\r\n            <li><a href=\"\/de\/produkte\/sichere-usb-sticks\/ironkey\/macos\">Einsatz unter macOS<\/a><\/li>\r\n            <li><a href=\"\/de\/produkte\/sichere-usb-sticks\/ironkey\/linux\">Einsatz unter Linux<\/a><\/li>\r\n            <li><a href=\"\/de\/produkte\/sichere-usb-sticks\/ironkey\/verwaltung\">Zentrale Verwaltungsl\u00f6sung<\/a><\/li>\r\n            <li><a href=\"\/de\/produkte\/sichere-usb-sticks\/ironkey\/presse-und-testberichte\">Presse \/ Testberichte<\/a><\/li>\r\n            <li><a href=\"\/de\/produkte\/sichere-usb-sticks\/ironkey\/datenblaetter\">Datenbl\u00e4tter<\/a><\/li>\r\n            <li><a href=\"\/de\/produkte\/sichere-usb-sticks\/ironkey\/faq\">H\u00e4ufige Fragen (FAQ)<\/a><\/li>\r\n        <\/ul>\r\n        <ul>\r\n            <li><a href=\"\/de\/kontakt\">Angebot \/ Beratung anfordern<\/a><\/li>\r\n            <li><a href=\"http:\/\/www.ganec-shop.de\/uebersicht-entscheidungshilfe-sichere-USB-Sticks\">Online-Shop<\/a><\/li>\r\n        <\/ul>\r\n        <ul>\r\n            <li><a href=\"\/de\/produkte\/sichere-usb-sticks\">zur\u00fcck zur \u00dcbersicht<\/a><\/li>\r\n        <\/ul>\r\n    <\/div>\r\n    <div class=\"clear\"><\/div>\r\n<\/div>\r\n<p>\r\n    Auf dieser Seite finden Sie Datenbl\u00e4tter in englischer und deutscher Sprache f\u00fcr den IronKey USB-Stick.<\/p>\r\n<div style=\"margin: 20px 0px 0px 0px\">\r\n    <h3>Datenbl\u00e4tter des Herstellers<\/h3>\r\n    <p>\r\n        <a href=\"\/de\/wp-content\/uploads\/produkte\/sticks\/ironkey\/datasheets\/IronKey Hardware Comparison Guide.pdf\"\r\n           target=\"_blank\">\u00dcbersicht \u00fcber die verf\u00fcgbaren Varianten und Hardwareausf\u00fchrungen<\/a><br\/>\r\n        Basic, Personal, Enterprise in den Ausf\u00fchrungen D200 und S200 (Englisch)<\/p>\r\n    <p>\r\n        <a href=\"\/de\/wp-content\/uploads\/produkte\/sticks\/ironkey\/datasheets\/IronKey Basic S200 Datasheet.pdf\"\r\n           target=\"_blank\">IronKey Basic S200<\/a><br\/>\r\n        Beschreibung der Basic-Variante, Ausf\u00fchrung S200 (Englisch)<\/p>\r\n    <p>\r\n        <a href=\"\/de\/wp-content\/uploads\/produkte\/sticks\/ironkey\/datasheets\/IronKey Basic D200 Datasheet.pdf\"\r\n           target=\"_blank\">IronKey Basic D200<\/a><br\/>\r\n        Beschreibung der Basic-Variante, Ausf\u00fchrung D200 (Englisch)<\/p>\r\n    <p>\r\n        <a href=\"\/de\/wp-content\/uploads\/produkte\/sticks\/ironkey\/datasheets\/IronKey Personal S200 Datasheet.pdf\"\r\n           target=\"_blank\">IronKey Personal S200<\/a><br\/>\r\n        Beschreibung der Personal-Variante, Ausf\u00fchrung S200 (Englisch)<\/p>\r\n    <p>\r\n        <a href=\"\/de\/wp-content\/uploads\/produkte\/sticks\/ironkey\/datasheets\/IronKey Personal D200 Datasheet.pdf\"\r\n           target=\"_blank\">IronKey Personal D200<\/a><br\/>\r\n        Beschreibung der Personal-Variante, Ausf\u00fchrung D200 (Englisch)<\/p>\r\n    <p>\r\n        <a href=\"\/de\/wp-content\/uploads\/produkte\/sticks\/ironkey\/datasheets\/IronKey Enterprise S200 Datasheet.pdf\"\r\n           target=\"_blank\">IronKey Enterprise S200<\/a><br\/>\r\n        Beschreibung der Enterprise-Variante, Ausf\u00fchrung S200 (Englisch)<\/p>\r\n    <p>\r\n        <a href=\"\/de\/wp-content\/uploads\/produkte\/sticks\/ironkey\/datasheets\/IronKey Enterprise D200 Datasheet.pdf\"\r\n           target=\"_blank\">IronKey Enterprise D200<\/a><br\/>\r\n        Beschreibung der Enterprise-Variante, Ausf\u00fchrung D200 (Englisch)<\/p>\r\n    <p>\r\n        <a href=\"\/de\/wp-content\/uploads\/produkte\/sticks\/ironkey\/datasheets\/IronKey Enterprise Server Datasheet.pdf\"\r\n           target=\"_blank\">IronKey Enterprise Server<\/a><br\/>\r\n        Beschreibung lokalen Variante der Verwaltungsl\u00f6sung<\/p>\r\n<\/div>\r\n<div style=\"margin: 20px 0px 0px 0px\">\r\n    <h3>Datenbl\u00e4tter der deutschen Distribution<\/h3>\r\n    <p>\r\n        <a href=\"\/de\/wp-content\/uploads\/produkte\/sticks\/ironkey\/datasheets\/Ironkey_Basic-S200-DE.pdf\" target=\"_blank\">IronKey\r\n            Basic S200<\/a><br\/>\r\n        Beschreibung der Basic-Variante, Ausf\u00fchrung S200 (Deutsch)<\/p>\r\n    <p>\r\n        <a href=\"\/de\/wp-content\/uploads\/produkte\/sticks\/ironkey\/datasheets\/Ironkey_Personal-S200-DE.pdf\"\r\n           target=\"_blank\">IronKey Personal S200<\/a><br\/>\r\n        Beschreibung der Personal-Variante, Ausf\u00fchrung S200 (Deutsch)<\/p>\r\n    <p>\r\n        <a href=\"\/de\/wp-content\/uploads\/produkte\/sticks\/ironkey\/datasheets\/Ironkey_Enterprise-S200-DE.pdf\"\r\n           target=\"_blank\">IronKey Enterprise S200<\/a><br\/>\r\n        Beschreibung der Enterprise-Variante, Ausf\u00fchrung S200 (Deutsch)<\/p>\r\n<\/div>","protected":false},"excerpt":{"rendered":"IronKey Informationen Merkmale Technische Daten Einsatz unter Windows Einsatz unter","protected":false},"author":1,"featured_media":0,"parent":641,"menu_order":0,"comment_status":"closed","ping_status":"closed","template":"","meta":{"footnotes":""},"class_list":["post-922","page","type-page","status-publish","hentry","no-wpautop","","tg-column-two"],"_links":{"self":[{"href":"https:\/\/www.ganec.de\/de\/wp-json\/wp\/v2\/pages\/922","targetHints":{"allow":["GET"]}}],"collection":[{"href":"https:\/\/www.ganec.de\/de\/wp-json\/wp\/v2\/pages"}],"about":[{"href":"https:\/\/www.ganec.de\/de\/wp-json\/wp\/v2\/types\/page"}],"author":[{"embeddable":true,"href":"https:\/\/www.ganec.de\/de\/wp-json\/wp\/v2\/users\/1"}],"replies":[{"embeddable":true,"href":"https:\/\/www.ganec.de\/de\/wp-json\/wp\/v2\/comments?post=922"}],"version-history":[{"count":2,"href":"https:\/\/www.ganec.de\/de\/wp-json\/wp\/v2\/pages\/922\/revisions"}],"predecessor-version":[{"id":1087,"href":"https:\/\/www.ganec.de\/de\/wp-json\/wp\/v2\/pages\/922\/revisions\/1087"}],"up":[{"embeddable":true,"href":"https:\/\/www.ganec.de\/de\/wp-json\/wp\/v2\/pages\/641"}],"wp:attachment":[{"href":"https:\/\/www.ganec.de\/de\/wp-json\/wp\/v2\/media?parent=922"}],"curies":[{"name":"wp","href":"https:\/\/api.w.org\/{rel}","templated":true}]}}