{"id":896,"date":"2018-08-07T13:33:36","date_gmt":"2018-08-07T11:33:36","guid":{"rendered":"http:\/\/dev1.ganec.de\/de\/?page_id=896"},"modified":"2018-12-09T15:18:47","modified_gmt":"2018-12-09T13:18:47","slug":"verwaltung","status":"publish","type":"page","link":"https:\/\/www.ganec.de\/de\/produkte\/sichere-usb-sticks\/ironkey\/verwaltung","title":{"rendered":"IronKey &#8211; Zentrale Verwaltungsl\u00f6sung"},"content":{"rendered":"<div id=\"right-col\" class=\"custom-sidebar\">\r\n    <div id=\"sidebar\">\r\n        <h3 class=\"widget-title\">IronKey Informationen<\/h3>\r\n        <ul>\r\n            <li><a href=\"\/de\/produkte\/sichere-usb-sticks\/ironkey\">Merkmale<\/a><\/li>\r\n            <li><a href=\"\/de\/produkte\/sichere-usb-sticks\/ironkey\/technische-daten\">Technische Daten<\/a><\/li>\r\n            <li><a href=\"\/de\/produkte\/sichere-usb-sticks\/ironkey\/windows\">Einsatz unter Windows<\/a><\/li>\r\n            <li><a href=\"\/de\/produkte\/sichere-usb-sticks\/ironkey\/macos\">Einsatz unter macOS<\/a><\/li>\r\n            <li><a href=\"\/de\/produkte\/sichere-usb-sticks\/ironkey\/linux\">Einsatz unter Linux<\/a><\/li>\r\n            <li><a href=\"\/de\/produkte\/sichere-usb-sticks\/ironkey\/verwaltung\">Zentrale Verwaltungsl\u00f6sung<\/a><\/li>\r\n            <li><a href=\"\/de\/produkte\/sichere-usb-sticks\/ironkey\/presse-und-testberichte\">Presse \/ Testberichte<\/a><\/li>\r\n            <li><a href=\"\/de\/produkte\/sichere-usb-sticks\/ironkey\/datenblaetter\">Datenbl\u00e4tter<\/a><\/li>\r\n            <li><a href=\"\/de\/produkte\/sichere-usb-sticks\/ironkey\/faq\">H\u00e4ufige Fragen (FAQ)<\/a><\/li>\r\n        <\/ul>\r\n        <ul>\r\n            <li><a href=\"\/de\/kontakt\">Angebot \/ Beratung anfordern<\/a><\/li>\r\n            <li><a href=\"http:\/\/www.ganec-shop.de\/uebersicht-entscheidungshilfe-sichere-USB-Sticks\">Online-Shop<\/a><\/li>\r\n        <\/ul>\r\n        <ul>\r\n            <li><a href=\"\/de\/produkte\/sichere-usb-sticks\">zur\u00fcck zur \u00dcbersicht<\/a><\/li>\r\n        <\/ul>\r\n    <\/div>\r\n    <div class=\"clear\"><\/div>\r\n<\/div>\r\n<h1>IronKey Enterprise Server und Managed Service \u2013 wesentliche Merkmale<\/h1>\r\n<p>\r\n    Auf dieser Seite informieren wir Sie \u00fcber die wesentlichen Merkmale der IronKey Verwaltungsl\u00f6sungen \u201eEnterprise\r\n    Server\u201c (IKES) und \u201eEnterprise Managed Service\u201c (IKEMS).<\/p>\r\n<div style=\"margin: 20px 0px 0px 0px\">\r\n    <ul class=\"blue\">\r\n        <li>\r\n            <a href=\"#shared\">Gemeinsame Merkmale<\/a>\r\n        <\/li>\r\n        <li>\r\n            <a href=\"#IKES\">IronKey Enterprise Server<\/a>\r\n        <\/li>\r\n        <li>\r\n            <a href=\"#IKEMS\">IronKey Enterprise Managed Service<\/a>\r\n        <\/li>\r\n    <\/ul>\r\n<\/div>\r\n<div style=\"margin: 0px 0px 0px 0px\" id=\"shared\">\r\n    <p style=\"font-size:1.2em; margin: 36px 0px 16px 0px;\"><strong>Gemeinsame Merkmale aller IronKey Enterprise Varianten<\/strong><\/p>\r\n    <p>Die IronKey Verwaltungsl\u00f6sungen \u201eIronKey Enterprise Server\u201c und \u201eIronKey Enterprise Managed Service\u201c\r\n        unterscheiden sich nur in wenigen Punkten voneinander. Die folgenden Funktionen sind in beiden Versionen\r\n        verf\u00fcgbar:<\/p>\r\n    <p>\r\n        <strong>Administratives Rollenkonzept<\/strong><br>\r\n        Neben einem System-Administrator k\u00f6nnen bei Bedarf weitere Administratoren mit individuellen Rechten definiert\r\n        werden. Dem <strong>System Admin<\/strong> stehen in der Voreinstellung alle Funktionen zur Verf\u00fcgung, w\u00e4hrend\r\n        der <strong>Admin<\/strong> nur zur Administration der einfachen Nutzer und Ger\u00e4te vorgesehen ist. Zudem erh\u00e4lt\r\n        er Lesezugriff auf die Admin-Console. In der Variante Enterprise Managed Service ist der Admin auch f\u00fcr\r\n        Nutzergruppen zust\u00e4ndig.\r\n    <\/p>\r\n    <p style=\"margin: 0px 0px 0px 0px; width: 55%;\">\r\n        Der normale Benutzer wird als <strong>Standard User<\/strong> angelegt und hat die M\u00f6glichkeit, sein Passwort zu\r\n        sichern und seinen USB-Stick zu verwalten. Erg\u00e4nzt man die Berechtigungen des Admin um das Bearbeiten und\r\n        Erstellen neuer Nutzungsrichtlinien, wird dieser zum sogenannten <strong>Custom Admin<\/strong>.<\/p>\r\n    <p style=\"margin: 24px 0px 0px 0px; width: 55%;\">Neben den bereits vorgestellten Adminrollen gibt es noch den\r\n        <strong>Help Desk Admin<\/strong>, der f\u00fcr die Unterst\u00fctzung der bereits angelegten Nutzer zust\u00e4ndig ist. Er hat\r\n        \u2013 wie der \u201enormale\u201c Admin \u2013 Zugriff auf die Admin Console. Der <strong>Auditor<\/strong> erh\u00e4lt einen Lesezugriff\r\n        auf die Admin-Console. Administrative Aufgaben kann er nicht durchf\u00fchren.\r\n    <\/p>\r\n    <p style=\"margin: -330px 0px 144px 450px;\">\r\n        <a onclick=\"return hs.expand(this, { headingText: '' } )\" onmouseover=\"hs.headingText=''\" class=\"highslide  \"\r\n           href=\"\/de\/wp-content\/uploads\/produkte\/sticks\/ironkey\/enterprise\/add_user_rwkd.PNG\"><br>\r\n            <img decoding=\"async\" title=\"\" alt=\"\"\r\n                 src=\"\/de\/wp-content\/uploads\/produkte\/sticks\/ironkey\/enterprise\/thumbs\/add_user_rwkd.PNG\"><br>\r\n        <\/a>\r\n    <\/p>\r\n    <p><strong>Zug\u00e4nge und Rechte gebunden an \u201eAdministrations-IronKeys\u201c<\/strong><br>\r\n        Der Zugang zu den hier vorgestellten Verwaltungsl\u00f6sungen ist an IronKeys mit Administrationsprivilegien\r\n        gebunden. Anders als bei vergleichbaren Diensten ist zum Login kein separates Passwort n\u00f6tig \u2013 als Login dient\r\n        die \u201emy.ironkey.com\u201c-Verkn\u00fcpfung im Control Panel des aufgeschlossenen IronKeys, der in der Verwaltungsl\u00f6sung\r\n        bereits als \u201eAdmin-Stick\u201c hinterlegt sein muss. Kann sich der Nutzer durch die Eingabe des richtigen Passwortes\r\n        beim Login zum \u201eAdmin-Stick\u201c erfolgreich authentifizieren, erh\u00e4lt dieser auch automatisch Administrationsrechte\r\n        und alle ihm zugewiesenen Rechte im Webinterface des Enterprise Dienstes.<\/p>\r\n    <p> Der IronKey des Administrators ist um den Men\u00fcpunkt \u201e<b>Admin Tools<\/b>\u201c im Control Panel erweitert. Mit Hilfe\r\n        der \u201eAdmin Tools\u201c seines IronKeys kann der Administrator auf drei verschiedene Funktionen zur\u00fcckgreifen:\r\n    <\/p>\r\n    <ul style=\"margin: 0px 0px 0px 350px; width: 55%;\">\r\n        <li>\r\n            <p>\u201e<u>Admin Approval of new IronKey Administrators<\/u>\u201c<br>neue Administratoren m\u00fcssen im Vorfeld von allen\r\n                bestehenden Administratoren best\u00e4tigt werden, bevor sie in ihrer \u201eneuen\u201c Rolle eingesetzt werden k\u00f6nnen\r\n            <\/p>\r\n        <\/li>\r\n        <li>\r\n            <p>\u201e<u>Secure Device Recovery<\/u>\u201c<br>bietet die M\u00f6glichkeit, einen zweiten am PC angeschlossenen IronKey\r\n                wieder zu entsperren und das Passwort eines IronKeys zur\u00fcckzusetzen \u2013 dabei ist es nicht erforderlich,\r\n                das vorherige Passwort einzugeben<\/p>\r\n        <\/li>\r\n        <li>\r\n            <p>\u201e<u>Device Recommissioning<\/u>\u201c<br>setzt einen zweiten am PC angeschlossenen IronKey zum\r\n                Auslieferungszustand zur\u00fcck, damit er einem neuen Benutzer zugeordnet werden kann<\/p>\r\n        <\/li>\r\n    <\/ul>\r\n    <p>Diese Funktionen stehen nur f\u00fcr IronKeys zur Verf\u00fcgung, die unter der Verwaltung des jeweiligen Unternehmens\r\n        stehen. \u201eFremde\u201c IronKeys k\u00f6nnen also nicht bearbeitet werden.\r\n    <\/p>\r\n    <p style=\"margin: -400px 0px 170px 0px;\"><br>\r\n        <a onclick=\"return hs.expand(this, { headingText: '' } )\" onmouseover=\"hs.headingText=''\" class=\"highslide  \"\r\n           href=\"\/de\/wp-content\/uploads\/produkte\/sticks\/ironkey\/enterprise\/add_user_rwkd.PNG\"><br>\r\n            <img decoding=\"async\" title=\"\" alt=\"\"\r\n                 src=\"\/de\/wp-content\/uploads\/produkte\/sticks\/ironkey\/enterprise\/thumbs\/add_user_rwkd.PNG\"><br>\r\n        <\/a>\r\n    <\/p>\r\n    <p style=\"margin: 0px 0px 0px 0px;&nbsp;width: 55%;\">\r\n        <strong>Nutzungsrichtlinien<\/strong><br>\r\n        \u00dcber den Men\u00fcpunkt \u201eManage Policies\u201c lassen sich beliebig viele Nutzungsrichtlinien f\u00fcr die verwalteten IronKeys\r\n        definieren, erweitern und \u00fcberarbeiten.<br>\r\n        Beispielsweise k\u00f6nnen Passwortrichtlinien definiert und somit die Vergabe von st\u00e4rkeren Passw\u00f6rtern erzwungen\r\n        werden. Dabei k\u00f6nnen die Mindestl\u00e4nge, die Verwendung von Gro\u00df- und Kleinbuchstaben sowie Zahlen und\r\n        Sonderzeichen vorgegeben werden \u2013 auch Leerzeichen im Passwort k\u00f6nnen zugelassen werden.<br>\r\n        Die maximale Anzahl der fehlerhaften Passworteingaben kann ebenfalls konfiguriert werden.\r\n    <\/p>\r\n    <p style=\"margin: 10px 0px 0px 450px;\"><br>\r\n        <a onclick=\"return hs.expand(this, { headingText: '' } )\" onmouseover=\"hs.headingText=''\" class=\"highslide  \"\r\n           href=\"\/de\/wp-content\/uploads\/produkte\/sticks\/ironkey\/enterprise\/policies.PNG\"><br>\r\n            <img decoding=\"async\" title=\"\" alt=\"\"\r\n                 src=\"\/de\/wp-content\/uploads\/produkte\/sticks\/ironkey\/enterprise\/thumbs\/policies.PNG\"><br>\r\n        <\/a>\r\n    <\/p>\r\n    <p style=\"margin: -365px 0px 0px 0px; width: 55%;\"><br>\r\n        <strong>Passwortsicherung und -wiederherstellung<\/strong><br>\r\n        Sofern durch den System-Admin die Sicherung von Passw\u00f6rtern zugelassen wurde, k\u00f6nnen Nutzer ihr Passwort im\r\n        Enterprise Dienst sichern. Diese vorherige Sicherung des IronKey-Passwortes ist f\u00fcr eine sp\u00e4tere\r\n        Wiederherstellung des Passworts <u>aus der Ferne<\/u> zwingend erforderlich und kann daher \u00fcber entsprechende\r\n        Richtlinien erzwungen werden. Die Synchronisation eines neuen Passwortes mit dem Enterprise Dienst erfolgt dann\r\n        vollautomatisch.<\/p>\r\n    <p style=\"margin: 24px 0px 0px 0px; width: 55%;\">Sollte ein Nutzer sein IronKey Passwort vergessen haben, kann er\r\n        sich an einen Administratoren wenden, welcher im Webinterface der Verwaltungsl\u00f6sung jederzeit das gesicherte\r\n        Passwort abrufen und dem Benutzer zukommen lassen kann.<\/p>\r\n    <p style=\"margin: 24px 0px 0px 0px;\">Sollte ein Benutzer sein Passwort vergessen haben, welches im Vorfeld noch\r\n        nicht am Enterprise Dienst gesichert wurde, kann der Zugang zum Stick durch einen der Administratoren\r\n        wiederhergestellt werden.<\/p>\r\n    <p style=\"margin: 24px 0px 0px 0px; width: 55%;\">Hierzu ben\u00f6tigt der Administrator allerdings sowohl den Stick des\r\n        Benutzers als auch seinen eigenen, \u201eAdministrations-IronKey\u201c. Ein Zur\u00fccksetzen aus der Ferne ist in diesem Fall\r\n        nicht m\u00f6glich. Der IronKey Enterprise Managed Service bietet dem Anwender au\u00dferdem erweiterte M\u00f6glichkeiten, ein\r\n        vergessenes Passwort<br> auch ohne Hilfe eines Administrators wiederzuerlangen.<\/p>\r\n    <p style=\"margin: -185px 0px 10px 450px;\"><br>\r\n        <a onclick=\"return hs.expand(this, { headingText: '' } )\" onmouseover=\"hs.headingText=''\" class=\"highslide  \"\r\n           href=\"\/de\/wp-content\/uploads\/produkte\/sticks\/ironkey\/enterprise\/recovery.PNG\"><br>\r\n            <img decoding=\"async\" title=\"\" alt=\"\"\r\n                 src=\"\/de\/wp-content\/uploads\/produkte\/sticks\/ironkey\/enterprise\/thumbs\/recovery.PNG\"><br>\r\n        <\/a>\r\n    <\/p>\r\n    <p>\r\n        <strong>Automatische Synchronisation neuer Nutzungsrichtlinien<\/strong><br>\r\n        In die Verwaltungsl\u00f6sung eingebundene Sticks k\u00f6nnen so konfiguriert werden, dass zu Beginn einer jeden\r\n        Verwendung (beim \u00d6ffnen der sicheren Partition) die f\u00fcr den jeweiligen IronKey festgelegten Nutzungsbestimmungen\r\n        abgefragt und heruntergeladen werden, um eine zeitnahe Aktualisierung bei ge\u00e4nderten bzw. neuen\r\n        Nutzungsrichtlinien zu gew\u00e4hrleisten.\r\n    <\/p>\r\n    <p>\r\n        <strong>Black- und Whitelisting (Definition eines vertrauensw\u00fcrdigen Bereiches)<\/strong><br>\r\n        Beide Version bieten im Rahmen der \u201eSilverBullet\u201c Funktion die M\u00f6glichkeit, einen IP-Adress-Bereich zu\r\n        definieren, der als vertrauensw\u00fcrdig eingestuft wird (Whitelist). Der IronKey funktioniert dann nur noch an\r\n        Rechnern, deren IP-Adresse zu dem vertrauensw\u00fcrdigen Bereich geh\u00f6rt.<br>\r\n        Alle nicht aufgef\u00fchrten IP-Adress-Bereiche werden vom Enterprise Dienst (sobald ein erster vertrauensw\u00fcrdiger\r\n        Bereich definiert wurde) automatisch als nicht vertrauensw\u00fcrdig eingestuft (Blacklist).<br>\r\n        Die \u00dcberpr\u00fcfung der White- bzw. Blacklist setzt eine Online-Verbindung mit dem IronKey Enterprise Dienst voraus.\r\n        Je nach getroffener Einstellung in den Nutzungsrichtlinien kann der IronKey dann also ggf. nicht mehr \u201eoffline\u201c\r\n        genutzt werden.\r\n    <\/p>\r\n    <p>\r\n        <strong>Verwendungssperre ohne bestehende Verbindung zum Enterprise Dienst<\/strong><br>\r\n        \u00dcber die Funktion \u201eSilverBullet\u201c kann der Administrator festlegen, ob eine Verbindung zum Enterprise Dienst und\r\n        die Abfrage des \u201eSilverBullet\u201c-Ger\u00e4testatus zur Nutzung des IronKeys erforderlich sind. Wird diese Funktion\r\n        entsprechend eingerichtet, bietet sie au\u00dferdem die M\u00f6glichkeit, die Verwendung des IronKeys an\r\n        \u201eOffline\u201c-Systemen zu unterbinden \u2013 oder aber nur eine bestimmte Anzahl von \u201cOffline\u201d-Nutzungen zuzulassen. Ist\r\n        die zul\u00e4ssige Anzahl an Verwendungen \u00fcberschritten bevor der IronKey wieder Kontakt zum Enterprise Dienst\r\n        herstellen konnte, wird der IronKey vor\u00fcbergehend gesperrt und kann nur mit Hilfe eines Administrators wieder\r\n        entsperrt werden.<br>\r\n        Nimmt ein IronKey (nachdem er in einem \u201eOffline\u201c-System eingesetzt wurde) wieder Verbindung zum Enterprise\r\n        Dienst auf, wird der \u201cOffline-Z\u00e4hler\u201d zur\u00fcckgesetzt.\r\n    <\/p>\r\n    <p>\r\n        <strong>Verwaltung verloren gegangener IronKeys (SilverBullet)<\/strong><br>\r\n        \u00dcber die \u201eSilverBullet\u201c Funktion kann der Administrator verwaltete IronKeys aus der Ferne sperren, abschalten\r\n        oder permanent zerst\u00f6ren. Sobald der betroffene IronKey den Kontakt zum IronKey Enterprise Dienst herstellt,\r\n        wird die gew\u00fcnschte Aktion ausgef\u00fchrt und die weitere Benutzung dadurch unterbunden. Wurde einem IronKey \u00fcber\r\n        die SilverBullet Funktion der Wert \u201edisabled\u201c zugewiesen, kann er nach erfolgter Abschaltung nur durch\r\n        Administrator wiederhergestellt werden.<\/p>\r\n    <p> Wird einem verlorenen IronKey vom Administrator der Status \u201edestruct\u201c bzw. \u201edetonate\u201c zugewiesen, wird sich der\r\n        IronKey bei der n\u00e4chsten Kontaktaufnahme zum Enterprise Dienst selbst zerst\u00f6ren: der gesamte Flash-Speicher wird\r\n        gel\u00f6scht und der integrierte Crypto-Chip permanent unbrauchbar gemacht, wodurch auch eine Neueinrichtung des\r\n        Sticks nicht mehr m\u00f6glich ist.<br>\r\n        Die Kontaktaufnahme zum Enterprise Dienst erfolgt zwischen Passworteingabe und dem Zugriff auf das Control Panel\r\n        bzw. die sicheren Partition. Es wird also auch einem Nutzer mit den richtigen Zugangsdaten der Zugriff zum\r\n        IronKey verwehrt.<\/p>\r\n    <p> Es besteht die M\u00f6glichkeit, auf allen verwalteten IronKeys einen Text zu hinterlegen, der beim Start des\r\n        Login-Programms angezeigt wird. Dieser Text kann beispielsweise genutzt werden, um dem Finder eines verlorenen\r\n        IronKeys mitzuteilen, wie er sich zu verhalten hat.\r\n    <\/p>\r\n    <p>\r\n        <strong>Ver\u00f6ffentlichung und Verwaltung der integrierten Anwendungen<\/strong><br>\r\n        Die auf einem IronKey Enterprise Variante mitgelieferte Software kann zentral verwaltet werden. Somit besteht\r\n        die M\u00f6glichkeit, Software zu aktivieren oder zu deaktivieren. Folgende Anwendungen <br> stehen zur Verf\u00fcgung:\r\n    <\/p>\r\n    <ul style=\"margin: 0px 0px 0px 0px; width: 55%;\">\r\n        <li>\r\n            <p>\u201e<u>Mozilla Firefox<\/u>\u201c (portabler Webbrowser)<\/p>\r\n            <ul>\r\n                <li>\r\n                    <p>\u201e<u>IronKey Secure Sessions<\/u>\u201c<br>sicheres, anonymes Browsen durch Umleitung der\r\n                        Firefox-Verbindungen \u00fcber IronKey-Webserver<\/p>\r\n                <\/li>\r\n            <\/ul>\r\n        <\/li>\r\n        <li>\r\n            <p>\u201e<u>IronKey Malware Scanner<\/u>\u201c (kostenpflichtig)<br>automatische Selbst\u00fcberpr\u00fcfung des IronKeys auf\r\n                unerw\u00fcnschte Programme bzw. Dateien (z.B. Viren)<\/p>\r\n        <\/li>\r\n        <li>\r\n            <p>\u201e<u>IronKey Secure Backup<\/u>\u201c<br>verschl\u00fcsselte lokale Backups der auf dem IronKey gespeicherten Daten\r\n            <\/p>\r\n        <\/li>\r\n    <\/ul>\r\n    <ul>\r\n        <li>\r\n            <p>\u201e<u>IronKey Identity Manager<\/u>\u201c (portabler Passwortmanager)<br>verschl\u00fcsselte Sicherung von\r\n                Zugangsdaten in einem gesonderten Speicherbereich des IronKeys<\/p>\r\n        <\/li>\r\n        <li>\u201e<u>RSA SecureID for One-Time Passwords<\/u>\u201c (Einmal-Passwort-Generator)<\/li>\r\n        <li>\u201e<u>CRYPTOCard One-Time Passwords<\/u>\u201c (Einmal-Passwort-Generator)<\/li>\r\n    <\/ul>\r\n    <p style=\"margin: -500px 0px 220px 450px;\"><br>\r\n        <a onclick=\"return hs.expand(this, { headingText: '' } )\" onmouseover=\"hs.headingText=''\" class=\"highslide  \"\r\n           href=\"\/de\/wp-content\/uploads\/produkte\/sticks\/ironkey\/enterprise\/app_policy.PNG\"><br>\r\n            <img decoding=\"async\" title=\"\" alt=\"\"\r\n                 src=\"\/de\/wp-content\/uploads\/produkte\/sticks\/ironkey\/enterprise\/thumbs\/app_policy.PNG\"><br>\r\n        <\/a>\r\n    <\/p>\r\n    <p>\r\n        <strong>Backupl\u00f6sungen<\/strong><br>\r\n        Das IronKey Passwort sowie die Daten des Passwortmanagers k\u00f6nnen verschl\u00fcsselt gesichert werden, um diese bei\r\n        Verlust jederzeit unkompliziert wiederherstellen zu k\u00f6nnen. Ein Backup des Inhaltes der sicheren Partition eines\r\n        IronKeys ist \u00fcber die Enterprise Verwaltung nicht vorgesehen, allerdings kann den Nutzern \u00fcber eine\r\n        entsprechende Nutzungsrichtlinie die Verwendung des \u201eIronKey Secure Backup\u201c gestattet werden. Dadurch wird die\r\n        M\u00f6glichkeit geboten, verschl\u00fcsselte Backups der Daten lokal zu sichern (zum Beispiel auf dem\r\n        Arbeitsplatzrechner) und von bereits erstellten Backups wiederherzustellen.<\/p>\r\n    <p>\r\n        <strong>Zentrales Einspielen von IronKey Software-Updates<\/strong><br>\r\n        Die Administratoren k\u00f6nnen ein neues Software- oder Firmware-Update zentral \u00fcber den Enterprise Dienst bequem an\r\n        alle verkn\u00fcpften IronKeys verteilen. Dabei kann festgelegt werden, wer welche Updates erh\u00e4lt. So lassen sich\r\n        beispielsweise die IronKeys der Administration stets aktuell auf die neueste Version aktualisieren, w\u00e4hrend die\r\n        Sticks der \u201eStandard User\u201c auf eine bestimmte Version begrenzt werden.<\/p>\r\n    <p style=\"margin: 0px 0px 0px 0px; width: 55%;\">\r\n        Erg\u00e4nzend zum zentralen Einspielen der Updates l\u00e4sst sich ein neues Software-Update vor dem fl\u00e4chendeckenden\r\n        Einspielen vorher testen. Hierzu kann man die neueste (zu testende) Version bequem einer ausgew\u00e4hlten\r\n        Nutzungsrichtlinie zuordnen. Der Enterprise Dienst verbreitet diese ausschlie\u00dflich an die Ironkeys, die dieser\r\n        Richtlinie zugeordnet sind.<\/p>\r\n    <p style=\"margin: 24px 0px 0px 0px; width: 55%;\">\r\n        <strong>Protokollierung und Berichte<\/strong><br>\r\n        In beiden Varianten stehen der Administration umfangreiche Protokolle sowie Berichtsfunktionen zur Verf\u00fcgung. So\r\n        lassen sich mit den integrierten Funktionalit\u00e4ten ausf\u00fchrliche systemweite und\/oder ger\u00e4tebezogene Protokolle\r\n        einsehen und auf einen bestimmten Zeitraum eingrenzen. Vorab generierte Diagramme k\u00f6nnen zur Visualisierung und\r\n        Auswertung genutzt werden. Wichtige Ereignisse werden anhand der IP-Adresse auf der Oberfl\u00e4che der integrierten\r\n        Weltkarte angezeigt.\r\n    <\/p>\r\n    <p style=\"margin: -420px 0px 100px 450px;\"><br>\r\n        <a onclick=\"return hs.expand(this, { headingText: '' } )\" onmouseover=\"hs.headingText=''\" class=\"highslide  \"\r\n           href=\"\/de\/wp-content\/uploads\/produkte\/sticks\/ironkey\/enterprise\/reporting.PNG\"><br>\r\n            <img decoding=\"async\" title=\"\" alt=\"\"\r\n                 src=\"\/de\/wp-content\/uploads\/produkte\/sticks\/ironkey\/enterprise\/thumbs\/reporting.PNG\"><br>\r\n        <\/a>\r\n    <\/p>\r\n<\/div>\r\n<div style=\"margin: 45px 0px 0px 0px;\" id=\"IKES\">\r\n    <h3>IronKey Enterprise Server<\/h3>\r\n    <p>\r\n        Der IronKey Enterprise Server deckt alle bisher aufgef\u00fchrten Funktionalit\u00e4ten ab und bildet die lokale Variante\r\n        der IronKey Verwaltungsl\u00f6sungen. Im Gegensatz zu dem Enterprise Managed Service wird der Enterprise Server\r\n        direkt beim Endkunden vor Ort installiert, eingerichtet und von diesem betrieben.<\/p>\r\n    <p> Voraussetzung f\u00fcr die betriebsinterne Einrichtung des Enterprise Servers ist ein Server mit ausreichender\r\n        Rechenleistung (Mindestanforderungen: Core2Duo mit einer Taktfrequenz von 2 GHz, 2 GB Arbeitsspeicher, sowie 5\r\n        GB Festplattenspeicher) und Microsoft Windows Betriebssystem, sowie der Zugang zu einem Microsoft SQL Server.\r\n        Der IronKey Enterprise Server wird in einer eigenen virtuellen Maschine (VM) ausgeliefert. Ein VM-Ware Player\r\n        ist im Lieferumfang enthalten.<br>\r\n        Dar\u00fcber hinaus muss neben einem FQDN (fully qualified domain name) f\u00fcr den Enterprise Server ein SSL-Zertifikat\r\n        einer \u00f6ffentlichen CA und der Zugang zu einem SMTP sowie einem NTP Server bestehen.\r\n    <\/p>\r\n<\/div>\r\n<div style=\"margin: 45px 0px 0px 0px;\" id=\"IKEMS\">\r\n    <h3>IronKey Enterprise Managed Service<\/h3>\r\n    <p>\r\n        Der IronKey Enterprise Managed Service wird vom Hersteller IronKey selbst zur Verf\u00fcgung gestellt und in dessen\r\n        Rechenzentrum in den USA gehostet, wodurch an die Netzwerkstruktur des Endkunden keinerlei spezielle\r\n        Anforderungen gestellt werden.<br>\r\n        \u00dcber den gemeinsamen Funktionsumfang hinaus bietet der Managed Service au\u00dferdem folgende Funktionen:<\/p>\r\n    <p style=\"width: 55%;\">\r\n        <strong>Gruppenverwaltung<\/strong><br>\r\n        \u00dcber die integrierte Gruppenverwaltung k\u00f6nnen Benutzergruppen angelegt werden. Bei Bedarf k\u00f6nnen neue Gruppen\r\n        erstellt und diesen eine beliebige Anzahl bereits registrierter Benutzer zugewiesen werden.<\/p>\r\n    <p style=\"width: 55%;\">Auf diesem Weg lassen sich bequem betriebliche Organisationsstrukturen abbilden. F\u00fcr\r\n        verschiedene Nutzergruppen (z.B. Abteilungen) k\u00f6nnen gemeinsame Aktionen durchgef\u00fchrt und spezielle Rechte\r\n        einger\u00e4umt werden.\r\n    <\/p>\r\n    <p style=\"margin: -310px 0px 20px 450px;\"><br>\r\n        <a onclick=\"return hs.expand(this, { headingText: '' } )\" onmouseover=\"hs.headingText=''\" class=\"highslide  \"\r\n           href=\"\/de\/wp-content\/uploads\/produkte\/sticks\/ironkey\/enterprise\/intro_groups.PNG\"><br>\r\n            <img decoding=\"async\" title=\"\" alt=\"\"\r\n                 src=\"\/de\/wp-content\/uploads\/produkte\/sticks\/ironkey\/enterprise\/thumbs\/intro_groups.PNG\"><br>\r\n        <\/a>\r\n    <\/p>\r\n    <p style=\"margin: 0px 0px 0px 0px;\"><strong>Passwortwiederherstellung ohne administrative Unterst\u00fctzung<\/strong><br>\r\n        Neben der eingangs bereits beschriebenen M\u00f6glichkeit, ein Passwort mit Hilfe eines Administrators\r\n        wiederherzustellen, ist es dem Nutzer m\u00f6glich, ein vergessenes Passwort, welches via Passwort-Backup zuvor\r\n        bereits im Enterprise Dienst hinterlegt wurde, abzurufen, um den Zugriff zum IronKey wiederherzustellen.<\/p>\r\n    <p style=\"margin: 24px 0px 0px 0px;\"> Voraussetzung hierf\u00fcr ist der Zugang zu dem IronKey Enterprise Managed Servcie, welcher dem Nutzer im Vorfeld\r\n        durch einen Administrator eingerichtet werden muss. Ist der Zugang konfiguriert, so kann der Benutzer des (noch\r\n        verschlossenen) IronKeys sich mit seinem Nutzernamen, dem Passwort zum Online-Account, sowie einem nach dem\r\n        Login per E-Mail zugesandten Code \u00fcber <a target=\"blank\"\r\n                                                  href=\"https:\/\/my.ironkey.com\/\">https:\/\/my.ironkey.com\/<\/a> in den\r\n        Managed Service einloggen und mit den richtigen Antworten auf vorher festgelegte geheime Fragen seine Identit\u00e4t\r\n        als Besitzer des Sticks best\u00e4tigen, um dort anschlie\u00dfend sein IronKey-Passwort abfragen zu k\u00f6nnen.\r\n    <\/p>\r\n    <p style=\"margin: 24px 0px 0px 0px;\">\r\n        Sollten Sie Fragen zum IronKey Enterprise Server, oder den IronKey Enterprise Managed Services haben, oder\r\n        weitere Informationen ben\u00f6tigen, <a href=\"\/kontakt.html\">Kontaktieren Sie uns<\/a> bitte.\r\n    <\/p>\r\n<\/div>","protected":false},"excerpt":{"rendered":"IronKey Informationen Merkmale Technische Daten Einsatz unter Windows Einsatz unter","protected":false},"author":1,"featured_media":0,"parent":641,"menu_order":0,"comment_status":"closed","ping_status":"closed","template":"","meta":{"footnotes":""},"class_list":["post-896","page","type-page","status-publish","hentry","no-wpautop","","tg-column-two"],"_links":{"self":[{"href":"https:\/\/www.ganec.de\/de\/wp-json\/wp\/v2\/pages\/896","targetHints":{"allow":["GET"]}}],"collection":[{"href":"https:\/\/www.ganec.de\/de\/wp-json\/wp\/v2\/pages"}],"about":[{"href":"https:\/\/www.ganec.de\/de\/wp-json\/wp\/v2\/types\/page"}],"author":[{"embeddable":true,"href":"https:\/\/www.ganec.de\/de\/wp-json\/wp\/v2\/users\/1"}],"replies":[{"embeddable":true,"href":"https:\/\/www.ganec.de\/de\/wp-json\/wp\/v2\/comments?post=896"}],"version-history":[{"count":17,"href":"https:\/\/www.ganec.de\/de\/wp-json\/wp\/v2\/pages\/896\/revisions"}],"predecessor-version":[{"id":913,"href":"https:\/\/www.ganec.de\/de\/wp-json\/wp\/v2\/pages\/896\/revisions\/913"}],"up":[{"embeddable":true,"href":"https:\/\/www.ganec.de\/de\/wp-json\/wp\/v2\/pages\/641"}],"wp:attachment":[{"href":"https:\/\/www.ganec.de\/de\/wp-json\/wp\/v2\/media?parent=896"}],"curies":[{"name":"wp","href":"https:\/\/api.w.org\/{rel}","templated":true}]}}