{"id":866,"date":"2018-08-06T12:58:40","date_gmt":"2018-08-06T10:58:40","guid":{"rendered":"http:\/\/dev1.ganec.de\/de\/?page_id=866"},"modified":"2018-12-09T23:34:34","modified_gmt":"2018-12-09T21:34:34","slug":"windows","status":"publish","type":"page","link":"https:\/\/www.ganec.de\/de\/produkte\/sichere-usb-sticks\/ironkey\/windows","title":{"rendered":"IronKey &#8211; Einsatz unter Windows"},"content":{"rendered":"<div id=\"right-col\" class=\"custom-sidebar\">\r\n    <div id=\"sidebar\">\r\n        <h3 class=\"widget-title\">IronKey Informationen<\/h3>\r\n        <ul>\r\n            <li><a href=\"\/de\/produkte\/sichere-usb-sticks\/ironkey\">Merkmale<\/a><\/li>\r\n            <li><a href=\"\/de\/produkte\/sichere-usb-sticks\/ironkey\/technische-daten\">Technische Daten<\/a><\/li>\r\n            <li><a href=\"\/de\/produkte\/sichere-usb-sticks\/ironkey\/windows\">Einsatz unter Windows<\/a><\/li>\r\n            <li><a href=\"\/de\/produkte\/sichere-usb-sticks\/ironkey\/macos\">Einsatz unter macOS<\/a><\/li>\r\n            <li><a href=\"\/de\/produkte\/sichere-usb-sticks\/ironkey\/linux\">Einsatz unter Linux<\/a><\/li>\r\n            <li><a href=\"\/de\/produkte\/sichere-usb-sticks\/ironkey\/verwaltung\">Zentrale Verwaltungsl\u00f6sung<\/a><\/li>\r\n            <li><a href=\"\/de\/produkte\/sichere-usb-sticks\/ironkey\/presse-und-testberichte\">Presse \/ Testberichte<\/a><\/li>\r\n            <li><a href=\"\/de\/produkte\/sichere-usb-sticks\/ironkey\/datenblaetter\">Datenbl\u00e4tter<\/a><\/li>\r\n            <li><a href=\"\/de\/produkte\/sichere-usb-sticks\/ironkey\/faq\">H\u00e4ufige Fragen (FAQ)<\/a><\/li>\r\n        <\/ul>\r\n        <ul>\r\n            <li><a href=\"\/de\/kontakt\">Angebot \/ Beratung anfordern<\/a><\/li>\r\n            <li><a href=\"http:\/\/www.ganec-shop.de\/uebersicht-entscheidungshilfe-sichere-USB-Sticks\">Online-Shop<\/a><\/li>\r\n        <\/ul>\r\n        <ul>\r\n            <li><a href=\"\/de\/produkte\/sichere-usb-sticks\">zur\u00fcck zur \u00dcbersicht<\/a><\/li>\r\n        <\/ul>\r\n    <\/div>\r\n    <div class=\"clear\"><\/div>\r\n<\/div>\r\n<p>\r\n    Parameter f\u00fcr alle Betriebssystem-Tests:<br>\r\n    Software-Version: 2.0.8.0<br>\r\n    Firmware-Version: 2.0.11<\/p>\r\n<div style=\"\r\nmargin-top: 140px;\">\r\n    <h3>IronKey \u2013 Benutzung unter Windows<\/h3>\r\n    <p>Diese Bilderserie zeigt die Verwendung des bereits eingerichteten (personalisierten) IronKeys Enterprise unter\r\n        Windows7 (32 Bit Version). Diese Beschreibung trifft auch f\u00fcr die Basic- und Personal-Variante des IronKeys zu.\r\n        Bei der Basic-Variante fehlen aber die im Abschnitt \u201eVerwendung\u201c erw\u00e4hnten Applikationen.<\/p>\r\n    <p style=\"margin-top: 30px; font-size: 0.9em;\"><u>Hinweis zur Passwortvergabe beim IronKey<\/u>:<br>\r\n        Bitte verzichten Sie bei der Wahl eines Passwortes auf Umlaute, da dieses zu Login-Problemen f\u00fchren kann.<br>\r\n        Es ist nicht erforderlich ein besonders starkes Passwort zu w\u00e4hlen, da sich der Stick ohnehin nach der\r\n        eingestellten Anzahl von Login-Fehlversuchen irreversibel zerst\u00f6rt! Ein \u201czur\u00fcckstellen in den\r\n        Auslieferungszustand\u201d gibt es hier nicht!<\/p>\r\n<\/div>\r\n<div style=\"\r\nwidth:55%; margin: 50px 0px 0px 0px;\"><p><\/p>\r\n    <p>\r\n        <strong>Verbindung mit dem PC und Login<\/strong><br>\r\n        Wird der IronKey mit dem PC verbunden, wird die schreibgesch\u00fctzte CD-Rom-Partition \u201eIronKey Unlocker\u201c des Sticks\r\n        eingebunden. Bei eingeschalteter Autostart-Funktion wird das Login Programm IronKey.exe automatisch gestartet,\r\n        ansonsten muss das Programm manuell aus dem Windows-Explorer gestartet werden.\r\n    <\/p>\r\n<\/div>\r\n<div style=\"\r\nwidth:45%; margin: -220px 0px 0px 450px;\"><br>\r\n    <a href=\"\/de\/wp-content\/uploads\/produkte\/sticks\/ironkey\/windows\/ik_enterprise_login_mkd.PNG\" class=\"highslide\"\r\n       onmouseover=\"hs.headingText=''\" onclick=\"return hs.expand(this, { headingText: '' } )\"><br>\r\n        <img decoding=\"async\" src=\"\/de\/wp-content\/uploads\/produkte\/sticks\/ironkey\/windows\/thumbs\/ik_enterprise_login_mkd.PNG\" alt=\"\"\r\n             title=\"\"><br>\r\n    <\/a>\r\n<\/div>\r\n<div style=\"\r\nwidth:45%; margin: -110px 0px 130px 0px;\"><br>\r\n    <a href=\"\/de\/wp-content\/uploads\/produkte\/sticks\/ironkey\/windows\/ik_enterprise_controlpanel_a_mkd.PNG\"\r\n       class=\"highslide\" onmouseover=\"hs.headingText=''\" onclick=\"return hs.expand(this, { headingText: '' } )\"><br>\r\n        <img decoding=\"async\" src=\"\/de\/wp-content\/uploads\/produkte\/sticks\/ironkey\/windows\/thumbs\/ik_enterprise_controlpanel_a_mkd.PNG\"\r\n             alt=\"\" title=\"\"><br>\r\n    <\/a>\r\n<\/div>\r\n<div style=\"\r\nwidth: 52%; margin: -310px 0px 0px 350px;\"><p><\/p>\r\n    <p>\r\n        <strong>Verwendung<\/strong><br>\r\n        Nach dem Login startet das \u201eIronKey Control Panel\u201c und die sichere Partition wird in das System eingebunden.<br>\r\n        Im Bereich \u201eApplications\u201c findet man \u2013 neben dem Handbuch \u2013 die vorinstallierten Applikationen wie\r\n        Passwortmanager (\u201eIdentity Manager\u201c) und den Browser Firefox.<\/p>\r\n<\/div>\r\n<div style=\" margin: 30px 0px 0px 0px;\"><p> Bei der Enterprise Variante kommen noch die Programme \u201eCryptoCardOTP\u201c und\r\n    \u201eRSA SecureID\u201c hinzu, wenn der\r\n    Administrator diese Applikationen im Sicherheitsprofil des Sticks zugelassen hat.\r\n<\/p>\r\n    <p style=\"width: 55%;\">\r\n        Die sichere Partition findet man im Windows-Explorer mit dem Namen \u201eIronKey Secure Files\u201c:<\/p>\r\n    <p style=\"width: 55%;\">\r\n        Der Benutzer kann zus\u00e4tzlich portable Programme wie beispielsweise Thunderbird auf die sichere Partition\r\n        installieren \u2013 entsprechende Programmsymbole lassen sich dem Applikations-Men\u00fc des IronKey-Panels einbinden.<\/p>\r\n<\/div>\r\n<div style=\"\r\nwidth: 45%; margin: -210px 0px 0px 450px;\"><br>\r\n    <a href=\"\/de\/wp-content\/uploads\/produkte\/sticks\/ironkey\/windows\/ik_enterprise_drives_mkd.PNG\" class=\"highslide\"\r\n       onmouseover=\"hs.headingText=''\" onclick=\"return hs.expand(this, { headingText: '' } )\"><br>\r\n        <img decoding=\"async\" src=\"\/de\/wp-content\/uploads\/produkte\/sticks\/ironkey\/windows\/ik_enterprise_drives_mkd.PNG\" alt=\"\"\r\n             title=\"\"><br>\r\n    <\/a>\r\n<\/div>\r\n<div style=\"\r\nwidth: 45%; margin: 0px 0px 0px 0px;\"><br>\r\n    <a href=\"\/de\/wp-content\/uploads\/produkte\/sticks\/ironkey\/windows\/ik_enterprise_securebackup_mkd.PNG\"\r\n       class=\"highslide\" onmouseover=\"hs.headingText=''\" onclick=\"return hs.expand(this, { headingText: '' } )\"><br>\r\n        <img decoding=\"async\" src=\"\/de\/wp-content\/uploads\/produkte\/sticks\/ironkey\/windows\/thumbs\/ik_enterprise_securebackup_mkd.PNG\"\r\n             alt=\"\" title=\"\"><br>\r\n    <\/a>\r\n<\/div>\r\n<div style=\"\r\nwidth: 52%; margin: -340px 0px 0px 350px;\"><p><\/p>\r\n    <p>\r\n        <strong>Secure Backup<\/strong><br>\r\n        Das fest installierte Programm \u201eSecure Backup\u201c findet man auf allen IronKey-Varianten (Enterprise, Personal,\r\n        Basic) unter den unterst\u00fctzten Windows Betriebssystemen. Mithilfe dieses Programmes lassen sich von der sicheren\r\n        Partition des Sticks verschl\u00fcsselte Backups anfertigen, die dann lokal auf dem PC gespeichert werden k\u00f6nnen. F\u00fcr\r\n        die R\u00fccksicherung eines Backups wird das Login-Passwortes des Sticks ben\u00f6tigt, das zum Zeitpunkt der\r\n        Backup-Erstellung g\u00fcltig war. Es ist also ratsam, alte Passw\u00f6rter sicher zu hinterlegen, damit man noch auf\r\n        \u00e4ltere Backups zur\u00fcckgreifen kann.<\/p>\r\n\r\n<\/div>\r\n<p style=\"\r\nmargin: 24px 0px 0px 0px;\"> Ein sicheres Backup besteht nicht aus einem verschl\u00fcsselten Container, sondern es wird eine\r\n    Struktur analog zur\r\n    Quellstruktur des sicheren Laufwerks angelegt, in dem jede Datei einzeln verschl\u00fcsselt wird. So sollten also\r\n    Namen von Dateien und Ordner keine Geheimnisse selbst enthalten, da diese im Backup lesbar w\u00e4ren \u2013 nur die\r\n    Inhalte der Dateien sind verschl\u00fcsselt.\r\n<\/p>\r\n\r\n<div style=\"\r\nwidth:55%; margin: 40px 0px 0px 0px;\"><p><\/p>\r\n    <p>\r\n        <strong>Identity Manager<\/strong><br>\r\n        Der \u201eIdentity Manger\u201c ist bei der Enterprise- und Personal-Variante des IronKeys unter Windows verf\u00fcgbar und\r\n        stellt eine Basis zur sicheren Verwaltung von Passw\u00f6rtern dar.<\/p>\r\n    <p> Mithilfe der Passwortverwaltung lassen sich auf sehr einfache Weise Login-Daten wie Benutzername, Passwort und\r\n        Zusatzinformationen organisieren \u2013 die Ordnerstruktur l\u00e4sst sich dabei beliebig anpassen.\r\n    <\/p>\r\n<\/div>\r\n<div style=\"\r\nwidth:45%; margin: -240px 0px 0px 450px;\"><br>\r\n    <a href=\"\/de\/wp-content\/uploads\/produkte\/sticks\/ironkey\/windows\/ik_enterprise_idmanager_a_mkd.PNG\" class=\"highslide\"\r\n       onmouseover=\"hs.headingText=''\" onclick=\"return hs.expand(this, { headingText: '' } )\"><br>\r\n        <img decoding=\"async\" src=\"\/de\/wp-content\/uploads\/produkte\/sticks\/ironkey\/windows\/thumbs\/ik_enterprise_idmanager_a_mkd.PNG\"\r\n             alt=\"\" title=\"\"><br>\r\n    <\/a>\r\n<\/div>\r\n<div style=\"\r\nwidth:45%; margin: -70px 0px 0px 0px;\"><br>\r\n    <a href=\"\/de\/wp-content\/uploads\/produkte\/sticks\/ironkey\/windows\/ik_enterprise_idmanager_b_mkd.PNG\" class=\"highslide\"\r\n       onmouseover=\"hs.headingText=''\" onclick=\"return hs.expand(this, { headingText: '' } )\"><br>\r\n        <img decoding=\"async\" src=\"\/de\/wp-content\/uploads\/produkte\/sticks\/ironkey\/windows\/thumbs\/ik_enterprise_idmanager_b_mkd.PNG\"\r\n             alt=\"\" title=\"\"><br>\r\n    <\/a>\r\n<\/div>\r\n<div style=\"\r\nwidth: 52%; margin: -200px 0px 0px 350px;\"><p><\/p>\r\n    <p>\r\n        Der Passwortgenerator des IronKeys generiert auf Knopfdruck sichere Passw\u00f6rter. So l\u00e4sst sich die Empfehlung f\u00fcr\r\n        unterschiedliche Zug\u00e4nge auch unterschiedliche sichere Passw\u00f6rter zu verwenden leicht umsetzen.\r\n    <\/p>\r\n<\/div>\r\n<div style=\"\r\nwidth: 55%; margin: 100px 0px 0px 0px;\"><p><\/p>\r\n    <p><strong>Logout<\/strong><br>\r\n        Bevor die sichere Partition ausgebunden werden soll, m\u00fcssen alle vom Stick gestarteten Anwendungen und offenen\r\n        Dateien vorher geschlossen werden.<\/p>\r\n    <p> Das sichere Laufwerk l\u00e4sst sich durch einen Klick auf \u201eLock Drive\u201c verschlie\u00dfen und auswerfen.\r\n    <\/p>\r\n<\/div>\r\n<div style=\"\r\nwidth: 45%; margin: -270px 0px 0px 450px;\"><br>\r\n    <a href=\"\/de\/wp-content\/uploads\/produkte\/sticks\/ironkey\/windows\/ik_enterprise_controlpanel_b_mkd.PNG\"\r\n       class=\"highslide\" onmouseover=\"hs.headingText=''\" onclick=\"return hs.expand(this, { headingText: '' } )\"><br>\r\n        <img decoding=\"async\" src=\"\/de\/wp-content\/uploads\/produkte\/sticks\/ironkey\/windows\/thumbs\/ik_enterprise_controlpanel_b_mkd.PNG\"\r\n             alt=\"\" title=\"\"><br>\r\n    <\/a>\r\n<\/div>\r\n<div style=\"\r\nwidth: 45%; margin: -70px 0px 0px 0px;\"><br>\r\n    <a href=\"\/de\/wp-content\/uploads\/produkte\/sticks\/ironkey\/windows\/ik_enterprise_tray_mkd.png\" class=\"highslide\"\r\n       onmouseover=\"hs.headingText=''\" onclick=\"return hs.expand(this, { headingText: '' } )\"><br>\r\n        <img decoding=\"async\" src=\"\/de\/wp-content\/uploads\/produkte\/sticks\/ironkey\/windows\/thumbs\/ik_enterprise_tray_mkd.png\" alt=\"\"\r\n             title=\"\"><br>\r\n    <\/a>\r\n<\/div>\r\n<div style=\"\r\nwidth: 52%; margin: -100px 0px 0px 350px;\"><p><\/p>\r\n    <p>\r\n        Alternativ kann man den Stick auch durch den entsprechenden Men\u00fcpunkt des Tray-Icons verschlie\u00dfen.\r\n    <\/p>\r\n<\/div>","protected":false},"excerpt":{"rendered":"IronKey Informationen Merkmale Technische Daten Einsatz unter Windows Einsatz unter","protected":false},"author":1,"featured_media":0,"parent":641,"menu_order":0,"comment_status":"closed","ping_status":"closed","template":"","meta":{"footnotes":""},"class_list":["post-866","page","type-page","status-publish","hentry","no-wpautop","","tg-column-two"],"_links":{"self":[{"href":"https:\/\/www.ganec.de\/de\/wp-json\/wp\/v2\/pages\/866","targetHints":{"allow":["GET"]}}],"collection":[{"href":"https:\/\/www.ganec.de\/de\/wp-json\/wp\/v2\/pages"}],"about":[{"href":"https:\/\/www.ganec.de\/de\/wp-json\/wp\/v2\/types\/page"}],"author":[{"embeddable":true,"href":"https:\/\/www.ganec.de\/de\/wp-json\/wp\/v2\/users\/1"}],"replies":[{"embeddable":true,"href":"https:\/\/www.ganec.de\/de\/wp-json\/wp\/v2\/comments?post=866"}],"version-history":[{"count":10,"href":"https:\/\/www.ganec.de\/de\/wp-json\/wp\/v2\/pages\/866\/revisions"}],"predecessor-version":[{"id":1229,"href":"https:\/\/www.ganec.de\/de\/wp-json\/wp\/v2\/pages\/866\/revisions\/1229"}],"up":[{"embeddable":true,"href":"https:\/\/www.ganec.de\/de\/wp-json\/wp\/v2\/pages\/641"}],"wp:attachment":[{"href":"https:\/\/www.ganec.de\/de\/wp-json\/wp\/v2\/media?parent=866"}],"curies":[{"name":"wp","href":"https:\/\/api.w.org\/{rel}","templated":true}]}}