{"id":81,"date":"2014-07-25T12:27:12","date_gmt":"2014-07-25T10:27:12","guid":{"rendered":"http:\/\/jbock.ganec.de\/de\/?page_id=81"},"modified":"2021-05-22T16:55:14","modified_gmt":"2021-05-22T14:55:14","slug":"ueber-uns","status":"publish","type":"page","link":"https:\/\/www.ganec.de\/de\/ueber-uns","title":{"rendered":"\u00dcber uns"},"content":{"rendered":"<p>\r\nDie GANEC GmbH wurde am 02.10.2009 von Harald Hiss und Bj\u00f6rn Haake gegr\u00fcndet.<br>\r\n<br>\r\nDie Schwerpunkte der Gesch\u00e4ftst\u00e4tigkeit liegen im Vertrieb von IT-Sicherheitsprodukten und Handwerkersoftware sowie in der Beratung von Kunden in Bezug auf Mitarbeiterausweise, elektronische Zahlungssysteme, Zeiterfassung und Zutrittskontrolle.<br>\r\n<br>\r\nF\u00fcr ausgew\u00e4hlte Produkte engagiert sich die GANEC GmbH auch als Distributor (VAD). Sie steht Anwendern und Wiederverk\u00e4ufern gleicherma\u00dfen beratend zur Seite \u2013 sowohl telefonisch als auch vor Ort. Verbraucher und Abnehmer kleinerer Mengen haben die M\u00f6glichkeit, die Produkte direkt im WebShop der GANEC GmbH zu erwerben.<br> \r\n<br>\r\nDie hanseatischen Werte Glaubw\u00fcrdigkeit, Zuverl\u00e4ssigkeit und Fairness pr\u00e4gen das Handeln der Mitarbeiter der GANEC GmbH.<br>\r\n<br>\r\nWir freuen uns auf die Zusammenarbeit mit Ihnen!<\/p>","protected":false},"excerpt":{"rendered":"Die GANEC GmbH wurde am 02.10.2009 von Harald Hiss und","protected":false},"author":1,"featured_media":0,"parent":0,"menu_order":0,"comment_status":"closed","ping_status":"open","template":"","meta":{"footnotes":""},"class_list":["post-81","page","type-page","status-publish","hentry","no-wpautop","","tg-column-two"],"_links":{"self":[{"href":"https:\/\/www.ganec.de\/de\/wp-json\/wp\/v2\/pages\/81","targetHints":{"allow":["GET"]}}],"collection":[{"href":"https:\/\/www.ganec.de\/de\/wp-json\/wp\/v2\/pages"}],"about":[{"href":"https:\/\/www.ganec.de\/de\/wp-json\/wp\/v2\/types\/page"}],"author":[{"embeddable":true,"href":"https:\/\/www.ganec.de\/de\/wp-json\/wp\/v2\/users\/1"}],"replies":[{"embeddable":true,"href":"https:\/\/www.ganec.de\/de\/wp-json\/wp\/v2\/comments?post=81"}],"version-history":[{"count":5,"href":"https:\/\/www.ganec.de\/de\/wp-json\/wp\/v2\/pages\/81\/revisions"}],"predecessor-version":[{"id":1356,"href":"https:\/\/www.ganec.de\/de\/wp-json\/wp\/v2\/pages\/81\/revisions\/1356"}],"wp:attachment":[{"href":"https:\/\/www.ganec.de\/de\/wp-json\/wp\/v2\/media?parent=81"}],"curies":[{"name":"wp","href":"https:\/\/api.w.org\/{rel}","templated":true}]}}