{"id":710,"date":"2018-02-17T18:43:48","date_gmt":"2018-02-17T16:43:48","guid":{"rendered":"http:\/\/dev1.ganec.de\/de\/?page_id=710"},"modified":"2018-12-09T22:17:33","modified_gmt":"2018-12-09T20:17:33","slug":"faq","status":"publish","type":"page","link":"https:\/\/www.ganec.de\/de\/produkte\/sichere-usb-sticks\/faq","title":{"rendered":"H\u00e4ufige Fragen \/ Antworten (FAQ)"},"content":{"rendered":"<div id=\"right-col\" class=\"custom-sidebar\">\r\n<div id=\"sidebar\">\r\n<h3 class=\"widget-title\">Sichere USB-Sticks<\/h3>\r\n<ul>\r\n<li><a href='\/de\/produkte\/sichere-usb-sticks'>\u00dcbersicht<\/a><\/li>\r\n<li><a href='\/de\/produkte\/sichere-usb-sticks\/ironkey'>Ironkey<\/a><\/li>\r\n<li><a href='\/de\/produkte\/sichere-usb-sticks\/kanguru-defender'>Kanguru Solutions<\/a><\/li>\r\n<li><a href='\/de\/produkte\/sichere-usb-sticks\/blockmaster-safestick'>Blockmaster SafeStick<\/a><\/li>\r\n<li><a href='\/de\/produkte\/sichere-usb-sticks\/mxi-stealth-key'>MXI Stealth Key<\/a><\/li>\r\n<li><a href='\/de\/produkte\/sichere-usb-sticks\/bs-drive-aes'>BS-Drive AES<\/a><\/li>\r\n<li><a href='\/de\/produkte\/sichere-usb-sticks\/istorage-datashur'>iStorage Datashur<\/a><\/li>\r\n<li><a href='\/de\/produkte\/sichere-usb-sticks\/safetogo'>Cardwave SafeToGo<\/a><\/li>\r\n<\/ul>\r\n<ul>\r\n<li><a href='\/de\/produkte\/sichere-usb-sticks\/vergleichstabelle-usb-sticks'>Vergleichstabelle (Sticks)<\/a><\/li>\r\n<li><a href='\/de\/produkte\/sichere-usb-sticks\/vergleichstabelle-verwaltung'>Vergleichstabelle (Verwaltung)<\/a><\/li>\r\n<li><a href='\/de\/produkte\/sichere-usb-sticks\/geschwindigkeitsmessungen'>Geschwindigkeitsmessungen<\/a><\/li>\r\n<li><a href='\/de\/produkte\/sichere-usb-sticks\/faq'>H\u00e4ufige Fragen (FAQ)<\/a><\/li>\r\n<\/ul>\r\n<ul>\r\n<li><a href='\/de\/kontakt'>Angebot \/ Beratung anfordern<\/a><\/li>\r\n<li><a href='http:\/\/www.ganec-shop.de\/uebersicht-entscheidungshilfe-sichere-USB-Sticks'>Online-Shop<\/a><\/li>\r\n<\/ul>\r\n<\/div>\r\n<div class=\"clear\"><\/div>\r\n<\/div>\r\n<div>\r\n<h3>Gen\u00fcgt nicht ein USB-Stick mit Softwareverschl\u00fcsselung?<\/h3>\r\n<p>\r\nUSB-Sticks mit Softwareverschl\u00fcsselung sind zwar in der Regel deutlich g\u00fcnstiger als USB-Sticks mit Hardwareverschl\u00fcsselung, verf\u00fcgen jedoch &#8211; je nach Ausf\u00fchrung &#8211; \u00fcber erhebliche Nachteile und werden von uns aus diesen Gr\u00fcnden nicht angeboten:<\/p>\r\n<ul style=\"width: 74%\">\r\n<li>hohe Anf\u00e4lligkeit gegen\u00fcber \u201eBrute-Force-Attacken\u201c, also das Ausprobieren verschiedener Passworte, da es keine M\u00f6glichkeit gibt, einen sicheren Mechanismus zu etablieren, der die Anzahl der Fehlversuche begrenzt<\/li>\r\n<li>aufgrund der geschilderten Anf\u00e4lligkeit besteht die Notwendigkeit, komplexe Passworte zu verwenden, wodurch die Nutzerfreundlichkeit stark eingeschr\u00e4nkt wird<\/li>\r\n<li>die Softwareverschl\u00fcsselung ist anf\u00e4llig gegen\u00fcber Schadsoftware, z.B. Viren<\/li>\r\n<li>h\u00e4ufig werden f\u00fcr die Einrichtung und\/oder Nutzung Administrationsrechte ben\u00f6tigt<\/li>\r\n<li>dem Computer (= Wirt), in dem der USB-Stick mit Softwareverschl\u00fcsselung verwendet wird, muss vollst\u00e4ndig vertraut werden, da er zwangsl\u00e4ufig Zugang zu den Schl\u00fcsseln erh\u00e4lt; somit eignen sich diese Sticks nicht zum Einsatz in Umgebungen, denen nicht vollst\u00e4ndig vertraut werden kann<\/li>\r\n<li>die Geschwindigkeit der Softwareverschl\u00fcsselung ist abh\u00e4ngig von der Rechengeschwindigkeit des Wirts, was den Komfort einschr\u00e4nkt. Auch moderne Desktop-Prozessoren sind hoch spezialisierten Crypto-Chips, wie sie bei USB-Sticks mit Hardwareverschl\u00fcsselung zum Einsatz kommen, hinsichtlich der Ver- und Entschl\u00fcsselung h\u00e4ufig unterlegen.<\/li>\r\n<\/ul>\r\n<h3>Wozu ben\u00f6tige ich eine zentrale Verwaltungsl\u00f6sung?<\/h3>\r\n<p>\r\nEine zentrale Verwaltungsl\u00f6sung erlaubt es, die USB-Sticks aus der Ferne, also beispielsweise \u00fcber das Internet, zu verwalten. Je nach L\u00f6sung k\u00f6nnen die USB-Sticks mit neuer Software bespielt werden, Sicherheitsrichtlinien k\u00f6nnen festgelegt und durchgesetzt werden (z.B. L\u00e4nge des Passworts), Sticks k\u00f6nnen deaktiviert werden und Benutzer k\u00f6nnen unterst\u00fctzt werden, die ihr Passwort vergessen haben.<br \/>\r\nZentrale Verwaltungsl\u00f6sungen sind also f\u00fcr Anwender interessant, die diese Funktionen ben\u00f6tigen oder verpflichtet sind, entsprechende Verwaltungsvorg\u00e4nge durchf\u00fchren zu k\u00f6nnen.<\/p>\r\n<h3>Sie bieten eine Vielzahl von sicheren USB-Sticks an. Welcher ist der Beste?<\/h3>\r\n<p>\r\nAus unserer Sicht gibt es nicht den besten USB-Stick. Wir vertreten die Auffassung, dass es von den individuellen Anforderungen jedes einzelnen Kunden abh\u00e4ngt, welcher USB-Stick am geeignetsten f\u00fcr ihn ist. Informieren Sie sich ausf\u00fchrlich auf unserer Webseite \u00fcber die unterschiedlichen L\u00f6sungen. Gern beraten wir Sie telefonisch oder vor Ort, wenn Sie Unterst\u00fctzung bei der Auswahl ben\u00f6tigen.<\/p>\r\n<h3>Warum sind die Sticks so teuer?<\/h3>\r\n<p>\r\nAus unsere Sicht sind die Sticks nicht teuer, wenn man ihren Nutzen betrachtet: sie sch\u00fctzen Daten, die ein Vielfaches der Sticks kosten. Betrachtet man also das Verh\u00e4ltnis zwischen Kosten und Nutzen,wird schnell deutlich, dass die USB-Sticks nicht nur eine sehr n\u00fctzliche sondern auch relativ kosteng\u00fcnstige Investition darstellen.<\/p><\/li>\r\n<h3>Wurden die Sticks, die Sie anbieten, schon einmal geknackt?<\/h3>\r\n<p>\r\nUnseres Wissens wurde kein Stick, der sich in unserem Sortiment befindet, erfolgreich angegriffen. Sollte dies der Fall sein und dieser Angriff praktisch umsetzbar sein, werden wir dar\u00fcber berichten und die Gegenma\u00dfnahmen des Herstellers pr\u00fcfen. Sofern dieser nicht in der Lage ist, die Sicherheitsl\u00fccke zu schlie\u00dfen, werden wir den Stick aus unserem Sortiment nehmen.<\/p>\r\n<h3>Was unterscheidet Sie von anderen Anbietern?<\/h3>\r\n<p>\r\nWir bieten f\u00fcr alle sicheren USB-Sticks, die Sie bei uns erwerben k\u00f6nnen, Support via Telefon und E-Mail an. Dar\u00fcber hinaus k\u00f6nnen Sie bei uns Testexemplare bestellen, sich die Produkte vor Ort (bei Ihnen oder uns) pr\u00e4sentieren lassen sowie Produktschulungen buchen. Das wesentliche Unterscheidungsmerkmal gegen\u00fcber unseren Mitbewerbern ist dabei, dass Sie bei uns aus einer Vielzahl von sicheren USB-Sticks w\u00e4hlen k\u00f6nnen. Wir sind also nicht festgelegt auf ein bestimmtes Produkt bzw. auf einen bestimmten Hersteller, sondern k\u00f6nnen Sie neutral (bezogen) auf das Produkt beraten mit dem Ziel, Ihnen eine f\u00fcr optimale L\u00f6sung bezogen auf Ihre Anforderungen anzubieten.<\/p>\r\n<\/div>","protected":false},"excerpt":{"rendered":"Sichere USB-Sticks \u00dcbersicht Ironkey Kanguru Solutions Blockmaster SafeStick MXI Stealth","protected":false},"author":1,"featured_media":0,"parent":23,"menu_order":0,"comment_status":"closed","ping_status":"closed","template":"","meta":{"footnotes":""},"class_list":["post-710","page","type-page","status-publish","hentry","no-wpautop","","tg-column-two"],"_links":{"self":[{"href":"https:\/\/www.ganec.de\/de\/wp-json\/wp\/v2\/pages\/710","targetHints":{"allow":["GET"]}}],"collection":[{"href":"https:\/\/www.ganec.de\/de\/wp-json\/wp\/v2\/pages"}],"about":[{"href":"https:\/\/www.ganec.de\/de\/wp-json\/wp\/v2\/types\/page"}],"author":[{"embeddable":true,"href":"https:\/\/www.ganec.de\/de\/wp-json\/wp\/v2\/users\/1"}],"replies":[{"embeddable":true,"href":"https:\/\/www.ganec.de\/de\/wp-json\/wp\/v2\/comments?post=710"}],"version-history":[{"count":6,"href":"https:\/\/www.ganec.de\/de\/wp-json\/wp\/v2\/pages\/710\/revisions"}],"predecessor-version":[{"id":1189,"href":"https:\/\/www.ganec.de\/de\/wp-json\/wp\/v2\/pages\/710\/revisions\/1189"}],"up":[{"embeddable":true,"href":"https:\/\/www.ganec.de\/de\/wp-json\/wp\/v2\/pages\/23"}],"wp:attachment":[{"href":"https:\/\/www.ganec.de\/de\/wp-json\/wp\/v2\/media?parent=710"}],"curies":[{"name":"wp","href":"https:\/\/api.w.org\/{rel}","templated":true}]}}