{"id":706,"date":"2018-02-17T18:27:46","date_gmt":"2018-02-17T16:27:46","guid":{"rendered":"http:\/\/dev1.ganec.de\/de\/?page_id=706"},"modified":"2018-12-09T22:02:46","modified_gmt":"2018-12-09T20:02:46","slug":"geschwindigkeitsmessungen","status":"publish","type":"page","link":"https:\/\/www.ganec.de\/de\/produkte\/sichere-usb-sticks\/geschwindigkeitsmessungen","title":{"rendered":"Geschwindigkeitsmessungen"},"content":{"rendered":"<div id=\"right-col\" class=\"custom-sidebar\">\r\n<div id=\"sidebar\">\r\n<h3 class=\"widget-title\">Sichere USB-Sticks<\/h3>\r\n<ul>\r\n<li><a href='\/de\/produkte\/sichere-usb-sticks'>\u00dcbersicht<\/a><\/li>\r\n<li><a href='\/de\/produkte\/sichere-usb-sticks\/ironkey'>Ironkey<\/a><\/li>\r\n<li><a href='\/de\/produkte\/sichere-usb-sticks\/kanguru-defender'>Kanguru Solutions<\/a><\/li>\r\n<li><a href='\/de\/produkte\/sichere-usb-sticks\/blockmaster-safestick'>Blockmaster SafeStick<\/a><\/li>\r\n<li><a href='\/de\/produkte\/sichere-usb-sticks\/mxi-stealth-key'>MXI Stealth Key<\/a><\/li>\r\n<li><a href='\/de\/produkte\/sichere-usb-sticks\/bs-drive-aes'>BS-Drive AES<\/a><\/li>\r\n<li><a href='\/de\/produkte\/sichere-usb-sticks\/istorage-datashur'>iStorage Datashur<\/a><\/li>\r\n<li><a href='\/de\/produkte\/sichere-usb-sticks\/safetogo'>Cardwave SafeToGo<\/a><\/li>\r\n<\/ul>\r\n<ul>\r\n<li><a href='\/de\/produkte\/sichere-usb-sticks\/vergleichstabelle-usb-sticks'>Vergleichstabelle (Sticks)<\/a><\/li>\r\n<li><a href='\/de\/produkte\/sichere-usb-sticks\/vergleichstabelle-verwaltung'>Vergleichstabelle (Verwaltung)<\/a><\/li>\r\n<li><a href='\/de\/produkte\/sichere-usb-sticks\/geschwindigkeitsmessungen'>Geschwindigkeitsmessungen<\/a><\/li>\r\n<li><a href='\/de\/produkte\/sichere-usb-sticks\/faq'>H\u00e4ufige Fragen (FAQ)<\/a><\/li>\r\n<\/ul>\r\n<ul>\r\n<li><a href='\/de\/kontakt'>Angebot \/ Beratung anfordern<\/a><\/li>\r\n<li><a href='http:\/\/www.ganec-shop.de\/uebersicht-entscheidungshilfe-sichere-USB-Sticks'>Online-Shop<\/a><\/li>\r\n<\/ul>\r\n<\/div>\r\n<div class=\"clear\"><\/div>\r\n<\/div>\r\n<p>\r\nAlle durch uns ermittelten und hier aufgef\u00fchrten Testwerte entsprechen einem Mittelwert aus mehrfach unter den selben Bedingungen durchgef\u00fchrten Leistungstests.<br \/>\r\n<br \/>\r\nDie Messungen wurden an einem MSI Mainboard (890GXM-G65) mit AMD Phenom II x4 955 (3,2 GHz Quad-Core) und 8 GB RAM unter Windows 7 Professional an den onBoard-USB-3.0-Schnittstellen durchgef\u00fchrt. W\u00e4hrend der Messungen wurden am Testsystem, au\u00dfer den von Windows ben\u00f6tigten Prozessen, keinerlei weitere Programme ausgef\u00fchrt.<\/p>\r\n<div style=\"margin: 35px 0px 0px 0px;\">\r\n<h3>Welcher sichere USB-Stick ist \u201eder schnellste\u201c?<\/h3>\r\n<p>\r\nF\u00fcr Leser, denen eine grobe Einteilung gen\u00fcgt, haben wir eine Platzierung aus den Messwerten aller durchgef\u00fchrten Tests\r\nerrechnet und &#8222;GANEC Performance Awards&#8220; vergeben.<br \/>\r\n<br \/>\r\nTechnisch interessierte Leser k\u00f6nnen die Messergebnisse der einzelnen Testgruppen weiter unten einsehen &#8211; diese\r\nMessergebnisse stehen auch im <a target=\"_blank\" href=\"\/de\/wp-content\/uploads\/produkte\/sticks\/geschwindigkeitsmessungen-usb-sticks.pdf\">PDF-Format zum Download<\/a> bereit.<br \/>\r\n<br \/>\r\nHier unsere Platzierungen:<br \/>\r\n<\/p>\r\n<\/div>\r\n\r\n<div style=\"margin: 55px 0px 0px 0px;\">\r\n<img decoding=\"async\" src=\"\/de\/wp-content\/uploads\/produkte\/sticks\/4.png\" style=\"margin: 310px 0px -380px 0px; width: 840px;\">\r\n<table class=\"rewards\" style=\"margin-left: 5px;\">\r\n<tr>\r\n<td><\/td>\r\n<td><strong>SafeStick SUPERSONIC,<br \/>Kanguru Defender 2000<\/strong><\/td>\r\n<td><\/td>\r\n<\/tr>\r\n<tr>\r\n<td><strong><br \/>IronKey<\/strong><\/td>\r\n<td><img decoding=\"async\" src=\"\/de\/wp-content\/uploads\/produkte\/sticks\/PerformanceAward.png\" alt=\"GANEC Performance Award\" title=\"Platz 1 mit drei GANEC Performance Awards\" style=\"height: 61px;\"><\/td>\r\n<td><\/td>\r\n<\/tr>\r\n<tr>\r\n<td><img decoding=\"async\" src=\"\/de\/wp-content\/uploads\/produkte\/sticks\/PerformanceAward.png\" alt=\"GANEC Performance Award\" title=\"Platz 2 mit zwei GANEC Performance Awards\" style=\"height: 61px;\"><\/td>\r\n<td><img decoding=\"async\" src=\"\/de\/wp-content\/uploads\/produkte\/sticks\/PerformanceAward.png\" alt=\"GANEC Performance Award\" title=\"Platz 1 mit drei GANEC Performance Awards\" style=\"height: 61px;\"><\/td>\r\n<td><strong>BS-Drive, SafeStick,<br \/>Kanguru Defender<\/strong><\/td>\r\n<\/tr>\r\n<tr>\r\n<td><img decoding=\"async\" src=\"\/de\/wp-content\/uploads\/produkte\/sticks\/PerformanceAward.png\" alt=\"GANEC Performance Award\" title=\"Platz 2 mit zwei GANEC Performance Awards\" style=\"height: 61px;\"><\/td>\r\n<td><img decoding=\"async\" src=\"\/de\/wp-content\/uploads\/produkte\/sticks\/PerformanceAward.png\" alt=\"GANEC Performance Award\" title=\"Platz 1 mit drei GANEC Performance Awards\" style=\"height: 61px;\"><\/td>\r\n<td><img decoding=\"async\" src=\"\/de\/wp-content\/uploads\/produkte\/sticks\/PerformanceAward.png\" alt=\"GANEC Performance Award\" title=\"Platz 3 mit einem GANEC Performance Award\" style=\"height: 61px;\"><\/td>\r\n<\/tr>\r\n<\/table>\r\n<\/div>\r\n\r\n<div style=\"margin: 150px 0px 0px 0px\">\r\n<h3>Alle Messergebnisse der von uns durchgef\u00fchrten Performancetests im \u00dcberblick:<\/h3>\r\n<\/div>\r\n<div style=\"margin: 25px 0px 0px 0px;\">\r\n<table>\r\n<tr>\r\n<td valign=\"top\">\r\n<ul class=\"perfblue\">\r\n<li id=\"head\"><b>H2BenchW<\/b><\/li>\r\n<li><a href=\"#igsv-0-Barchart-1_DVNriPoF_8nwE0bHBXepdpNvNsCOeXlnRqrv6CXHqw\">Zugriffszeiten<\/a><\/li>\r\n<li><a href=\"#igsv-1-Barchart-1_DVNriPoF_8nwE0bHBXepdpNvNsCOeXlnRqrv6CXHqw\">seq. Lesen<\/a><\/li>\r\n<li><a href=\"#igsv-2-Barchart-1_DVNriPoF_8nwE0bHBXepdpNvNsCOeXlnRqrv6CXHqw\">seq. Schreiben<\/a><\/li>\r\n<\/ul>\r\n<\/td>\r\n<td valign=\"top\">\r\n<ul class=\"perfblue\">\r\n<li id=\"head\"><b>WinSAT<\/b><\/li>\r\n<li><a href=\"#igsv-3-Barchart-1_DVNriPoF_8nwE0bHBXepdpNvNsCOeXlnRqrv6CXHqw\">512KB Lesen<\/a><\/li>\r\n<li><a href=\"#igsv-4-Barchart-1_DVNriPoF_8nwE0bHBXepdpNvNsCOeXlnRqrv6CXHqw\">512KB Schreiben<\/a><\/li>\r\n<li><a href=\"#igsv-5-Barchart-1_DVNriPoF_8nwE0bHBXepdpNvNsCOeXlnRqrv6CXHqw\">4KB Lesen<\/a><\/li>\r\n<li><a href=\"#igsv-6-Barchart-1_DVNriPoF_8nwE0bHBXepdpNvNsCOeXlnRqrv6CXHqw\">4KB Schreiben<\/a><\/li>\r\n<\/ul class=\"perfblue\">\r\n<\/td>\r\n<td valign=\"top\">\r\n<ul class=\"perfblue\">\r\n<li id=\"head\"><b>HD Speed<\/b><\/li>\r\n<li><a href=\"#igsv-7-Barchart-1_DVNriPoF_8nwE0bHBXepdpNvNsCOeXlnRqrv6CXHqw\">seq. Lesen<\/a><\/li>\r\n<li><a href=\"#igsv-8-Barchart-1_DVNriPoF_8nwE0bHBXepdpNvNsCOeXlnRqrv6CXHqw\">seq. Schreiben<\/a><\/li>\r\n<li><a href=\"#igsv-9-Barchart-1_DVNriPoF_8nwE0bHBXepdpNvNsCOeXlnRqrv6CXHqw\">b.r. Lesen<\/a><\/li>\r\n<li><a href=\"#igsv-10-Barchart-1_DVNriPoF_8nwE0bHBXepdpNvNsCOeXlnRqrv6CXHqw\">b.r. Schreiben<\/a><\/li>\r\n<\/ul>\r\n<\/td>\r\n<\/tr>\r\n<\/table>\r\n<table>\r\n<tr>\r\n<td valign=\"top\">\r\n<ul class=\"perfblue\">\r\n<li id=\"head\"><b>ATTO Disk Benchmark<\/b><\/li>\r\n<li><a href=\"#igsv-11-Barchart-1_DVNriPoF_8nwE0bHBXepdpNvNsCOeXlnRqrv6CXHqw\">Lesegeschwindigkeit<\/a><\/li>\r\n<li><a href=\"#igsv-12-Barchart-1_DVNriPoF_8nwE0bHBXepdpNvNsCOeXlnRqrv6CXHqw\">Schreibgeschwindigkeit<\/a><\/li>\r\n<\/ul>\r\n<\/td>\r\n<td valign=\"top\">\r\n<ul class=\"perfblue\">\r\n<li id=\"head\"><b>ChkFlash<\/b><\/li>\r\n<li><a href=\"#igsv-13-Barchart-1_DVNriPoF_8nwE0bHBXepdpNvNsCOeXlnRqrv6CXHqw\">Stabilit\u00e4tstests<\/a><\/li>\r\n<\/ul>\r\n<\/td>\r\n<\/tr>\r\n<\/table>\r\n<p style=\"margin: 35px 0px 0px 0px; font-size:0.9em;\">\r\n* seq. &#8211; sequenziell &nbsp; | &nbsp; * b.r. &#8211; burst rate <br \/>\r\nBitte beachten Sie au\u00dferdem <a href=\"#hinweise\">unsere Hinweise<\/a> zu den aufgef\u00fchrten Messwerten!<\/p>\r\n<\/div>\r\n\r\n<div style=\"margin: 55px 0px 50px 0px\">\r\n<div id=\"igsv-0-Barchart-1_DVNriPoF_8nwE0bHBXepdpNvNsCOeXlnRqrv6CXHqw\" class=\"igsv-chart\" title=\"Zugriffszeiten bei lesendem Zugriff - getestet mit H2BenchW 3.16\" style=\"height: 550px;\" data-chart-type=\"Bar\" data-datasource-href=\"https:\/\/docs.google.com\/spreadsheets\/d\/1_DVNriPoF_8nwE0bHBXepdpNvNsCOeXlnRqrv6CXHqw\/gviz\/tq?tqx=out:csv&amp;tq=&amp;headers=0&amp;chart=true\"><\/div>\r\n<div id=\"igsv-1-Barchart-1_DVNriPoF_8nwE0bHBXepdpNvNsCOeXlnRqrv6CXHqw\" class=\"igsv-chart\" title=\"seq. Lesen von 64KB Datenbl\u00f6cken - getestet mit H2BenchW 3.16\" style=\"height: 550px;\" data-chart-type=\"Bar\" data-datasource-href=\"https:\/\/docs.google.com\/spreadsheets\/d\/1_DVNriPoF_8nwE0bHBXepdpNvNsCOeXlnRqrv6CXHqw\/gviz\/tq?tqx=out:csv&amp;tq=&amp;headers=0&amp;gid=795847378&amp;chart=true\"><\/div>\r\n<div id=\"igsv-2-Barchart-1_DVNriPoF_8nwE0bHBXepdpNvNsCOeXlnRqrv6CXHqw\" class=\"igsv-chart\" title=\"seq. Schreiben von 64KB Datenbl\u00f6cken - getestet mit H2BenchW 3.16\" style=\"height: 550px;\" data-chart-type=\"Bar\" data-datasource-href=\"https:\/\/docs.google.com\/spreadsheets\/d\/1_DVNriPoF_8nwE0bHBXepdpNvNsCOeXlnRqrv6CXHqw\/gviz\/tq?tqx=out:csv&amp;tq=&amp;headers=0&amp;gid=468698753&amp;chart=true\"><\/div>\r\n<div id=\"igsv-3-Barchart-1_DVNriPoF_8nwE0bHBXepdpNvNsCOeXlnRqrv6CXHqw\" class=\"igsv-chart\" title=\"Lesen von 512KB Datenbl\u00f6cken - getestet mit WinSAT Build 7600\" style=\"height: 550px;\" data-chart-type=\"Bar\" data-datasource-href=\"https:\/\/docs.google.com\/spreadsheets\/d\/1_DVNriPoF_8nwE0bHBXepdpNvNsCOeXlnRqrv6CXHqw\/gviz\/tq?tqx=out:csv&amp;tq=&amp;headers=0&amp;gid=1666074159&amp;chart=true\"><\/div>\r\n<div id=\"igsv-4-Barchart-1_DVNriPoF_8nwE0bHBXepdpNvNsCOeXlnRqrv6CXHqw\" class=\"igsv-chart\" title=\"Schreiben von 512KB Datenbl\u00f6cken - getestet mit WinSAT Build 7600\" style=\"height: 550px;\" data-chart-type=\"Bar\" data-datasource-href=\"https:\/\/docs.google.com\/spreadsheets\/d\/1_DVNriPoF_8nwE0bHBXepdpNvNsCOeXlnRqrv6CXHqw\/gviz\/tq?tqx=out:csv&amp;tq=&amp;headers=0&amp;gid=596915557&amp;chart=true\"><\/div>\r\n<div id=\"igsv-5-Barchart-1_DVNriPoF_8nwE0bHBXepdpNvNsCOeXlnRqrv6CXHqw\" class=\"igsv-chart\" title=\"Lesen von 4KB Datenbl\u00f6cken - getestet mit WinSAT Build 7600\" style=\"height: 550px;\" data-chart-type=\"Bar\" data-datasource-href=\"https:\/\/docs.google.com\/spreadsheets\/d\/1_DVNriPoF_8nwE0bHBXepdpNvNsCOeXlnRqrv6CXHqw\/gviz\/tq?tqx=out:csv&amp;tq=&amp;headers=0&amp;gid=1526488731&amp;chart=true\"><\/div>\r\n<div id=\"igsv-6-Barchart-1_DVNriPoF_8nwE0bHBXepdpNvNsCOeXlnRqrv6CXHqw\" class=\"igsv-chart\" title=\"Schreiben von 4KB Datenbl\u00f6cken - getestet mit WinSAT Build 7600\" style=\"height: 550px;\" data-chart-type=\"Bar\" data-datasource-href=\"https:\/\/docs.google.com\/spreadsheets\/d\/1_DVNriPoF_8nwE0bHBXepdpNvNsCOeXlnRqrv6CXHqw\/gviz\/tq?tqx=out:csv&amp;tq=&amp;headers=0&amp;gid=1790002249&amp;chart=true\"><\/div>\r\n<div id=\"igsv-7-Barchart-1_DVNriPoF_8nwE0bHBXepdpNvNsCOeXlnRqrv6CXHqw\" class=\"igsv-chart\" title=\"seq. Lesen von Daten - getestet mit HD Speed 1.7.1.90\" style=\"height: 550px;\" data-chart-type=\"Bar\" data-datasource-href=\"https:\/\/docs.google.com\/spreadsheets\/d\/1_DVNriPoF_8nwE0bHBXepdpNvNsCOeXlnRqrv6CXHqw\/gviz\/tq?tqx=out:csv&amp;tq=&amp;headers=0&amp;gid=1783746146&amp;chart=true\"><\/div>\r\n<div id=\"igsv-8-Barchart-1_DVNriPoF_8nwE0bHBXepdpNvNsCOeXlnRqrv6CXHqw\" class=\"igsv-chart\" title=\"seq. Schreiben von Daten - getestet mit HD Speed 1.7.1.90\" style=\"height: 550px;\" data-chart-type=\"Bar\" data-datasource-href=\"https:\/\/docs.google.com\/spreadsheets\/d\/1_DVNriPoF_8nwE0bHBXepdpNvNsCOeXlnRqrv6CXHqw\/gviz\/tq?tqx=out:csv&amp;tq=&amp;headers=0&amp;gid=101608869&amp;chart=true\"><\/div>\r\n<div id=\"igsv-9-Barchart-1_DVNriPoF_8nwE0bHBXepdpNvNsCOeXlnRqrv6CXHqw\" class=\"igsv-chart\" title=\"b.r. Lesen von Daten - getestet mit HD Speed 1.7.1.90\" style=\"height: 550px;\" data-chart-type=\"Bar\" data-datasource-href=\"https:\/\/docs.google.com\/spreadsheets\/d\/1_DVNriPoF_8nwE0bHBXepdpNvNsCOeXlnRqrv6CXHqw\/gviz\/tq?tqx=out:csv&amp;tq=&amp;headers=0&amp;gid=1017130570&amp;chart=true\"><\/div>\r\n<div id=\"igsv-10-Barchart-1_DVNriPoF_8nwE0bHBXepdpNvNsCOeXlnRqrv6CXHqw\" class=\"igsv-chart\" title=\"b.r. Schreiben von Daten - getestet mit HD Speed 1.7.1.90\" style=\"height: 550px;\" data-chart-type=\"Bar\" data-datasource-href=\"https:\/\/docs.google.com\/spreadsheets\/d\/1_DVNriPoF_8nwE0bHBXepdpNvNsCOeXlnRqrv6CXHqw\/gviz\/tq?tqx=out:csv&amp;tq=&amp;headers=0&amp;gid=379729140&amp;chart=true\"><\/div>\r\n<div id=\"igsv-11-Barchart-1_DVNriPoF_8nwE0bHBXepdpNvNsCOeXlnRqrv6CXHqw\" class=\"igsv-chart\" title=\"Lesen von Daten - getestet mit ATTO Disk Benchmark 2.46\" style=\"height: 550px;\" data-chart-type=\"Bar\" data-datasource-href=\"https:\/\/docs.google.com\/spreadsheets\/d\/1_DVNriPoF_8nwE0bHBXepdpNvNsCOeXlnRqrv6CXHqw\/gviz\/tq?tqx=out:csv&amp;tq=&amp;headers=0&amp;gid=949282607&amp;chart=true\"><\/div>\r\n<div id=\"igsv-12-Barchart-1_DVNriPoF_8nwE0bHBXepdpNvNsCOeXlnRqrv6CXHqw\" class=\"igsv-chart\" title=\"Schreiben von Daten - getestet mit ATTO Disk Benchmark 2.46\" style=\"height: 550px;\" data-chart-type=\"Bar\" data-datasource-href=\"https:\/\/docs.google.com\/spreadsheets\/d\/1_DVNriPoF_8nwE0bHBXepdpNvNsCOeXlnRqrv6CXHqw\/gviz\/tq?tqx=out:csv&amp;tq=&amp;headers=0&amp;gid=983249704&amp;chart=true\"><\/div>\r\n<div id=\"igsv-13-Barchart-1_DVNriPoF_8nwE0bHBXepdpNvNsCOeXlnRqrv6CXHqw\" class=\"igsv-chart\" title=\"Stabilit\u00e4t der Lese- und Schreibgeschwindigkeiten - getestet mit ChkFlash 1.16.1\" style=\"height: 550px;\" data-chart-type=\"Bar\" data-datasource-href=\"https:\/\/docs.google.com\/spreadsheets\/d\/1_DVNriPoF_8nwE0bHBXepdpNvNsCOeXlnRqrv6CXHqw\/gviz\/tq?tqx=out:csv&amp;tq=&amp;headers=0&amp;gid=1975718260&amp;chart=true\"><\/div>\r\n<\/div>\r\n\r\n<p id=\"hinweise\" style=\"font-size:0.9em;\">\r\n<u><b>Wichtige Hinweise<\/b><\/u>:<br \/>\r\nEinige der von uns durchgef\u00fchrten Tests setzten voraus, dass die sichere Partition der USB-Sticks aufgel\u00f6st werden konnte, was beim Blockmaster SafeStick unter Version 4.03, sowie bei allen von uns getesteten MXI Stealth Keys nicht m\u00f6glich war.<\/p>\r\n<p style=\"font-size:0.9em;\">\r\nEin im Diagramm dargestelltes Ergebniss von 0,00 MB\/s stellt in diesen F\u00e4llen <u>nicht die Geschwindigkeit<\/u> der USB-Sticks dar, sondern ist lediglich ein Hinweis darauf, dass die Messungen mit dem von uns eingesetzten Tool nicht m\u00f6glich waren.<\/p>\r\n<p style=\"font-size:0.9em;\">\r\nDer unter ChkFlash durchgef\u00fchrte Stabilit\u00e4tstest der Schreibgeschwindigkeit fand im Falle der MXI Stealth Keys, sowie des Blockmaster SafeSticks in Version 4.03 <u>nicht wie \u00fcblich<\/u>, unter Ansteuerung als physikalisches Laufwerk (hierbei w\u00e4re die sichere Partition unbrauchbar geworden, was von den Sticks in den uns vorliegenden Versionen allerdings verhindert wurde), sondern \u00fcber eine tempor\u00e4re Datei statt, wodurch die aufgef\u00fchrten Schreibgeschwindigkeiten nicht direkt mit den Messungen der anderen Sticks vergleichbar sind.\r\n<\/p>","protected":false},"excerpt":{"rendered":"Sichere USB-Sticks \u00dcbersicht Ironkey Kanguru Solutions Blockmaster SafeStick MXI Stealth","protected":false},"author":1,"featured_media":0,"parent":23,"menu_order":0,"comment_status":"closed","ping_status":"closed","template":"","meta":{"footnotes":""},"class_list":["post-706","page","type-page","status-publish","hentry","no-wpautop","","tg-column-two"],"_links":{"self":[{"href":"https:\/\/www.ganec.de\/de\/wp-json\/wp\/v2\/pages\/706","targetHints":{"allow":["GET"]}}],"collection":[{"href":"https:\/\/www.ganec.de\/de\/wp-json\/wp\/v2\/pages"}],"about":[{"href":"https:\/\/www.ganec.de\/de\/wp-json\/wp\/v2\/types\/page"}],"author":[{"embeddable":true,"href":"https:\/\/www.ganec.de\/de\/wp-json\/wp\/v2\/users\/1"}],"replies":[{"embeddable":true,"href":"https:\/\/www.ganec.de\/de\/wp-json\/wp\/v2\/comments?post=706"}],"version-history":[{"count":42,"href":"https:\/\/www.ganec.de\/de\/wp-json\/wp\/v2\/pages\/706\/revisions"}],"predecessor-version":[{"id":1180,"href":"https:\/\/www.ganec.de\/de\/wp-json\/wp\/v2\/pages\/706\/revisions\/1180"}],"up":[{"embeddable":true,"href":"https:\/\/www.ganec.de\/de\/wp-json\/wp\/v2\/pages\/23"}],"wp:attachment":[{"href":"https:\/\/www.ganec.de\/de\/wp-json\/wp\/v2\/media?parent=706"}],"curies":[{"name":"wp","href":"https:\/\/api.w.org\/{rel}","templated":true}]}}