{"id":699,"date":"2018-02-17T18:09:26","date_gmt":"2018-02-17T16:09:26","guid":{"rendered":"http:\/\/dev1.ganec.de\/de\/?page_id=699"},"modified":"2018-12-09T22:03:27","modified_gmt":"2018-12-09T20:03:27","slug":"vergleichstabelle-verwaltung","status":"publish","type":"page","link":"https:\/\/www.ganec.de\/de\/produkte\/sichere-usb-sticks\/vergleichstabelle-verwaltung","title":{"rendered":"Vergleichstabelle (Verwaltung)"},"content":{"rendered":"<div id=\"right-col\" class=\"custom-sidebar\">\r\n<div id=\"sidebar\">\r\n<h3 class=\"widget-title\">Sichere USB-Sticks<\/h3>\r\n<ul>\r\n<li><a href='\/de\/produkte\/sichere-usb-sticks'>\u00dcbersicht<\/a><\/li>\r\n<li><a href='\/de\/produkte\/sichere-usb-sticks\/ironkey'>Ironkey<\/a><\/li>\r\n<li><a href='\/de\/produkte\/sichere-usb-sticks\/kanguru-defender'>Kanguru Solutions<\/a><\/li>\r\n<li><a href='\/de\/produkte\/sichere-usb-sticks\/blockmaster-safestick'>Blockmaster SafeStick<\/a><\/li>\r\n<li><a href='\/de\/produkte\/sichere-usb-sticks\/mxi-stealth-key'>MXI Stealth Key<\/a><\/li>\r\n<li><a href='\/de\/produkte\/sichere-usb-sticks\/bs-drive-aes'>BS-Drive AES<\/a><\/li>\r\n<li><a href='\/de\/produkte\/sichere-usb-sticks\/istorage-datashur'>iStorage Datashur<\/a><\/li>\r\n<li><a href='\/de\/produkte\/sichere-usb-sticks\/safetogo'>Cardwave SafeToGo<\/a><\/li>\r\n<\/ul>\r\n<ul>\r\n<li><a href='\/de\/produkte\/sichere-usb-sticks\/vergleichstabelle-usb-sticks'>Vergleichstabelle (Sticks)<\/a><\/li>\r\n<li><a href='\/de\/produkte\/sichere-usb-sticks\/vergleichstabelle-verwaltung'>Vergleichstabelle (Verwaltung)<\/a><\/li>\r\n<li><a href='\/de\/produkte\/sichere-usb-sticks\/geschwindigkeitsmessungen'>Geschwindigkeitsmessungen<\/a><\/li>\r\n<li><a href='\/de\/produkte\/sichere-usb-sticks\/faq'>H\u00e4ufige Fragen (FAQ)<\/a><\/li>\r\n<\/ul>\r\n<ul>\r\n<li><a href='\/de\/kontakt'>Angebot \/ Beratung anfordern<\/a><\/li>\r\n<li><a href='http:\/\/www.ganec-shop.de\/uebersicht-entscheidungshilfe-sichere-USB-Sticks'>Online-Shop<\/a><\/li>\r\n<\/ul>\r\n<\/div>\r\n<div class=\"clear\"><\/div>\r\n<\/div>\r\n <a onclick=\"return hs.expand(this, { headingText: '' } )\" onmouseover=\"hs.headingText=''\" class=\"highslide   \" href=\"\/de\/wp-content\/uploads\/produkte\/sticks\/vergleichstabelle-verwaltungsloesungen.png\">\r\n  <img decoding=\"async\" width=\"730\" style=\"border:0px;\" title=\"\" alt=\"\" src=\"\/de\/wp-content\/uploads\/produkte\/sticks\/vergleichstabelle-verwaltungsloesungen.png\">\r\n<\/a>\r\n<p>\r\nZum Vergr\u00f6\u00dfern der Tabelle einfach in die Grafik klicken. Um die Vergleichstabelle als PDF-Dokument zu downloaden, <a target=\"new\" href=\"\/de\/wp-content\/uploads\/produkte\/sticks\/vergleichstabelle-verwaltungsloesungen.pdf\">hier<\/a> klicken.\r\n<\/p>\r\n<p id=\"hinweise\" style=\"margin-top: 36px; font-size:0.9em;\">\r\n<u><b>Hinweise<\/b><\/u>:<br \/>\r\n#1<br \/>\r\nDa die Blockmaster SafeConsole nicht nur eine Unterst\u00fctzung des Active Directorys mitbringt, sondern sehr auf dessen organisatorische Struktur zugeschnitten ist, sind auch die administrative Rollenverteilung sowie die Definition von Benutzergruppen von der bestehenden Struktur im Active Directory abh\u00e4ngig. Die Rollen \u201eAdministrator\u201c, \u201eManager\u201c und \u201eSupport\u201c werden schon beim Einrichten der SafeConsole je einer Nutzergruppe im AD zugewiesen, so dass die innerhalb einer Rolle vorgesehenen Rechte automatisch auf alle Nutzer innerhalb der definierten Benutzergruppe \u00fcbergehen. Auch Login-Informationen werden direkt aus dem AD f\u00fcr die administrative Nutzung der SafeConsole wiederverwendet. Die Verwaltung nach \u201eBenutzergruppen\u201c innerhalb der SafeConsole funktioniert auf \u00e4hnlichem Wege, so dass gesonderte Richtlinien \u00fcber die SafeConsole f\u00fcr gesamte organisatorische Gruppen des Active Directorys\r\nfestgelegt werden k\u00f6nnen. F\u00fcr weitere Informationen (auch bez\u00fcglich einer Verwendung der SafeConsole ohne AD-Anbindung) <a href=\"\/kontakt.html\">kontaktieren Sie uns<\/a> bitte.<\/p>\r\n<p style=\"font-size:0.9em;\">\r\n#2<br \/>\r\nDie Verteilung von Software \u00fcber die IronKey Enterprise Dienste ist auf die im Lieferumfang inbegriffene Software der IronKeys in der Enterprise Variante beschr\u00e4nkt &ndash; eigene Anwendungen lassen sich nicht zentral verwalten bzw. verbreiten.<\/p>\r\n<p style=\"font-size:0.9em;\">\r\n#3<br \/>\r\nIn der Blockmaster SafeConsole lassen sich sowohl der Zugriff auf die SafeConsole selbst, als auch die Nutzbarkeit von ausgew\u00e4hlten Funktionen auf dem SafeStick auf einen \u201evertrauensw\u00fcrdigen Bereich\u201c beschr\u00e4nken &ndash; eine Black- bzw. Whitelist, die die gesamte Funktionalit\u00e4t des SafeSticks in \u201efremden\u201c Netzwerken unterbindet, bietet die SafeConsole aber nicht.<\/p>\r\n<p style=\"font-size:0.9em;\">\r\n#4<br \/>\r\nDie Anti-Virus L\u00f6sungen des IronKeys und der Kanguru Defender sind bereits integriert und vorkonfiguriert &#8211; beim IronKey kommt McAfee zum Einsatz, die Kanguru Defender greifen auf BitDefender zur\u00fcck. Durch die Verwendung des integrierten Anti-Virenschutzes entstehen gesonderte Nutzungsgeb\u00fchren.<\/p>\r\n<p style=\"font-size:0.9em;\">\r\n#5<br \/>\r\nEine integrierte Anti-Virus L\u00f6sung gibt es in der SafeConsole nicht &#8211; auch f\u00fcr die SafeSticks selber ist in keiner Version ein Virenschutz vorgesehen, allerdings bietet die SafeConsole Enforce &amp; Enable \u00fcber den \u201ePublisher\u201c die M\u00f6glichkeit, beliebige Programme, oder Dateien mit allen Nutzern der SafeConsole zu teilen und \u00fcber die \u201eAutostart Application\u201c Funktion mit bestimmten Parametern automatisch auszuf\u00fchren, sobald ein SafeStick aufgeschlossen wird.\r\nAuf diesem Wege lie\u00dfe sich auch eine beliebige Anti-Virus L\u00f6sung auf dem SafeStick realisieren.<\/p>\r\n<p style=\"font-size:0.9em;\">\r\n#6<br \/>\r\nEin Backup der Dateien auf dem sicheren Laufwerk eines IronKeys ist \u00fcber den Enterprise Dienst nicht vorgesehen &ndash; hier k\u00f6nnen lediglich das IronKey-Passwort, sowie die im Identity Manager hinterlegten Login-Informationen synchronisiert und gesichert werden. Zum reinen Datenbackup l\u00e4sst sich allerdings die bereits im Stick hinterlegte \u201eSecure Backup\u201c Funktion des IronKeys nutzen, mit der lokal (beispielsweise am Arbeitsplatz) verschl\u00fcsselte Backups erstellt, oder bereits gesicherte Daten wiederhergestellt werden k\u00f6nnen.<br \/>\r\nDer Zugriff auf die \u201eSecure Backup\u201c Funktion kann \u00fcber den Enterprise Dienst gesteuert werden.\r\n<\/p>","protected":false},"excerpt":{"rendered":"Sichere USB-Sticks \u00dcbersicht Ironkey Kanguru Solutions Blockmaster SafeStick MXI Stealth","protected":false},"author":1,"featured_media":0,"parent":23,"menu_order":0,"comment_status":"closed","ping_status":"closed","template":"","meta":{"footnotes":""},"class_list":["post-699","page","type-page","status-publish","hentry","no-wpautop","","tg-column-two"],"_links":{"self":[{"href":"https:\/\/www.ganec.de\/de\/wp-json\/wp\/v2\/pages\/699","targetHints":{"allow":["GET"]}}],"collection":[{"href":"https:\/\/www.ganec.de\/de\/wp-json\/wp\/v2\/pages"}],"about":[{"href":"https:\/\/www.ganec.de\/de\/wp-json\/wp\/v2\/types\/page"}],"author":[{"embeddable":true,"href":"https:\/\/www.ganec.de\/de\/wp-json\/wp\/v2\/users\/1"}],"replies":[{"embeddable":true,"href":"https:\/\/www.ganec.de\/de\/wp-json\/wp\/v2\/comments?post=699"}],"version-history":[{"count":7,"href":"https:\/\/www.ganec.de\/de\/wp-json\/wp\/v2\/pages\/699\/revisions"}],"predecessor-version":[{"id":1183,"href":"https:\/\/www.ganec.de\/de\/wp-json\/wp\/v2\/pages\/699\/revisions\/1183"}],"up":[{"embeddable":true,"href":"https:\/\/www.ganec.de\/de\/wp-json\/wp\/v2\/pages\/23"}],"wp:attachment":[{"href":"https:\/\/www.ganec.de\/de\/wp-json\/wp\/v2\/media?parent=699"}],"curies":[{"name":"wp","href":"https:\/\/api.w.org\/{rel}","templated":true}]}}