{"id":689,"date":"2018-02-17T17:18:56","date_gmt":"2018-02-17T15:18:56","guid":{"rendered":"http:\/\/dev1.ganec.de\/de\/?page_id=689"},"modified":"2018-08-03T17:42:16","modified_gmt":"2018-08-03T15:42:16","slug":"safetogo","status":"publish","type":"page","link":"https:\/\/www.ganec.de\/de\/produkte\/sichere-usb-sticks\/safetogo","title":{"rendered":"SafeToGo \u2013 \u00dcbersicht \u00fcber wesentliche Merkmale"},"content":{"rendered":"<div id=\"right-col\" class=\"custom-sidebar\">\n<div id=\"sidebar\">\n<h3 class=\"widget-title\">SafeToGo Informationen<\/h3>\n<ul>\n<li><a href='\/de\/produkte\/sichere-usb-sticks\/safetogo'>Merkmale<\/a><\/li>\n<li><a href='\/de\/produkte\/sichere-usb-sticks\/safetogo\/technische-daten'>Technische Daten<\/a><\/li>\n<li><a href='\/de\/produkte\/sichere-usb-sticks\/safetogo\/windows'>Einsatz unter Windows<\/a><\/li>\n<li><a href='\/de\/produkte\/sichere-usb-sticks\/safetogo\/macos'>Einsatz unter macOS<\/a><\/li>\n<li><a href='\/de\/produkte\/sichere-usb-sticks\/safetogo\/linux'>Einsatz unter Linux<\/a><\/li>\n<li><a href='\/de\/produkte\/sichere-usb-sticks\/safetogo\/verwaltung'>Zentrale Verwaltungsl\u00f6sung<\/a><\/li>\n<li><a href='\/de\/produkte\/sichere-usb-sticks\/safetogo\/presse-und-testberichte'>Presse \/ Testberichte<\/a><\/li>\n<li><a href='\/de\/produkte\/sichere-usb-sticks\/safetogo\/datenblaetter'>Datenbl\u00e4tter<\/a><\/li>\n<li><a href='\/de\/produkte\/sichere-usb-sticks\/safetogo\/faq'>H\u00e4ufige Fragen (FAQ)<\/a><\/li>\n<\/ul>\n<ul>\n<li><a href='\/de\/kontakt'>Angebot \/ Beratung anfordern<\/a><\/li>\n<li><a href='http:\/\/www.ganec-shop.de\/uebersicht-entscheidungshilfe-sichere-USB-Sticks'>Online-Shop<\/a><\/li>\n<\/ul>\n<ul>\n<li><a href='\/de\/produkte\/sichere-usb-sticks'>zur\u00fcck zur \u00dcbersicht<\/a><\/li>\n<\/ul>\n<\/div>\n<div class=\"clear\"><\/div>\n<\/div>\n<p>Auf dieser Seite informieren wir Sie \u00fcber die wesentlichen Merkmale des SafeToGo USB-Sticks des englischen Herstellers Cardwave. Da wir auf grunds\u00e4tzliche Merkmale von USB-Sticks mit Hardwareverschl\u00fcsselung bereits eingegangen sind, beschr\u00e4nken wir uns auf die wesentlichen Merkmale. <\/p>\n<p>Weitere Informationen erhalten Sie, wenn Sie im Men\u00fc auf der rechten Seite auf den jeweiligen Eintrag klicken.<\/p>\n<div style=\"margin: 90px 0px 100px 90px;\"><img decoding=\"async\" style=\"max-width: 245px\" class=\"product-preview\" src=\"\/de\/wp-content\/uploads\/produkte\/sticks\/safetogo\/win\/SafeToGo_Stick_neu.jpg\"><\/div>\n<div id=\"shared\">\n<p style=\"font-size:1.2em\"><strong>Merkmale SafeToGo:<\/strong><\/p>\n<p><strong>Solides Metallgeh\u00e4use<\/strong><br \/> Das Geh\u00e4use des SafeToGos sch\u00fctzt die Elektronik vor Umwelteinfl\u00fcssen und Manipulationsversuchen. Es ist wasserdicht, sto\u00dfsicher und sehr kompakt. Dadruch wird  der Einsatz an USB-Anschl\u00fcssen erleichtert, in deren Umgebung wenig Platz zur Verf\u00fcgung steht.<\/p>\n<p><strong>Elektronik gesch\u00fctzt durch Epoxid-Harz<\/strong><br \/> Die sicherheitsrelevanten elektronischen Bauteile des USB-Sticks sind mit Epoxid-Harz vergossen. Dies erschwert es Angreifern erheblich, auf die verwendeten Bauteile zuzugreifen<\/p>\n<p><strong>Unterst\u00fctzung von Windows und MacOS<\/strong><br \/> SafeToGos k\u00f6nnen ohne Installation von Treibern oder zus\u00e4tzlicher Software unter Windows und MacOS eingesetzt werden.<\/p>\n<p><strong>Konfigurierbare automatische Sperre bei Inaktivit\u00e4t<\/strong><br \/> Bei Bedarf kann der Anwender eine automatische Sperre bei Inaktivit\u00e4t aktivieren. Nach Ablauf der voreingestellten Zeit (stufenweise einstellbar von 1 \u2013 60 Minuten) verschlie\u00dft sich der SafeToGo automatisch, wodurch ein Zugriff auf die gespeicherten Daten erst wieder m\u00f6glich ist, wenn der Nutzer das korrekte Passwort eingibt.<\/p>\n<p><strong>Umfangreiche Sprachunterst\u00fctzung<\/strong><br \/> Vom Anwender k\u00f6nnen folgende Sprachen eingestellt werden: Deutsch, Englisch, Franz\u00f6sisch, Italienisch. Bitte beachten Sie, dass die Dokumentation und Lizenzdokumente nicht \u00fcbersetzt wurden.<\/p>\n<p><strong>Eingeschr\u00e4nkte Anzahl an Fehlversuchen<\/strong><br \/> Aus Sicherheitsgr\u00fcnden ist die Anzahl der aufeinander folgenden Fehlversuche begrenzt. Somit k\u00f6nnen Angreifer nicht beliebig h\u00e4ufig verschiedene Passworte ausprobieren (Brute-Force-Angriff). Sobald die maximale Anzahl an Fehlversuchen erreicht ist, wird der SafeToGo gesperrt und muss vom Nutzer zur\u00fcck gesetzt werden. Im Rahmen der Zur\u00fccksetzung werden alle Daten gel\u00f6scht und der Auslieferungszustand wieder.<\/p>\n<p><strong>Zentrale Verwaltbarkeit<\/strong><br \/>SafeToGo ist zentral verwaltbar. Im Rahmen der zentralen Verwaltung lassen sich zum Beispiel Passwortrichtlinien festlegen, dass Passwort zur\u00fccksetzen und zahlreiche Zusatzfunktionen aktivieren. Bitte klicken Sie im Men\u00fc auf der rechten Seite auf \u201eVerwaltungsl\u00f6sung\u201c, wenn Sie weitere Informationen hier\u00fcber ben\u00f6tigen.<\/p>\n<\/div>\n","protected":false},"excerpt":{"rendered":"<p>SafeToGo Informationen Merkmale Technische Daten Einsatz unter Windows Einsatz unter<\/p>\n","protected":false},"author":1,"featured_media":0,"parent":23,"menu_order":0,"comment_status":"closed","ping_status":"closed","template":"","meta":{"footnotes":""},"class_list":["post-689","page","type-page","status-publish","hentry","wpautop","","tg-column-two"],"_links":{"self":[{"href":"https:\/\/www.ganec.de\/de\/wp-json\/wp\/v2\/pages\/689","targetHints":{"allow":["GET"]}}],"collection":[{"href":"https:\/\/www.ganec.de\/de\/wp-json\/wp\/v2\/pages"}],"about":[{"href":"https:\/\/www.ganec.de\/de\/wp-json\/wp\/v2\/types\/page"}],"author":[{"embeddable":true,"href":"https:\/\/www.ganec.de\/de\/wp-json\/wp\/v2\/users\/1"}],"replies":[{"embeddable":true,"href":"https:\/\/www.ganec.de\/de\/wp-json\/wp\/v2\/comments?post=689"}],"version-history":[{"count":9,"href":"https:\/\/www.ganec.de\/de\/wp-json\/wp\/v2\/pages\/689\/revisions"}],"predecessor-version":[{"id":792,"href":"https:\/\/www.ganec.de\/de\/wp-json\/wp\/v2\/pages\/689\/revisions\/792"}],"up":[{"embeddable":true,"href":"https:\/\/www.ganec.de\/de\/wp-json\/wp\/v2\/pages\/23"}],"wp:attachment":[{"href":"https:\/\/www.ganec.de\/de\/wp-json\/wp\/v2\/media?parent=689"}],"curies":[{"name":"wp","href":"https:\/\/api.w.org\/{rel}","templated":true}]}}