{"id":684,"date":"2018-02-17T17:13:42","date_gmt":"2018-02-17T15:13:42","guid":{"rendered":"http:\/\/dev1.ganec.de\/de\/?page_id=684"},"modified":"2018-12-09T15:16:28","modified_gmt":"2018-12-09T13:16:28","slug":"istorage-datashur","status":"publish","type":"page","link":"https:\/\/www.ganec.de\/de\/produkte\/sichere-usb-sticks\/istorage-datashur","title":{"rendered":"Datashur &#8211; \u00dcbersicht \u00fcber wesentliche Merkmale"},"content":{"rendered":"<div id=\"right-col\" class=\"custom-sidebar\">\r\n<div id=\"sidebar\">\r\n<h3 class=\"widget-title\">Datashur Informationen<\/h3>\r\n<ul>\r\n<li><a href='\/de\/produkte\/sichere-usb-sticks\/istorage-datashur'>Merkmale<\/a><\/li>\r\n<li><a href='\/de\/produkte\/sichere-usb-sticks\/istorage-datashur\/technische-daten'>Technische Daten<\/a><\/li>\r\n<li><a href='\/de\/produkte\/sichere-usb-sticks\/istorage-datashur\/windows'>Einsatz unter Windows<\/a><\/li>\r\n<li><a href='\/de\/produkte\/sichere-usb-sticks\/istorage-datashur\/macos'>Einsatz unter macOS<\/a><\/li>\r\n<li><a href='\/de\/produkte\/sichere-usb-sticks\/istorage-datashur\/linux'>Einsatz unter Linux<\/a><\/li>\r\n<li><a href='\/de\/produkte\/sichere-usb-sticks\/istorage-datashur\/presse-und-testberichte'>Presse \/ Testberichte<\/a><\/li>\r\n<li><a href='\/de\/produkte\/sichere-usb-sticks\/istorage-datashur\/datenblaetter'>Datenbl\u00e4tter<\/a><\/li>\r\n<li><a href='\/de\/produkte\/sichere-usb-sticks\/istorage-datashur\/faq'>H\u00e4ufige Fragen (FAQ)<\/a><\/li>\r\n<\/ul>\r\n<ul>\r\n<li><a href='\/de\/kontakt'>Angebot \/ Beratung anfordern<\/a><\/li>\r\n<li><a href='http:\/\/www.ganec-shop.de\/uebersicht-entscheidungshilfe-sichere-USB-Sticks'>Online-Shop<\/a><\/li>\r\n<\/ul>\r\n<ul>\r\n<li><a href='\/de\/produkte\/sichere-usb-sticks'>zur\u00fcck zur \u00dcbersicht<\/a><\/li>\r\n<\/ul>\r\n<\/div>\r\n<div class=\"clear\"><\/div>\r\n<\/div>\r\n<p>\r\nAuf dieser Seite informieren wir Sie \u00fcber die wesentlichen Merkmale des Datashur USB-Sticks des englischen Anbieters iStorage. Da wir auf grunds\u00e4tzliche Merkmale von USB-Sticks mit Hardware-Verschl\u00fcsselung bereits eingegangen sind, beschr\u00e4nken wir uns auf die wesentlichen Merkmale dieses sicheren USB-Sticks. <br \/><br \/>Weitere Informationen erhalten Sie, wenn Sie im Men\u00fc auf der rechten Seite auf den jeweiligen Eintrag klicken.<\/p>\r\n<div style=\"margin: 80px 0px 60px 100px\">\r\n<img decoding=\"async\" style=\"max-width: 230px;\" class=\"product-preview\" src=\"\/de\/wp-content\/uploads\/produkte\/sticks\/datashur\/datashur_small.jpg\" alt=\"datashur\" title=\"datashur\">\r\n<\/div>\r\n<div style=\"margin: -10px 0px 0px 0px\" id=\"shared\">\r\n<p style=\"font-size:1.2em\"><strong>Gemeinsame Merkmale aller datashur USB-Sticks:<\/strong><\/p>\r\n<p>\r\n<strong>Solides Aluminium Geh\u00e4use<\/strong><br \/>\r\nDas Geh\u00e4use des  USB-Sticks besteht aus Aluminium. Dadurch ist der USB-Stick trotz seiner Abmessungen relativ leicht und zudem wasserdicht gem\u00e4\u00df MIL-STD-810F Standard. Alle sicherheitsrelevanten Bauteile sind mit Epoxidharz \u00fcberzogen.<\/p>\r\n<p>\r\n<strong>Betrieb ohne Software<\/strong><br \/>\r\nDer Datashur ben\u00f6tigt zum Betrieb keine Software. Der Anwender muss also weder Software installieren noch ein Login-Programm ausf\u00fchren. Damit unterscheidet er sich wesentlich von allen anderen sicheren USB-Sticks unseres Sortiments, die ein Login-Programm ben\u00f6tigen.<\/p>\r\n<p>\r\n<strong>Integrierte Tastatur zu PIN-Eingabe (User- und Admin-PIN)<\/strong><br \/>\r\nUm auf die verschl\u00fcsselten Daten zugreifen zu k\u00f6nnen, muss der Nutzer die von ihm vergebene PIN \u00fcber die integrierte Tastatur eingeben. Dadurch hat Schadsoftware, die sich ggf. auf dem Rechner befindet, keine Chance die PIN auszusp\u00e4hen. Dieses Verfahren kommt beispielsweise auch beim sicheren Homebanking mit Chipkarten zum Einsatz.<br \/>\r\nDer Stick verf\u00fcgt neben einer User-PIN f\u00fcr den Nutzer auch \u00fcber eine Admin-PIN f\u00fcr einen Administrator, die dieser vergeben kann. Der Administrator kann durch Eingabe seiner PIN den Stick wieder freischalten, falls der Nutzer seine PIN vergessen hat.<\/p>\r\n<p>\r\n<strong>Integrierter Akku<\/strong><br \/>\r\nDer im USB-Stick integrierte Akku erm\u00f6glicht es dem Nutzer, die PIN schon vor (!) dem Einstecken des USB-Sticks einzugeben. Damit kann die PIN wesentlich komfortabler als  beim eingesteckten USB-Stick eingegeben werden. <br \/>Wenn der Nutzer nicht innerhalb von 30 Sekunden nach Eingabe der PIN den USB-Stick in einen USB-Anschluss eines Computers steckt, ist eine erneute Eingabe der PIN erforderlich.<\/p>\r\n<p>\r\n<strong>Schutz vor Brute-Force-Attacken (Ausprobieren von verschiedenen PIN)<\/strong><br \/>\r\nGegen das Ausprobieren verschiedener PIN (zum Beispiel durch unbefugte Dritte) ist der Stick durch einen Fehlbedienungsz\u00e4hler gesch\u00fctzt: nach 10 erfolglosen Versuchen wird der Sticks zur\u00fcck gesetzt, was mit einer L\u00f6schung der gespeicherten Daten verbunden ist.<\/p>\r\n<p>\r\n<strong>Keine \u00f6ffentliche Partition &ndash; Stick wird erst nach erfolgreicher Authentisierung erkannt<\/strong><br \/>\r\nDer Datashur verf\u00fcgt im Gegensatz zu den meisten anderen sicheren USB-Sticks nicht \u00fcber eine \u00f6ffentliche schreibgesch\u00fctzte CD-ROM Partition. Das Betriebssystem erkennt den Stick nicht schon beim Einstecken, sondern erst nachdem sich der Nutzer erfolgreich authentisiert hat. Erst dann steht die verschl\u00fcsselte Partition zur Verf\u00fcgung.<\/p>\r\n<p>\r\n<strong>Unterst\u00fctzung von Windows, MacOS, Linux, Android und Symbian<\/strong><br \/>\r\nDer Datashur unterst\u00fctzt &#8211; auch aufgrund der Tatsache, dass er keine Login-Software ben\u00f6tigt &#8211; eine Vielzahl von Betriebssystemen, sofern diese ihrerseits USB-Ger\u00e4te unterst\u00fctzen: Windows, MacOS, Linux, Android und Symbian.<br \/>\r\nBitte klicken Sie im Men\u00fc auf der rechten Seite auf \u201eEinsatz unter&#8230;\u201c, um sich einen \u00dcberblick zu verschaffen, wie sich der Einsatz unter dem jeweiligen Betriebssystem darstellt.<\/p>\r\n<\/div>","protected":false},"excerpt":{"rendered":"Datashur Informationen Merkmale Technische Daten Einsatz unter Windows Einsatz unter","protected":false},"author":1,"featured_media":0,"parent":23,"menu_order":0,"comment_status":"closed","ping_status":"closed","template":"","meta":{"footnotes":""},"class_list":["post-684","page","type-page","status-publish","hentry","no-wpautop","","tg-column-two"],"_links":{"self":[{"href":"https:\/\/www.ganec.de\/de\/wp-json\/wp\/v2\/pages\/684","targetHints":{"allow":["GET"]}}],"collection":[{"href":"https:\/\/www.ganec.de\/de\/wp-json\/wp\/v2\/pages"}],"about":[{"href":"https:\/\/www.ganec.de\/de\/wp-json\/wp\/v2\/types\/page"}],"author":[{"embeddable":true,"href":"https:\/\/www.ganec.de\/de\/wp-json\/wp\/v2\/users\/1"}],"replies":[{"embeddable":true,"href":"https:\/\/www.ganec.de\/de\/wp-json\/wp\/v2\/comments?post=684"}],"version-history":[{"count":9,"href":"https:\/\/www.ganec.de\/de\/wp-json\/wp\/v2\/pages\/684\/revisions"}],"predecessor-version":[{"id":1081,"href":"https:\/\/www.ganec.de\/de\/wp-json\/wp\/v2\/pages\/684\/revisions\/1081"}],"up":[{"embeddable":true,"href":"https:\/\/www.ganec.de\/de\/wp-json\/wp\/v2\/pages\/23"}],"wp:attachment":[{"href":"https:\/\/www.ganec.de\/de\/wp-json\/wp\/v2\/media?parent=684"}],"curies":[{"name":"wp","href":"https:\/\/api.w.org\/{rel}","templated":true}]}}