{"id":681,"date":"2018-02-17T17:09:59","date_gmt":"2018-02-17T15:09:59","guid":{"rendered":"http:\/\/dev1.ganec.de\/de\/?page_id=681"},"modified":"2018-12-09T15:15:28","modified_gmt":"2018-12-09T13:15:28","slug":"bs-drive-aes","status":"publish","type":"page","link":"https:\/\/www.ganec.de\/de\/produkte\/sichere-usb-sticks\/bs-drive-aes","title":{"rendered":"BS-Drive AES \u2013 \u00dcbersicht \u00fcber wesentliche Merkmale"},"content":{"rendered":"<div id=\"right-col\" class=\"custom-sidebar\">\r\n<div id=\"sidebar\">\r\n<h3 class=\"widget-title\">BS-Drive Informationen<\/h3>\r\n<ul>\r\n<li><a href='\/de\/produkte\/sichere-usb-sticks\/bs-drive-aes'>Merkmale<\/a><\/li>\r\n<li><a href='\/de\/produkte\/sichere-usb-sticks\/bs-drive-aes\/technische-daten'>Technische Daten<\/a><\/li>\r\n<li><a href='\/de\/produkte\/sichere-usb-sticks\/bs-drive-aes\/windows'>Einsatz unter Windows<\/a><\/li>\r\n<li><a href='\/de\/produkte\/sichere-usb-sticks\/bs-drive-aes\/macos'>Einsatz unter macOS<\/a><\/li>\r\n<li><a href='\/de\/produkte\/sichere-usb-sticks\/bs-drive-aes\/linux'>Einsatz unter Linux<\/a><\/li>\r\n<li><a href='\/de\/produkte\/sichere-usb-sticks\/bs-drive-aes\/presse-und-testberichte'>Presse \/ Testberichte<\/a><\/li>\r\n<li><a href='\/de\/produkte\/sichere-usb-sticks\/bs-drive-aes\/datenblaetter'>Datenbl\u00e4tter<\/a><\/li>\r\n<li><a href='\/de\/produkte\/sichere-usb-sticks\/bs-drive-aes\/faq'>H\u00e4ufige Fragen (FAQ)<\/a><\/li>\r\n<\/ul>\r\n<ul>\r\n<li><a href='\/de\/kontakt'>Angebot \/ Beratung anfordern<\/a><\/li>\r\n<li><a href='http:\/\/www.ganec-shop.de\/uebersicht-entscheidungshilfe-sichere-USB-Sticks'>Online-Shop<\/a><\/li>\r\n<\/ul>\r\n<ul>\r\n<li><a href='\/de\/produkte\/sichere-usb-sticks'>zur\u00fcck zur \u00dcbersicht<\/a><\/li>\r\n<\/ul>\r\n<\/div>\r\n<div class=\"clear\"><\/div>\r\n<\/div>\r\n<p>\r\nAuf dieser Seite informieren wir Sie \u00fcber die wesentlichen Merkmale des BS-Drive AES USB-Sticks des deutschen Anbieters Dr. Fehr. Da wir auf grunds\u00e4tzliche Merkmale von USB-Sticks mit Hardwareverschl\u00fcsselung bereits eingegangen sind, beschr\u00e4nken wir uns auf die wesentlichen Merkmale. Weitere Informationen erhalten Sie, wenn Sie im Men\u00fc auf der rechten Seite auf den jeweiligen Eintrag klicken.<\/p>\r\n<div style=\"margin: 20px 0px 0px 0px\">\r\n<ul class=\"blue\">\r\n<li><a href=\"#shared\">Gemeinsame Merkmale<\/a><\/li>\r\n<li><a href=\"#standard\">Standard-Variante<\/a><\/li>\r\n<li><a href=\"#pin\">PIN-Variante<\/a><\/li>\r\n<\/ul>\r\n<\/div>\r\n<div style=\"margin: 45px 0px 70px 190px\">\r\n<img decoding=\"async\" class=\"product-preview\" src=\"\/de\/wp-content\/uploads\/produkte\/sticks\/bs-drive\/BS-Drive_small_mkd.jpg\">\r\n<\/div>\r\n<div id=\"shared\" style=\"margin: -20px 0px 0px 0px\">\r\n<p style=\"font-size:1.2em\"><strong>Gemeinsame Merkmale aller BS-Drive AES:<\/p><\/strong>\r\n<p>\r\n<strong>Kunststoffgeh\u00e4use<\/strong><br \/>\r\nDas Geh\u00e4use des BS-Drive AES besteht aus Kunststoff. Dadurch ist der USB-Stick trotz seiner Abmessungen relativ leicht.<\/p>\r\n<p>\r\n<strong>Betrieb ohne Software<\/strong><br \/>\r\nDer BS-Drive AES ben\u00f6tigt zum Betrieb keine Software. Der Anwender muss also weder Software installieren noch ein Login-Programm ausf\u00fchren. Damit unterscheidet er sich wesentlich von allen anderen sicheren USB-Sticks unseres Sortiments, die ein Login-Programm ben\u00f6tigen.<\/p>\r\n<p>\r\n<strong>Keine \u00f6ffentliche Partition \u2013 Stick wird erst nach erfolgreicher Authentisierung erkannt<\/strong><br \/>\r\nDer BS-Drive AES verf\u00fcgt im Gegensatz zu den meisten anderen sicheren USB-Sticks nicht \u00fcber eine \u00f6ffentliche schreibgesch\u00fctzte CD-ROM Partition. Das Betriebssystem erkennt den Stick nicht schon beim Einstecken, sondern erst nachdem sich der Nutzer erfolgreich authentisiert hat. Erst dann steht die verschl\u00fcsselte Partition zur Verf\u00fcgung.<\/p>\r\n<p>\r\n<strong>Unterst\u00fctzung von Windows, MacOS und Linux<\/strong><br \/>\r\nDer BS-Drive AES unterst\u00fctzt &#8211; auch aufgrund der Tatsache, dass er keine Login-Software ben\u00f6tigt &#8211; eine Vielzahl von Betriebssystemen: Windows ab Millennium Edition (ME), MacOS ab Version 9.x und Linux ab Kernel 2.4.<br \/>\r\nBitte klicken Sie im Men\u00fc auf der rechten Seite auf \u201eEinsatz unter&#8230;\u201c, um sich einen \u00dcberblick zu verschaffen, wie sich der Einsatz unter dem jeweiligen Betriebssystem darstellt.<\/p>\r\n<\/div>\r\n<div id=\"standard\" style=\"margin: 40px 0px 0px 0px\">\r\n<h3>Standard-Variante<\/h3>\r\n<p>\r\nDie Standard Variante verf\u00fcgt \u00fcber alle beschriebenen gemeinsamen Merkmale und ist ab einer Auflage von 1 St\u00fcck lieferbar.<\/p>\r\n<\/div>\r\n<div id=\"pin\" style=\"margin: 40px 0px 0px 0px\">\r\n<h3>PIN-Variante<\/h3>\r\n<p>\r\nDie PIN-Variante verf\u00fcgt \u00fcber alle Merkmale der Standard-Variante und verf\u00fcgt dar\u00fcber hinaus \u00fcber zwei globale PIN, die werksseitig eingebracht werden. Die PIN sind somit bezogen auf einen Kunden bzw. ein Projekt in jedem Stick gleich und k\u00f6nnen  kundenseitig nicht ge\u00e4ndert werden.<\/p>\r\n<p>\r\nDie <strong>Benutzer-PIN<\/strong> stellt eine zus\u00e4tzliche Sicherheitsebene dar. Um sich erfolgreich Authentisieren zu k\u00f6nnen, muss der Anwender sowohl einen registrierten Finger verwenden als auch die korrekte PIN \u00fcber den Zeilensensor eingeben.<\/p>\r\n<p>\r\nDie \u201e<strong>R\u00fccksetz-PIN<\/strong>\u201c dient zum Zur\u00fccksetzen eines Sticks. Im Rahmen der R\u00fccksetzung werden s\u00e4mtliche Daten und registrierte Fingerabdr\u00fccke gel\u00f6scht. Es ist dabei nicht erforderlich, sich mit einem registrierten Finger zu authentisieren. Somit kann dieser Prozess beispielsweise von einem Administrator gestartet werden, der Sticks von Anwendern zur\u00fccksetzen m\u00f6chte, die das Unternehmen verlassen haben.<\/p>\r\n<p>\r\nDie PIN-Variante ist ab einer Auflage von 10 St\u00fcck lieferbar.<\/p>\r\n<\/div>","protected":false},"excerpt":{"rendered":"BS-Drive Informationen Merkmale Technische Daten Einsatz unter Windows Einsatz unter","protected":false},"author":1,"featured_media":0,"parent":23,"menu_order":0,"comment_status":"closed","ping_status":"closed","template":"","meta":{"footnotes":""},"class_list":["post-681","page","type-page","status-publish","hentry","no-wpautop","","tg-column-two"],"_links":{"self":[{"href":"https:\/\/www.ganec.de\/de\/wp-json\/wp\/v2\/pages\/681","targetHints":{"allow":["GET"]}}],"collection":[{"href":"https:\/\/www.ganec.de\/de\/wp-json\/wp\/v2\/pages"}],"about":[{"href":"https:\/\/www.ganec.de\/de\/wp-json\/wp\/v2\/types\/page"}],"author":[{"embeddable":true,"href":"https:\/\/www.ganec.de\/de\/wp-json\/wp\/v2\/users\/1"}],"replies":[{"embeddable":true,"href":"https:\/\/www.ganec.de\/de\/wp-json\/wp\/v2\/comments?post=681"}],"version-history":[{"count":7,"href":"https:\/\/www.ganec.de\/de\/wp-json\/wp\/v2\/pages\/681\/revisions"}],"predecessor-version":[{"id":1043,"href":"https:\/\/www.ganec.de\/de\/wp-json\/wp\/v2\/pages\/681\/revisions\/1043"}],"up":[{"embeddable":true,"href":"https:\/\/www.ganec.de\/de\/wp-json\/wp\/v2\/pages\/23"}],"wp:attachment":[{"href":"https:\/\/www.ganec.de\/de\/wp-json\/wp\/v2\/media?parent=681"}],"curies":[{"name":"wp","href":"https:\/\/api.w.org\/{rel}","templated":true}]}}