{"id":676,"date":"2018-02-17T17:02:01","date_gmt":"2018-02-17T15:02:01","guid":{"rendered":"http:\/\/dev1.ganec.de\/de\/?page_id=676"},"modified":"2018-12-09T15:19:54","modified_gmt":"2018-12-09T13:19:54","slug":"mxi-stealth-key","status":"publish","type":"page","link":"https:\/\/www.ganec.de\/de\/produkte\/sichere-usb-sticks\/mxi-stealth-key","title":{"rendered":"MXI Stealth Key \u2013 \u00dcbersicht \u00fcber wesentliche Merkmale"},"content":{"rendered":"<div id=\"right-col\" class=\"custom-sidebar\">\r\n<div id=\"sidebar\">\r\n<h3 class=\"widget-title\">StealthKey Informationen<\/h3>\r\n<ul>\r\n<li><a href='\/de\/produkte\/sichere-usb-sticks\/mxi-stealth-key'>Merkmale<\/a><\/li>\r\n<li><a href='\/de\/produkte\/sichere-usb-sticks\/mxi-stealth-key\/technische-daten'>Technische Daten<\/a><\/li>\r\n<li><a href='\/de\/produkte\/sichere-usb-sticks\/mxi-stealth-key\/windows'>Einsatz unter Windows<\/a><\/li>\r\n<li><a href='\/de\/produkte\/sichere-usb-sticks\/mxi-stealth-key\/macos'>Einsatz unter macOS<\/a><\/li>\r\n<li><a href='\/de\/produkte\/sichere-usb-sticks\/mxi-stealth-key\/linux'>Einsatz unter Linux<\/a><\/li>\r\n<li><a href='\/de\/produkte\/sichere-usb-sticks\/mxi-stealth-key\/verwaltung'>Zentrale Verwaltungsl\u00f6sung<\/a><\/li>\r\n<li><a href='\/de\/produkte\/sichere-usb-sticks\/mxi-stealth-key\/presse-und-testberichte'>Presse \/ Testberichte<\/a><\/li>\r\n<li><a href='\/de\/produkte\/sichere-usb-sticks\/mxi-stealth-key\/datenblaetter'>Datenbl\u00e4tter<\/a><\/li>\r\n<li><a href='\/de\/produkte\/sichere-usb-sticks\/mxi-stealth-key\/faq'>H\u00e4ufige Fragen (FAQ)<\/a><\/li>\r\n<\/ul>\r\n<ul>\r\n<li><a href='\/de\/kontakt'>Angebot \/ Beratung anfordern<\/a><\/li>\r\n<li><a href='http:\/\/www.ganec-shop.de\/uebersicht-entscheidungshilfe-sichere-USB-Sticks'>Online-Shop<\/a><\/li>\r\n<\/ul>\r\n<ul>\r\n<li><a href='\/de\/produkte\/sichere-usb-sticks'>zur\u00fcck zur \u00dcbersicht<\/a><\/li>\r\n<\/ul>\r\n<\/div>\r\n<div class=\"clear\"><\/div>\r\n<\/div>\r\n<p>\r\nAuf dieser Seite informieren wir Sie \u00fcber die wesentlichen Merkmale der MXI Stealth Key USB-Sticks des nordamerikanischen Herstellers MXI Security. Da wir auf grunds\u00e4tzliche Merkmale von USB-Sticks mit Hardwareverschl\u00fcsselung bereits eingegangen sind, beschr\u00e4nken wir uns auf die wesentlichen Merkmale. Weitere Informationen erhalten Sie, wenn Sie im Men\u00fc auf der rechten Seite auf den jeweiligen Eintrag klicken.<\/p>\r\n<div style=\"margin: 20px 0px 0px 0px\">\r\n<ul class=\"blue\">\r\n<li><a href=\"#shared\">Gemeinsame Merkmale<\/a><\/li>\r\n<li><a href=\"#M550\">MXI Stealth Key M550<\/a><\/li>\r\n<li><a href=\"#M700\">MXI Stealth Key M700 Bio<\/a><\/li>\r\n<\/ul>\r\n<\/div>\r\n<div style=\"margin: 40px 0px 80px 170px\">\r\n<img decoding=\"async\" class=\"product-preview\" src=\"\/de\/wp-content\/uploads\/produkte\/sticks\/mxi\/HS701-MXI-Stealthkey-BIO-1.14_small.jpg\">\r\n<\/div>\r\n<div id=\"shared\" style=\"margin: -30px 0px 0px 0px\">\r\n<p style=\"font-size:1.2em\"><strong>Folgende Merkmale weisen alle von uns angebotenen <br>MXI Stealth Key USB-Sticks auf:<\/p><\/strong>\r\n<p>\r\n<strong>Solides Geh\u00e4use aus Magnesium<\/strong><br \/>\r\nDas Magnesiumgeh\u00e4use sch\u00fctzt die Elektronik vor Manipulationsversuchen und verleiht dem Stick ein hochwertiges Erscheinungsbild. Es ist sto\u00dfsicher, staub- und wasserdicht und vergleichsweise leicht.<\/p>\r\n<p>\r\n<strong>Keine Softwareinstallation \/ keine Administratorrechte notwendig<\/strong><br \/>\r\nZum Einrichten und Betrieb der MXI Stealth Key USB-Sticks werden keine Administratorrechte ben\u00f6tigt. Auch die Installation von zus\u00e4tzlicher Software ist nicht erforderlich. Nach der einmaligen Einrichtung kann der Stick also umgehend eingesetzt werden.<\/p>\r\n<p>\r\n<strong>Unterst\u00fctzung von Windows und MacOS<\/strong><br \/>\r\nAlle MXI Stealth Key USB-Sticks unterst\u00fctzen Windows XP, Windows Vista und Windows 7  jeweils in der 32bit- und 64bit-Version. Zudem wird MacOS 10.5 und 10.6 auf Intel-Systemen unterst\u00fctzt.<\/p>\r\n<p>\r\n<strong>Zentrale Verwaltung<\/strong><br \/>\r\nDie MXI Stealth Key M550 und M700 USB-Sticks k\u00f6nnen mit Hilfe optional erh\u00e4ltlicher Verwaltungsl\u00f6sungen zentral verwaltet werden. Bitte klicken Sie um Men\u00fc auf der rechten Seite auf Verwaltungsl\u00f6sung, um weitere Informationen zu erhalten.<\/p>\r\n<p>\r\n<strong>Anti-Malware-Schutz, Virenscanner<\/strong><br \/>\r\nUm die auf dem Stick gespeicherten Daten vor Schadsoftware zu sch\u00fctzen, besteht die M\u00f6glichkeit, den Stick in einem \u201eNur-Lese-Modus\u201c zu \u00f6ffnen. Somit wird ausgeschlossen, dass Schadsoftware Dateien auf dem Stick ver\u00e4ndern kann bzw. sich unbemerkt auf den Stick kopiert.<br \/>\r\n<br \/>\r\nEin optional erh\u00e4ltlicher Virenscanner sch\u00fctzt sowohl den USB-Stick als auch den Computer, in den er eingesteckt wurde, vor Viren und vergleichbaren Bedrohungen.<\/p>\r\n<p>\r\n<strong>Rollenkonzept<\/strong><br \/>\r\nDas integrierte Rollenkonzept sieht drei verschiedene Rollen vor:<br \/>\r\n<u>Administrator<\/u>: verwaltet Benutzerkonten und schaltet deaktivierte USB-Sticks wieder frei, sofern der USB-Stick entsprechend eingerichtet wurde.<br \/>\r\n<u>User<\/u>: benutzt den USB-Stick, hat dabei nur Zugriff auf \u201eseinen\u201c Bereich.<br \/>\r\n<u>Device Manager<\/u>: kann den den Stick vollst\u00e4ndig in den Auslieferungszustand zur\u00fccksetzen und Spracheinstellungen \u00e4ndern.<br \/>\r\n<br \/>\r\nSelbstverst\u00e4ndlich k\u00f6nnen alle drei Rollen von einer Person wahrgenommen werden.<\/p>\r\n<p>\r\n<strong>Nutzerverwaltung<\/strong><br \/>\r\nDie integrierte Nutzerverwaltung erlaubt die Einrichtung von bis zu 10 Nutzerkonten. Jedes Nutzerkonto verf\u00fcgt \u00fcber ein eigenes Passwort und einen eigenen Speicherbereich. Somit kann der USB-Stick von bis zu 10 Anwendern genutzt werden, die \u00fcber ein jeweils indviduelles Passwort und einen eigenen Speicherbereich verf\u00fcgen.<\/p>\r\n<\/div>\r\n<div id=\"M550\" style=\"margin: 40px 0px 0px 0px\">\r\n<h3>MXI Stealth Key M550<\/h3>\r\n<p>\r\nDie M550-Variante verf\u00fcgt \u00fcber die beschriebenen gemeinsamen Merkmale und dar\u00fcber hinaus \u00fcber folgende Eigenschaften:<\/p>\r\n<p>\r\n<strong>Authentifizierung durch Passwort<\/strong><br \/>\r\nDer Zugriff auf die verschl\u00fcsselte Partition ist nur nach Eingabe des richtigen Passworts m\u00f6glich. Dabei sch\u00fctzt ein Fehlbedienungsz\u00e4hler vor \u201eBrute-Force-Angriffen\u201c, also dem Ausprobieren beliebig vieler Passworte. Sobald die maximal zul\u00e4ssige Anzahl an aufeinander folgenden fehlerhaften Eingaben erreicht ist, wird der Stick bzw. das Nutzerkonto deaktiviert. Die Daten des betroffenen Nutzers bleiben dabei entweder erhalten oder werden \u2013 je nach Konfiguration \u2013 gel\u00f6scht.<\/p>\r\n<p>\r\n<strong>Einsatz als Token und Zertifikatsspeicher<\/strong><br \/>\r\nIn Verbindung mit der optional erh\u00e4ltlichen Software \u201eAccess Identity\u201c kann der USB-Stick RSA-SecurID Soft-Tokens und\/oder digitale Zertifikate speichern.<\/p>\r\n<p>\r\n<strong>Sprachunterst\u00fctzung<\/strong><br \/>\r\nDer MXI Stealth Key M500 unterst\u00fctzt ausschlie\u00dflich die englische Sprache.<\/p>\r\n<\/div>\r\n<div id=\"M700\" style=\"margin: 40px 0px 0px 0px\">\r\n<h3>MXI Stealth Key M700 Bio<\/h3>\r\n<p>\r\nDie M700 Bio-Variante verf\u00fcgt \u00fcber die beschriebenen gemeinsamen Merkmale und dar\u00fcber hinaus \u00fcber folgende Eigenschaften:<\/p>\r\n<p>\r\n<strong>Authentisierung durch Biometrie und\/oder Passwort<\/strong><br \/>\r\nWie sich der Nutzer des Sticks authentisieren muss, kann beim Einrichten des Sticks festgelegt werden. Dabei stehen folgende Optionen zur Verf\u00fcgung:<\/p>\r\n<ul>\r\n<li>Biometrie (Fingerabdruck)<\/li>\r\n<li>Biometrie und Passwort<\/li>\r\n<li>Biometrie oder Passwort<\/li>\r\n<li>Passwort<\/li>\r\n<\/ul>\r\n<p>\r\nDie Anzahl der maximalen Fehlversuche (Biometrie \/ Passwort) kann ebenso wie die Genauigkeit der biometrischen Erkennung konfiguriert werden. Sobald die maximal zul\u00e4ssige Anzahl an aufeinander folgenden fehlerhaften Eingaben erreicht ist, wird der Stick bzw. das Nutzerkonto deaktiviert. Die Daten des betroffenen Nutzers bleiben dabei entweder erhalten oder werden \u2013 je nach Konfiguration \u2013 gel\u00f6scht.<\/p>\r\n<p>\r\n<strong>Einsatz als Token und Zertifikatsspeicher<\/strong><br \/>\r\nIn Verbindung mit der optional erh\u00e4ltlichen Software \u201eAccess Identity\u201c kann der USB-Stick RSA-SecurID Soft-Tokens und\/oder digitale Zertifikate speichern. Dar\u00fcber hinaus stehen in Verbindung mit der erw\u00e4hnten Software folgende kryptographische Dienste bzw. Funktionen zur Verf\u00fcgung: sicherer Schl\u00fcsselspeicher f\u00fcr geheime Schl\u00fcssel, Speicherung von X.509 Zertifikaten, OATH Einmal-Passwort-Erzeugung, RSA-Schl\u00fcssel Erzeugung, Erzeugung von Zufallszahlen, Hardwareunterst\u00fctzung f\u00fcr verschiedene kryptographische Algorithmen und Dienste (z.B. RSA, SHA-1, SHA-256, HMAC Berechnung).<\/p>\r\n<p>\r\n<strong>Sprachunterst\u00fctzung<\/strong><br \/>\r\nDer MXI Stealth Key M700 Bio unterst\u00fctzt Englisch, Franz\u00f6sisch, Japanisch, Koreanisch, Chinesisch (vereinfacht) und Chinesisch (traditionell).<\/p>\r\n<\/div>","protected":false},"excerpt":{"rendered":"StealthKey Informationen Merkmale Technische Daten Einsatz unter Windows Einsatz unter","protected":false},"author":1,"featured_media":0,"parent":23,"menu_order":0,"comment_status":"closed","ping_status":"closed","template":"","meta":{"footnotes":""},"class_list":["post-676","page","type-page","status-publish","hentry","no-wpautop","","tg-column-two"],"_links":{"self":[{"href":"https:\/\/www.ganec.de\/de\/wp-json\/wp\/v2\/pages\/676","targetHints":{"allow":["GET"]}}],"collection":[{"href":"https:\/\/www.ganec.de\/de\/wp-json\/wp\/v2\/pages"}],"about":[{"href":"https:\/\/www.ganec.de\/de\/wp-json\/wp\/v2\/types\/page"}],"author":[{"embeddable":true,"href":"https:\/\/www.ganec.de\/de\/wp-json\/wp\/v2\/users\/1"}],"replies":[{"embeddable":true,"href":"https:\/\/www.ganec.de\/de\/wp-json\/wp\/v2\/comments?post=676"}],"version-history":[{"count":8,"href":"https:\/\/www.ganec.de\/de\/wp-json\/wp\/v2\/pages\/676\/revisions"}],"predecessor-version":[{"id":777,"href":"https:\/\/www.ganec.de\/de\/wp-json\/wp\/v2\/pages\/676\/revisions\/777"}],"up":[{"embeddable":true,"href":"https:\/\/www.ganec.de\/de\/wp-json\/wp\/v2\/pages\/23"}],"wp:attachment":[{"href":"https:\/\/www.ganec.de\/de\/wp-json\/wp\/v2\/media?parent=676"}],"curies":[{"name":"wp","href":"https:\/\/api.w.org\/{rel}","templated":true}]}}