{"id":671,"date":"2018-02-17T16:54:49","date_gmt":"2018-02-17T14:54:49","guid":{"rendered":"http:\/\/dev1.ganec.de\/de\/?page_id=671"},"modified":"2018-12-09T15:14:55","modified_gmt":"2018-12-09T13:14:55","slug":"blockmaster-safestick","status":"publish","type":"page","link":"https:\/\/www.ganec.de\/de\/produkte\/sichere-usb-sticks\/blockmaster-safestick","title":{"rendered":"Blockmaster SafeStick \u2013 \u00dcbersicht \u00fcber wesentliche Merkmale"},"content":{"rendered":"<div id=\"right-col\" class=\"custom-sidebar\">\r\n<div id=\"sidebar\">\r\n<h3 class=\"widget-title\">SafeStick Informationen<\/h3>\r\n<ul>\r\n<li><a href='\/de\/produkte\/sichere-usb-sticks\/blockmaster-safestick'>Merkmale<\/a><\/li>\r\n<li><a href='\/de\/produkte\/sichere-usb-sticks\/blockmaster-safestick\/technische-daten'>Technische Daten<\/a><\/li>\r\n<li><a href='\/de\/produkte\/sichere-usb-sticks\/blockmaster-safestick\/windows'>Einsatz unter Windows<\/a><\/li>\r\n<li><a href='\/de\/produkte\/sichere-usb-sticks\/blockmaster-safestick\/macos'>Einsatz unter macOS<\/a><\/li>\r\n<li><a href='\/de\/produkte\/sichere-usb-sticks\/blockmaster-safestick\/linux'>Einsatz unter Linux<\/a><\/li>\r\n<li><a href='\/de\/produkte\/sichere-usb-sticks\/blockmaster-safestick\/verwaltung'>Zentrale Verwaltungsl\u00f6sung<\/a><\/li>\r\n<li><a href='\/de\/produkte\/sichere-usb-sticks\/blockmaster-safestick\/presse-und-testberichte'>Presse \/ Testberichte<\/a><\/li>\r\n<li><a href='\/de\/produkte\/sichere-usb-sticks\/blockmaster-safestick\/datenblaetter'>Datenbl\u00e4tter<\/a><\/li>\r\n<li><a href='\/de\/produkte\/sichere-usb-sticks\/blockmaster-safestick\/faq'>H\u00e4ufige Fragen (FAQ)<\/a><\/li>\r\n<\/ul>\r\n<ul>\r\n<li><a href='\/de\/kontakt'>Angebot \/ Beratung anfordern<\/a><\/li>\r\n<li><a href='http:\/\/www.ganec-shop.de\/uebersicht-entscheidungshilfe-sichere-USB-Sticks'>Online-Shop<\/a><\/li>\r\n<\/ul>\r\n<ul>\r\n<li><a href='\/de\/produkte\/sichere-usb-sticks'>zur\u00fcck zur \u00dcbersicht<\/a><\/li>\r\n<\/ul>\r\n<\/div>\r\n<div class=\"clear\"><\/div>\r\n<\/div>\r\n<p>\r\nAuf dieser Seite informieren wir Sie \u00fcber die wesentlichen Merkmale des SafeSticks USB-Sticks des schwedischen Herstellers Blockmaster. Da wir auf grunds\u00e4tzliche Merkmale von USB-Sticks mit Hardwareverschl\u00fcsselung bereits eingegangen sind, beschr\u00e4nken wir uns auf die wesentlichen Merkmale. Weitere Informationen erhalten Sie, wenn Sie im Men\u00fc auf der rechten Seite auf den jeweiligen Eintrag klicken.<\/p>\r\n<div style=\"margin: 20px 0px 0px 0px\">\r\n<ul class=\"blue\">\r\n<li><a href=\"#shared\">Gemeinsame Merkmale<\/a><\/li>\r\n<li><a href=\"#standard\">SafeStick Standard<\/a><\/li>\r\n<li><a href=\"#supersonic\">SafeStick Supersonic<\/a><\/li>\r\n<\/ul>\r\n<\/div>\r\n<div style=\"margin: 60px 0px 75px 150px\">\r\n<img decoding=\"async\" style=\"max-width: 245px\" class=\"product-preview\" src=\"\/de\/wp-content\/uploads\/produkte\/sticks\/blockmaster\/SafeStick.jpg\">\r\n<\/div>\r\n<div id=\"shared\" style=\"margin: -30px 0px 0px 0px\">\r\n<p style=\"font-size:1.2em\"><strong>Gemeinsame Merkmale aller SafeSticks:<\/p><\/strong>\r\n<p>\r\n<strong>Solides Metallgeh\u00e4use<\/strong><br \/>\r\nDas Geh\u00e4use des SafeSticks sch\u00fctzt die Elektronik vor Umwelteinfl\u00fcssen und Manipulationsversuchen. Es ist wasserdicht, sto\u00dfsicher und sehr kompakt. Dadruch wird  der Einsatz an USB-Anschl\u00fcssen erleichtert, in deren Umgebung wenig Platz zur Verf\u00fcgung steht.<\/p>\r\n<p>\r\n<strong>Elektronik gesch\u00fctzt durch Epoxid-Harz<\/strong><br \/>\r\nDie sicherheitsrelevanten elektronischen Bauteile des USB-Sticks sind mit Epoxid-Harz vergossen. Dies erschwert es Angreifern erheblich, auf die verwendeten Bauteile zuzugreifen<\/p>\r\n<p>\r\n<strong>Unterst\u00fctzung von Windows, MacOS und Linux<\/strong><br \/>\r\nSafeSticks k\u00f6nnen ohne Installation von Treibern oder zus\u00e4tzlicher Software unter Windows und MacOS eingesetzt werden. Die Unterst\u00fctzung von Linux ist geplant und derzeit (Stand: 14.04.2011) in einer Betaversion schon realisiert. Wenn Sie im rechten Men\u00fc auf \u201eEinsatz unter [Betriebssystem]\u201c klicken, erfahren Sie, wie sich der Einsatz unter dem jeweiligen Betriebssystem darstellt.<\/p>\r\n<p>\r\n<strong>Konfigurierbare automatische Sperre bei Inaktivit\u00e4t<\/strong><br \/>\r\nBei Bedarf kann der Anwender eine automatische Sperre bei Inaktivit\u00e4t aktivieren. Nach Ablauf der voreingestellten Zeit (stufenweise einstellbar von 1 \u2013 60 Minuten) verschlie\u00dft sich der SafeStick automatisch, wodurch ein Zugriff auf die gespeicherten Daten erst wieder m\u00f6glich ist, wenn der Nutzer das korrekte Passwort eingibt.<\/p>\r\n<p>\r\n<strong>Umfangreiche Sprachunterst\u00fctzung<\/strong><br \/>\r\nVom Anwender k\u00f6nnen folgende Sprachen eingestellt werden: Deutsch, Englisch, D\u00e4nisch, Finnisch, Franz\u00f6sisch, Italienisch, Polnisch, Portugiesisch, Russisch, Spanisch, Schwedisch. Bitte beachten Sie, dass die Dokumentation und Lizenzdokumente nicht \u00fcbersetzt wurden.<\/p>\r\n<p>\r\n<strong>Eingeschr\u00e4nkte Anzahl an Fehlversuchen<\/strong><br \/>\r\nAus Sicherheitsgr\u00fcnden ist die Anzahl der aufeinander folgenden Fehlversuche begrenzt. Somit k\u00f6nnen Angreifer nicht beliebig h\u00e4ufig verschiedene Passworte ausprobieren (Brute-Force-Angriff). Sobald die maximale Anzahl an Fehlversuchen erreicht ist, wird der SafeStick gesperrt und muss vom Nutzer zur\u00fcck gesetzt werden. Im Rahmen der Zur\u00fccksetzung werden alle Daten gel\u00f6scht und der Auslieferungszustand wieder.<\/p>\r\n<p>\r\n<strong>Zentrale Verwaltbarkeit<\/strong><br \/>\r\nSafeSticks sind zentral verwaltbar. Im Rahmen der zentralen Verwaltung lassen sich zum Beispiel Passwortrichtlinien festlegen, dass Passwort zur\u00fccksetzen und zahlreiche Zusatzfunktionen aktivieren. Bitte klicken Sie im Men\u00fc auf der rechten Seite auf \u201eVerwaltungsl\u00f6sung\u201c, wenn Sie weitere Informationen hier\u00fcber ben\u00f6tigen.<\/p>\r\n<\/div>\r\n<div id=\"standard\" style=\"margin: 40px 0px 0px 0px\">\r\n<h3>Standard Variante<\/h3>\r\n<p>\r\nDie Standard Variante verf\u00fcgt \u00fcber alle beschriebenen gemeinsamen Merkmale und ist in den Gr\u00f6\u00dfen 1, 2, 4, 8, 16, 32 und 64 GB Speicher erh\u00e4ltlich. Die Standard Variante verwendet MLC-Flashspeicher.<\/p>\r\n<\/div>\r\n<div id=\"supersonic\" style=\"margin: 40px 0px 0px 0px\">\r\n<h3>Supersonic Variante<\/h3>\r\n<p>\r\nDie Supersonic Variante verf\u00fcgt \u00fcber alle Merkmale der Standard Variante, ist jedoch  erheblich schneller bezogen auf die Lese- und Schreibgeschwindigkeit. SafeStick Supersonic USB-Sticks sind derzeit (15.04.2011) mit 4 und 8 GB Speicher erh\u00e4ltlich. In der Supersonic Variante kommt schneller SLC-Flashspeicher zum Einsatz. <\/p>\r\n<\/div>","protected":false},"excerpt":{"rendered":"SafeStick Informationen Merkmale Technische Daten Einsatz unter Windows Einsatz unter","protected":false},"author":1,"featured_media":0,"parent":23,"menu_order":0,"comment_status":"closed","ping_status":"closed","template":"","meta":{"footnotes":""},"class_list":["post-671","page","type-page","status-publish","hentry","no-wpautop","","tg-column-two"],"_links":{"self":[{"href":"https:\/\/www.ganec.de\/de\/wp-json\/wp\/v2\/pages\/671","targetHints":{"allow":["GET"]}}],"collection":[{"href":"https:\/\/www.ganec.de\/de\/wp-json\/wp\/v2\/pages"}],"about":[{"href":"https:\/\/www.ganec.de\/de\/wp-json\/wp\/v2\/types\/page"}],"author":[{"embeddable":true,"href":"https:\/\/www.ganec.de\/de\/wp-json\/wp\/v2\/users\/1"}],"replies":[{"embeddable":true,"href":"https:\/\/www.ganec.de\/de\/wp-json\/wp\/v2\/comments?post=671"}],"version-history":[{"count":11,"href":"https:\/\/www.ganec.de\/de\/wp-json\/wp\/v2\/pages\/671\/revisions"}],"predecessor-version":[{"id":784,"href":"https:\/\/www.ganec.de\/de\/wp-json\/wp\/v2\/pages\/671\/revisions\/784"}],"up":[{"embeddable":true,"href":"https:\/\/www.ganec.de\/de\/wp-json\/wp\/v2\/pages\/23"}],"wp:attachment":[{"href":"https:\/\/www.ganec.de\/de\/wp-json\/wp\/v2\/media?parent=671"}],"curies":[{"name":"wp","href":"https:\/\/api.w.org\/{rel}","templated":true}]}}