{"id":662,"date":"2018-02-17T16:36:27","date_gmt":"2018-02-17T14:36:27","guid":{"rendered":"http:\/\/dev1.ganec.de\/de\/?page_id=662"},"modified":"2018-12-09T15:18:52","modified_gmt":"2018-12-09T13:18:52","slug":"kanguru-defender","status":"publish","type":"page","link":"https:\/\/www.ganec.de\/de\/produkte\/sichere-usb-sticks\/kanguru-defender","title":{"rendered":"Kanguru Defender USB-Sticks \u2013 \u00dcbersicht \u00fcber wesentliche Merkmale"},"content":{"rendered":"<div id=\"right-col\" class=\"custom-sidebar\">\r\n<div id=\"sidebar\">\r\n<h3 class=\"widget-title\">Kanguru Informationen<\/h3>\r\n<ul>\r\n<li><a href='\/de\/produkte\/sichere-usb-sticks\/kanguru-defender'>Merkmale<\/a><\/li>\r\n<li><a href='\/de\/produkte\/sichere-usb-sticks\/kanguru-defender\/technische-daten'>Technische Daten<\/a><\/li>\r\n<li><a href='\/de\/produkte\/sichere-usb-sticks\/kanguru-defender\/windows'>Einsatz unter Windows<\/a><\/li>\r\n<li><a href='\/de\/produkte\/sichere-usb-sticks\/kanguru-defender\/macos'>Einsatz unter macOS<\/a><\/li>\r\n<li><a href='\/de\/produkte\/sichere-usb-sticks\/kanguru-defender\/linux'>Einsatz unter Linux<\/a><\/li>\r\n<li><a href='\/de\/produkte\/sichere-usb-sticks\/kanguru-defender\/verwaltung'>Zentrale Verwaltungsl\u00f6sung<\/a><\/li>\r\n<li><a href='\/de\/produkte\/sichere-usb-sticks\/kanguru-defender\/presse-und-testberichte'>Presse \/ Testberichte<\/a><\/li>\r\n<li><a href='\/de\/produkte\/sichere-usb-sticks\/kanguru-defender\/datenblaetter'>Datenbl\u00e4tter<\/a><\/li>\r\n<li><a href='\/de\/produkte\/sichere-usb-sticks\/kanguru-defender\/faq'>H\u00e4ufige Fragen (FAQ)<\/a><\/li>\r\n<\/ul>\r\n<ul>\r\n<li><a href='\/de\/kontakt'>Angebot \/ Beratung anfordern<\/a><\/li>\r\n<li><a href='http:\/\/www.ganec-shop.de\/uebersicht-entscheidungshilfe-sichere-USB-Sticks'>Online-Shop<\/a><\/li>\r\n<\/ul>\r\n<ul>\r\n<li><a href='\/de\/produkte\/sichere-usb-sticks'>zur\u00fcck zur \u00dcbersicht<\/a><\/li>\r\n<\/ul>\r\n<\/div>\r\n<div class=\"clear\"><\/div>\r\n<\/div>\r\n<p>\r\nAuf dieser Seite informieren wir Sie \u00fcber die wesentlichen Merkmale der Kanguru Defender USB-Sticks des amerikanischen Herstellers Kanguru Solutions. Da wir auf grunds\u00e4tzliche Merkmale von USB-Sticks mit Hardwareverschl\u00fcsselung bereits eingegangen sind, beschr\u00e4nken wir uns auf die wesentlichen Merkmale. Weitere Informationen erhalten Sie, wenn Sie im Men\u00fc auf der rechten Seite auf den jeweiligen Eintrag klicken.<\/p>\r\n<div style=\"margin: 20px 0px 0px 0px\">\r\n<ul class=\"blue\">\r\n<li><a href=\"#shared\">Gemeinsame Merkmale<\/a><\/li>\r\n<li><a href=\"#basic\">Kanguru Defender Basic<\/a><\/li>\r\n<li><a href=\"#v2\">Kanguru Defender V2<\/a><\/li>\r\n<li><a href=\"#elite\">Kanguru Defender Elite<\/a><\/li>\r\n<li><a href=\"#2000\">Kanguru Defender 2000<\/a><\/li>\r\n<\/ul>\r\n<\/div>\r\n<div style=\"margin: 30px 0px 40px 190px\">\r\n<img decoding=\"async\" class=\"product-preview\" src=\"\/de\/wp-content\/uploads\/produkte\/sticks\/kanguru\/kd-1g-blue-elite_mkd.jpg\">\r\n<\/div>\r\n<div id=\"shared\" style=\"margin: 20px 0px 0px 0px\">\r\n<p style=\"font-size:1.2em\"><strong>Folgende Merkmale weisen alle Kanguru Defender USB-Sticks auf:<\/p><\/strong>\r\n<p>\r\n<strong>Solides Aluminiumgeh\u00e4use<\/strong><br \/>\r\nDas Aluminiumgeh\u00e4use des Kanguru Defender Basic, V2 und Elite sch\u00fctzt die Elektronik vor Umwelteinfl\u00fcssen. Es ist sto\u00dfsicher und verleiht dem Stick ein hochwertiges Erscheinungsbild. Die Verschlusskappe ist bei den Modellen mit 1 &#8211; 16 GB Speicherkapazit\u00e4t aus Kunststoff, bei den Modellen ab 32 GB aus Aluminium.<\/p>\r\n<p>\r\n<strong>Hohe Lesegeschwindigkeit<\/strong><br \/>\r\nDie Lesegeschwindigkeit ist im Vergleich zu vielen anderen (sicheren) USB-Sticks hoch. Wir gehen davon aus, dass dies durch die Verwendung von MLC-Speicher im Dual-Channel-Modus erreicht wird.<\/p>\r\n<p>\r\n<strong>Physischer Schreibschutz<\/strong><br \/>\r\nMit Hilfe eines seitlich angebrachten Schiebers kann in den Varaianten Basic, V2 und Elite ein Schreibschutz aktiviert werden. Diese Funktion ist besonders n\u00fctzlich, wenn man den Stick in Umgebungen einsetzen m\u00f6chte, denen man nicht vertraut. Dies k\u00f6nnen beispielsweise Rechner in Internetcafes oder Business-Centern von Hotels sein. Die auf dem Stick gespeicherten Daten werden damit vor Schadsoftware, die Dateien auf dem Stick infizieren k\u00f6nnte, gesch\u00fctzt.<\/p>\r\n<p>\r\n<strong>Integrierte Anti-Viren L\u00f6sung (Windows)<\/strong><br \/>\r\nAuf jedem Stick ist ein Anti-Virus Programm des Anbieters BitDefender installiert, das unter Windows genutzt werden kann. Im Kaufpreis des Sticks ist die Nutzung einschlie\u00dflich des Bezugs von Updates f\u00fcr die Dauer von 12 Monaten ab Lieferung enthalten. Das Programm sch\u00fctzt die auf dem Stick gespeicherten Daten vor der Infektion durch Schadsoftware. Zudem besteht die M\u00f6glichkeit, die Dateien des Computers, in den der USB-Stick eingesteckt wurde, auf Viren zu \u00fcberpr\u00fcfen. \r\nDie Aktivierung des Virenscanner ist optional und kann bei der Einrichtung aktiviert bzw. deaktiviert werden. Es besteht keine Verpflichtung, den Virenscanner nach Ablauf der ersten (kostenfreien) 12 Monate weiterhin gegen Geb\u00fchr zu nutzen.<\/p>\r\n<p>\r\n<strong>Eingeschr\u00e4nkte Anzahl an Fehlversuchen<\/strong><br \/>\r\nAus Sicherheitsgr\u00fcnden ist die Anzahl der aufeinander folgenden Fehlversuche begrenzt. Somit k\u00f6nnen Angreifer nicht beliebig h\u00e4ufig verschiedene Passworte ausprobieren (Brute-Force-Angriff). Sobald die maximale Anzahl an Fehlversuchen erreicht ist, werden die Daten auf dem Stick und das Passwort gel\u00f6scht und der Stick automatisch in den Auslieferungszustand versetzt.<\/p>\r\n<p>\r\n<strong>Keine Softwareinstallation \/ keine Administrationsrechte notwendig<\/strong><br \/>\r\nZum Einrichten und Betrieb der Kanguru Defender USB-Sticks werden weder Administrationsrechte ben\u00f6tigt noch ist die Installation von zus\u00e4tzlicher Software erforderlich. Nach dem einmaligen Einrichtung kann der Stick also umgehend verwendet werden.<\/p>\r\n<p>\r\n<strong>Unterst\u00fctzung von Windows und MacOS<\/strong><br \/>\r\nAlle Kanguru Defender USB-Sticks unterst\u00fctzen folgende Windows-Versionen: Windows 2000 SP4, Windows XP,  Windows Vista,  Windows Server 2003 und Windows 7 jeweils in der 32bit- und 64bit-Version.<br \/>Mit den j\u00fcngsten Softwareupdates zum Kanguru Defender Basic (1.2.0.2-7) und dem Kanguru Defender V2 (2.0.0.6-2) wird MacOS ab Version 10.5 (nur Intel-Systeme) nun auch von den beiden &#8222;kleineren&#8220; Versionen des Kanguru Defenders unterst\u00fctzt &#8211; der Kanguru Defender Elite bringt diese Unterst\u00fctzung bereits ab Werk mit.<\/p>\r\n<\/div>\r\n<div id=\"basic\" style=\"margin: 40px 0px 0px 0px\">\r\n<h3>Kanguru Defender Basic<\/h3>\r\n<p>\r\nDie Basic-Variante verf\u00fcgt \u00fcber die beschriebenen gemeinsamen Merkmale aller Kanguru Defender Sticks und ist besonders preiswert. Sie wendet sich damit an Anwender, denen die Basisfunktionalit\u00e4t gen\u00fcgt, die keine Sicherheitszertifizerung ben\u00f6tigen und f\u00fcr die ein niedriger Preis besonders wichtig ist.<\/p>\r\n<\/div>\r\n<div id=\"v2\" style=\"margin: 40px 0px 0px 0px\">\r\n<h3>Kanguru Defender V2<\/h3>\r\n<p>\r\nDer Kanguru Defender V2 basiert auf der Basic-Variante und l\u00e4sst sich zentral verwalten. Im Rahmen der zentralen Verwaltung lassen sich zum Beispiel Passwort- und andere Sicherheitsrichtlinien festlegen, ein Masterpasswort definieren und die Sticks aus der Ferne zur\u00fccksetzen. Bitte klicken Sie im Men\u00fc auf der rechten Seite auf \u201eVerwaltungsl\u00f6sung\u201c, wenn Sie weitere Informationen hier\u00fcber ben\u00f6tigen.<\/p>\r\n<\/div>\r\n<div id=\"elite\" style=\"margin: 40px 0px 0px 0px\">\r\n<h3>Kanguru Defender Elite<\/h3>\r\n<p>\r\nDer Kanguru Defender Elite verf\u00fcgt von den bisher vorgestellten Sticks \u00fcber den h\u00f6chsten Funktionsumfang und die h\u00f6chste Sicherheit:<\/p>\r\n<p>\r\n<strong>FIPS 140-2 Level 2 zertifiziert<\/strong><br \/>\r\nDer USB-Sticks ist als Gesamtsystem FIPS 140-2 Level 2 zertifiziert. In vier von insgesamt neun getesteten Disziplinen erreicht er Level 3. <\/p>\r\n<p>\r\n<strong>Elektronik gesch\u00fctzt durch Epoxid-Harz<\/strong><br \/>\r\nDas elektronische Innenleben des USB-Sticks ist mit Epoxid-Harz vergossen. Dies erschwert es Angreifern erheblich, Zugriff auf die verwendeten Bauteile zu erlangen. Zudem f\u00fchrt das \u00d6ffnen des Geh\u00e4uses mit hoher Wahrscheinlichkeit zum Bruch der Platine, was Angriffsversuche zus\u00e4tzlich erschwert.<\/p>\r\n<p>\r\n<strong>Unterst\u00fctzung von Linux (und MacOS ab Werk)<\/strong><br \/>\r\nNeben der nativen MacOS Unterst\u00fctzung (nur Intel-Systeme) kann der Kanguru Defender Elite auch unter Linux ab Version 10 (Ubuntu) bzw. 5 (Red Hat) eingesetzt werden. Bitte informieren Sie sich im Men\u00fc rechts durch Klick auf \u201eEinsatz unter&#8230;\u201c, wie sich die Handhabung unter diesen Betriebssystemen darstellt.<\/p>\r\n<p>\r\n<strong>Zentrale Verwaltbarkeit<\/strong><br \/>\r\nKanguru Defender Elite USB-Sticks sind zentral verwaltbar. Im Rahmen der zentralen Verwaltung lassen sich zum Beispiel Passwort- und andere Sicherheitsrichtlinien festlegen, ein Masterpasswort definieren und die Sticks aus der Ferne zur\u00fccksetzen. Bitte klicken Sie im Men\u00fc auf der rechten Seite auf \u201eVerwaltungsl\u00f6sung\u201c, wenn Sie weitere Informationen hier\u00fcber ben\u00f6tigen.<\/p>\r\n<\/div>\r\n<div style=\"margin: 40px 0px 0px 0px\" id=\"2000\">\r\n<h3>Kanguru Defender 2000<\/h3>\r\n<p>\r\nDer Kanguru Defender 2000 basiert in Sachen Funktionsumfang und Sicherheit auf dem Kanguru Defender Elite und erg\u00e4nzt dessen Eigenschaften um folgende Merkmale, mit denen auch die allerh\u00f6chsten Anspr\u00fcche an einen sicheren USB-Stick bedient werden.<\/p>\r\n<p>\r\n<strong>Wasserdichtes Metallgeh\u00e4use<\/strong><br \/>\r\nDer Kanguru Defender 2000 sticht besonders durch sein hochwertiges Erscheinungsbild hervor, welches ihm durch das solide und \u00e4u\u00dferst manipulationssichere Metallgeh\u00e4use verliehen wird. Eine Gummiummantelung unmittelbar unter der sto\u00dfsicheren Au\u00dfenhaut auf Nickelbasis bietet dem Innenleben des Kanguru Defender 2000 zudem optimalen Schutz vor Wasser und Staub.<br \/>\r\nAus produktionstechnischen Gr\u00fcnden verf\u00fcgt der Kanguru Defender 2000 \u00fcber keinen Schreibschutzschalter.<\/p>\r\n<p>\r\n<strong>Noch h\u00f6here Lese- und Schreibgeschwindigkeiten<\/strong><br \/>\r\nF\u00fcr einen nochmals gesteigerten Datendurchsatz wird im Kanguru Defender 2000 auf eine 4-Kanal Anbindung des MLC-Speichers gesetzt, um den Grenzen des \u00fcber den USB 2.0 Anschluss theoretisch erreichbarem Transfervolumen m\u00f6glichst nahe zu kommen. Unsere Tests zeigten im direkten Vergleich zum Kanguru Defender Elite einen Geschwindigkeitszuwachs von \u00fcber 35% beim Lesen und \u00fcber 70% beim schreibenden Zugriff auf den Stick.<\/p>\r\n<\/div>","protected":false},"excerpt":{"rendered":"Kanguru Informationen Merkmale Technische Daten Einsatz unter Windows Einsatz unter","protected":false},"author":1,"featured_media":0,"parent":23,"menu_order":0,"comment_status":"closed","ping_status":"closed","template":"","meta":{"footnotes":""},"class_list":["post-662","page","type-page","status-publish","hentry","no-wpautop","","tg-column-two"],"_links":{"self":[{"href":"https:\/\/www.ganec.de\/de\/wp-json\/wp\/v2\/pages\/662","targetHints":{"allow":["GET"]}}],"collection":[{"href":"https:\/\/www.ganec.de\/de\/wp-json\/wp\/v2\/pages"}],"about":[{"href":"https:\/\/www.ganec.de\/de\/wp-json\/wp\/v2\/types\/page"}],"author":[{"embeddable":true,"href":"https:\/\/www.ganec.de\/de\/wp-json\/wp\/v2\/users\/1"}],"replies":[{"embeddable":true,"href":"https:\/\/www.ganec.de\/de\/wp-json\/wp\/v2\/comments?post=662"}],"version-history":[{"count":9,"href":"https:\/\/www.ganec.de\/de\/wp-json\/wp\/v2\/pages\/662\/revisions"}],"predecessor-version":[{"id":778,"href":"https:\/\/www.ganec.de\/de\/wp-json\/wp\/v2\/pages\/662\/revisions\/778"}],"up":[{"embeddable":true,"href":"https:\/\/www.ganec.de\/de\/wp-json\/wp\/v2\/pages\/23"}],"wp:attachment":[{"href":"https:\/\/www.ganec.de\/de\/wp-json\/wp\/v2\/media?parent=662"}],"curies":[{"name":"wp","href":"https:\/\/api.w.org\/{rel}","templated":true}]}}