{"id":641,"date":"2018-02-17T12:54:28","date_gmt":"2018-02-17T10:54:28","guid":{"rendered":"http:\/\/dev1.ganec.de\/de\/?page_id=641"},"modified":"2018-12-09T23:23:11","modified_gmt":"2018-12-09T21:23:11","slug":"ironkey","status":"publish","type":"page","link":"https:\/\/www.ganec.de\/de\/produkte\/sichere-usb-sticks\/ironkey","title":{"rendered":"IronKey &#8211; \u00dcbersicht \u00fcber wesentliche Merkmale"},"content":{"rendered":"<div id=\"right-col\" class=\"custom-sidebar\">\r\n<div id=\"sidebar\">\r\n<h3 class=\"widget-title\">IronKey Informationen<\/h3>\r\n<ul>\r\n<li><a href='\/de\/produkte\/sichere-usb-sticks\/ironkey'>Merkmale<\/a><\/li>\r\n<li><a href='\/de\/produkte\/sichere-usb-sticks\/ironkey\/technische-daten'>Technische Daten<\/a><\/li>\r\n<li><a href='\/de\/produkte\/sichere-usb-sticks\/ironkey\/windows'>Einsatz unter Windows<\/a><\/li>\r\n<li><a href='\/de\/produkte\/sichere-usb-sticks\/ironkey\/macos'>Einsatz unter macOS<\/a><\/li>\r\n<li><a href='\/de\/produkte\/sichere-usb-sticks\/ironkey\/linux'>Einsatz unter Linux<\/a><\/li>\r\n<li><a href='\/de\/produkte\/sichere-usb-sticks\/ironkey\/verwaltung'>Zentrale Verwaltungsl\u00f6sung<\/a><\/li>\r\n<li><a href='\/de\/produkte\/sichere-usb-sticks\/ironkey\/presse-und-testberichte'>Presse \/ Testberichte<\/a><\/li>\r\n<li><a href='\/de\/produkte\/sichere-usb-sticks\/ironkey\/datenblaetter'>Datenbl\u00e4tter<\/a><\/li>\r\n<li><a href='\/de\/produkte\/sichere-usb-sticks\/ironkey\/faq'>H\u00e4ufige Fragen (FAQ)<\/a><\/li>\r\n<\/ul>\r\n<ul>\r\n<li><a href='\/de\/kontakt'>Angebot \/ Beratung anfordern<\/a><\/li>\r\n<li><a href='http:\/\/www.ganec-shop.de\/uebersicht-entscheidungshilfe-sichere-USB-Sticks'>Online-Shop<\/a><\/li>\r\n<\/ul>\r\n<ul>\r\n<li><a href='\/de\/produkte\/sichere-usb-sticks'>zur\u00fcck zur \u00dcbersicht<\/a><\/li>\r\n<\/ul>\r\n<\/div>\r\n<div class=\"clear\"><\/div>\r\n<\/div>\r\n<p>\r\nAuf dieser Seite informieren wir Sie \u00fcber die wesentlichen Merkmale des IronKey USB-Sticks des gleichnamigen amerikanischen Herstellers. Da wir auf grunds\u00e4tzliche Merkmale von USB-Sticks mit Hardwareverschl\u00fcsselung bereits eingegangen sind, beschr\u00e4nken wir uns auf die wesentlichen Merkmale. Weitere Informationen erhalten Sie, wenn Sie im Men\u00fc auf der rechten Seite auf den jeweiligen Eintrag klicken.<\/p>\r\n<div style=\"margin: 20px 0px 0px 0px\">\r\n<ul class=\"blue\">\r\n<li><a href=\"#shared\">Gemeinsame Merkmale<\/a><\/li>\r\n<li><a href=\"#basic\">IronKey Basic<\/a><\/li>\r\n<li><a href=\"#personal\">IronKey Personal<\/a><\/li>\r\n<li><a href=\"#enterprise\">IronKey Enterprise<\/a><\/li>\r\n<\/ul>\r\n<\/div>\r\n<div style=\"margin: -35px 0px 0px 200px\">\r\n<img decoding=\"async\" class=\"product-preview\" src=\"\/de\/wp-content\/uploads\/produkte\/sticks\/ironkey\/s200-isometric-small.jpg\">\r\n<\/div>\r\n<div style=\"margin: 50px 0px 0px 0px\" id=\"shared\">\r\n<p style=\"font-size:1.2em\"><strong>Folgende Merkmale weisen alle IronKey USB-Sticks auf:<\/strong><\/p>\r\n<p>\r\n<strong>Solides Metallgeh\u00e4use<\/strong><br \/>\r\nDas Geh\u00e4use des IronKey sch\u00fctzt die Elektronik vor Umwelteinfl\u00fcssen und Manipulationsversuchen. Es ist wasserdicht, staubdicht und sto\u00dfsicher und verleiht dem Stick auch aufgrund seines Gewichts ein hochwertiges Erscheinungsbild.<\/p>\r\n<p>\r\n<strong>Hohe Lese- und Schreibgeschwindigkeit<\/strong><br \/>\r\nDurch die Dual-Channel Speicherarchitektur und die Verwendung hochwertigen Flash-Speichers sind sowohl die Lese- als auch die Schreibgeschwindigkeit vergleichsweise hoch. Es stehen zwei Varianten zur Verf\u00fcgung: die D200 Variante verf\u00fcgt \u00fcber MLC-Flashspeicher und ist g\u00fcnstiger als die S200 Variante, die mit dem schnelleren SLC-Speicher ausgestattet ist.<\/p>\r\n<p>\r\n<strong>Hohe Sicherheitszertifizierung<\/strong><br \/>\r\nAlle IronKeys sind vollst\u00e4ndig FIPS 140-2 Level 3 zertifiziert. Die S200 Variante ist zudem offiziell von der NATO zum Einsatz zugelassen. Nach unserem Kenntnisstand gibt es derzeit (April 2011) keinen sicheren USB-Stick, der \u00fcber eine genauso hohe bzw. h\u00f6herer FIPS 140-2 Zertifizierung verf\u00fcgt.<\/p>\r\n<p>\r\n<strong>Schutz vor Schadsoftware<\/strong><br \/>\r\nDer IronKey verf\u00fcgt \u00fcber einen aktiven Schutz vor Schadsoftware, indem er verhindert, dass Schadprogramme automatisch starten, nachdem der USB-Stick eingesteckt wird. Dies wird erreicht, indem die Datei \u201eautorun.inf\u201c, die den automatischen Programmstart regelt, \u00fcberwacht und bei Bedarf automatisch repariert wird. Zus\u00e4tzlich l\u00e4sst sich der Stick in einem \u201eNur-Lese-Modus\u201c \u00f6ffnen, sodass Schreibzugriffe auf den USB-Stick in diesem Modus generell unterbunden werden.<br \/>\r\nDas Login-Programm und andere wichtige Software befinden sich auf dem CD-ROM Bereich des IronKey, sodass Schadsoftware diese nicht ver\u00e4ndern kann.\r\nUnter Windows steht eine virtuelle Tastatur zur Verf\u00fcgung, die als Alternative zur normalen Tastatur genutzt werden kann. Dies erschwert es Schadprogrammen, die Eingaben des Nutzers zu protokollieren.<\/p>\r\n<p>\r\n<strong>Selbstzerst\u00f6rung<\/strong><br \/>\r\nDie im IronKey verwendete Verschl\u00fcsselungseinheit ist in der Lage, physische Angriffe zu erkennen. Sie reagiert darauf mit der Einleitung einer Selbstzerst\u00f6rungssequenz, in deren Folge alle Daten des IronKeys gel\u00f6scht werden und der USB-Stick unbrauchbar gemacht wird. Ein IronKey, der sich selbst zerst\u00f6rt hat, wird vom Betriebssystem nicht mehr erkannt, seine Status-LED leuchtet permanent rot. Eine Aktivierung des Sticks ist nicht mehr m\u00f6glich.<br \/>\r\n<br \/>\r\nDie Selbstzerst\u00f6rung wird auch eingeleitet, wenn die maximal Anzahl der aufeinander folgenden falschen Passworteingaben erreicht ist. Dies unterscheidet den IronKey von den meisten anderen sicheren USB-Sticks, die sich in der Regel wieder aktivieren lassen.<\/p>\r\n<p>\r\n<strong>Unterst\u00fctzung von Windows, MacOS und Linux<\/strong><br \/>\r\nIronKey USB-Sticks k\u00f6nnen ohne Installation von Treibern oder zus\u00e4tzlicher Software unter Windows, MacOS und Linux eingesetzt werden. Die Basisfunktionen stehen unter allen genannten Betriebssystemen zur Verf\u00fcgung, w\u00e4hrend bestimmte Zusatzfunktionen nur unter Windows verf\u00fcgbar sind. Wenn Sie im rechten Men\u00fc auf \u201eEinsatz unter [Betriebssystem]\u201c klicken, erfahren Sie, wie sich der Einsatz unter dem jeweiligen Betriebssystem darstellt.<\/p>\r\n<p>\r\n<strong>Konfigurierbares Startmen\u00fc und verschl\u00fcsseltes lokales Backup (Windows)<\/strong><br \/>\r\nJeder IronKey stellt dem Nutzer unter Windows ein konfigurierbares Startmen\u00fc zur Verf\u00fcgung und bietet eine Funktion zur Sicherung der Daten des USB-Sticks an.\r\nDem Startmen\u00fc k\u00f6nnen, \u00e4hnlich dem Windows-Startmen\u00fc, Programme hinzugef\u00fcgt werden, die dann bequem per Mausklick gestartet werden k\u00f6nnen.\r\nDas integrierte Backup-Programm erstellt eine verschl\u00fcsselte lokale Sicherung der auf dem IronKey gespeicherten Nutzerdaten. Die Sicherung erfolgt auf Dateibasis, indem der Dateiname im Klartext erhalten bleibt w\u00e4hrend ihr Inhalt verschl\u00fcsselt wird.<\/p>\r\n<\/div>\r\n<div style=\"margin: 60px 0px -90px 550px\" id=\"basic\">\r\n<img decoding=\"async\" src=\"\/de\/wp-content\/uploads\/produkte\/sticks\/ironkey\/basic_badge.png\">\r\n<\/div>\r\n<div style=\"margin: 40px 0px 0px 0px\">\r\n<h3>IronKey Basic<\/h3>\r\n<p>\r\nDie Basic-Variante bildet die Basis aller IronKey-Varianten und verf\u00fcgt \u00fcber die eingangs<br \/>beschriebenen Merkmale. Sie wendet sich an Anwender, denen die Basisfunktionen gen\u00fcgen, die also weder eine zentrale Verwaltung ben\u00f6tigen (siehe IronKey Enterprise) noch die zus\u00e4tzliche Software, die mit der Personal-Variante ausgeliefert wird.<br \/>\r\n<br \/>\r\nBeim IronKey Basic kann optional der Selbstzerst\u00f6rungsmodus deaktiviert werden. Der Stick setzt sich nach Erreichen der maximalen falschen Passworteingaben zur\u00fcck, statt sich selbst zu zerst\u00f6ren. Beim automatischen Zur\u00fccksetzen werden alle Daten gel\u00f6scht, und der USB-Stick kann wiederverwendet werden.<\/p>\r\n<\/div>\r\n<div style=\"margin: 60px 0px -50px 550px\" id=\"personal\">\r\n<img decoding=\"async\" src=\"\/de\/wp-content\/uploads\/produkte\/sticks\/ironkey\/personal_badge.png\">\r\n<\/div>\r\n<div style=\"margin: -40px 0px 0px 0px\">\r\n<h3>IronKey Personal<\/h3>\r\n<p>\r\nDie Personal-Variante basiert auf der Basic-Variante und verf\u00fcgt \u00fcber folgende Zusatzfunktionen:<\/p>\r\n<p>\r\n<strong>Integrierter Firefox Browser<\/strong><br \/>\r\nMit Hilfe des vorinstallierten Firefox Browser verf\u00fcgt der Nutzer \u00fcber einen mobilen Browser, den er an seine Bed\u00fcrfnisse anpassen kann. Der Browser ist nur unter Windows nutzbar.<\/p>\r\n<p>\r\n<strong>Sicheres Surfen im Internet mit den \u201eIronKey Secure Sessions\u201c<\/strong><br \/>\r\nDie \u201eIronKey Secure Sessions\u201c erlauben in Verbindung mit dem integrierten Firefox Browser anonymes Surfen im Internet. Realisiert wird dies mit einer auf dem Tor-Netzwerk basierenden Technologie. R\u00fcckschl\u00fcsse auf die Person des Surfers \u00fcber seine IP-Adresse sind damit weitgehend ausgeschlossen.<\/p>\r\n<p>\r\n<strong>Vorinstalliertes Zertifikat f\u00fcr \u201eVerisign Identity Protection Service\u201c<\/strong><br \/>\r\nMit Hilfe des vorinstallierten Zertifikats kann sich der Nutzer auf Webseiten, die den \u201eVerisign Identity Protection Service\u201c unterst\u00fctzen, auf sichere Weise anmelden. Seine Identit\u00e4t ist damit besser gesch\u00fctzt als durch das Standardverfahren, das nur den Nutzernamen und das Passwort abfragt. Dieser Service wird beispielsweise von dem Bezahlverfahren PayPal unterst\u00fctzt.<\/p>\r\n<p>\r\n<strong>PKCS #11 Schnittstelle f\u00fcr Windows-Applikationen<\/strong><br \/>\r\nMit Hilfe der integrierten PKCS #11 Schnittstelle k\u00f6nnen geeignete Anwendungen das vorinstallierte Zertifikat (siehe vorheriger Abschnitt) nutzen.<\/p>\r\n<p>\r\n<strong>Integrierter Passwortmanager mit VeriSign Identity Protection (VIP)<\/strong><br \/>\r\nUnter Windows steht Ihnen ein komfortabler Passwortmanager mit VeriSign Identity Protection (VIP) Unterst\u00fctzung zur Verf\u00fcgung. Sie k\u00f6nnen nicht nur sicher und komfortabel Ihre Passworte f\u00fcr beliebige Anwendungen und Ger\u00e4te (z.B. Smartphone) speichern, sondern k\u00f6nnen sich automatisch bei unterst\u00fctzen Anwendungen (lokal und Web) anmelden. Der IronKey fungiert damit als \u201eSingle-Sign-on\u201c L\u00f6sung, d.h. nach Eingabe des IronKey Passworts und Einrichten des Passwortmanagers werden Sie automatisch nach dem Start von Anwendungen angemeldet, die einen Nutzernamen und ein Passwort verlangen. Dies funktioniert nach unserer Erfahrung mit einer Vielzahl von Programmen und Webdiensten.\r\nDie Passw\u00f6rter werden vom Passwortmanager in einem sicheren Bereich des USB-Sticks abgelegt, der von au\u00dfen nicht zug\u00e4nglich ist.<br \/>\r\nDie im Passwortmanager gespeicherten Zugangsdaten k\u00f6nnen mit der integrierten Backup-L\u00f6sung komfortabel online gesichert werden. Den dazu erforderlichen Online-Speicherplatz stellt IronKey zur Verf\u00fcgung.<\/p>\r\n<p>\r\n<strong>Backup-Funkton f\u00fcr das IronKey Passwort (Online-Dienst)<\/strong><br \/>\r\nDas Passwort des USB-Sticks kann auf sichere Weise online gespeichert werden. Das von IronKey entwickelte Verfahren erlaubt es berechtigten Nutzern, sich das Passwort \u00fcber den IronKey Webdienst anzeigen zu lassen. Die Berechtigung wird durch den Besitz des USB-Sticks, dessen Passwort vergessen wurde, und den Zugriff auf die bei der Einrichtung des USB-Sticks angegebene E-Mailadresse nachgewiesen.<\/p>\r\n<\/div>\r\n<div style=\"margin: 60px 0px -50px 550px\" id=\"enterprise\">\r\n<img decoding=\"async\" src=\"\/de\/wp-content\/uploads\/produkte\/sticks\/ironkey\/enterprise_badge.png\">\r\n<\/div>\r\n<div style=\"margin: -40px 0px 0px 0px\">\r\n<h3>IronKey Enterprise<\/h3>\r\n<p>\r\nDie Enterprise-Variante basiert auf der Basic-Variante und verf\u00fcgt \u00fcber folgende Zusatzfunktionen:<\/p>\r\n<p>\r\n<strong>Zentrale Verwaltbarkeit<\/strong><br \/>\r\nIronKey Enterprise Sticks sind zentral verwaltbar, beispielsweise \u00fcber das Internet. Bitte klicken Sie im rechten Men\u00fc auf \u201eVerwaltungsl\u00f6sung\u201c, wenn Sie weitere Informationen zu diesem Merkmal ben\u00f6tigen.<\/p>\r\n<p>\r\n<strong>S\u00e4mtliche Merkmale der Personal-Variante (konfigurierbar)<\/strong><br \/>\r\nAlle Merkmale der Personal-Variante sind auf einem Enterprise-Stick verf\u00fcgbar, sofern diese vom Administrator freigeschaltet wurden. N\u00e4here Informationen hierzu finden Sie im rechten Men\u00fc unter \u201eVerwaltungsl\u00f6sungen\u201c.<\/p>\r\n<p>\r\n<strong>Nutzung als Token: &#8222;RSA SecurID&#8220; und &#8222;CRYPTOCard&#8220;<\/strong><br \/>\r\nMit Hilfe des IronKey Enterprise lassen sich RSA SecurID- und CRYPTOCard- Einmalpassworte generieren. Der USB-Sticks dient somit auch als Token und macht die Anschaffung separater Token \u00fcberfl\u00fcssig.<\/p>\r\n<p>\r\n<strong>Sicherer Zertifikatsspeicher mit vorinstalliertem X.509 PKI Zertifikat<\/strong><br \/>\r\nIm sicheren Zertifikatsspeicher des IronKey ist ein X.509 Zertifikat bereits vorinstalliert. Dar\u00fcber hinaus steht Speicherplatz f\u00fcr ein weiteres X.509 Zertifikat zur Verf\u00fcgung, mit dem beispielsweise E-Mails unterschreiben oder verschl\u00fcsselt werden k\u00f6nnen.<\/p>\r\n<\/div>\r\n<div style=\"margin: 50px 0px 0px 0px\">\r\n<p style=\"font-size: 0.9em\">\r\n<u><strong>Wichtiger Hinweis<\/strong><\/u><br \/>\r\nW\u00e4hrend Sie IronKey Basic und Personal USB-Sticks als eigenst\u00e4ndige L\u00f6sung nutzen k\u00f6nnen, trifft dies auf die Enterprise-Variante nicht zu. IronKey Enterprise Sticks erfordern zwingend eine IronKey Verwaltungsl\u00f6sung (Enterprise Managed Services oder Enterprise Server). Zudem ist es erforderlich, den Administrator mit einem eigenen Stick auszustatten, sodass mindestens zwei Sticks im Einsatz sind (1 Benutzerstick und 1 Admin-Stick). Selbstverst\u00e4ndlich darf es sich beim Nutzer und beim Administrator um ein und dieselbe Person handeln.<\/p>\r\n<\/div>","protected":false},"excerpt":{"rendered":"IronKey Informationen Merkmale Technische Daten Einsatz unter Windows Einsatz unter","protected":false},"author":1,"featured_media":0,"parent":23,"menu_order":0,"comment_status":"closed","ping_status":"closed","template":"","meta":{"footnotes":""},"class_list":["post-641","page","type-page","status-publish","hentry","no-wpautop","","tg-column-two"],"_links":{"self":[{"href":"https:\/\/www.ganec.de\/de\/wp-json\/wp\/v2\/pages\/641","targetHints":{"allow":["GET"]}}],"collection":[{"href":"https:\/\/www.ganec.de\/de\/wp-json\/wp\/v2\/pages"}],"about":[{"href":"https:\/\/www.ganec.de\/de\/wp-json\/wp\/v2\/types\/page"}],"author":[{"embeddable":true,"href":"https:\/\/www.ganec.de\/de\/wp-json\/wp\/v2\/users\/1"}],"replies":[{"embeddable":true,"href":"https:\/\/www.ganec.de\/de\/wp-json\/wp\/v2\/comments?post=641"}],"version-history":[{"count":24,"href":"https:\/\/www.ganec.de\/de\/wp-json\/wp\/v2\/pages\/641\/revisions"}],"predecessor-version":[{"id":1228,"href":"https:\/\/www.ganec.de\/de\/wp-json\/wp\/v2\/pages\/641\/revisions\/1228"}],"up":[{"embeddable":true,"href":"https:\/\/www.ganec.de\/de\/wp-json\/wp\/v2\/pages\/23"}],"wp:attachment":[{"href":"https:\/\/www.ganec.de\/de\/wp-json\/wp\/v2\/media?parent=641"}],"curies":[{"name":"wp","href":"https:\/\/api.w.org\/{rel}","templated":true}]}}