{"id":50,"date":"2014-07-24T12:41:07","date_gmt":"2014-07-24T10:41:07","guid":{"rendered":"http:\/\/jbock.ganec.de\/de\/?page_id=50"},"modified":"2018-12-09T18:02:37","modified_gmt":"2018-12-09T16:02:37","slug":"istorage","status":"publish","type":"page","link":"https:\/\/www.ganec.de\/de\/value-added-distributor\/istorage","title":{"rendered":"Komplettes iStorage Sortiment f\u00fcr Endkunden und Wiederverk\u00e4ufer"},"content":{"rendered":"<p>\r\nDie GANEC GmbH vertreibt die Produkte des britischen Anbieters iStorage Ltd. sowohl an Endkunden als auch an Wiederverk\u00e4ufer. Wiederverk\u00e4ufer erhalten besondere Konditionen und nehmen an einem etablierten Projektschutzverfahren teil, das sie in die Lage versetzt, Endkunden attraktive Konditionen anzubieten.<\/p>\r\n<p> \r\nVerbraucher und Abnehmer kleinerer Mengen k\u00f6nnen die iStorage Produkte direkt in unserem <a href='http:\/\/www.ganec-shop.de\/'>Webshop<\/a> bestellen. Wiederverk\u00e4ufer und Abnehmer gr\u00f6\u00dferer Mengen erhalten auf Anfrage unsere Wiederverk\u00e4ufer- bzw. Endkundenpreisliste.<\/p>\r\n<p>\r\nNehmen Sie jederzeit gern <a href='\/de\/kontakt'>Kontakt<\/a> zu uns auf, wenn Sie Beratung oder ein individuelles Angebot ben\u00f6tigen.<\/p>\r\n<h3 style=\"margin-top: 30px;\">Das iStorage Sortiment umfasst folgende Produkte:<\/h3>\r\n<ul>\r\n<li>iStorage datAshur &#8211; sicherer USB-Stick<\/li>\r\n<li>iStorage diskG &#8211; sichere externe USB 2.0 Festplatte<\/li>\r\n<li>iStorage diskAshur &#8211; sichere externe USB 3.0 Festplatte<\/li>\r\n<li>iStorage diskAshur DT &#8211; sichere externe USB 3.0 Festplatte<\/li>\r\n<li>iStorage diskAshur PRO &#8211; sichere externe USB 3.0 Festplatte<\/li>\r\n<\/ul>\r\n<img style='margin: 24px 0 8px 0; width: 954px;' src='\/de\/wp-content\/uploads\/2014\/07\/iStorage_Produkte.jpg'>\r\n<h3 style=\"margin-top: 30px;\">\u00dcber iStorage Limited<\/h3>\r\n<p>\r\niStorage bietet hoch performante, extrem sichere mobile Datenspeicherung und Sicherheitsprodukte f\u00fcr Anwender, die ihre auf PCs, Macs und mobilen Ger\u00e4ten gespeicherte Daten sch\u00fctzen m\u00fcssen. Die Gr\u00fcnder von iStorage sind Pioniere in ihrem Gebiet und halten mehrere, miteinander in Zusammenhang stehende Patente (erteilt und angemeldet) in den Bereichen Datenspeicherung und Sicherheitsprodukte. Sorgf\u00e4ltige Produktauswahl und ein un\u00fcbertroffener Kundendienst stellen sicher, dass iStorage auch zuk\u00fcnftig marktf\u00fchrende Innovationen im Bereich der sicheren tragbaren Datenspeicher und der digitalen Verschl\u00fcsselungs-Technologie liefern wird. Weitere Informationen finden Sie auf <a href='http:\/\/www.istorage-uk.com\/'>www.istorage-uk.com<\/a> oder kontaktieren Sie iStorage gern wie folgt: via E-Mail an: <a href='mailto:info@istorage-uk.com'>info@istorage-uk.com<\/a>, oder per Telefon unter: +44 (0) 20 8832-1253.<\/p>\r\n<h3 style=\"margin-top: 30px;\">\u00dcber die GANEC GmbH<\/h3>\r\n<p>\r\nDie GANEC GmbH konzentriert sich im Hardware-Bereich auf sichere USB-Sticks und sichere externe Festplatten. Das mittelst\u00e4ndische Unternehmen wurde im Jahre 2009 gegr\u00fcndet und hat sich schnell als L\u00f6sungsanbieter im Bereich sichere mobile Datenspeicherung einen Namen gemacht. Zu den Kunden der GANEC GmbH z\u00e4hlen sowohl Wiederverk\u00e4ufer als auch Endkunden. Die iStorage Produkte erg\u00e4nzen das Sortiment perfekt, da sie \u00fcber eine hohe Sicherheit bei gleichzeitig niedrigen Kosten verf\u00fcgen und sich bez\u00fcglich des Sicherheitskonzepts (Eingabe der PIN direkt am Ger\u00e4t) von anderen Produkten unterscheiden.<\/p>","protected":false},"excerpt":{"rendered":"Die GANEC GmbH vertreibt die Produkte des britischen Anbieters iStorage","protected":false},"author":1,"featured_media":0,"parent":48,"menu_order":0,"comment_status":"closed","ping_status":"open","template":"","meta":{"footnotes":""},"class_list":["post-50","page","type-page","status-publish","hentry","no-wpautop","","tg-column-two"],"_links":{"self":[{"href":"https:\/\/www.ganec.de\/de\/wp-json\/wp\/v2\/pages\/50","targetHints":{"allow":["GET"]}}],"collection":[{"href":"https:\/\/www.ganec.de\/de\/wp-json\/wp\/v2\/pages"}],"about":[{"href":"https:\/\/www.ganec.de\/de\/wp-json\/wp\/v2\/types\/page"}],"author":[{"embeddable":true,"href":"https:\/\/www.ganec.de\/de\/wp-json\/wp\/v2\/users\/1"}],"replies":[{"embeddable":true,"href":"https:\/\/www.ganec.de\/de\/wp-json\/wp\/v2\/comments?post=50"}],"version-history":[{"count":11,"href":"https:\/\/www.ganec.de\/de\/wp-json\/wp\/v2\/pages\/50\/revisions"}],"predecessor-version":[{"id":1119,"href":"https:\/\/www.ganec.de\/de\/wp-json\/wp\/v2\/pages\/50\/revisions\/1119"}],"up":[{"embeddable":true,"href":"https:\/\/www.ganec.de\/de\/wp-json\/wp\/v2\/pages\/48"}],"wp:attachment":[{"href":"https:\/\/www.ganec.de\/de\/wp-json\/wp\/v2\/media?parent=50"}],"curies":[{"name":"wp","href":"https:\/\/api.w.org\/{rel}","templated":true}]}}