{"id":48,"date":"2014-07-24T12:40:51","date_gmt":"2014-07-24T10:40:51","guid":{"rendered":"http:\/\/jbock.ganec.de\/de\/?page_id=48"},"modified":"2021-05-22T17:14:09","modified_gmt":"2021-05-22T15:14:09","slug":"value-added-distributor","status":"publish","type":"page","link":"https:\/\/www.ganec.de\/de\/value-added-distributor","title":{"rendered":"Distribution"},"content":{"rendered":"<p>\r\nDie GANEC GmbH nimmt bei einigen Herstellern eine Sonderstellung ein, indem sie sowohl als spezialisierte Gro\u00dfh\u00e4ndlerin (VAD) als auch als Fachh\u00e4ndlerin auftritt, die erg\u00e4nzend zu den jeweiligen Produkten Mehwertdienstleistungen anbietet. Somit bedient die GANEC GmbH in bestimmten Bereichen neben Endkunden auch Wiederverk\u00e4ufer. Beide Kundengruppen profitieren vom Know-how und Service der GANEC GmbH.<\/p>\r\n<p>\r\nSelbstverst\u00e4ndlich erhalten Wiederverk\u00e4ufer besondere Konditionen und nehmen an einem etablierten Projektschutzverfahren teil, das sie in die Lage versetzt, Endkunden attraktive Konditionen anzubieten.<\/p>\r\n<h3 style='margin-top: 36px;'>Bei folgenden Herstellern tritt die GANEC GmbH sowohl als Reseller, als auch als Value Added Distributor auf:<\/h3>\r\n<table class='custom-tbl'>\r\n<tr>\r\n<td><img decoding=\"async\" src=\"wp-content\/uploads\/logos\/istorage.png\" alt=\"iStorage Fachh\u00e4ndler\" title=\"GANEC ist Value Added Distributor f\u00fcr iStorage\" \/><\/td>\r\n<td>GANEC ist Value Added Distributor f\u00fcr iStorage<br><a href='\/de\/value-added-distributor\/istorage'>weitere Informationen<\/a><\/td>\r\n<\/tr>\r\n<tr>\r\n<td><img decoding=\"async\" src=\"wp-content\/uploads\/logos\/origin.png\" alt=\"Origin Storage Limited\" title=\"GANEC ist Value Added Distributor f\u00fcr Origin Storage Limited\" \/><\/td>\r\n<td align=\"left\">GANEC ist VAD f\u00fcr Origin Storage Limited<br><a href='\/de\/value-added-distributor\/origin-storage'>weitere Informationen<\/a><\/td>\r\n<\/tr>\r\n<\/table>","protected":false},"excerpt":{"rendered":"F\u00fcr einige Hersteller nehmen wir eine Sonderstellung ein, indem wir Ihnen sowohl als spezialisierter Gro\u00dfh\u00e4ndler (VAD) als auch als Fachh\u00e4ndler zur Verf\u00fcgung stehen; in beiden Bereichen mit einem erg\u00e4nzenden Angebot an Mehwertdienstleistungen. Wir bedienen somit neben Endkunden auch Wiederverk\u00e4ufer.","protected":false},"author":1,"featured_media":1159,"parent":0,"menu_order":0,"comment_status":"closed","ping_status":"open","template":"","meta":{"footnotes":""},"class_list":["post-48","page","type-page","status-publish","has-post-thumbnail","hentry","no-wpautop","","tg-column-two"],"_links":{"self":[{"href":"https:\/\/www.ganec.de\/de\/wp-json\/wp\/v2\/pages\/48","targetHints":{"allow":["GET"]}}],"collection":[{"href":"https:\/\/www.ganec.de\/de\/wp-json\/wp\/v2\/pages"}],"about":[{"href":"https:\/\/www.ganec.de\/de\/wp-json\/wp\/v2\/types\/page"}],"author":[{"embeddable":true,"href":"https:\/\/www.ganec.de\/de\/wp-json\/wp\/v2\/users\/1"}],"replies":[{"embeddable":true,"href":"https:\/\/www.ganec.de\/de\/wp-json\/wp\/v2\/comments?post=48"}],"version-history":[{"count":14,"href":"https:\/\/www.ganec.de\/de\/wp-json\/wp\/v2\/pages\/48\/revisions"}],"predecessor-version":[{"id":1150,"href":"https:\/\/www.ganec.de\/de\/wp-json\/wp\/v2\/pages\/48\/revisions\/1150"}],"wp:featuredmedia":[{"embeddable":true,"href":"https:\/\/www.ganec.de\/de\/wp-json\/wp\/v2\/media\/1159"}],"wp:attachment":[{"href":"https:\/\/www.ganec.de\/de\/wp-json\/wp\/v2\/media?parent=48"}],"curies":[{"name":"wp","href":"https:\/\/api.w.org\/{rel}","templated":true}]}}