{"id":23,"date":"2014-07-24T12:33:45","date_gmt":"2014-07-24T10:33:45","guid":{"rendered":"http:\/\/jbock.ganec.de\/de\/?page_id=23"},"modified":"2018-12-09T22:14:54","modified_gmt":"2018-12-09T20:14:54","slug":"sichere-usb-sticks","status":"publish","type":"page","link":"https:\/\/www.ganec.de\/de\/produkte\/sichere-usb-sticks","title":{"rendered":"Sichere USB-Sticks &#8211; \u00dcbersicht"},"content":{"rendered":"<div id=\"right-col\" class=\"custom-sidebar\">\r\n<div id=\"sidebar\" style=\"width: 260px;\">\r\n<h3 class=\"widget-title\">Sichere USB-Sticks<\/h3>\r\n<ul>\r\n<li><a href='\/de\/produkte\/sichere-usb-sticks'>\u00dcbersicht<\/a><\/li>\r\n<li><a href='\/de\/produkte\/sichere-usb-sticks\/ironkey'>Ironkey<\/a><\/li>\r\n<li><a href='\/de\/produkte\/sichere-usb-sticks\/kanguru-defender'>Kanguru Solutions<\/a><\/li>\r\n<li><a href='\/de\/produkte\/sichere-usb-sticks\/blockmaster-safestick'>Blockmaster SafeStick<\/a><\/li>\r\n<li><a href='\/de\/produkte\/sichere-usb-sticks\/mxi-stealth-key'>MXI Stealth Key<\/a><\/li>\r\n<li><a href='\/de\/produkte\/sichere-usb-sticks\/bs-drive-aes'>BS-Drive AES<\/a><\/li>\r\n<li><a href='\/de\/produkte\/sichere-usb-sticks\/istorage-datashur'>iStorage Datashur<\/a><\/li>\r\n<li><a href='\/de\/produkte\/sichere-usb-sticks\/safetogo'>Cardwave SafeToGo<\/a><\/li>\r\n<\/ul>\r\n<ul>\r\n<li><a href='\/de\/produkte\/sichere-usb-sticks\/vergleichstabelle-usb-sticks'>Vergleichstabelle (Sticks)<\/a><\/li>\r\n<li><a href='\/de\/produkte\/sichere-usb-sticks\/vergleichstabelle-verwaltung'>Vergleichstabelle (Verwaltung)<\/a><\/li>\r\n<li><a href='\/de\/produkte\/sichere-usb-sticks\/geschwindigkeitsmessungen'>Geschwindigkeitsmessungen<\/a><\/li>\r\n<li><a href='\/de\/produkte\/sichere-usb-sticks\/faq'>H\u00e4ufige Fragen (FAQ)<\/a><\/li>\r\n<\/ul>\r\n<ul>\r\n<li><a href='\/de\/kontakt'>Angebot \/ Beratung anfordern<\/a><\/li>\r\n<li><a href='http:\/\/www.ganec-shop.de\/uebersicht-entscheidungshilfe-sichere-USB-Sticks'>Online-Shop<\/a><\/li>\r\n<\/ul>\r\n<\/div>\r\n<div class=\"clear\"><\/div>\r\n<\/div>\r\n<p>\r\nDie von uns angebotenen sicheren USB-Sticks verf\u00fcgen \u00fcber eine Reihe gemeinsamer Merkmale, die sie von normalen USB-Sticks unterscheidet. Diese Merkmale m\u00f6chten wir Ihnen auf dieser Seite vorstellen. Wenn Sie sich f\u00fcr ein bestimmtes Produkt interessieren, klicken Sie im Men\u00fc auf der rechten Seite auf den jeweiligen Produktnamen.<\/p>\r\n<ul class=\"blue\">\r\n<li><a href=\"#AES\">Verschl\u00fcsselungsalgorithmus AES<\/a><\/li>\r\n<li><a href=\"#Schl\u00fcsselverwaltung\">Schl\u00fcsselverwaltung und \u2013 generierung<\/a><\/li>\r\n<li><a href=\"#Hardwareverschl\u00fcsselung\">Hardwareverschl\u00fcsselung<\/a><\/li>\r\n<li><a href=\"#Passworteingabe\">Programm zur Passworteingabe<\/a><\/li>\r\n<li><a href=\"#CD-ROM\">CD-ROM Partition<\/a><\/li>\r\n<li><a href=\"#Flash\">Flash-Speicher<\/a><\/li>\r\n<li><a href=\"#OS\">Unterst\u00fctzte Betriebsysteme<\/a><\/li>\r\n<li><a href=\"#Zertifizierung\">Zertifizierung<\/a><\/li>\r\n<li><a href=\"#Verwaltung\">Zentrale Verwaltung<\/a><\/li>\r\n<\/ul>\r\n<br \/>\r\n<p style=\"font-size:1.2em; margin-top: 120px;\"><strong>Folgende Merkmale weisen alle bei uns erh\u00e4ltlichen USB-Sticks auf:<\/strong><\/p>\r\n<h3 id=\"AES\">Verschl\u00fcsselungsalgorithmus AES<\/h3>\r\n<p>\r\nDer Verschl\u00fcsselungsalgorithmus ist eine Handlungsanweisung an die f\u00fcr die Verschl\u00fcsselung zust\u00e4ndige Einheit, die auch als Crypto-Einheit oder Verschl\u00fcsselungseinheit bezeichnet wird. Der Algorithmus bestimmt, wie die zu verschl\u00fcsselnden Daten zu modifizieren sind. Auch die L\u00e4nge des geheimen Schl\u00fcssels, der f\u00fcr die Verschl\u00fcsselung ben\u00f6tigt wird, wird in der Anweisung festgelegt.<\/p>\r\n<p>\r\nZiel der Verschl\u00fcsselung ist es, die Ursprungsdaten so zu ver\u00e4ndern, dass nur berechtigte Nutzer wieder an die Ursprungsdaten gelangen k\u00f6nnen. Eine Berechtigung weist man nach, indem man der Verschl\u00fcsselungseinheit das richtige Geheimnis pr\u00e4sentiert. Meist handelt es sich hierbei um ein Passwort, aus dem der Schl\u00fcssel entweder abgeleitet wird oder der die Nutzung des geheimen Schl\u00fcssel freischaltet.<\/p>\r\n<p>\r\nEs existiert eine Vielzahl von Verschl\u00fcsselungsalgorithmen, von denen einige standardisiert sind. Die Standardisierung hat den Vorteil, dass der Algorithmus offen gelegt und von einer unabh\u00e4ngigen Instanz auf seine Sicherheit \u00fcberpr\u00fcft wurde. Unsere sicheren USB-Sticks verwenden f\u00fcr die Datenverschl\u00fcsselung den standardisierten Algorithmus AES, der in vielen modernen Systemen, die eine symmetrische Verschl\u00fcsselung verwenden, eingesetzt wird.\r\nDer AES verf\u00fcgt \u00fcber zwei Modi: w\u00e4hrend der ECB-Modus einfacher und damit kosteng\u00fcnstiger implementierbar ist, gilt der komplexere CBC-Modus als sicherer. Alle unsere USB-Sticks verwenden den CBC-Modus.<\/p>\r\n<p>\r\nViele Algorithmen lassen eine unterschiedliche Schl\u00fcssell\u00e4nge zu, die in Bit angegeben wird. L\u00e4ngere Schl\u00fcssel bieten, bezogen auf den jeweiligen Algorithmus, eine h\u00f6here Sicherheit und erfordern entsprechend mehr Rechenleistung. Der AES unterst\u00fctzt Schl\u00fcssell\u00e4ngen von 128, 192 und 256 Bit. Unsere USB-Sticks verwenden ausschlie\u00dflich die maximale Schl\u00fcssell\u00e4nge von 256 Bit.<\/p>\r\n<h3 id=\"Schl\u00fcsselverwaltung\">Schl\u00fcsselverwaltung und &#8211; generierung<\/h3>\r\n<p>\r\nDer f\u00fcr die Verschl\u00fcsselung erforderliche geheime Schl\u00fcssel wird sicher im USB-Sticks gespeichert, verl\u00e4sst diesen also nicht und ist von au\u00dfen nicht zug\u00e4nglich. Die Verwaltung des bzw. der Schl\u00fcssel erfolgt automatisch ohne Interaktion mit dem Benutzer.<\/p>\r\n<p>\r\nDer geheime Schl\u00fcssel wird bei der Einrichtung der USB-Sticks generiert und ist von mehreren Faktoren abh\u00e4ngig, zu denen auch das vom Nutzer\/Administrator vergebene Passwort z\u00e4hlt.<\/p>\r\n<h3 id=\"Hardwareverschl\u00fcsselung\">Hardwareverschl\u00fcsselung<\/h3>\r\n<p>\r\nDie Verschl\u00fcsselung der Daten erfolgt durch spezialisierte Hardware, die Bestandteil des USB-Sticks ist. Sie erfolgt automatisch und l\u00e4sst sich nicht deaktivieren bzw. deinstallieren. Viren und andere Schadsoftware haben keinen Zugriff auf das Verschl\u00fcsselungsverfahren.<\/p>\r\n<h3 id=\"Passworteingabe\">Programm zur Passworteingabe<\/h3>\r\n<p>\r\nZur Eingabe des Passworts wird ein spezielles Programm ben\u00f6tigt, das auch als Login-Programm bezeichnet wird. Dieses Programm befindet sich auf dem USB-Stick und kann ohne vorherige Installation und ohne Administratorrechte ausgef\u00fchrt werden.<\/p>\r\n<h3 id=\"CD-ROM\">CD-ROM Partition<\/h3>\r\n<p>\r\nAuf nahezu jedem sicheren USB-Sticks befindet sich eine sogenannte CD-ROM Partition, auf der sich die Login-Software und ggf. weitere Programme befinden. Hierbei handelt es sich um eine \u00f6ffentlich zug\u00e4ngliche, also unverschl\u00fcsselte Partition, die schreibgesch\u00fctzt ist und vom System als CD-ROM Laufwerk bzw. als schreibgesch\u00fctztes Laufwerk eingebunden wird. Weder der Anwender noch der Administrator k\u00f6nnen die Daten auf dieser Partition ver\u00e4ndern.<\/p>\r\n<h3 id=\"Flash\">Flash-Speicher<\/h3>\r\n<p>\r\nJe nach USB-Sticks stehen 1 bis 128 GB Flashspeicher f\u00fcr die Datenspeicherung zur Verf\u00fcgung. Davon ben\u00f6tigt der USB-Stick einen Teil f\u00fcr die mitgelieferte Software, sodass der f\u00fcr den Anwender verf\u00fcgbare Speicherbereich stets kleiner ist.\r\nZum Einsatz kommen zwei unterschiedliche Ausf\u00fchrungen des Flash-Speichers, die sich wesentlich in den Punkten Speicherdichte und Schnelligkeit unterscheiden: Multi-Level Cell (MLC) und Single-Level Cell (SLC).<br \/>\r\nBeim MLC Speicher werden mehrere Bits pro Speicherzelle gespeichert, dadurch ist die Speicherdichte im Vergleich zum SLC-Speicher h\u00f6her, was sich auch preislich widerspiegelt: ein USB-Stick in der MLC-Variante ist bei identischer Speicherkapazit\u00e4t billiger als die SLC-Variante.<br \/>\r\nDer SLC Speicher weist &#8211; technologisch bedingt  &#8211; h\u00f6here Schreib- und Lesegeschwindigkeiten als die MLC-Variante auf. Dadurch ist also ein \u201efl\u00fcssigeres\u201c Arbeiten mit dem USB-Stick m\u00f6glich.<\/p>\r\n<p>\r\nEinige Hersteller unterst\u00fctzen den Dual-Channel Modus, der u.a. auch beim Arbeitsspeicher (RAM) zum Einsatz kommt, wodurch die Geschwindigkeit sp\u00fcrbar erh\u00f6ht wird.<\/p>\r\n<h3 id=\"OS\">Unterst\u00fctzte Betriebsysteme<\/h3>\r\n<p>\r\nAlle von uns angebotenen USB-Sticks unterst\u00fctzen mindestens g\u00e4ngige Windows Betriebsysteme (in der Regel wenigstens Windows XP und Windows 7), die meisten zus\u00e4tzlich MacOS oder Linux, einige alle drei Betriebssysteme.<\/p>\r\n<br \/>\r\n<p style=\"font-size:1.2em; margin-top: 20px;\"><strong>Folgende Merkmale weisen einige der bei uns erh\u00e4ltlichen USB-Sticks auf:<\/strong><\/p>\r\n<h3 id=\"Zertifizierung\">Zertifizierung<\/h3>\r\n<p>\r\nWenn eine unabh\u00e4ngige Instanz den USB-Stick hinsichtlich seiner Sicherheit erfolgreich \u00fcberpr\u00fcft und dies durch ein Zertifikat best\u00e4tigt hat, spricht man von einer Zertifizierung. In einigen F\u00e4llen wurde nur die Verschl\u00fcsselungseinheit zertifiziert, w\u00e4hrend die anderen Komponenten nicht untersucht bzw. nicht zertifiziert wurden. Andere USB-Sticks sind vollst\u00e4ndig zertifiziert worden.<\/p>\r\n<p>\r\nEs gibt eine Reihe von unabh\u00e4ngigen Instanzen, die Sicherheits\u00fcberpr\u00fcfungen durchf\u00fchren. Sehr g\u00e4ngig bei USB-Sticks ist die Zertifizierung nach dem amerikanischen FIPS Standard 140-2. Dieser Standard verf\u00fcgt \u00fcber 4 Stufen (= Level), wobei 1 die geringste und 4 die h\u00f6chste Sicherheitsstufe repr\u00e4sentiert.<\/p>\r\n<p>\r\nDas Fehlen einer Zertifizierung bedeutet nicht automatisch, dass der betroffene USB-Stick unsicher ist, w\u00e4hrend eine erfolgreiche Zertifizierung nicht Garant f\u00fcr seine praktische Sicherheit ist. Allerdings gibt es bei Vorliegen einer Zertifizierung neben dem Hersteller eine zweite Instanz, die eine positive Aussage \u00fcber seine Sicherheit trifft.<\/p>\r\n<h3 id=\"Verwaltung\">Zentrale Verwaltung<\/h3>\r\n<p>\r\nZentrale Verwaltungsl\u00f6sungen, die f\u00fcr die Mehrzahl der von uns angebotenen USB-Sticks verf\u00fcgbar sind, erlauben die Verwaltung der Sticks aus der Ferne. Hierzu z\u00e4hlen beispielsweise die Unterst\u00fctzung von Benutzern, die ihr Passwort vergessen haben, die Deaktivierung von Sticks und Statistikfunktionen.<\/p>","protected":false},"excerpt":{"rendered":"Sichere USB-Sticks \u00dcbersicht Ironkey Kanguru Solutions Blockmaster SafeStick MXI Stealth","protected":false},"author":1,"featured_media":0,"parent":21,"menu_order":0,"comment_status":"closed","ping_status":"open","template":"","meta":{"footnotes":""},"class_list":["post-23","page","type-page","status-publish","hentry","no-wpautop","","tg-column-two"],"_links":{"self":[{"href":"https:\/\/www.ganec.de\/de\/wp-json\/wp\/v2\/pages\/23","targetHints":{"allow":["GET"]}}],"collection":[{"href":"https:\/\/www.ganec.de\/de\/wp-json\/wp\/v2\/pages"}],"about":[{"href":"https:\/\/www.ganec.de\/de\/wp-json\/wp\/v2\/types\/page"}],"author":[{"embeddable":true,"href":"https:\/\/www.ganec.de\/de\/wp-json\/wp\/v2\/users\/1"}],"replies":[{"embeddable":true,"href":"https:\/\/www.ganec.de\/de\/wp-json\/wp\/v2\/comments?post=23"}],"version-history":[{"count":69,"href":"https:\/\/www.ganec.de\/de\/wp-json\/wp\/v2\/pages\/23\/revisions"}],"predecessor-version":[{"id":1186,"href":"https:\/\/www.ganec.de\/de\/wp-json\/wp\/v2\/pages\/23\/revisions\/1186"}],"up":[{"embeddable":true,"href":"https:\/\/www.ganec.de\/de\/wp-json\/wp\/v2\/pages\/21"}],"wp:attachment":[{"href":"https:\/\/www.ganec.de\/de\/wp-json\/wp\/v2\/media?parent=23"}],"curies":[{"name":"wp","href":"https:\/\/api.w.org\/{rel}","templated":true}]}}