{"id":21,"date":"2014-07-24T12:33:25","date_gmt":"2014-07-24T10:33:25","guid":{"rendered":"http:\/\/jbock.ganec.de\/de\/?page_id=21"},"modified":"2018-12-09T20:14:51","modified_gmt":"2018-12-09T18:14:51","slug":"produkte","status":"publish","type":"page","link":"https:\/\/www.ganec.de\/de\/produkte","title":{"rendered":"Produkt\u00fcbersicht"},"content":{"rendered":"<p>\r\nDer Schwerpunkt unseres Sortiments liegt auf sicheren USB-Sticks und den damit verbundenen Verwaltungsl\u00f6sungen. Um Ihnen eine gro\u00dfe Auswahl an unterschiedlichen L\u00f6sungen zu bieten, haben wir sichere USB-Sticks verschiedener Hersteller in unser Sortiment aufgenommen. Somit k\u00f6nnen wir beinahe jede Kundenanforderung abdecken und Sie hersteller\u00fcbergreifend beraten.<br>\r\n<br>\r\nDar\u00fcber hinaus erhalten Sie bei uns weitere IT-Sicherheitsprodukte und L\u00f6sungen namenhafter Hersteller. Eine Aufstellung finden Sie am Ende dieser Seite.<\/p>\r\n<style>\r\n.custom-tbl td {padding-top: 12px; padding-bottom: 0px; text-align: left; vertical-align: middle;}\r\n.custom-tbl td img {border: 0;}\r\n<\/style>\r\n<h5 style='margin-top: 36px;'>Unsere Partner im Bereich der sicheren Datentr\u00e4ger und sicheren E-Mail:<\/h5>\r\n<table class='custom-tbl'>\r\n<tr>\r\n<td><img decoding=\"async\" src=\"wp-content\/uploads\/logos\/blockmaster.png\" alt=\"Blockmaster Fachh\u00e4ndler\" title=\"GANEC ist offizieller Fachh\u00e4ndler von Blockmaster\" \/><\/td>\r\n<td>GANEC ist offizieller Fachh\u00e4ndler von Blockmaster<\/td>\r\n<\/tr>\r\n<tr>\r\n<td><img decoding=\"async\" src=\"wp-content\/uploads\/logos\/ironkey.png\" alt=\"IronKey Fachh\u00e4ndler\" title=\"GANEC ist offizieller Fachh\u00e4ndler von IronKey\" \/><\/td>\r\n<td>GANEC ist offizieller Fachh\u00e4ndler von IronKey<\/td>\r\n<\/tr>\r\n<tr>\r\n<td><img decoding=\"async\" src=\"wp-content\/uploads\/logos\/kanguru.png\" alt=\"Kanguru Fachh\u00e4ndler\" title=\"GANEC ist offizieller Fachh\u00e4ndler von Kanguru\" \/><\/td>\r\n<td>GANEC ist offizieller Fachh\u00e4ndler von Kanguru<\/td>\r\n<\/tr>\r\n<tr>\r\n<td><img decoding=\"async\" src=\"wp-content\/uploads\/logos\/istorage.png\" alt=\"iStorage Fachh\u00e4ndler\" title=\"GANEC ist offizieller Fachh\u00e4ndler von iStorage\" \/><\/td>\r\n<td>GANEC ist offizieller Fachh\u00e4ndler von iStorage<br \/><\/td>\r\n<\/tr>\r\n<tr>\r\n<td><img decoding=\"async\" src=\"wp-content\/uploads\/logos\/origin.png\" alt=\"Origin Storage Limited\" title=\"GANEC ist offizieller Fachh\u00e4ndler von Origin Storage Limited\" \/><\/td>\r\n<td align=\"left\">GANEC ist offizieller Fachh\u00e4ndler von Origin Storage Limited<\/td>\r\n<\/tr>\r\n<tr>\r\n<td><img decoding=\"async\" src=\"wp-content\/uploads\/logos\/dica.png\" alt=\"DICA Technologies\" title=\"GANEC ist offizieller Partner von DICA Technologies\" \/><\/td>\r\n<td align=\"left\">GANEC ist offizieller Partner von DICA Technologies<\/td>\r\n<\/tr>\r\n<\/table>\r\n<h5 style='margin-top: 36px;'>Unsere Partner im Bereich Antivirus, Backup, <br>Datenrecovery und Websicherheit:<\/h5>\r\n<table class='custom-tbl'>\r\n<tr>\r\n<td><img decoding=\"async\" src=\"wp-content\/uploads\/logos\/acronis.png\" alt=\"Acronis Service Partner\" title=\"GANEC ist Acronis Software Partner\" \/><\/td>\r\n<td>GANEC ist Acronis Software Partner<\/td>\r\n<\/tr>\r\n<tr>\r\n<td><img decoding=\"async\" src=\"wp-content\/uploads\/logos\/attingo.png\" alt=\"Attingo Authorized Partner\" title=\"GANEC ist Attingo Authorized Partner\" \/><\/td>\r\n<td>GANEC ist Attingo Authorized Partner<\/td>\r\n<\/tr>\r\n<tr>\r\n<td><img decoding=\"async\" src=\"wp-content\/uploads\/logos\/avg.png\" alt=\"AVG Authorized Reseller\" title=\"GANEC ist AVG Authorized Reseller\" \/><\/td>\r\n<td>GANEC ist AVG Authorized Reseller<\/td>\r\n<\/tr>\r\n<tr>\r\n<td><a href=\"http:\/\/www.trustedshops.de\/shopbetreiber\/mitgliedschaft.html?a_aid=a85851dc\" target=\"_blank\"><img decoding=\"async\" src=\"wp-content\/uploads\/logos\/trusted-shops.png\" alt=\"Trusted Shops Sales Partner\" title=\"GANEC ist Trusted Shops Sales Partner\" \/><\/a><\/td>\r\n<td>GANEC ist Trusted Shops Sales Partner<\/td>\r\n<\/tr>\r\n<\/table>","protected":false},"excerpt":{"rendered":"Der Schwerpunkt unseres Sortiments liegt auf sicheren USB-Sticks und den damit verbundenen Verwaltungsl\u00f6sungen. Um beinahe jede Kundenanforderung abzudecken und Sie hersteller\u00fcbergreifend beraten zu k\u00f6nnen, haben wir sichere USB-Sticks verschiedener Hersteller in unser Sortiment aufgenommen.","protected":false},"author":1,"featured_media":1157,"parent":0,"menu_order":0,"comment_status":"closed","ping_status":"open","template":"","meta":{"footnotes":""},"class_list":["post-21","page","type-page","status-publish","has-post-thumbnail","hentry","no-wpautop","","tg-column-two"],"_links":{"self":[{"href":"https:\/\/www.ganec.de\/de\/wp-json\/wp\/v2\/pages\/21","targetHints":{"allow":["GET"]}}],"collection":[{"href":"https:\/\/www.ganec.de\/de\/wp-json\/wp\/v2\/pages"}],"about":[{"href":"https:\/\/www.ganec.de\/de\/wp-json\/wp\/v2\/types\/page"}],"author":[{"embeddable":true,"href":"https:\/\/www.ganec.de\/de\/wp-json\/wp\/v2\/users\/1"}],"replies":[{"embeddable":true,"href":"https:\/\/www.ganec.de\/de\/wp-json\/wp\/v2\/comments?post=21"}],"version-history":[{"count":24,"href":"https:\/\/www.ganec.de\/de\/wp-json\/wp\/v2\/pages\/21\/revisions"}],"predecessor-version":[{"id":1151,"href":"https:\/\/www.ganec.de\/de\/wp-json\/wp\/v2\/pages\/21\/revisions\/1151"}],"wp:featuredmedia":[{"embeddable":true,"href":"https:\/\/www.ganec.de\/de\/wp-json\/wp\/v2\/media\/1157"}],"wp:attachment":[{"href":"https:\/\/www.ganec.de\/de\/wp-json\/wp\/v2\/media?parent=21"}],"curies":[{"name":"wp","href":"https:\/\/api.w.org\/{rel}","templated":true}]}}