{"id":1256,"date":"2021-05-02T20:32:20","date_gmt":"2021-05-02T18:32:20","guid":{"rendered":"http:\/\/dev1.ganec.de\/de\/?page_id=1256"},"modified":"2021-05-30T20:13:27","modified_gmt":"2021-05-30T18:13:27","slug":"beratung","status":"publish","type":"page","link":"https:\/\/www.ganec.de\/de\/beratung","title":{"rendered":"Beratung"},"content":{"rendered":"<style>\r\n#main { text-align: justify;}\r\nh3 { clear: none; }\r\n.entry-content ul { padding: 0; }\r\n<\/style>\r\n<div style='clear: both; float: right; margin: 0; padding: 0px 0px 40px 50px; width: 400px;'>\r\n<h3 style=\"margin-top: 12px;\" class='blue'>Ihre Vorteile<\/h3>\r\n<ul style=\"margin-bottom: 0px;\" class=\"wcb-button cb-common check-button\">\r\n<li>\u00fcber 20 Jahre Erfahrung<\/li>\r\n<li>l\u00f6sungsorientierte, mitarbeitende Beratung<\/li>\r\n<li>herstellerneutral<\/li>\r\n<li>technologie\u00fcbergreifende Beratung<\/li>\r\n<li>flexibel<\/li>\r\n<\/ul>\r\n<\/div>\r\n<p>\r\nUnsere Beratung umfasst sowohl den technischen als auch den organisatorischen und kaufm\u00e4nnischen Bereich. Aufgrund unserer mehr als zwanzigj\u00e4hrigen Erfahrung mit kontaktlosen Ausweisen und den dazugeh\u00f6rigen Systemen (Zeiterfassung, Zutrittskontrolle, elektronische Zahlungssysteme) sind wir in der Lage, Sie umfassend und kompetent zu beraten. Wir unterst\u00fctzen Sie in allen Phasen Ihres Projekts und stehen Ihnen auf Wunsch auch nach der Einf\u00fchrung Ihres Systems beratend zur Seite.\r\n<\/p>\r\n<div style=\"float: left; margin: 1em 0 .5em 0; width: 375px;\"><img decoding=\"async\" loading=\"lazy\" width=\"350\" height=\"300\" src=\"https:\/\/www.ganec.de\/de\/wp-content\/uploads\/2021\/05\/AdobeStock_284271028_350x300-1.png\" alt=\"\" style=\"border: none; width: 80%; margin: 0 0 0 35px;\" class=\"alignnone size-full wp-image-1440\" srcset=\"https:\/\/www.ganec.de\/de\/wp-content\/uploads\/2021\/05\/AdobeStock_284271028_350x300-1.png 350w, https:\/\/www.ganec.de\/de\/wp-content\/uploads\/2021\/05\/AdobeStock_284271028_350x300-1-300x257.png 300w\" sizes=\"auto, (max-width: 350px) 100vw, 350px\"><\/div>\r\n<p>\r\nZu unseren Kunden z\u00e4hlen zum Beispiel Automobilhersteller, \u00f6ffentliche Auftraggeber (Rundfunkanstalten), Betreiber von Krankenh\u00e4usern und Betreiber von Einkaufszentren.\r\n<\/p><p>\r\nWir legen Wert darauf, Sie herstellerneutral und technologie\u00fcbergreifend zu beraten, d.h. wir sind keinem bestimmten Hersteller von Systemen bzw. Ausweisen verpflichtet. Selbstverst\u00e4ndlich stellen wir Ihnen im Rahmen der Beratung verschiedene L\u00f6sungsm\u00f6glichkeiten vor und helfen Ihnen bei der Auswahl der f\u00fcr Sie richtigen Technologie.\r\n<\/p><p style=\"margin-top: 1.5em;\">\r\nNehmen Sie gern <a href='\/de\/kontakt'>Kontakt<\/a> zu uns auf, wenn Sie eine Beratung w\u00fcnschen oder ein Angebot ben\u00f6tigen.\r\n<\/p>","protected":false},"excerpt":{"rendered":"Unternehmen, die ein neues System f\u00fcr ihre Zutrittskontrolle, Zeiterfassung bzw. Kantine einf\u00fchren wollen, beraten wir hersteller-unabh\u00e4ngig und neutral. Unsere Kunden profitieren von unserer Erfahrung, die wir in \u00fcber 25 Jahren in unterschiedlichen Funktionen in diesen Bereichen sammeln konnten.","protected":false},"author":1,"featured_media":1440,"parent":0,"menu_order":0,"comment_status":"closed","ping_status":"closed","template":"","meta":{"footnotes":""},"class_list":["post-1256","page","type-page","status-publish","has-post-thumbnail","hentry","no-wpautop","","tg-column-two"],"_links":{"self":[{"href":"https:\/\/www.ganec.de\/de\/wp-json\/wp\/v2\/pages\/1256","targetHints":{"allow":["GET"]}}],"collection":[{"href":"https:\/\/www.ganec.de\/de\/wp-json\/wp\/v2\/pages"}],"about":[{"href":"https:\/\/www.ganec.de\/de\/wp-json\/wp\/v2\/types\/page"}],"author":[{"embeddable":true,"href":"https:\/\/www.ganec.de\/de\/wp-json\/wp\/v2\/users\/1"}],"replies":[{"embeddable":true,"href":"https:\/\/www.ganec.de\/de\/wp-json\/wp\/v2\/comments?post=1256"}],"version-history":[{"count":28,"href":"https:\/\/www.ganec.de\/de\/wp-json\/wp\/v2\/pages\/1256\/revisions"}],"predecessor-version":[{"id":1456,"href":"https:\/\/www.ganec.de\/de\/wp-json\/wp\/v2\/pages\/1256\/revisions\/1456"}],"wp:featuredmedia":[{"embeddable":true,"href":"https:\/\/www.ganec.de\/de\/wp-json\/wp\/v2\/media\/1440"}],"wp:attachment":[{"href":"https:\/\/www.ganec.de\/de\/wp-json\/wp\/v2\/media?parent=1256"}],"curies":[{"name":"wp","href":"https:\/\/api.w.org\/{rel}","templated":true}]}}