{"id":1254,"date":"2021-05-02T20:32:13","date_gmt":"2021-05-02T18:32:13","guid":{"rendered":"http:\/\/dev1.ganec.de\/de\/?page_id=1254"},"modified":"2021-09-05T12:37:08","modified_gmt":"2021-09-05T10:37:08","slug":"software","status":"publish","type":"page","link":"https:\/\/www.ganec.de\/de\/software","title":{"rendered":"Software"},"content":{"rendered":"<style>\r\n#main { text-align: justify;}\r\nh3 { clear: none; }\r\n.entry-content ul { padding: 0; }\r\n<\/style>\r\n<div style='clear: both; float: right; margin: 0; padding: 0px 0px 40px 50px; width: 400px;'>\r\n<h3 style=\"margin-top: 12px;\" class='blue'>Ihre Vorteile<\/h3>\r\n<ul style=\"margin-bottom: 0px;\" class=\"wcb-button cb-common check-button\">\r\n<li>kompetent: Premium <br><span style=\"margin-left: 35px;\">Partner des Herstellers<\/span><\/li>\r\n<li>flexibel: Kauf, Miete oder <br><span style=\"margin-left: 35px;\">Ratenzahlung m\u00f6glich<\/span><\/li>\r\n<li>hilfreich: eigener Support <br><span style=\"margin-left: 35px;\">(telefonisch, online, ggf. vor Ort)<\/span><\/li>\r\n<li>umfassend: Handwerkersoftware <br><span style=\"margin-left: 35px;\">und Zeiterfassung<\/span><\/li>\r\n<li>kooperativ: wir unterst\u00fctzen <br><span style=\"margin-left: 35px;\">Ihren IT-Dienstleister<\/span><\/li>\r\n<\/ul>\r\n<\/div>\r\n<p>\r\nIm Bereich Software vertreiben wir seit vielen Jahren erfolgreich die Handwerkersoftware tophandwerk und topzeit. Mit diesen Produkten wenden wir uns an kleinere und mittlere Unternehmen mit typischerweise 1-5 B\u00fcroarbeitspl\u00e4tzen.\r\n<\/p>\r\n<div style=\"clear: both; float: right; margin: 1em 50px .5em 0; width: 375px;\"><img decoding=\"async\" loading=\"lazy\" width=\"350\" height=\"300\" src=\"https:\/\/www.ganec.de\/de\/wp-content\/uploads\/2021\/05\/tkhw_transparent-300x257-1.png\" alt=\"\" style=\"border: none; width: 80%; margin: 0 0 0 30px;\" class=\"alignnone size-full wp-image-1440\" srcset=\"https:\/\/www.ganec.de\/de\/wp-content\/uploads\/2021\/05\/tkhw_transparent-300x257-1.png 350w, https:\/\/www.ganec.de\/de\/wp-content\/uploads\/2021\/05\/tkhw_transparent-300x257-1.png 300w\" sizes=\"auto, (max-width: 350px) 100vw, 350px\"><\/div>\r\n<p>\r\nAls Premium-Partner des Herstellers blue:solution software GmbH stehen wir Ihnen gern mit Rat und Tat zur Seite. Weitere Informationen finden Sie auf unserer Webpr\u00e4senz <a href=\"http:\/\/www.handwerkersoftware.top\">www.handwerkersoftware.top<\/a>.\r\n<\/p><p style=\"margin-top: 1.5em;\">\r\nNehmen Sie gern <a href='\/de\/kontakt'>Kontakt<\/a> zu uns auf, wenn Sie eine Beratung w\u00fcnschen oder ein Angebot ben\u00f6tigen.\r\n<\/p>","protected":false},"excerpt":{"rendered":"Im Bereich Software konzentrieren wir uns auf die Programme tophandwerk und topzeit des deutschen Unternehmens blue:solution software GmbH aus Rheine, das uns den h\u00f6chsten Partnerstatus verliehen hat. Die Software vertreiben wir \u00fcberregional und verf\u00fcgen \u00fcber eine eigene Supportabteilung.","protected":false},"author":1,"featured_media":1267,"parent":0,"menu_order":0,"comment_status":"closed","ping_status":"closed","template":"","meta":{"footnotes":""},"class_list":["post-1254","page","type-page","status-publish","has-post-thumbnail","hentry","no-wpautop","","tg-column-two"],"_links":{"self":[{"href":"https:\/\/www.ganec.de\/de\/wp-json\/wp\/v2\/pages\/1254","targetHints":{"allow":["GET"]}}],"collection":[{"href":"https:\/\/www.ganec.de\/de\/wp-json\/wp\/v2\/pages"}],"about":[{"href":"https:\/\/www.ganec.de\/de\/wp-json\/wp\/v2\/types\/page"}],"author":[{"embeddable":true,"href":"https:\/\/www.ganec.de\/de\/wp-json\/wp\/v2\/users\/1"}],"replies":[{"embeddable":true,"href":"https:\/\/www.ganec.de\/de\/wp-json\/wp\/v2\/comments?post=1254"}],"version-history":[{"count":37,"href":"https:\/\/www.ganec.de\/de\/wp-json\/wp\/v2\/pages\/1254\/revisions"}],"predecessor-version":[{"id":1469,"href":"https:\/\/www.ganec.de\/de\/wp-json\/wp\/v2\/pages\/1254\/revisions\/1469"}],"wp:featuredmedia":[{"embeddable":true,"href":"https:\/\/www.ganec.de\/de\/wp-json\/wp\/v2\/media\/1267"}],"wp:attachment":[{"href":"https:\/\/www.ganec.de\/de\/wp-json\/wp\/v2\/media?parent=1254"}],"curies":[{"name":"wp","href":"https:\/\/api.w.org\/{rel}","templated":true}]}}