{"id":1252,"date":"2021-05-02T20:32:01","date_gmt":"2021-05-02T18:32:01","guid":{"rendered":"http:\/\/dev1.ganec.de\/de\/?page_id=1252"},"modified":"2021-12-08T09:04:08","modified_gmt":"2021-12-08T07:04:08","slug":"it-sicherheit","status":"publish","type":"page","link":"https:\/\/www.ganec.de\/de\/it-sicherheit","title":{"rendered":"IT-Sicherheit"},"content":{"rendered":"<style>\r\n#main { text-align: justify;}\r\nh3 { clear: none; }\r\n.entry-content ul { padding: 0; }\r\n<\/style>\r\n<div style='clear: both; float: right; margin: 0; padding: 0px 0px 40px 50px; width: 400px;'>\r\n<h3 style=\"margin-top: 12px;\" class='blue'>Ihre Vorteile<\/h3>\r\n<ul style=\"margin-bottom: 0px;\" class=\"wcb-button cb-common check-button\">\r\n<li>\u00fcber 10 Jahre Erfahrung<\/li>\r\n<li>gro\u00dfes Sortiment<\/li>\r\n<li>technologie\u00fcbergreifende Beratung<\/li>\r\n<li>sehr wettbewerbsf\u00e4hige Konditionen <br><span style=\"margin-left: 35px;\">(bitte individuell anfragen)<\/span><\/li>\r\n<li>Abwicklung der Herstellergarantie <br><span style=\"margin-left: 35px;\">(f\u00fcr Kunden)<\/span><\/li>\r\n<\/ul>\r\n<\/div>\r\n<p>\r\nDie GANEC GmbH bietet Ihnen eine gro\u00dfe Auswahl an sicheren USB-Sticks, sicheren externen Festplatten und Verwaltungsl\u00f6sungen verschiedener namhafter Hersteller. Wir beraten Sie herstellerneutral mit dem Ziel, Ihnen eine f\u00fcr Ihren Einsatzzweck optimale L\u00f6sung zu liefern. Aufgrund unserer hohen Abnahmemengen und langj\u00e4hrigen Beziehungen zu unseren Lieferanten sind wir in der Lage, sehr wettbewerbsf\u00e4hige Konditionen anzubieten. Diese Konditionen sind online nicht ersichtlich, fordern Sie daher bitte ein individuelles Angebot an.\r\n<\/p>\r\n<div style=\"float: left; margin: 2em 0 .5em 0; width: 375px;\"><img decoding=\"async\" loading=\"lazy\" width=\"350\" height=\"300\" src=\"https:\/\/www.ganec.de\/de\/wp-content\/uploads\/2021\/05\/cloudashur-1.png\" alt=\"\" style=\"border: none; width: 80%; margin: 0 0 0 35px;\" class=\"alignnone size-full wp-image-1440\" srcset=\"https:\/\/www.ganec.de\/de\/wp-content\/uploads\/2021\/05\/cloudashur-1.png 350w, https:\/\/www.ganec.de\/de\/wp-content\/uploads\/2021\/05\/cloudashur-1.png 300w\" sizes=\"auto, (max-width: 350px) 100vw, 350px\"><\/div>\r\n<p>\r\nF\u00fcr Unternehmen, \u00f6ffentliche Auftraggeber und Wiederverk\u00e4ufer bieten wir individuelle Konditionen an. Bitte senden Sie uns eine Anfrage per E-Mail oder rufen Sie uns an, wenn Sie zu dieser Kundengruppe z\u00e4hlen. Einen ersten \u00dcberblick k\u00f6nnen Sie sich auch unter <a href=\"http:\/\/www.ganec-shop.de\">www.ganec-shop.de<\/a> verschaffen. Bitte beachten Sie, dass die dort angezeigten Preise die gesetzliche Mehrwertsteuer enthalten und es sich um Endkundenpreise handelt. \r\n<\/p><p>\r\nVerbraucher und Abnehmer von Kleinstmengen k\u00f6nnen unsere Produkte unter <a href=\"http:\/\/www.ganec-shop.de\">www.ganec-shop.de<\/a> bequem online beziehen.\r\n<\/p><p style=\"margin-top: 1.5em;\">\r\nNehmen Sie gern <a href='\/de\/kontakt'>Kontakt<\/a> zu uns auf, wenn Sie eine Beratung w\u00fcnschen oder ein Angebot ben\u00f6tigen.\r\n<\/p>","protected":false},"excerpt":{"rendered":"Der Schwerpunkt im Bereich IT-Sicherheit liegt auf sicheren USB-Sticks und sicheren externen Festplatten. Um nahezu jede Kundenanforderung erf\u00fcllen zu k\u00f6nnen, haben wir  verschiedene Hersteller in unser Sortiment aufgenommen. F\u00fcr den englischen Hersteller iStorage Limited sind wir als Distributor in Deutschland t\u00e4tig.","protected":false},"author":1,"featured_media":1295,"parent":0,"menu_order":0,"comment_status":"closed","ping_status":"closed","template":"","meta":{"footnotes":""},"class_list":["post-1252","page","type-page","status-publish","has-post-thumbnail","hentry","no-wpautop","","tg-column-two"],"_links":{"self":[{"href":"https:\/\/www.ganec.de\/de\/wp-json\/wp\/v2\/pages\/1252","targetHints":{"allow":["GET"]}}],"collection":[{"href":"https:\/\/www.ganec.de\/de\/wp-json\/wp\/v2\/pages"}],"about":[{"href":"https:\/\/www.ganec.de\/de\/wp-json\/wp\/v2\/types\/page"}],"author":[{"embeddable":true,"href":"https:\/\/www.ganec.de\/de\/wp-json\/wp\/v2\/users\/1"}],"replies":[{"embeddable":true,"href":"https:\/\/www.ganec.de\/de\/wp-json\/wp\/v2\/comments?post=1252"}],"version-history":[{"count":26,"href":"https:\/\/www.ganec.de\/de\/wp-json\/wp\/v2\/pages\/1252\/revisions"}],"predecessor-version":[{"id":1486,"href":"https:\/\/www.ganec.de\/de\/wp-json\/wp\/v2\/pages\/1252\/revisions\/1486"}],"wp:featuredmedia":[{"embeddable":true,"href":"https:\/\/www.ganec.de\/de\/wp-json\/wp\/v2\/media\/1295"}],"wp:attachment":[{"href":"https:\/\/www.ganec.de\/de\/wp-json\/wp\/v2\/media?parent=1252"}],"curies":[{"name":"wp","href":"https:\/\/api.w.org\/{rel}","templated":true}]}}