{"id":1115,"date":"2018-12-09T17:48:12","date_gmt":"2018-12-09T15:48:12","guid":{"rendered":"http:\/\/dev1.ganec.de\/de\/?page_id=1115"},"modified":"2018-12-09T17:49:08","modified_gmt":"2018-12-09T15:49:08","slug":"faq","status":"publish","type":"page","link":"https:\/\/www.ganec.de\/de\/produkte\/sichere-usb-sticks\/safetogo\/faq","title":{"rendered":"SafeToGo &#8211; H\u00e4ufige Fragen \/ Antworten (FAQ)"},"content":{"rendered":"<div id=\"right-col\" class=\"custom-sidebar\">\r\n    <div id=\"sidebar\">\r\n        <h3 class=\"widget-title\">SafeToGo Informationen<\/h3>\r\n        <ul>\r\n            <li><a href=\"\/de\/produkte\/sichere-usb-sticks\/safetogo\">Merkmale<\/a><\/li>\r\n            <li><a href=\"\/de\/produkte\/sichere-usb-sticks\/safetogo\/technische-daten\">Technische Daten<\/a><\/li>\r\n            <li><a href=\"\/de\/produkte\/sichere-usb-sticks\/safetogo\/windows\">Einsatz unter Windows<\/a><\/li>\r\n            <li><a href=\"\/de\/produkte\/sichere-usb-sticks\/safetogo\/macos\">Einsatz unter macOS<\/a><\/li>\r\n            <li><a href=\"\/de\/produkte\/sichere-usb-sticks\/safetogo\/linux\">Einsatz unter Linux<\/a><\/li>\r\n            <li><a href=\"\/de\/produkte\/sichere-usb-sticks\/safetogo\/verwaltung\">Zentrale Verwaltungsl\u00f6sung<\/a><\/li>\r\n            <li><a href=\"\/de\/produkte\/sichere-usb-sticks\/safetogo\/presse-und-testberichte\">Presse \/ Testberichte<\/a>\r\n            <\/li>\r\n            <li><a href=\"\/de\/produkte\/sichere-usb-sticks\/safetogo\/datenblaetter\">Datenbl\u00e4tter<\/a><\/li>\r\n            <li><a href=\"\/de\/produkte\/sichere-usb-sticks\/safetogo\/faq\">H\u00e4ufige Fragen (FAQ)<\/a><\/li>\r\n        <\/ul>\r\n        <ul>\r\n            <li><a href=\"\/de\/kontakt\">Angebot \/ Beratung anfordern<\/a><\/li>\r\n            <li><a href=\"http:\/\/www.ganec-shop.de\/uebersicht-entscheidungshilfe-sichere-USB-Sticks\">Online-Shop<\/a><\/li>\r\n        <\/ul>\r\n        <ul>\r\n            <li><a href=\"\/de\/produkte\/sichere-usb-sticks\">zur\u00fcck zur \u00dcbersicht<\/a><\/li>\r\n        <\/ul>\r\n    <\/div>\r\n    <div class=\"clear\"><\/div>\r\n<\/div>\r\n<p>Auf dieser Seite haben wir h\u00e4ufige Fragen zu  SafeToGo USB-Sticks aufgelistet \u2013 und beantwortet.<\/p>\r\n<div style=\"margin: 0px 0px 0px 0px\">\r\n    <div style=\"margin: 25px 0px 0px 0px\">\r\n        <h3>1. Muss Software installiert werden, um den SafeToGo nutzen zu k\u00f6nnen?<\/h3>\r\n        <p>Nein, das ist nicht erforderlich. S\u00e4mtliche Software, die Sie zur Nutzung des SafeToGos ben\u00f6tigen, ist vorinstalliert und kann somit ohne vorherige Installation gestartet werden.<\/p>\r\n    <\/div>\r\n    <div style=\"margin: 25px 0px 0px 0px\">\r\n        <h3>2. Fallen seitens  Geb\u00fchren f\u00fcr die Nutzung der USB-Sticks an?<\/h3>\r\n        <p>Grunds\u00e4tzlich k\u00f6nnen Sie alle SafeToGos nutzen, ohne dass zwangsl\u00e4ufig eine Nutzungsgeb\u00fchr f\u00e4llig wird. Bitte beachten Sie dabei folgendes:<br \/> <br \/> Wenn Sie SafeToGos zentral verwalten m\u00f6chten, fallen in Abh\u00e4ngigkeit von der eingesetzten Variante der Verwaltungsl\u00f6sung regelm\u00e4\u00dfige Kosten an. Bitte kontaktieren Sie uns, wenn Sie weitere Informationen oder ein Angebot ben\u00f6tigen.<\/p>\r\n    <\/div>\r\n    <div style=\"margin: 25px 0px 0px 0px\">\r\n        <h3>3. Existiert ein Masterpasswort bzw. eine \u201eHintert\u00fcr\u201c?<\/h3>\r\n        <p>Die  SafeToGos verf\u00fcgen laut Angabe des Herstellers nicht \u00fcber eine \u201eHintert\u00fcr\u201c oder ein Masterpasswort, die es Dritten (z.B. Geheimdiensten) erlauben, auf Ihre Daten zuzugreifen.<br \/> <br \/> Wenn Sie die SafeToGos mit der SafeConsole zentral verwalten, besteht die M\u00f6glichkeit, den SafeToGo mit Hilfe eines individuellen Freischaltcodes ohne Eingabe des \turspr\u00fcnglichen Passworts wieder aufzuschlie\u00dfen. Die Kommunikation zwischen Anwender und der SafeConsole, die zur Generierung des Codes erforderlich ist, wird dabei mittels des asymmetrischen RSA Algorithmus verschl\u00fcsselt. Dieses Verfahren ist somit nicht mit einem (globalen) Masterpasswort gleichzusetzen.<\/p>\r\n    <\/div>\r\n    <div style=\"margin: 25px 0px 0px 0px\">\r\n        <h3>4. Was passiert, wenn man sein Passwort vergessen hat?<\/h3>\r\n        <p>Die Beantwortung der Frage h\u00e4ngt davon ab, ob die zentrale Verwaltungsl\u00f6sung SafeConsole eingesetzt wird.<\/p>\r\n        <p><strong>SafeConsole wird nicht eingesetzt:<\/strong> Sofern es Ihnen nicht gelingt, das korrekte Passwort im Rahmen der zul\u00e4ssigen Fehlversuche zu erraten, existiert keine M\u00f6glichkeit, an die Daten zu gelangen. Der Stick deaktiviert sich automatisch, sobald die maximale Anzahl an Fehlversuchen erreicht ist. Der Anwender kann den \tStick dann nur noch zur\u00fccksetzen, wobei das Passwort und die Daten gel\u00f6scht werden und der Stick in den Auslieferungszustand versetzt wird.<\/p>\r\n        <p><strong>Firmware 4.7.0 : <\/strong>Es ist auf Windows per cmd in das Verzeichnis &#8222;win&#8220; auf dem Datentr\u00e4ger zu navigiert und dort die Datei &#8222;LoginApp.exe&#8220; mit dem Zusatz &#8220; &#8212; reset&#8220; zu starten, um den Vorgang zu starten.<\/p>\r\n        <p><strong>Firmware 4.7.2 : <\/strong>Es ist unter dem Men\u00fc &#8222;Aktionen&#8220;, die Schaltfl\u00e4che &#8222;Zur\u00fccksetzen&#8220; auszuw\u00e4hlen, um den Vorgang zu starten.<\/p>\r\n        <p><strong>SafeConsole wird eingesetzt:<\/strong> Mit Unterst\u00fctzung des Administrators und eines individuellen Freischaltcodes, der generiert wird, wenn der Stick mit der \tSafeConsole auf sichere Weise verbunden ist, kann der Nutzer wieder an die Daten gelangen und ein neues Passwort vergeben.<\/p>\r\n    <\/div>\r\n<\/div>","protected":false},"excerpt":{"rendered":"SafeToGo Informationen Merkmale Technische Daten Einsatz unter Windows Einsatz unter","protected":false},"author":1,"featured_media":0,"parent":689,"menu_order":0,"comment_status":"closed","ping_status":"closed","template":"","meta":{"footnotes":""},"class_list":["post-1115","page","type-page","status-publish","hentry","no-wpautop","","tg-column-two"],"_links":{"self":[{"href":"https:\/\/www.ganec.de\/de\/wp-json\/wp\/v2\/pages\/1115","targetHints":{"allow":["GET"]}}],"collection":[{"href":"https:\/\/www.ganec.de\/de\/wp-json\/wp\/v2\/pages"}],"about":[{"href":"https:\/\/www.ganec.de\/de\/wp-json\/wp\/v2\/types\/page"}],"author":[{"embeddable":true,"href":"https:\/\/www.ganec.de\/de\/wp-json\/wp\/v2\/users\/1"}],"replies":[{"embeddable":true,"href":"https:\/\/www.ganec.de\/de\/wp-json\/wp\/v2\/comments?post=1115"}],"version-history":[{"count":2,"href":"https:\/\/www.ganec.de\/de\/wp-json\/wp\/v2\/pages\/1115\/revisions"}],"predecessor-version":[{"id":1117,"href":"https:\/\/www.ganec.de\/de\/wp-json\/wp\/v2\/pages\/1115\/revisions\/1117"}],"up":[{"embeddable":true,"href":"https:\/\/www.ganec.de\/de\/wp-json\/wp\/v2\/pages\/689"}],"wp:attachment":[{"href":"https:\/\/www.ganec.de\/de\/wp-json\/wp\/v2\/media?parent=1115"}],"curies":[{"name":"wp","href":"https:\/\/api.w.org\/{rel}","templated":true}]}}