{"id":1113,"date":"2018-12-09T17:46:33","date_gmt":"2018-12-09T15:46:33","guid":{"rendered":"http:\/\/dev1.ganec.de\/de\/?page_id=1113"},"modified":"2018-12-09T17:46:41","modified_gmt":"2018-12-09T15:46:41","slug":"datenblaetter","status":"publish","type":"page","link":"https:\/\/www.ganec.de\/de\/produkte\/sichere-usb-sticks\/safetogo\/datenblaetter","title":{"rendered":"SafeToGo &#8211; Datenbl\u00e4tter"},"content":{"rendered":"<div id=\"right-col\" class=\"custom-sidebar\">\r\n    <div id=\"sidebar\">\r\n        <h3 class=\"widget-title\">SafeToGo Informationen<\/h3>\r\n        <ul>\r\n            <li><a href=\"\/de\/produkte\/sichere-usb-sticks\/safetogo\">Merkmale<\/a><\/li>\r\n            <li><a href=\"\/de\/produkte\/sichere-usb-sticks\/safetogo\/technische-daten\">Technische Daten<\/a><\/li>\r\n            <li><a href=\"\/de\/produkte\/sichere-usb-sticks\/safetogo\/windows\">Einsatz unter Windows<\/a><\/li>\r\n            <li><a href=\"\/de\/produkte\/sichere-usb-sticks\/safetogo\/macos\">Einsatz unter macOS<\/a><\/li>\r\n            <li><a href=\"\/de\/produkte\/sichere-usb-sticks\/safetogo\/linux\">Einsatz unter Linux<\/a><\/li>\r\n            <li><a href=\"\/de\/produkte\/sichere-usb-sticks\/safetogo\/verwaltung\">Zentrale Verwaltungsl\u00f6sung<\/a><\/li>\r\n            <li><a href=\"\/de\/produkte\/sichere-usb-sticks\/safetogo\/presse-und-testberichte\">Presse \/ Testberichte<\/a>\r\n            <\/li>\r\n            <li><a href=\"\/de\/produkte\/sichere-usb-sticks\/safetogo\/datenblaetter\">Datenbl\u00e4tter<\/a><\/li>\r\n            <li><a href=\"\/de\/produkte\/sichere-usb-sticks\/safetogo\/faq\">H\u00e4ufige Fragen (FAQ)<\/a><\/li>\r\n        <\/ul>\r\n        <ul>\r\n            <li><a href=\"\/de\/kontakt\">Angebot \/ Beratung anfordern<\/a><\/li>\r\n            <li><a href=\"http:\/\/www.ganec-shop.de\/uebersicht-entscheidungshilfe-sichere-USB-Sticks\">Online-Shop<\/a><\/li>\r\n        <\/ul>\r\n        <ul>\r\n            <li><a href=\"\/de\/produkte\/sichere-usb-sticks\">zur\u00fcck zur \u00dcbersicht<\/a><\/li>\r\n        <\/ul>\r\n    <\/div>\r\n    <div class=\"clear\"><\/div>\r\n<\/div>\r\n<p>Auf dieser Seite finden Sie Datenbl\u00e4tter in englischer Sprache f\u00fcr den SafeToGo und der Verwaltungsl\u00f6sung SafeConsole.<\/p>\r\n<div style=\"margin: 20px 0px 0px 0px\">\r\n    <h3>Datenbl\u00e4tter des Herstellers<\/h3>\r\n    <p><a href=\"\/de\/wp-content\/uploads\/produkte\/sticks\/safetogo\/datasheet\/SafeToGo overview.pdf\" target=\"_blank\">\u00dcbersicht: SafeToGo<\/a><br \/> \u00dcberblick \u00fcber den sicheren USB-Stick (Englisch)<\/p>\r\n    <p><a href=\"\/de\/wp-content\/uploads\/produkte\/sticks\/safetogo\/datasheet\/SafeConsole%20overview.pdf\" target=\"_blank\">\u00dcbersicht: SafeConsole<\/a><br \/> \u00dcberblick \u00fcber die Verwaltungsl\u00f6sung SafeConsole (Englisch)<\/p>\r\n<\/div>","protected":false},"excerpt":{"rendered":"SafeToGo Informationen Merkmale Technische Daten Einsatz unter Windows Einsatz unter","protected":false},"author":1,"featured_media":0,"parent":689,"menu_order":0,"comment_status":"closed","ping_status":"closed","template":"","meta":{"footnotes":""},"class_list":["post-1113","page","type-page","status-publish","hentry","no-wpautop","","tg-column-two"],"_links":{"self":[{"href":"https:\/\/www.ganec.de\/de\/wp-json\/wp\/v2\/pages\/1113","targetHints":{"allow":["GET"]}}],"collection":[{"href":"https:\/\/www.ganec.de\/de\/wp-json\/wp\/v2\/pages"}],"about":[{"href":"https:\/\/www.ganec.de\/de\/wp-json\/wp\/v2\/types\/page"}],"author":[{"embeddable":true,"href":"https:\/\/www.ganec.de\/de\/wp-json\/wp\/v2\/users\/1"}],"replies":[{"embeddable":true,"href":"https:\/\/www.ganec.de\/de\/wp-json\/wp\/v2\/comments?post=1113"}],"version-history":[{"count":1,"href":"https:\/\/www.ganec.de\/de\/wp-json\/wp\/v2\/pages\/1113\/revisions"}],"predecessor-version":[{"id":1114,"href":"https:\/\/www.ganec.de\/de\/wp-json\/wp\/v2\/pages\/1113\/revisions\/1114"}],"up":[{"embeddable":true,"href":"https:\/\/www.ganec.de\/de\/wp-json\/wp\/v2\/pages\/689"}],"wp:attachment":[{"href":"https:\/\/www.ganec.de\/de\/wp-json\/wp\/v2\/media?parent=1113"}],"curies":[{"name":"wp","href":"https:\/\/api.w.org\/{rel}","templated":true}]}}