{"id":1104,"date":"2018-12-09T17:19:43","date_gmt":"2018-12-09T15:19:43","guid":{"rendered":"http:\/\/dev1.ganec.de\/de\/?page_id=1104"},"modified":"2018-12-09T22:35:53","modified_gmt":"2018-12-09T20:35:53","slug":"linux","status":"publish","type":"page","link":"https:\/\/www.ganec.de\/de\/produkte\/sichere-usb-sticks\/safetogo\/linux","title":{"rendered":"SafeToGo &#8211; Einsatz unter Linux"},"content":{"rendered":"<div id=\"right-col\" class=\"custom-sidebar\">\r\n    <div id=\"sidebar\">\r\n        <h3 class=\"widget-title\">SafeToGo Informationen<\/h3>\r\n        <ul>\r\n            <li><a href=\"\/de\/produkte\/sichere-usb-sticks\/safetogo\">Merkmale<\/a><\/li>\r\n            <li><a href=\"\/de\/produkte\/sichere-usb-sticks\/safetogo\/technische-daten\">Technische Daten<\/a><\/li>\r\n            <li><a href=\"\/de\/produkte\/sichere-usb-sticks\/safetogo\/windows\">Einsatz unter Windows<\/a><\/li>\r\n            <li><a href=\"\/de\/produkte\/sichere-usb-sticks\/safetogo\/macos\">Einsatz unter macOS<\/a><\/li>\r\n            <li><a href=\"\/de\/produkte\/sichere-usb-sticks\/safetogo\/linux\">Einsatz unter Linux<\/a><\/li>\r\n            <li><a href=\"\/de\/produkte\/sichere-usb-sticks\/safetogo\/verwaltung\">Zentrale Verwaltungsl\u00f6sung<\/a><\/li>\r\n            <li><a href=\"\/de\/produkte\/sichere-usb-sticks\/safetogo\/presse-und-testberichte\">Presse \/ Testberichte<\/a>\r\n            <\/li>\r\n            <li><a href=\"\/de\/produkte\/sichere-usb-sticks\/safetogo\/datenblaetter\">Datenbl\u00e4tter<\/a><\/li>\r\n            <li><a href=\"\/de\/produkte\/sichere-usb-sticks\/safetogo\/faq\">H\u00e4ufige Fragen (FAQ)<\/a><\/li>\r\n        <\/ul>\r\n        <ul>\r\n            <li><a href=\"\/de\/kontakt\">Angebot \/ Beratung anfordern<\/a><\/li>\r\n            <li><a href=\"http:\/\/www.ganec-shop.de\/uebersicht-entscheidungshilfe-sichere-USB-Sticks\">Online-Shop<\/a><\/li>\r\n        <\/ul>\r\n        <ul>\r\n            <li><a href=\"\/de\/produkte\/sichere-usb-sticks\">zur\u00fcck zur \u00dcbersicht<\/a><\/li>\r\n        <\/ul>\r\n    <\/div>\r\n    <div class=\"clear\"><\/div>\r\n<\/div>\r\n<p>\r\n    Parameter f\u00fcr alle Betriebssystem-Tests:<br>\r\n    Firmware: 4.7.2<\/p>\r\n<div style=\"margin: 35px 0px 0px 0px\">\r\n    <h3>SafeToGo \u2013 Benutzung unter Linux<\/h3>\r\n    <p>\r\n        Die hier getesteten Linux Distributionen stellen nur eine kleine Auswahl dar \u2013 unter der Rubrik \u201eTechnische Daten\u201c finden Sie eine Liste aller unterst\u00fctzen Betriebssysteme.<\/p>\r\n<\/div>\r\n<div style=\"margin: 20px 0px 0px 0px\">\r\n    <table class=\"usage\" style=\"margin: 15px 0px 0px 0px;\">\r\n        <tbody>\r\n        <tr style=\"vertical-align: top;\">\r\n            <td colspan=\"4\" style=\"width: 370px; text-align: left;\">\r\n                <p><strong>Desktop<\/strong><\/p><\/td>\r\n        <\/tr>\r\n        <tr>\r\n            <td rowspan=\"2\" style=\"width: 325px;\">OpenSUSE 11.4 (KDE)<\/td>\r\n            <td style=\"width: 25px; text-align: center;\">x86<\/td>\r\n            <td style=\"width: 175px; text-align: right;\">unterst\u00fctzt<\/td>\r\n            <td style=\"width: 175px; text-align: right;\">(siehe #5)<\/td>\r\n        <\/tr>\r\n        <tr>\r\n            <td style=\"width: 25px; text-align: center;\">x64<\/td>\r\n            <td style=\"width: 175px; text-align: right;\">unterst\u00fctzt<\/td>\r\n            <td style=\"width: 175px; text-align: right;\">(siehe #5)<\/td>\r\n        <\/tr>\r\n        <tr>\r\n            <td rowspan=\"2\" style=\"width: 325px;\">Ubuntu 11.04 (Gnome)<\/td>\r\n            <td style=\"width: 25px; text-align: center;\">x86<\/td>\r\n            <td style=\"width: 175px; text-align: right;\">unterst\u00fctzt<\/td>\r\n            <td style=\"width: 175px; text-align: right;\">(siehe #1)<\/td>\r\n        <\/tr>\r\n        <tr>\r\n            <td style=\"width: 25px; text-align: center;\">x64<\/td>\r\n            <td style=\"width: 175px; text-align: right;\">nicht unterst\u00fctzt<\/td>\r\n            <td style=\"width: 175px; text-align: right;\">(siehe #4)<\/td>\r\n        <\/tr>\r\n        <tr>\r\n            <td rowspan=\"2\" style=\"width: 325px;\">Ubuntu 10.10 (Gnome)<\/td>\r\n            <td style=\"width: 25px; text-align: center;\">x86<\/td>\r\n            <td style=\"width: 175px; text-align: right;\">unterst\u00fctzt<\/td>\r\n            <td style=\"width: 175px; text-align: right;\">(siehe #1)<\/td>\r\n        <\/tr>\r\n        <tr>\r\n            <td style=\"width: 25px; text-align: center;\">x64<\/td>\r\n            <td style=\"width: 175px; text-align: right;\">nicht unterst\u00fctzt<\/td>\r\n            <td style=\"width: 175px; text-align: right;\">(siehe #3)<\/td>\r\n        <\/tr>\r\n        <tr>\r\n            <td rowspan=\"2\" style=\"width: 325px;\">Ubuntu 10.04 LTS (Gnome)<\/td>\r\n            <td style=\"width: 25px; text-align: center;\">x86<\/td>\r\n            <td style=\"width: 175px; text-align: right;\">unterst\u00fctzt<\/td>\r\n            <td style=\"width: 175px; text-align: right;\">(siehe #1)<\/td>\r\n        <\/tr>\r\n        <tr>\r\n            <td style=\"width: 25px; text-align: center;\">x64<\/td>\r\n            <td style=\"width: 175px; text-align: right;\">nicht unterst\u00fctzt<\/td>\r\n            <td style=\"width: 175px; text-align: right;\">(siehe #2)<\/td>\r\n        <\/tr>\r\n        <\/tbody>\r\n    <\/table>\r\n<\/div>\r\n<div style=\"margin: 45px 0px 0px 0px;\">\r\n    <p style=\"font-size: 0.9em;\">\r\n        #1: Zugriff durch manuelles Ausf\u00fchren der Login-Applikation (sudo \/media\/Login\/Linux\/device-login). Abmelden durch &#8222;sudo \/media\/Login\/Linux\/device-login lock&#8220;.<br\/><br\/>\r\n        #2: Ausf\u00fchren des Login-Programms nicht m\u00f6glich. &#8222;Unable to execute \/media\/Login\/Linux\/device-login: Datei oder Verzeichnis nicht gefunden&#8220;<br\/><br\/>\r\n        #3: Ausf\u00fchren des Login-Programms nicht m\u00f6glich. &#8222;sudo \/media\/Login\/Linux\/device-login: error while loading shared libaries: libstdc++.so.6: cannot open shared object file:&#8230;&#8220;<br\/><br\/>\r\n        #4: Ausf\u00fchren des Login-Programms (sudo \/media\/Login\/Linux\/device-login) bleibt ohne Effekt.<br><br>\r\n        #5: Vor dem Ausf\u00fchren ist eine manuelle Einbindung des Laufwerkes n\u00f6tig, welches \u00fcber &#8222;sudo mount \/dev\/ \/mnt&#8220; erfolgt. Anschliessend kann durch &#8222;sudo \/mnt\/Linux\/device-login&#8220; das Laufwerk aufgeschlossen und durch &#8222;sudo \/mnt\/Login\/device-login lock&#8220; verschlossen.\r\n    <\/p>\r\n<\/div>","protected":false},"excerpt":{"rendered":"SafeToGo Informationen Merkmale Technische Daten Einsatz unter Windows Einsatz unter","protected":false},"author":1,"featured_media":0,"parent":689,"menu_order":0,"comment_status":"closed","ping_status":"closed","template":"","meta":{"footnotes":""},"class_list":["post-1104","page","type-page","status-publish","hentry","no-wpautop","","tg-column-two"],"_links":{"self":[{"href":"https:\/\/www.ganec.de\/de\/wp-json\/wp\/v2\/pages\/1104","targetHints":{"allow":["GET"]}}],"collection":[{"href":"https:\/\/www.ganec.de\/de\/wp-json\/wp\/v2\/pages"}],"about":[{"href":"https:\/\/www.ganec.de\/de\/wp-json\/wp\/v2\/types\/page"}],"author":[{"embeddable":true,"href":"https:\/\/www.ganec.de\/de\/wp-json\/wp\/v2\/users\/1"}],"replies":[{"embeddable":true,"href":"https:\/\/www.ganec.de\/de\/wp-json\/wp\/v2\/comments?post=1104"}],"version-history":[{"count":2,"href":"https:\/\/www.ganec.de\/de\/wp-json\/wp\/v2\/pages\/1104\/revisions"}],"predecessor-version":[{"id":1200,"href":"https:\/\/www.ganec.de\/de\/wp-json\/wp\/v2\/pages\/1104\/revisions\/1200"}],"up":[{"embeddable":true,"href":"https:\/\/www.ganec.de\/de\/wp-json\/wp\/v2\/pages\/689"}],"wp:attachment":[{"href":"https:\/\/www.ganec.de\/de\/wp-json\/wp\/v2\/media?parent=1104"}],"curies":[{"name":"wp","href":"https:\/\/api.w.org\/{rel}","templated":true}]}}