{"id":1094,"date":"2018-12-09T14:56:35","date_gmt":"2018-12-09T12:56:35","guid":{"rendered":"http:\/\/dev1.ganec.de\/de\/?page_id=1094"},"modified":"2018-12-09T17:13:27","modified_gmt":"2018-12-09T15:13:27","slug":"windows","status":"publish","type":"page","link":"https:\/\/www.ganec.de\/de\/produkte\/sichere-usb-sticks\/safetogo\/windows","title":{"rendered":"SafeToGo &#8211; Einsatz unter Windows"},"content":{"rendered":"<div id=\"right-col\" class=\"custom-sidebar\">\r\n    <div id=\"sidebar\">\r\n        <h3 class=\"widget-title\">SafeToGo Informationen<\/h3>\r\n        <ul>\r\n            <li><a href=\"\/de\/produkte\/sichere-usb-sticks\/safetogo\">Merkmale<\/a><\/li>\r\n            <li><a href=\"\/de\/produkte\/sichere-usb-sticks\/safetogo\/technische-daten\">Technische Daten<\/a><\/li>\r\n            <li><a href=\"\/de\/produkte\/sichere-usb-sticks\/safetogo\/windows\">Einsatz unter Windows<\/a><\/li>\r\n            <li><a href=\"\/de\/produkte\/sichere-usb-sticks\/safetogo\/macos\">Einsatz unter macOS<\/a><\/li>\r\n            <li><a href=\"\/de\/produkte\/sichere-usb-sticks\/safetogo\/linux\">Einsatz unter Linux<\/a><\/li>\r\n            <li><a href=\"\/de\/produkte\/sichere-usb-sticks\/safetogo\/verwaltung\">Zentrale Verwaltungsl\u00f6sung<\/a><\/li>\r\n            <li><a href=\"\/de\/produkte\/sichere-usb-sticks\/safetogo\/presse-und-testberichte\">Presse \/ Testberichte<\/a>\r\n            <\/li>\r\n            <li><a href=\"\/de\/produkte\/sichere-usb-sticks\/safetogo\/datenblaetter\">Datenbl\u00e4tter<\/a><\/li>\r\n            <li><a href=\"\/de\/produkte\/sichere-usb-sticks\/safetogo\/faq\">H\u00e4ufige Fragen (FAQ)<\/a><\/li>\r\n        <\/ul>\r\n        <ul>\r\n            <li><a href=\"\/de\/kontakt\">Angebot \/ Beratung anfordern<\/a><\/li>\r\n            <li><a href=\"http:\/\/www.ganec-shop.de\/uebersicht-entscheidungshilfe-sichere-USB-Sticks\">Online-Shop<\/a><\/li>\r\n        <\/ul>\r\n        <ul>\r\n            <li><a href=\"\/de\/produkte\/sichere-usb-sticks\">zur\u00fcck zur \u00dcbersicht<\/a><\/li>\r\n        <\/ul>\r\n    <\/div>\r\n    <div class=\"clear\"><\/div>\r\n<\/div>\r\n<p>Parameter f\u00fcr alle Betriebssystem-Tests:<br> Firmware: 4.7.0<\/p>\r\n<div style=\"\r\nmargin: 35px 0px 0px 0px;\">\r\n    <h3>SafeToGo \u2013 Benutzung unter Windows<\/h3>\r\n    <p>F\u00fcr diese Tests kam ein SafeToGo mit der Firmwareversion \u201e4.7.0\u2033 zum Einsatz.<br><br>Die folgende Bilderserie\r\n        zeigt\r\n        die erste Einrichtung und anschlie\u00dfende Verwendung des SafeToGo unter Windows 7 (64 Bit Version).<\/p>\r\n<\/div>\r\n<div style=\"\r\nwidth: 52%; margin: 160px 0px 0px 0px;\">\r\n    <p><strong>Login<\/strong><\/p>\r\n    <p>Wird der SafeToGo mit dem Rechner verbunden, wird die \u00f6ffentliche CD-Rom-Partition in das System eingebunden.<\/p>\r\n<\/div>\r\n<div style=\"\r\nwidth: 45%; margin: -100px 0px 0px 450px;\"><a class=\"highslide\"\r\n                                              href=\"\/de\/wp-content\/uploads\/produkte\/sticks\/safetogo\/win\/Computer.PNG\"\r\n                                              onmouseover=\"hs.headingText=''\"\r\n                                              onclick=\"return hs.expand(this, { headingText: '' } )\"> <img decoding=\"async\"\r\n        src=\"\/de\/wp-content\/uploads\/produkte\/sticks\/safetogo\/win\/Computer.PNG\" border=\"0\" width=\"300\"\r\n        style=\"border: 0px none;\"><\/a><\/div>\r\n<p><a class=\"highslide\" href=\"\/de\/wp-content\/uploads\/produkte\/sticks\/safetogo\/win\/Computer.png\"> <\/a><\/p>\r\n<div style=\"\r\nwidth: 45%; margin: -90px 0px 80px 0px;\">\r\n    <a href=\"\/de\/wp-content\/uploads\/produkte\/sticks\/safetogo\/win\/Start.PNG\" class=\"highslide\"\r\n       onmouseover=\"hs.headingText=''\" onclick=\"return hs.expand(this, { headingText: '' } )\"><img loading=\"lazy\" decoding=\"async\"\r\n            src=\"\/de\/wp-content\/uploads\/produkte\/sticks\/safetogo\/win\/Start.PNG\" border=\"0\" width=\"300\" height=\"254\"\r\n            style=\"border: 0px none;\"><\/a>\r\n<\/div>\r\n<div style=\"\r\nwidth: 53%; margin: -250px 0px 0px 350px;\">\r\n    <p>Es sollte sich per Autostart Funktion das Logon-Programm \u201eSafeToGo.exe\u201c starten.<\/p>\r\n    <p>Startet das Logon-Programm nicht, muss \u201eSafeToGo.exe\u201c von der CDRom-Partition des Sticks manuell gestartet\r\n        werden.<\/p>\r\n<\/div>\r\n<div style=\"\r\nwidth: 45%; margin: 30px 0px 0px 450px;\">\r\n    <a href=\"\/de\/wp-content\/uploads\/produkte\/sticks\/safetogo\/win\/Datentraeger.PNG\" class=\"highslide\"\r\n       onmouseover=\"hs.headingText=''\" onclick=\"return hs.expand(this, { headingText: '' } )\">\r\n        <img loading=\"lazy\" decoding=\"async\" src=\"\/de\/wp-content\/uploads\/produkte\/sticks\/safetogo\/win\/Datentraeger.PNG\" border=\"0\" width=\"300\"\r\n             height=\"101\" style=\"border: 0px none;\">\r\n    <\/a>\r\n<\/div>\r\n<div style=\"\r\nmargin: 10px 0px 0px 0px;\"><p><strong>Erste Verwendung<\/strong><\/p><\/div>\r\n<div style=\"\r\nwidth: 52%; margin: 0px 0px 0px 350px;\">\r\n\r\n    <p>Beim ersten Start der Software wird man gebeten sein gew\u00fcnschtes Passwort einzugeben, welches den vorgegebenen\r\n        Richtlinien entsprechen muss.<\/p>\r\n    <p>Nach dem Setzen des Passworts wird man zur erneuten Eingabe des Passsworts aufgefordert, wodurch anschlie\u00dfend der\r\n        Datentr\u00e4ger entsperrt wird.<\/p>\r\n    <p>Es ist keine zus\u00e4tzliche Software zur Sicherung von Daten auf diesem Datentr\u00e4ger enthalten. Bei Bedarf ist\r\n        TrueCrypt eine Backup-L\u00f6sung.<\/p>\r\n<\/div>\r\n<div style=\"\r\nwidth: 45%; margin: -255px 0px 0px 0px;\">\r\n    <a href=\"\/de\/wp-content\/uploads\/produkte\/sticks\/safetogo\/win\/pw.PNG\" class=\"highslide\"\r\n       onmouseover=\"hs.headingText=''\" onclick=\"return hs.expand(this, { headingText: '' } )\">\r\n        <img loading=\"lazy\" decoding=\"async\" src=\"\/de\/wp-content\/uploads\/produkte\/sticks\/safetogo\/win\/pw.PNG\" border=\"0\" width=\"300\" height=\"207\"\r\n             style=\"border: 0px none;\">\r\n    <\/a>\r\n<\/div>\r\n<div style=\"\r\nwidth: 45%; margin: 30px 0px 0px 0px;\">\r\n    <p>Nach der Entsperrung des Laufwerks wird dies im Explorer aufgelistet und das Hauptmen\u00fc ge\u00f6ffnet.<br><br>Im Men\u00fc\r\n        \u201eEinstellungen\u201c lassen sich Passwort, Sprache und die automatische Sperre bei Inaktivit\u00e4t festlegen.<\/p>\r\n<\/div>\r\n<div style=\"\r\nwidth: 45%; margin: -125px 0px 0px 375px;\">\r\n    <a href=\"\/de\/wp-content\/uploads\/produkte\/sticks\/safetogo\/win\/einbindung.PNG\" class=\"highslide\"\r\n       onmouseover=\"hs.headingText=''\" onclick=\"return hs.expand(this, { headingText: '' } );\">\r\n        <img loading=\"lazy\" decoding=\"async\" src=\"\/de\/wp-content\/uploads\/produkte\/sticks\/safetogo\/win\/einbindung.PNG\" border=\"0\" width=\"300\"\r\n             height=\"113\" style=\"border: 0px none;\">\r\n    <\/a>\r\n<\/div>\r\n<div style=\"\r\nmargin: 20px 0px 0px 0px;\"><strong>Logout<\/strong><\/div>\r\n<div style=\"\r\nwidth: 50%; margin: 10px 0px 0px 350px;\">\r\n    <p>Der Datentr\u00e4ger kann im Men\u00fc \u201eAktionen\u201c \u00fcber die Schaltfl\u00e4che \u201eSperren und Beenden\u201c ausgeworfen werden.<\/p>\r\n<\/div>\r\n<div style=\"\r\nwidth: 45%; margin: -80px 0px 0px 0px;\">\r\n    <a href=\"\/de\/wp-content\/uploads\/produkte\/sticks\/safetogo\/win\/beenden.PNG\" class=\"highslide\"\r\n       onmouseover=\"hs.headingText=''\" onclick=\"return hs.expand(this, { headingText: '' } );\">\r\n        <img decoding=\"async\" src=\"\/de\/wp-content\/uploads\/produkte\/sticks\/safetogo\/win\/beenden.PNG\" border=\"0\" width=\"300\"\r\n             style=\"border: 0px none;\">\r\n    <\/a>\r\n<\/div>","protected":false},"excerpt":{"rendered":"SafeToGo Informationen Merkmale Technische Daten Einsatz unter Windows Einsatz unter","protected":false},"author":1,"featured_media":0,"parent":689,"menu_order":0,"comment_status":"closed","ping_status":"closed","template":"","meta":{"footnotes":""},"class_list":["post-1094","page","type-page","status-publish","hentry","no-wpautop","","tg-column-two"],"_links":{"self":[{"href":"https:\/\/www.ganec.de\/de\/wp-json\/wp\/v2\/pages\/1094","targetHints":{"allow":["GET"]}}],"collection":[{"href":"https:\/\/www.ganec.de\/de\/wp-json\/wp\/v2\/pages"}],"about":[{"href":"https:\/\/www.ganec.de\/de\/wp-json\/wp\/v2\/types\/page"}],"author":[{"embeddable":true,"href":"https:\/\/www.ganec.de\/de\/wp-json\/wp\/v2\/users\/1"}],"replies":[{"embeddable":true,"href":"https:\/\/www.ganec.de\/de\/wp-json\/wp\/v2\/comments?post=1094"}],"version-history":[{"count":4,"href":"https:\/\/www.ganec.de\/de\/wp-json\/wp\/v2\/pages\/1094\/revisions"}],"predecessor-version":[{"id":1103,"href":"https:\/\/www.ganec.de\/de\/wp-json\/wp\/v2\/pages\/1094\/revisions\/1103"}],"up":[{"embeddable":true,"href":"https:\/\/www.ganec.de\/de\/wp-json\/wp\/v2\/pages\/689"}],"wp:attachment":[{"href":"https:\/\/www.ganec.de\/de\/wp-json\/wp\/v2\/media?parent=1094"}],"curies":[{"name":"wp","href":"https:\/\/api.w.org\/{rel}","templated":true}]}}