{"id":1092,"date":"2018-12-09T14:33:51","date_gmt":"2018-12-09T12:33:51","guid":{"rendered":"http:\/\/dev1.ganec.de\/de\/?page_id=1092"},"modified":"2018-12-09T14:33:51","modified_gmt":"2018-12-09T12:33:51","slug":"technische-daten","status":"publish","type":"page","link":"https:\/\/www.ganec.de\/de\/produkte\/sichere-usb-sticks\/safetogo\/technische-daten","title":{"rendered":"SafeToGo &#8211; Technische Daten"},"content":{"rendered":"<div id=\"right-col\" class=\"custom-sidebar\">\r\n    <div id=\"sidebar\">\r\n        <h3 class=\"widget-title\">SafeToGo Informationen<\/h3>\r\n        <ul>\r\n            <li><a href='\/de\/produkte\/sichere-usb-sticks\/safetogo'>Merkmale<\/a><\/li>\r\n            <li><a href='\/de\/produkte\/sichere-usb-sticks\/safetogo\/technische-daten'>Technische Daten<\/a><\/li>\r\n            <li><a href='\/de\/produkte\/sichere-usb-sticks\/safetogo\/windows'>Einsatz unter Windows<\/a><\/li>\r\n            <li><a href='\/de\/produkte\/sichere-usb-sticks\/safetogo\/macos'>Einsatz unter macOS<\/a><\/li>\r\n            <li><a href='\/de\/produkte\/sichere-usb-sticks\/safetogo\/linux'>Einsatz unter Linux<\/a><\/li>\r\n            <li><a href='\/de\/produkte\/sichere-usb-sticks\/safetogo\/verwaltung'>Zentrale Verwaltungsl\u00f6sung<\/a><\/li>\r\n            <li><a href='\/de\/produkte\/sichere-usb-sticks\/safetogo\/presse-und-testberichte'>Presse \/ Testberichte<\/a><\/li>\r\n            <li><a href='\/de\/produkte\/sichere-usb-sticks\/safetogo\/datenblaetter'>Datenbl\u00e4tter<\/a><\/li>\r\n            <li><a href='\/de\/produkte\/sichere-usb-sticks\/safetogo\/faq'>H\u00e4ufige Fragen (FAQ)<\/a><\/li>\r\n        <\/ul>\r\n        <ul>\r\n            <li><a href='\/de\/kontakt'>Angebot \/ Beratung anfordern<\/a><\/li>\r\n            <li><a href='http:\/\/www.ganec-shop.de\/uebersicht-entscheidungshilfe-sichere-USB-Sticks'>Online-Shop<\/a><\/li>\r\n        <\/ul>\r\n        <ul>\r\n            <li><a href='\/de\/produkte\/sichere-usb-sticks'>zur\u00fcck zur \u00dcbersicht<\/a><\/li>\r\n        <\/ul>\r\n    <\/div>\r\n    <div class=\"clear\"><\/div>\r\n<\/div>\r\n<p>\r\n    Auf dieser Seite informieren wir Sie \u00fcber die technischen Daten der SafeToGo Standard und Supersonic Variante.<br><br>\r\n    Alle Angaben basieren auf Informationen, die wir vom Hersteller bzw. Distributor erhielten. Irrt\u00fcmer und \u00c4nderungen behalten wir uns daher vor.<\/p>\r\n<table style=\"margin: 15px 0px 0px 0px;\" class=\"specifications\">\r\n    <tbody>\r\n    <tr style=\"vertical-align: top;\">\r\n        <td>\r\n            <strong>Verf\u00fcgbare Speicherkapazit\u00e4t<\/strong>\r\n        <\/td>\r\n        <td>\r\n            <p>\r\n                <strong>4 GB \u2013 32 GB<\/strong><br\/>\r\n                <br\/>\r\n                Die Speicherkapazit\u00e4ten sind ca.-Angaben. <br\/>\r\n                Nicht die gesamte Speicherkapazit\u00e4t steht zur Datenspeicherung zur Verf\u00fcgung.\r\n            <\/p>\r\n        <\/td>\r\n    <\/tr>\r\n    <tr style=\"vertical-align: top;\">\r\n        <td>\r\n            <strong>Geschwindigkeit<\/strong>\r\n        <\/td>\r\n        <td>\r\n            <p>\r\n                USB 2.0:<br\/><strong>\r\n                Lesegeschwindigkeit: ca. 32 MB pro Sekunde<br\/>\r\n                Schreibgeschwindigkeit: ca. 11 MB pro Sekunde<br\/><\/strong>\r\n                <br\/>\r\n                USB 3.0:<br\/><strong>\r\n                Lesegeschwindigkeit: ca. 85 MB pro Sekunde<br\/>\r\n                Schreibgeschwindigkeit: ca. 11 MB pro Sekunde<br\/><\/strong>\r\n                <br\/>\r\n                Die Lese-\/Schreibgeschwindigkeit wurde unter Laborbedingungen getestet. Die tats\u00e4chlich erreichte\r\n                Geschwindigkeit kann abweichen.<\/p>\r\n        <\/td>\r\n    <\/tr>\r\n    <tr style=\"vertical-align: top;\">\r\n        <td>\r\n            <strong>Ma\u00dfe<\/strong>\r\n        <\/td>\r\n        <td>\r\n            <p><strong>ca. 56 mm x 18 mm x 7 mm (LxBxH)<\/strong><\/p>\r\n        <\/td>\r\n    <\/tr>\r\n    <tr style=\"vertical-align: top;\">\r\n        <td>\r\n            <strong>Gewicht<\/strong>\r\n        <\/td>\r\n        <td>\r\n            <p><strong>ca. 9 Gramm<\/strong><\/p>\r\n        <\/td>\r\n    <\/tr>\r\n    <tr style=\"vertical-align: top;\">\r\n        <td>\r\n            <strong>Farbe<\/strong>\r\n        <\/td>\r\n        <td>\r\n            <p><strong>schwarz<\/strong><\/p>\r\n        <\/td>\r\n    <\/tr>\r\n    <tr style=\"vertical-align: top;\">\r\n        <td>\r\n            <strong>Wasserdichtigkeit<\/strong>\r\n        <\/td>\r\n        <td>\r\n            <p><strong>gem\u00e4\u00df MIL-STD-810F<\/strong><\/p>\r\n        <\/td>\r\n    <\/tr>\r\n    <tr style=\"vertical-align: top;\">\r\n        <td>\r\n            <strong>Umgebungstemperatur<\/strong>\r\n        <\/td>\r\n        <td>\r\n            <p><strong>Betriebstemperatur: 0 \u00b0C bis +70 \u00b0C<\/strong><\/p>\r\n        <\/td>\r\n    <\/tr>\r\n    <tr style=\"vertical-align: top;\">\r\n        <td>\r\n            <strong>Hardware (Schnittstelle)<\/strong>\r\n        <\/td>\r\n        <td>\r\n            <p><strong>USB 3.0 , USB 2.0, abw\u00e4rtskompatibel zu USB 1.1<\/strong><\/p>\r\n        <\/td>\r\n    <\/tr>\r\n    <tr style=\"vertical-align: top;\">\r\n        <td>\r\n            <strong>Unterst\u00fctzte Betriebssysteme<\/strong>\r\n        <\/td>\r\n        <td>\r\n            <p>\r\n                <strong>Windows XP, Windows Vista, Windows 7,<br>\r\n                    Windows Server 2003, Windows Server 2008<\/strong><br\/>\r\n                <br\/>\r\n                <strong>MacOS 10.5.x bis 10.9.0<\/strong><\/p>\r\n        <\/td>\r\n    <\/tr>\r\n    <tr style=\"vertical-align: top;\">\r\n        <td>\r\n            <strong>Verschl\u00fcsselungsalgorithmen<\/strong>\r\n        <\/td>\r\n        <td>\r\n            <p>\r\n                Daten: <br\/><strong>AES im CBC-Modus, Schl\u00fcssell\u00e4nge 256 Bit<\/strong><br>\r\n            <br>\r\n                Daten\u00fcbertragung: <br><strong>RSA, Schl\u00fcssell\u00e4nge 1024 Bit<\/strong><\/p>\r\n        <\/td>\r\n    <\/tr>\r\n    <tr style=\"vertical-align: top;\">\r\n        <td>\r\n            <strong>Sicherheitszertifizierung<\/strong>\r\n        <\/td>\r\n        <td>\r\n            <p><strong>keine<\/strong><\/p>\r\n        <\/td>\r\n    <\/tr>\r\n    <\/tbody>\r\n<\/table>","protected":false},"excerpt":{"rendered":"SafeToGo Informationen Merkmale Technische Daten Einsatz unter Windows Einsatz unter","protected":false},"author":1,"featured_media":0,"parent":689,"menu_order":0,"comment_status":"closed","ping_status":"closed","template":"","meta":{"footnotes":""},"class_list":["post-1092","page","type-page","status-publish","hentry","no-wpautop","","tg-column-two"],"_links":{"self":[{"href":"https:\/\/www.ganec.de\/de\/wp-json\/wp\/v2\/pages\/1092","targetHints":{"allow":["GET"]}}],"collection":[{"href":"https:\/\/www.ganec.de\/de\/wp-json\/wp\/v2\/pages"}],"about":[{"href":"https:\/\/www.ganec.de\/de\/wp-json\/wp\/v2\/types\/page"}],"author":[{"embeddable":true,"href":"https:\/\/www.ganec.de\/de\/wp-json\/wp\/v2\/users\/1"}],"replies":[{"embeddable":true,"href":"https:\/\/www.ganec.de\/de\/wp-json\/wp\/v2\/comments?post=1092"}],"version-history":[{"count":1,"href":"https:\/\/www.ganec.de\/de\/wp-json\/wp\/v2\/pages\/1092\/revisions"}],"predecessor-version":[{"id":1093,"href":"https:\/\/www.ganec.de\/de\/wp-json\/wp\/v2\/pages\/1092\/revisions\/1093"}],"up":[{"embeddable":true,"href":"https:\/\/www.ganec.de\/de\/wp-json\/wp\/v2\/pages\/689"}],"wp:attachment":[{"href":"https:\/\/www.ganec.de\/de\/wp-json\/wp\/v2\/media?parent=1092"}],"curies":[{"name":"wp","href":"https:\/\/api.w.org\/{rel}","templated":true}]}}