{"id":1090,"date":"2018-12-08T17:09:03","date_gmt":"2018-12-08T15:09:03","guid":{"rendered":"http:\/\/dev1.ganec.de\/de\/?page_id=1090"},"modified":"2018-12-08T17:09:03","modified_gmt":"2018-12-08T15:09:03","slug":"faq","status":"publish","type":"page","link":"https:\/\/www.ganec.de\/de\/produkte\/sichere-usb-sticks\/istorage-datashur\/faq","title":{"rendered":"Datashur &#8211; H\u00e4ufige Fragen \/ Antworten (FAQ)"},"content":{"rendered":"<div id=\"right-col\" class=\"custom-sidebar\">\r\n    <div id=\"sidebar\">\r\n        <h3 class=\"widget-title\">Datashur Informationen<\/h3>\r\n        <ul>\r\n            <li><a href=\"\/de\/produkte\/sichere-usb-sticks\/istorage-datashur\">Merkmale<\/a><\/li>\r\n            <li><a href=\"\/de\/produkte\/sichere-usb-sticks\/istorage-datashur\/technische-daten\">Technische Daten<\/a><\/li>\r\n            <li><a href=\"\/de\/produkte\/sichere-usb-sticks\/istorage-datashur\/windows\">Einsatz unter Windows<\/a><\/li>\r\n            <li><a href=\"\/de\/produkte\/sichere-usb-sticks\/istorage-datashur\/macos\">Einsatz unter macOS<\/a><\/li>\r\n            <li><a href=\"\/de\/produkte\/sichere-usb-sticks\/istorage-datashur\/linux\">Einsatz unter Linux<\/a><\/li>\r\n            <li><a href=\"\/de\/produkte\/sichere-usb-sticks\/istorage-datashur\/presse-und-testberichte\">Presse \/\r\n                Testberichte<\/a><\/li>\r\n            <li><a href=\"\/de\/produkte\/sichere-usb-sticks\/istorage-datashur\/datenblaetter\">Datenbl\u00e4tter<\/a><\/li>\r\n            <li><a href=\"\/de\/produkte\/sichere-usb-sticks\/istorage-datashur\/faq\">H\u00e4ufige Fragen (FAQ)<\/a><\/li>\r\n        <\/ul>\r\n        <ul>\r\n            <li><a href=\"\/de\/kontakt\">Angebot \/ Beratung anfordern<\/a><\/li>\r\n            <li><a href=\"http:\/\/www.ganec-shop.de\/uebersicht-entscheidungshilfe-sichere-USB-Sticks\">Online-Shop<\/a><\/li>\r\n        <\/ul>\r\n        <ul>\r\n            <li><a href=\"\/de\/produkte\/sichere-usb-sticks\">zur\u00fcck zur \u00dcbersicht<\/a><\/li>\r\n        <\/ul>\r\n    <\/div>\r\n    <div class=\"clear\"><\/div>\r\n<\/div>\r\n<p>\r\n    Auf dieser Seite haben wir h\u00e4ufige Fragen zum Datashur USB-Stick aufgelistet \u2013 und beantwortet.<\/p>\r\n<div style=\"margin: 0px 0px 0px 0px\">\r\n    <div style=\"margin: 25px 0px 0px 0px\">\r\n        <h3>1. Muss Software installiert werden, um den Datashur nutzen zu k\u00f6nnen?<\/h3>\r\n        <p>\r\n            Nein, das ist nicht erforderlich. Der Stick ben\u00f6tigt keine Software zum Betrieb.<\/p><\/div>\r\n    <div style=\"margin: 25px 0px 0px 0px\">\r\n        <h3>2. Ist der Stick eher f\u00fcr Unternehmen oder Verbraucher geeignet?<\/h3>\r\n        <p>\r\n            Der Datashur ist sowohl f\u00fcr Unternehmen als auch f\u00fcr Verbraucher geeignet. Die Admin-PIN erm\u00f6glicht es insbesondere Unternehmen, die USB Sticks von einem Administrator neu einrichten zu lassen bzw. Anwender zu unterst\u00fctzen, die ihre PIN vergessen haben.<\/p><\/div>\r\n    <div style=\"margin: 25px 0px 0px 0px\">\r\n        <h3>3. Fallen seitens des Herstellers Geb\u00fchren f\u00fcr die Nutzung der USB-Sticks an?<\/h3>\r\n        <p>\r\n            Nein, es fallen keine Geb\u00fchren an.<\/p><\/div>\r\n    <div style=\"margin: 25px 0px 0px 0px\">\r\n        <h3>4. Existiert ein Masterpasswort bzw. eine \u201eHintert\u00fcr\u201c?<\/h3>\r\n        <p>\r\n            Der Datashur verf\u00fcgt laut Angabe des Herstellers nicht \u00fcber eine \u201eHintert\u00fcr\u201c oder ein Masterpasswort, die es Dritten (z.B. Geheimdiensten) erlauben, auf Ihre Daten zuzugreifen.<\/p><\/div>\r\n    <div style=\"margin: 25px 0px 0px 0px\">\r\n        <h3>5. Was passiert, wenn man sein Passwort vergessen hat?<\/h3>\r\n        <p>\r\n            Wenn Sie Ihre User-PIN vergessen haben, k\u00f6nnen Sie die PIN mit Hilfe der Admin-PIN zur\u00fccksetzen. Wenn Sie auch die Admin-PIN vergessen haben, k\u00f6nnen Sie versuchen, die User-PIN zu erraten. Daf\u00fcr haben Sie allerdings nur 10 Versuche, danach wird Ihr Stick zur\u00fcck gesetzt, was mit einem Verlust Ihrer Daten einhergeht.<\/p><\/div>\r\n<\/div>","protected":false},"excerpt":{"rendered":"Datashur Informationen Merkmale Technische Daten Einsatz unter Windows Einsatz unter","protected":false},"author":1,"featured_media":0,"parent":684,"menu_order":0,"comment_status":"closed","ping_status":"closed","template":"","meta":{"footnotes":""},"class_list":["post-1090","page","type-page","status-publish","hentry","no-wpautop","","tg-column-two"],"_links":{"self":[{"href":"https:\/\/www.ganec.de\/de\/wp-json\/wp\/v2\/pages\/1090","targetHints":{"allow":["GET"]}}],"collection":[{"href":"https:\/\/www.ganec.de\/de\/wp-json\/wp\/v2\/pages"}],"about":[{"href":"https:\/\/www.ganec.de\/de\/wp-json\/wp\/v2\/types\/page"}],"author":[{"embeddable":true,"href":"https:\/\/www.ganec.de\/de\/wp-json\/wp\/v2\/users\/1"}],"replies":[{"embeddable":true,"href":"https:\/\/www.ganec.de\/de\/wp-json\/wp\/v2\/comments?post=1090"}],"version-history":[{"count":1,"href":"https:\/\/www.ganec.de\/de\/wp-json\/wp\/v2\/pages\/1090\/revisions"}],"predecessor-version":[{"id":1091,"href":"https:\/\/www.ganec.de\/de\/wp-json\/wp\/v2\/pages\/1090\/revisions\/1091"}],"up":[{"embeddable":true,"href":"https:\/\/www.ganec.de\/de\/wp-json\/wp\/v2\/pages\/684"}],"wp:attachment":[{"href":"https:\/\/www.ganec.de\/de\/wp-json\/wp\/v2\/media?parent=1090"}],"curies":[{"name":"wp","href":"https:\/\/api.w.org\/{rel}","templated":true}]}}