{"id":1048,"date":"2018-11-28T12:01:28","date_gmt":"2018-11-28T10:01:28","guid":{"rendered":"http:\/\/dev1.ganec.de\/de\/?page_id=1048"},"modified":"2018-12-09T15:16:08","modified_gmt":"2018-12-09T13:16:08","slug":"faq","status":"publish","type":"page","link":"https:\/\/www.ganec.de\/de\/produkte\/sichere-usb-sticks\/bs-drive-aes\/faq","title":{"rendered":"BS-Drive AES \u2013 H\u00e4ufige Fragen \/ Antworten (FAQ)"},"content":{"rendered":"<div id=\"right-col\" class=\"custom-sidebar\">\r\n    <div id=\"sidebar\">\r\n        <h3 class=\"widget-title\">BS-Drive Informationen<\/h3>\r\n        <ul>\r\n            <li><a href='\/de\/produkte\/sichere-usb-sticks\/bs-drive-aes'>Merkmale<\/a><\/li>\r\n            <li><a href='\/de\/produkte\/sichere-usb-sticks\/bs-drive-aes\/technische-daten'>Technische Daten<\/a><\/li>\r\n            <li><a href='\/de\/produkte\/sichere-usb-sticks\/bs-drive-aes\/windows'>Einsatz unter Windows<\/a><\/li>\r\n            <li><a href='\/de\/produkte\/sichere-usb-sticks\/bs-drive-aes\/macos'>Einsatz unter macOS<\/a><\/li>\r\n            <li><a href='\/de\/produkte\/sichere-usb-sticks\/bs-drive-aes\/linux'>Einsatz unter Linux<\/a><\/li>\r\n            <li><a href='\/de\/produkte\/sichere-usb-sticks\/bs-drive-aes\/presse-und-testberichte'>Presse \/ Testberichte<\/a>\r\n            <\/li>\r\n            <li><a href='\/de\/produkte\/sichere-usb-sticks\/bs-drive-aes\/datenblaetter'>Datenbl\u00e4tter<\/a><\/li>\r\n            <li><a href='\/de\/produkte\/sichere-usb-sticks\/bs-drive-aes\/faq'>H\u00e4ufige Fragen (FAQ)<\/a><\/li>\r\n        <\/ul>\r\n        <ul>\r\n            <li><a href='\/de\/kontakt'>Angebot \/ Beratung anfordern<\/a><\/li>\r\n            <li><a href='http:\/\/www.ganec-shop.de\/uebersicht-entscheidungshilfe-sichere-USB-Sticks'>Online-Shop<\/a><\/li>\r\n        <\/ul>\r\n        <ul>\r\n            <li><a href='\/de\/produkte\/sichere-usb-sticks'>zur\u00fcck zur \u00dcbersicht<\/a><\/li>\r\n        <\/ul>\r\n    <\/div>\r\n    <div class=\"clear\"><\/div>\r\n<\/div>\r\n<p>\r\n    Auf dieser Seite haben wir h\u00e4ufige Fragen zum BS-Drive AES USB-Stick aufgelistet \u2013 und beantwortet.<\/p>\r\n<div style=\"margin: 0px 0px 0px 0px\">\r\n    <div style=\"margin: 25px 0px 0px 0px\">\r\n        <h3>1. Muss Software installiert werden, um den BS-Drive AES nutzen zu k\u00f6nnen?<\/h3>\r\n        <p>\r\n            Nein, das ist nicht erforderlich. Der Stick ben\u00f6tigt keine Software zum Betrieb.<\/p><\/div>\r\n    <div style=\"margin: 25px 0px 0px 0px\">\r\n        <h3>2. Welche Variante ist f\u00fcr wen geeignet? <\/h3>\r\n        <p>\r\n            Die <strong>Standard-Variante<\/strong> ist f\u00fcr die meisten Kunden geeignet, unabh\u00e4ngig davon, ob der USB-Stick im privaten oder gesch\u00e4ftlichen Umfeld eingesetzt werden soll.<br \/>\r\n            <br \/>\r\n            Die <strong>PIN-Variante<\/strong> wendet sich in erster Linie an Unternehmen, die zusammen mit dem Fingerabdruck eine PIN zur Authentisierung einsetzen m\u00f6chten bzw. die Einheiten durch die Eingabe einer PIN (ohne Fingerprint) zur\u00fccksetzen m\u00f6chten<br \/>\r\n        <\/p><\/div>\r\n    <div style=\"margin: 25px 0px 0px 0px\">\r\n        <h3>3. Fallen seitens des Herstellers Geb\u00fchren f\u00fcr die Nutzung der USB-Sticks an?<\/h3>\r\n        <p>\r\n            Nein, es fallen keine Geb\u00fchren an.<\/p><\/div>\r\n    <div style=\"margin: 25px 0px 0px 0px\">\r\n        <h3>4. Existiert ein Masterpasswort bzw. eine \u201eHintert\u00fcr\u201c?<\/h3>\r\n        <p>\r\n            Der BS-Drive AES verf\u00fcgt laut Angabe des Herstellers nicht \u00fcber eine \u201eHintert\u00fcr\u201c oder ein Masterpasswort, die es Dritten (z.B. Geheimdiensten) erlauben, auf Ihre Daten zuzugreifen.<\/p><\/div>\r\n    <div style=\"margin: 25px 0px 0px 0px\">\r\n        <h3>5. Was passiert, wenn man sein Passwort vergessen hat?<\/h3>\r\n        <p>\r\n            Die Beantwortung der Frage h\u00e4ngt davon ab, welche Variante eingesetzt wird:<br \/>\r\n            <br \/>\r\n            Die <strong>Standard-Variante<\/strong> verf\u00fcgt \u00fcber kein Passwort, das man vergessen k\u00f6nnte.<br \/>\r\n            <br \/>\r\n            Falls die PIN der <strong>PIN-Variante<\/strong> vergessen wird, besteht die M\u00f6glichkeit, den Adminstrator zu kontaktieren und die PIN zu erfragen. Da es sich um eine globale PIN handelt (= alle Einheiten eines Unternehmens haben die gleiche PIN), sollte der Administrator die korrekte PIN kennen. Andernfalls bleibt nur die M\u00f6glichkeit, die Einheit mit der \u201eR\u00fccksetz-PIN\u201c zur\u00fcckzusetzen.<\/p><\/div>\r\n<\/div>","protected":false},"excerpt":{"rendered":"BS-Drive Informationen Merkmale Technische Daten Einsatz unter Windows Einsatz unter","protected":false},"author":1,"featured_media":0,"parent":681,"menu_order":0,"comment_status":"closed","ping_status":"closed","template":"","meta":{"footnotes":""},"class_list":["post-1048","page","type-page","status-publish","hentry","no-wpautop","","tg-column-two"],"_links":{"self":[{"href":"https:\/\/www.ganec.de\/de\/wp-json\/wp\/v2\/pages\/1048","targetHints":{"allow":["GET"]}}],"collection":[{"href":"https:\/\/www.ganec.de\/de\/wp-json\/wp\/v2\/pages"}],"about":[{"href":"https:\/\/www.ganec.de\/de\/wp-json\/wp\/v2\/types\/page"}],"author":[{"embeddable":true,"href":"https:\/\/www.ganec.de\/de\/wp-json\/wp\/v2\/users\/1"}],"replies":[{"embeddable":true,"href":"https:\/\/www.ganec.de\/de\/wp-json\/wp\/v2\/comments?post=1048"}],"version-history":[{"count":1,"href":"https:\/\/www.ganec.de\/de\/wp-json\/wp\/v2\/pages\/1048\/revisions"}],"predecessor-version":[{"id":1049,"href":"https:\/\/www.ganec.de\/de\/wp-json\/wp\/v2\/pages\/1048\/revisions\/1049"}],"up":[{"embeddable":true,"href":"https:\/\/www.ganec.de\/de\/wp-json\/wp\/v2\/pages\/681"}],"wp:attachment":[{"href":"https:\/\/www.ganec.de\/de\/wp-json\/wp\/v2\/media?parent=1048"}],"curies":[{"name":"wp","href":"https:\/\/api.w.org\/{rel}","templated":true}]}}