{"id":1046,"date":"2018-11-28T11:59:55","date_gmt":"2018-11-28T09:59:55","guid":{"rendered":"http:\/\/dev1.ganec.de\/de\/?page_id=1046"},"modified":"2018-12-09T15:15:38","modified_gmt":"2018-12-09T13:15:38","slug":"datenblaetter","status":"publish","type":"page","link":"https:\/\/www.ganec.de\/de\/produkte\/sichere-usb-sticks\/bs-drive-aes\/datenblaetter","title":{"rendered":"BS-Drive AES \u2013 Datenbl\u00e4tter"},"content":{"rendered":"<div id=\"right-col\" class=\"custom-sidebar\">\r\n    <div id=\"sidebar\">\r\n        <h3 class=\"widget-title\">BS-Drive Informationen<\/h3>\r\n        <ul>\r\n            <li><a href='\/de\/produkte\/sichere-usb-sticks\/bs-drive-aes'>Merkmale<\/a><\/li>\r\n            <li><a href='\/de\/produkte\/sichere-usb-sticks\/bs-drive-aes\/technische-daten'>Technische Daten<\/a><\/li>\r\n            <li><a href='\/de\/produkte\/sichere-usb-sticks\/bs-drive-aes\/windows'>Einsatz unter Windows<\/a><\/li>\r\n            <li><a href='\/de\/produkte\/sichere-usb-sticks\/bs-drive-aes\/macos'>Einsatz unter macOS<\/a><\/li>\r\n            <li><a href='\/de\/produkte\/sichere-usb-sticks\/bs-drive-aes\/linux'>Einsatz unter Linux<\/a><\/li>\r\n            <li><a href='\/de\/produkte\/sichere-usb-sticks\/bs-drive-aes\/presse-und-testberichte'>Presse \/ Testberichte<\/a>\r\n            <\/li>\r\n            <li><a href='\/de\/produkte\/sichere-usb-sticks\/bs-drive-aes\/datenblaetter'>Datenbl\u00e4tter<\/a><\/li>\r\n            <li><a href='\/de\/produkte\/sichere-usb-sticks\/bs-drive-aes\/faq'>H\u00e4ufige Fragen (FAQ)<\/a><\/li>\r\n        <\/ul>\r\n        <ul>\r\n            <li><a href='\/de\/kontakt'>Angebot \/ Beratung anfordern<\/a><\/li>\r\n            <li><a href='http:\/\/www.ganec-shop.de\/uebersicht-entscheidungshilfe-sichere-USB-Sticks'>Online-Shop<\/a><\/li>\r\n        <\/ul>\r\n        <ul>\r\n            <li><a href='\/de\/produkte\/sichere-usb-sticks'>zur\u00fcck zur \u00dcbersicht<\/a><\/li>\r\n        <\/ul>\r\n    <\/div>\r\n    <div class=\"clear\"><\/div>\r\n<\/div>\r\n<p>\r\n    Auf dieser Seite finden Sie Datenbl\u00e4tter in deutscher Sprache f\u00fcr den BS-Drive AES USB-Stick, sobald diese verf\u00fcgbar sind.<\/p>\r\n<div style=\"margin: 20px 0px 0px 0px\">\r\n    <h3>Datenbl\u00e4tter des Herstellers<\/h3>\r\n    <p>\r\n        Derzeit (Stand April 2011) sind leider keine Datenbl\u00e4tter erh\u00e4ltlich.<\/p>\r\n<\/div>","protected":false},"excerpt":{"rendered":"BS-Drive Informationen Merkmale Technische Daten Einsatz unter Windows Einsatz unter","protected":false},"author":1,"featured_media":0,"parent":681,"menu_order":0,"comment_status":"closed","ping_status":"closed","template":"","meta":{"footnotes":""},"class_list":["post-1046","page","type-page","status-publish","hentry","no-wpautop","","tg-column-two"],"_links":{"self":[{"href":"https:\/\/www.ganec.de\/de\/wp-json\/wp\/v2\/pages\/1046","targetHints":{"allow":["GET"]}}],"collection":[{"href":"https:\/\/www.ganec.de\/de\/wp-json\/wp\/v2\/pages"}],"about":[{"href":"https:\/\/www.ganec.de\/de\/wp-json\/wp\/v2\/types\/page"}],"author":[{"embeddable":true,"href":"https:\/\/www.ganec.de\/de\/wp-json\/wp\/v2\/users\/1"}],"replies":[{"embeddable":true,"href":"https:\/\/www.ganec.de\/de\/wp-json\/wp\/v2\/comments?post=1046"}],"version-history":[{"count":1,"href":"https:\/\/www.ganec.de\/de\/wp-json\/wp\/v2\/pages\/1046\/revisions"}],"predecessor-version":[{"id":1047,"href":"https:\/\/www.ganec.de\/de\/wp-json\/wp\/v2\/pages\/1046\/revisions\/1047"}],"up":[{"embeddable":true,"href":"https:\/\/www.ganec.de\/de\/wp-json\/wp\/v2\/pages\/681"}],"wp:attachment":[{"href":"https:\/\/www.ganec.de\/de\/wp-json\/wp\/v2\/media?parent=1046"}],"curies":[{"name":"wp","href":"https:\/\/api.w.org\/{rel}","templated":true}]}}