{"id":1020,"date":"2018-11-18T15:17:04","date_gmt":"2018-11-18T13:17:04","guid":{"rendered":"http:\/\/dev1.ganec.de\/de\/?page_id=1020"},"modified":"2018-12-09T15:20:44","modified_gmt":"2018-12-09T13:20:44","slug":"faq","status":"publish","type":"page","link":"https:\/\/www.ganec.de\/de\/produkte\/sichere-usb-sticks\/mxi-stealth-key\/faq","title":{"rendered":"MXI Stealth Key \u2013 H\u00e4ufige Fragen \/ Antworten (FAQ)"},"content":{"rendered":"<div id=\"right-col\" class=\"custom-sidebar\">\r\n    <div id=\"sidebar\">\r\n        <h3 class=\"widget-title\">StealthKey Informationen<\/h3>\r\n        <ul>\r\n            <li><a href=\"\/de\/produkte\/sichere-usb-sticks\/mxi-stealth-key\">Merkmale<\/a><\/li>\r\n            <li><a href=\"\/de\/produkte\/sichere-usb-sticks\/mxi-stealth-key\/technische-daten\">Technische Daten<\/a><\/li>\r\n            <li><a href=\"\/de\/produkte\/sichere-usb-sticks\/mxi-stealth-key\/windows\">Einsatz unter Windows<\/a><\/li>\r\n            <li><a href=\"\/de\/produkte\/sichere-usb-sticks\/mxi-stealth-key\/macos\">Einsatz unter macOS<\/a><\/li>\r\n            <li><a href=\"\/de\/produkte\/sichere-usb-sticks\/mxi-stealth-key\/linux\">Einsatz unter Linux<\/a><\/li>\r\n            <li><a href=\"\/de\/produkte\/sichere-usb-sticks\/mxi-stealth-key\/verwaltung\">Zentrale Verwaltungsl\u00f6sung<\/a><\/li>\r\n            <li><a href=\"\/de\/produkte\/sichere-usb-sticks\/mxi-stealth-key\/presse-und-testberichte\">Presse \/\r\n                Testberichte<\/a><\/li>\r\n            <li><a href=\"\/de\/produkte\/sichere-usb-sticks\/mxi-stealth-key\/datenblaetter\">Datenbl\u00e4tter<\/a><\/li>\r\n            <li><a href=\"\/de\/produkte\/sichere-usb-sticks\/mxi-stealth-key\/faq\">H\u00e4ufige Fragen (FAQ)<\/a><\/li>\r\n        <\/ul>\r\n        <ul>\r\n            <li><a href=\"\/de\/kontakt\">Angebot \/ Beratung anfordern<\/a><\/li>\r\n            <li><a href=\"http:\/\/www.ganec-shop.de\/uebersicht-entscheidungshilfe-sichere-USB-Sticks\">Online-Shop<\/a><\/li>\r\n        <\/ul>\r\n        <ul>\r\n            <li><a href=\"\/de\/produkte\/sichere-usb-sticks\">zur\u00fcck zur \u00dcbersicht<\/a><\/li>\r\n        <\/ul>\r\n    <\/div>\r\n    <div class=\"clear\"><\/div>\r\n<\/div>\r\n<p>\r\n    Auf dieser Seite haben wir h\u00e4ufige Fragen zu MXI Stealth Key USB-Sticks aufgelistet \u2013 und beantwortet.<\/p>\r\n<div style=\"margin: 0px 0px 0px 0px\">\r\n    <div style=\"margin: 25px 0px 0px 0px\">\r\n        <h3>1. Muss Software installiert werden, um die Stealth Key USB-Sticks nutzen zu k\u00f6nnen?<\/h3>\r\n        <p>\r\n            Grunds\u00e4tzlich ist  dies nicht erforderlich. S\u00e4mtliche Programme, die Sie zur Nutzung des MXI Stealth Key USB-Sticks ben\u00f6tigen, sind auf dem USB-Stick vorinstalliert und k\u00f6nnen somit ohne vorherige Installation gestartet werden.<br \/>\r\n            <br \/>\r\n            Bestimmte Zusatzfunktionen der M550 und M700 Bio USB-Sticks stehen jedoch nur dann zur Verf\u00fcgung, wenn die kostenpflichtige Software MXI Access Identity bzw. MXI Access Enterprise eingesetzt wird. Dazu z\u00e4hlen beispielsweise die sichere Speicherung von Zertifikaten und die Erzeugung von Schl\u00fcsseln und Zufallszahlen.<\/p><\/div>\r\n    <div style=\"margin: 25px 0px 0px 0px\">\r\n        <h3>2. Welche Variante ist f\u00fcr wen geeignet?<\/h3>\r\n        <p>\r\n            Die <strong>M550-Variante<\/strong> ist f\u00fcr Anwender konzipiert worden, die einen sicheren und robusten USB-Stick ben\u00f6tigen, der sich optional zentral verwalten l\u00e4sst und bei Bedarf von mehreren Nutzern genutzt werden kann (integrierte Benutzerverwaltung).<br \/>\r\n            <br \/>\r\n            Die <strong>M700 Bio-Variante<\/strong> wendet sich an Nutzer, die neben den Merkmalen der M550-Variante zus\u00e4tzliche Funktionen wie beispielsweise die Authentisierung mittels Fingerabdruck und\/oder umfangreiche kryptographische Dienste ben\u00f6tigen.<br \/>\r\n        <\/p><\/div>\r\n    <div style=\"margin: 25px 0px 0px 0px\">\r\n        <h3>3. Fallen seitens MXI Security Geb\u00fchren f\u00fcr die Nutzung der USB-Sticks an?<\/h3>\r\n        <p>\r\n            Zus\u00e4tzliche Geb\u00fchren fallen nur dann an, wenn der optional integrierbare Virenscanner, die zentrale Verwaltungsl\u00f6sung von MXI und\/oder die Software MXI Access Identity genutzt werden.<\/p><\/div>\r\n    <div style=\"margin: 25px 0px 0px 0px\">\r\n        <h3>4. Existiert ein Masterpasswort bzw. eine \u201eHintert\u00fcr\u201c?<\/h3>\r\n        <p>\r\n            Nach unseren Informationen existiert keine \u201eHintert\u00fcr\u201c, die es Dritten erlaubt, auf die Daten unter Umgehung der vom Administrator\/Nutzer eingerichteten Passw\u00f6rter  zuzugreifen.<br \/>\r\n            <br \/>\r\n            Es besteht allerdings die M\u00f6glichkeit, ein Administrator-Passwort festzulegen, mit dessen Hilfe auf die Daten des Sticks zugegriffen werden kann.<\/p><\/div>\r\n    <div style=\"margin: 25px 0px 0px 0px\">\r\n        <h3>5. Was passiert, wenn man sein Passwort vergessen hat?<\/h3>\r\n        <table style=\"margin: -6px 0px 0px -10px; line-height: 150%;\" cellspacing=\"12\">\r\n            <tr>\r\n                <td style=\"border: none;\" colspan=\"2\">\r\n                    Dies h\u00e4ngt von der Konfiguration des USB-Sticks ab, die der Administrator w\u00e4hrend der Einrichtung des Sticks festgelegt hat:<\/td><\/tr>\r\n            <tr style=\"vertical-align: top;\">\r\n                <td style=\"border: none;\" >\r\n                    <strong>(a)<\/strong><\/td>\r\n                <td style=\"border: none;\" >Der Stick wurde so konfiguriert, dass er wieder freigeschaltet werden kann.<br \/>\r\n                    Der Zugriff auf die Daten ist mit Hilfe des Administrators m\u00f6glich, indem dieser sein Passwort eingibt und den Nutzer wieder freischaltet. Sollte die Verwaltungsl\u00f6sung MXI Access Enterprise eingesetzt werden, stehen weitere Verfahren zur Verf\u00fcgung, um den Stick freizuschalten.<\/td><\/tr>\r\n            <tr style=\"vertical-align: top;\">\r\n                <td style=\"border: none;\" >\r\n                    <strong>(b)<\/strong><\/td>\r\n                <td style=\"border: none;\" >Der Stick wurde so konfiguriert, dass er nicht wieder freigeschaltet werden kann.<br \/>\r\n                    In diesem Fall bleibt nur die M\u00f6glichkeit, das Passwort im Rahmen der zul\u00e4ssigen Fehlversuche zu erraten. Gelingt dies nicht, ist ein Zugriff auf die Daten nicht mehr m\u00f6glich. Ist der MXI Stealth Key M700 Bio so eingerichtet worden, dass zus\u00e4tzlich\/ausschlie\u00dflich eine Authentisierung mittels Fingerabdruck erfolgen muss, steht dieser L\u00f6sungsansatz nicht zur Verf\u00fcgung.<br \/>\r\n                    <br \/>\r\n                    Der USB-Stick kann wieder in den Auslieferungszustand zur\u00fcck gesetzt werden, wobei die Daten jedoch gel\u00f6scht werden.<\/td><\/tr>\r\n        <\/table>\r\n    <\/div>\r\n<\/div>","protected":false},"excerpt":{"rendered":"StealthKey Informationen Merkmale Technische Daten Einsatz unter Windows Einsatz unter","protected":false},"author":1,"featured_media":0,"parent":676,"menu_order":0,"comment_status":"closed","ping_status":"closed","template":"","meta":{"footnotes":""},"class_list":["post-1020","page","type-page","status-publish","hentry","no-wpautop","","tg-column-two"],"_links":{"self":[{"href":"https:\/\/www.ganec.de\/de\/wp-json\/wp\/v2\/pages\/1020","targetHints":{"allow":["GET"]}}],"collection":[{"href":"https:\/\/www.ganec.de\/de\/wp-json\/wp\/v2\/pages"}],"about":[{"href":"https:\/\/www.ganec.de\/de\/wp-json\/wp\/v2\/types\/page"}],"author":[{"embeddable":true,"href":"https:\/\/www.ganec.de\/de\/wp-json\/wp\/v2\/users\/1"}],"replies":[{"embeddable":true,"href":"https:\/\/www.ganec.de\/de\/wp-json\/wp\/v2\/comments?post=1020"}],"version-history":[{"count":3,"href":"https:\/\/www.ganec.de\/de\/wp-json\/wp\/v2\/pages\/1020\/revisions"}],"predecessor-version":[{"id":1023,"href":"https:\/\/www.ganec.de\/de\/wp-json\/wp\/v2\/pages\/1020\/revisions\/1023"}],"up":[{"embeddable":true,"href":"https:\/\/www.ganec.de\/de\/wp-json\/wp\/v2\/pages\/676"}],"wp:attachment":[{"href":"https:\/\/www.ganec.de\/de\/wp-json\/wp\/v2\/media?parent=1020"}],"curies":[{"name":"wp","href":"https:\/\/api.w.org\/{rel}","templated":true}]}}