{"id":1005,"date":"2018-11-18T13:21:22","date_gmt":"2018-11-18T11:21:22","guid":{"rendered":"http:\/\/dev1.ganec.de\/de\/?page_id=1005"},"modified":"2018-12-09T15:20:07","modified_gmt":"2018-12-09T13:20:07","slug":"macos","status":"publish","type":"page","link":"https:\/\/www.ganec.de\/de\/produkte\/sichere-usb-sticks\/mxi-stealth-key\/macos","title":{"rendered":"MXI Stealth Key \u2013 Einsatz unter MacOS"},"content":{"rendered":"<div id=\"right-col\" class=\"custom-sidebar\">\r\n    <div id=\"sidebar\">\r\n        <h3 class=\"widget-title\">StealthKey Informationen<\/h3>\r\n        <ul>\r\n            <li><a href=\"\/de\/produkte\/sichere-usb-sticks\/mxi-stealth-key\">Merkmale<\/a><\/li>\r\n            <li><a href=\"\/de\/produkte\/sichere-usb-sticks\/mxi-stealth-key\/technische-daten\">Technische Daten<\/a><\/li>\r\n            <li><a href=\"\/de\/produkte\/sichere-usb-sticks\/mxi-stealth-key\/windows\">Einsatz unter Windows<\/a><\/li>\r\n            <li><a href=\"\/de\/produkte\/sichere-usb-sticks\/mxi-stealth-key\/macos\">Einsatz unter macOS<\/a><\/li>\r\n            <li><a href=\"\/de\/produkte\/sichere-usb-sticks\/mxi-stealth-key\/linux\">Einsatz unter Linux<\/a><\/li>\r\n            <li><a href=\"\/de\/produkte\/sichere-usb-sticks\/mxi-stealth-key\/verwaltung\">Zentrale Verwaltungsl\u00f6sung<\/a><\/li>\r\n            <li><a href=\"\/de\/produkte\/sichere-usb-sticks\/mxi-stealth-key\/presse-und-testberichte\">Presse \/\r\n                Testberichte<\/a><\/li>\r\n            <li><a href=\"\/de\/produkte\/sichere-usb-sticks\/mxi-stealth-key\/datenblaetter\">Datenbl\u00e4tter<\/a><\/li>\r\n            <li><a href=\"\/de\/produkte\/sichere-usb-sticks\/mxi-stealth-key\/faq\">H\u00e4ufige Fragen (FAQ)<\/a><\/li>\r\n        <\/ul>\r\n        <ul>\r\n            <li><a href=\"\/de\/kontakt\">Angebot \/ Beratung anfordern<\/a><\/li>\r\n            <li><a href=\"http:\/\/www.ganec-shop.de\/uebersicht-entscheidungshilfe-sichere-USB-Sticks\">Online-Shop<\/a><\/li>\r\n        <\/ul>\r\n        <ul>\r\n            <li><a href=\"\/de\/produkte\/sichere-usb-sticks\">zur\u00fcck zur \u00dcbersicht<\/a><\/li>\r\n        <\/ul>\r\n    <\/div>\r\n    <div class=\"clear\"><\/div>\r\n<\/div>\r\n<p>Den Einsatz des MXI Stealth Keys unter MacOS haben wir den erh\u00e4ltlichen Varianten entsprechend separat dokumentiert.\r\n<\/p>\r\n<ul class=\"blue\">\r\n    <li><a href=\"\/de\/produkte\/sichere-usb-sticks\/mxi-stealth-key\/macos.html#M700\">MXI Stealth Key M700 Bio<\/a><\/li>\r\n    <li><a href=\"\/de\/produkte\/sichere-usb-sticks\/mxi-stealth-key\/macos.html#M550\">MXI Stealth Key M550<\/a><\/li>\r\n<\/ul>\r\n<p><\/p>\r\n<div id=\"M700\" style=\"margin: 205px 0px 0px 0px;\">\r\n    <p style=\"font-size: 1.2em;\"><strong>MXI Stealth Key M700 Bio<\/strong><\/p>\r\n    <p>\r\n        Parameter f\u00fcr alle Betriebssystem-Tests:<br>\r\n        Firmware-Version: 1.14<br>\r\n        ACCESS Standard Version 3.8.7.1<\/p>\r\n    <div style=\"margin: 35px 0px 0px 0px;\">\r\n        <h3>MXI Stealth Key M700 Bio \u2013 Benutzung unter MacOS 10.6.7<\/h3>\r\n        <p>\r\n            Der MXI Stealth Key M700 Bio besitzt eine integrierte Multiuser-Funktion: Es k\u00f6nnen \u2013 neben dem zwangsl\u00e4ufig\r\n            erforderlichen Administratoraccount \u2013 mehrere User auf demselben Stick angelegt werden. Jeder Benutzer\r\n            erh\u00e4lt so einen, von den anderen Benutzern getrennten Speicherbereich.\r\n        <\/p>\r\n        <p>Die folgende Bilderreihe zeigt die Verwendung des bereits eingerichteten (personalisierten) MXI-M700 Bio\r\n            Sticks unter einem intel-based Mac (MacOS 10.6.7, Snow Leopard).\r\n        <\/p>\r\n        <p>\r\n            \u00c4ltere MacOS Versionen, basierend auf der PowerPC Plattform, werden nicht unterst\u00fctzt. Ist der MXI-Bio-Key\r\n            bereits eingerichtet, kann die sichere Partition problemlos auch auf \u00e4lteren MacOS Versionen verwendet\r\n            werden (getestet: MacOS 10.4.11 PowerPC-G3).\r\n        <\/p>\r\n    <\/div>\r\n    <div style=\"width: 52%;margin: 35px 0px 0px 0px;\">\r\n        <p>\r\n            <strong>Login<\/strong><br>\r\n            Nachdem der MXI-M700 mit dem Mac verbunden wurde, wird die unverschl\u00fcsselte CDRom-Partition \u201eApplication\u201c\r\n            automatisch eingebunden. Die verschl\u00fcsselte Partition wird ebenfalls als Laufwerk sichtbar, da aber noch\r\n            keine erfolgreiche Anmeldung erfolgte, hei\u00dft das Symbol noch \u201eLOCKED\u201c.\r\n        <\/p>\r\n    <\/div>\r\n    <div style=\"width:45%;margin: -160px 0px 0px 445px;\">\r\n        <a href=\"\/de\/wp-content\/uploads\/produkte\/sticks\/mxi\/macos\/MXI-Bio_CDRomPart_mkd.png\" class=\"highslide\"\r\n           onmouseover=\"hs.headingText=''\" onclick=\"return hs.expand(this, { headingText: '' } )\">\r\n            <img decoding=\"async\" src=\"\/de\/wp-content\/uploads\/produkte\/sticks\/mxi\/macos\/thumbs\/MXI-Bio_CDRomPart_mkd.png\" alt=\"\"\r\n                 title=\"\">\r\n        <\/a>\r\n    <\/div>\r\n    <div style=\"width:45%;margin: 30px 0px 0px 0px;\">\r\n        <a href=\"\/de\/wp-content\/uploads\/produkte\/sticks\/mxi\/macos\/MXI-Bio_login_a_mkd.png\" class=\"highslide\"\r\n           onmouseover=\"hs.headingText=''\" onclick=\"return hs.expand(this, { headingText: '' } )\">\r\n            <img decoding=\"async\" src=\"\/de\/wp-content\/uploads\/produkte\/sticks\/mxi\/macos\/thumbs\/MXI-Bio_login_a_mkd.png\" alt=\"\" title=\"\">\r\n        <\/a>\r\n    <\/div>\r\n    <div style=\"width: 52%;margin: -275px 0px 0px 350px;\">\r\n        <p>\r\n            Das auf der CDRom-Partition befindliche Login-Programm \u201eACCESS\u201c startet den Login Vorgang. Je nachdem ob man\r\n            als Authentifizierungsmethode \u201eBiometrie\u201c, \u201ePasswort\u201c oder die Kombination aus beidem gew\u00e4lt hat, sieht der\r\n            Login-Dialog anders aus. Folgende Abbildung zeigt den Biometrie-Dialog: Der Benutzer muss hier den, im\r\n            Initialisierungsvorgang gew\u00e4hlten Finger \u00fcber den Zeilenscanner des Sticks f\u00fchren. Stimmen die Merkmale des\r\n            Fingerabdrucks mit den zuvor vom Stick \u201egelernten\u201c Merkmalen \u00fcberein, wird die sichere Partition\r\n            freigegeben.\r\n        <\/p>\r\n    <\/div>\r\n    <div style=\"width: 52%;margin: 35px 0px 0px 350px;\">\r\n        <p>\r\n            Wurde als Authentifizierungsmethode ein Passwort gew\u00e4hlt oder wurde eine Kombination aus Biometrie und\r\n            Passwort gew\u00e4hlt, wird der folgende Dialog zur Passworteingabe auffordern.<\/p>\r\n    <\/div>\r\n    <div style=\"width:45%;margin: -125px 0px 0px 0px;\">\r\n        <a href=\"\/de\/wp-content\/uploads\/produkte\/sticks\/mxi\/macos\/MXI-Bio_login_b_mkd.png\" class=\"highslide\"\r\n           onmouseover=\"hs.headingText=''\" onclick=\"return hs.expand(this, { headingText: '' } )\">\r\n            <img decoding=\"async\" src=\"\/de\/wp-content\/uploads\/produkte\/sticks\/mxi\/macos\/thumbs\/MXI-Bio_login_b_mkd.png\" alt=\"\" title=\"\">\r\n        <\/a>\r\n    <\/div>\r\n    <div style=\"width: 52%; margin: 55px 0px 0px 0px;\">\r\n        <p>\r\n            <strong>Verwendung<\/strong><br>\r\n            Nach erfolgreichem Login wird die verschl\u00fcsselte Partition freigegeben, das Laufwerkssymbol \u00e4ndert sich von\r\n            \u201eLOCKED\u201c auf \u201ePRIVATE\u201c.\r\n            Die sichere Partition steht nun zur Verwendung bereit; zus\u00e4tzlich bietet die Verwaltungsoberfl\u00e4che des\r\n            Sticks weitere Einstellungsm\u00f6glichkeiten.\r\n        <\/p>\r\n    <\/div>\r\n    <div style=\"width: 45%;margin: -275px 0px 0px 445px;\">\r\n        <a href=\"\/de\/wp-content\/uploads\/produkte\/sticks\/mxi\/macos\/MXI-Bio_login_c_mkd.png\" class=\"highslide\"\r\n           onmouseover=\"hs.headingText=''\" onclick=\"return hs.expand(this, { headingText: '' } )\">\r\n            <img decoding=\"async\" src=\"\/de\/wp-content\/uploads\/produkte\/sticks\/mxi\/macos\/thumbs\/MXI-Bio_login_c_mkd.png\" alt=\"\" title=\"\">\r\n        <\/a>\r\n    <\/div>\r\n    <div style=\"width: 100%;margin: 25px 0px 0px 0px;\">\r\n        <p>\r\n            Es gibt keine vorinstallierten Programme auf dem sicheren Laufwerk \u2013 der Benutzer kann bei Bedarf\r\n            selbstentsprechende Programme (z.B. Thunderbird) installieren. Ein build-in Programm zum sicheren Backup der\r\n            Daten auf der verschl\u00fcsselten Partition gibt es nicht \u2013 hier k\u00f6nnte beispielsweise truecrypt eine m\u00f6gliche\r\n            L\u00f6sung darstellen.\r\n        <\/p>\r\n    <\/div>\r\n    <div style=\"width: 45%;margin: 55px 0px 0px 0px;\">\r\n        <a href=\"\/de\/wp-content\/uploads\/produkte\/sticks\/mxi\/macos\/MXI-Bio_logout_mkd.png\" class=\"highslide\"\r\n           onmouseover=\"hs.headingText=''\" onclick=\"return hs.expand(this, { headingText: '' } )\">\r\n            <img decoding=\"async\" src=\"\/de\/wp-content\/uploads\/produkte\/sticks\/mxi\/macos\/thumbs\/MXI-Bio_logout_mkd.png\" alt=\"\" title=\"\">\r\n        <\/a>\r\n    <\/div>\r\n    <div style=\"width: 52%;margin: -265px 0px 0px 350px;\">\r\n        <p>\r\n            <strong>Logout<\/strong><br>\r\n            Die sichere Partition des Sticks wird \u00fcber den entsprechenden Men\u00fcpunkt im \u201eACCESS\u201c Programm verschlossen.\r\n            Der Name des Symbols des sicheren Laufwerkes \u00e4ndert sich dabei auf \u201eLOCKED\u201c.\r\n        <\/p>\r\n    <\/div>\r\n    <div style=\"width: 51%;margin: 160px 0px 0px 0px;\">\r\n        <p>\r\n            \u201eExit\u201c beendet das \u201eACCESS\u201c Programm \u2013 die Laufwerke, insbesondere das \u201eLOCKED\u201c-Laufwerk, sind noch im\r\n            System angemeldet.\r\n        <\/p>\r\n    <\/div>\r\n    <div style=\"width: 45%;margin: -210px 0px 0px 445px;\">\r\n        <a href=\"\/de\/wp-content\/uploads\/produkte\/sticks\/mxi\/macos\/MXI-Bio_access_mkd.png\" class=\"highslide\"\r\n           onmouseover=\"hs.headingText=''\" onclick=\"return hs.expand(this, { headingText: '' } )\">\r\n            <img decoding=\"async\" src=\"\/de\/wp-content\/uploads\/produkte\/sticks\/mxi\/macos\/thumbs\/MXI-Bio_access_mkd.png\" alt=\"\" title=\"\">\r\n        <\/a>\r\n    <\/div>\r\n    <div style=\"width: 45%;margin: -35px 0px 0px 0px;\">\r\n        <a href=\"\/de\/wp-content\/uploads\/produkte\/sticks\/mxi\/macos\/MXI-Bio_logout_drvs_mkd.png\" class=\"highslide\"\r\n           onmouseover=\"hs.headingText=''\" onclick=\"return hs.expand(this, { headingText: '' } )\">\r\n            <img decoding=\"async\" src=\"\/de\/wp-content\/uploads\/produkte\/sticks\/mxi\/macos\/thumbs\/MXI-Bio_logout_drvs_mkd.png\" alt=\"\"\r\n                 title=\"\">\r\n        <\/a>\r\n    <\/div>\r\n    <div style=\"width: 45%; margin: 0px 0px 0px 0px;\">\r\n        <a href=\"\/de\/wp-content\/uploads\/produkte\/sticks\/mxi\/macos\/MXI-Bio_logout_drvs_1_mkd.png\" class=\"highslide\"\r\n           onmouseover=\"hs.headingText=''\" onclick=\"return hs.expand(this, { headingText: '' } )\">\r\n            <img decoding=\"async\" src=\"\/de\/wp-content\/uploads\/produkte\/sticks\/mxi\/macos\/thumbs\/MXI-Bio_logout_drvs_1_mkd.png\" alt=\"\"\r\n                 title=\"\">\r\n        <\/a>\r\n    <\/div>\r\n    <div style=\"width: 52%;margin: -235px 0px 0px 350px;\">\r\n        <p>\r\n            Zum vollst\u00e4ndigen Auswerfen des Sticks muss das \u201eLOCKED\u201c-Laufwerkssymbol in den Papierkorb des Docks gezogen\r\n            werden.\r\n        <\/p>\r\n        <p>\r\n            Der Stealth Key kann anschlie\u00dfend vom Rechner getrennt werden, auch ohne die CD-Rom Partition vorab mit\r\n            auszuwerfen.\r\n        <\/p>\r\n    <\/div>\r\n<\/div>\r\n<div id=\"M550\" style=\"margin: 205px 0px 0px 0px;\">\r\n    <p style=\"font-size: 1.2em;\"><strong>MXI Stealth Key M550<\/strong><\/p>\r\n    <p>\r\n        Parameter f\u00fcr alle Betriebssystem-Tests:<br>\r\n        Firmware-Version: Stealth M550 FW 2.2<br>\r\n        ACCESS Standard Version 4.0.1.14<\/p>\r\n    <div style=\"margin: 35px 0px 0px 0px;\">\r\n        <h3>MXI Stealth Key M550 \u2013 Benutzung unter MacOS 10.6.7<\/h3>\r\n        <p>\r\n            Der MXI Stealth Key M550 besitzt eine integrierte Multiuser-Funktion: Es k\u00f6nnen \u2013 neben dem zwangsl\u00e4ufig\r\n            erforderlichen Administratoraccount \u2013 mehrere User auf demselben Stick angelegt werden. Jeder Benutzer\r\n            erh\u00e4lt so einen, von den anderen Benutzern getrennten Speicherbereich.\r\n        <\/p>\r\n        <p>Die folgende Bilderreihe zeigt die Verwendung des bereits eingerichteten (personalisierten) MXI-M700 Bio\r\n            Sticks unter einem intel-based Mac (MacOS 10.6.7, Snow Leopard).\r\n        <\/p>\r\n        <p>\r\n            \u00c4ltere MacOS Versionen, basierend auf der PowerPC Plattform, werden nicht unterst\u00fctzt.\r\n        <\/p>\r\n    <\/div>\r\n    <div style=\"width:52%;margin: 35px 0px 0px 0px;\">\r\n        <p>\r\n            <strong>Login<\/strong><br>\r\n            Nachdem der M550 mit dem Mac verbunden wurde, wird die unverschl\u00fcsselte CDRom-Partition \u201eApplication\u201c\r\n            automatisch eingebunden. Die verschl\u00fcsselte Partition wird ebenfalls als Laufwerkssymbol sichtbar, da aber\r\n            noch keine erfolgreiche Anmeldung erfolgte, hei\u00dft das Symbol noch \u201eLOCKED\u201c.\r\n        <\/p>\r\n    <\/div>\r\n    <div style=\"width:45%;margin: -175px 0px 0px 445px;\">\r\n        <a href=\"\/de\/wp-content\/uploads\/produkte\/sticks\/mxi\/macos\/MXI-M550_CDRomPart_mkd.png\" class=\"highslide\"\r\n           onmouseover=\"hs.headingText=''\" onclick=\"return hs.expand(this, { headingText: '' } )\">\r\n            <img decoding=\"async\" src=\"\/de\/wp-content\/uploads\/produkte\/sticks\/mxi\/macos\/thumbs\/MXI-M550_CDRomPart_mkd.png\" alt=\"\"\r\n                 title=\"\">\r\n        <\/a>\r\n    <\/div>\r\n    <div style=\"width:45%;margin: 20px 0px 0px 0px;\">\r\n        <a href=\"\/de\/wp-content\/uploads\/produkte\/sticks\/mxi\/macos\/MXI-M550_login_a_mkd.png\" class=\"highslide\"\r\n           onmouseover=\"hs.headingText=''\" onclick=\"return hs.expand(this, { headingText: '' } )\">\r\n            <img decoding=\"async\" src=\"\/de\/wp-content\/uploads\/produkte\/sticks\/mxi\/macos\/thumbs\/MXI-M550_login_a_mkd.png\" alt=\"\" title=\"\">\r\n        <\/a>\r\n    <\/div>\r\n    <div style=\"width: 52%;margin: -265px 0px 0px 350px;\">\r\n        <p>\r\n            Das auf der CDRom-Partition befindliche Login-Programm \u201eACCESS\u201c startet den Management-Dialog.\r\n        <\/p>\r\n    <\/div>\r\n    <div style=\"width: 52%;margin: 225px 0px 0px 0px;\">\r\n        <p>\r\n            Ein Klick auf \u201eLogin\u201c startet den Authentifizierungsvorgang.<\/p>\r\n    <\/div>\r\n    <div style=\"width:45%;margin: -265px 0px 0px 445px;\">\r\n        <a href=\"\/de\/wp-content\/uploads\/produkte\/sticks\/mxi\/macos\/MXI-M550_login_b_mkd.png\" class=\"highslide\"\r\n           onmouseover=\"hs.headingText=''\" onclick=\"return hs.expand(this, { headingText: '' } )\">\r\n            <img decoding=\"async\" src=\"\/de\/wp-content\/uploads\/produkte\/sticks\/mxi\/macos\/thumbs\/MXI-M550_login_b_mkd.png\" alt=\"\" title=\"\">\r\n        <\/a>\r\n    <\/div>\r\n    <div style=\"width: 52%;margin: 45px 0px 0px 0px;\">\r\n        <p>\r\n            <strong>Verwendung<\/strong><br>\r\n            Nach erfolgreichem Login wird das verschl\u00fcsselte Laufwerk \u201ePRIVATE\u201c in das System eingebunden. Die sichere\r\n            Partition steht nun zur Verwendung bereit; zus\u00e4tzlich bietet die Verwaltungsoberfl\u00e4che des Sticks weitere\r\n            Konfigurationsm\u00f6glichkeiten.<\/p>\r\n    <\/div>\r\n    <div style=\"width: 45%;margin: -135px 0px 0px 445px;\">\r\n        <a href=\"\/de\/wp-content\/uploads\/produkte\/sticks\/mxi\/macos\/MXI-M550_login_c_mkd.png\" class=\"highslide\"\r\n           onmouseover=\"hs.headingText=''\" onclick=\"return hs.expand(this, { headingText: '' } )\">\r\n            <img decoding=\"async\" src=\"\/de\/wp-content\/uploads\/produkte\/sticks\/mxi\/macos\/thumbs\/MXI-M550_login_c_mkd.png\" alt=\"\" title=\"\">\r\n        <\/a>\r\n    <\/div>\r\n    <div style=\"width:52%;margin: 25px 0px 0px 350px;\">\r\n        <p>\r\n            Es gibt keine vorinstallierten Programme auf dem sicheren Laufwerk \u2013 der Benutzer kann bei Bedarf selbst\r\n            entsprechende Programme (z.B. Thunderbird) installieren. Ein build-in Programm zum sicheren Backup der Daten\r\n            auf der verschl\u00fcsselten Partition gibt es nicht \u2013 hier k\u00f6nnte beispielsweise truecrypt eine m\u00f6gliche L\u00f6sung\r\n            darstellen.\r\n        <\/p>\r\n    <\/div>\r\n    <div style=\"width: 45%;margin: -275px 0px 0px 0px;\">\r\n        <a href=\"\/de\/wp-content\/uploads\/produkte\/sticks\/mxi\/macos\/MXI-M550_private_mkd.png\" class=\"highslide\"\r\n           onmouseover=\"hs.headingText=''\" onclick=\"return hs.expand(this, { headingText: '' } )\">\r\n            <img decoding=\"async\" src=\"\/de\/wp-content\/uploads\/produkte\/sticks\/mxi\/macos\/thumbs\/MXI-M550_private_mkd.png\" alt=\"\" title=\"\">\r\n        <\/a>\r\n    <\/div>\r\n    <div style=\"width: 52%;margin: 45px 0px 0px 0px;\">\r\n        <p>\r\n            <strong>Logout<\/strong><br>\r\n            Die sichere Partition des Sticks wird \u00fcber den entsprechenden Men\u00fcpunkt des \u201eACCESS\u201c Programms verschlossen.<br>\r\n            <br>\r\n            Der Name des Laufwerkssymbols \u00e4ndert sich dabei auf \u201eLOCKED\u201c, dass auch noch nach dem Schlie\u00dfen des\r\n            Management-Programms im System verbleibt.\r\n        <\/p>\r\n    <\/div>\r\n    <div style=\"width: 45%;margin: -205px 0px 0px 445px;\">\r\n        <a href=\"\/de\/wp-content\/uploads\/produkte\/sticks\/mxi\/macos\/MXI-M550_logout_mkd.png\" class=\"highslide\"\r\n           onmouseover=\"hs.headingText=''\" onclick=\"return hs.expand(this, { headingText: '' } )\">\r\n            <img decoding=\"async\" src=\"\/de\/wp-content\/uploads\/produkte\/sticks\/mxi\/macos\/thumbs\/MXI-M550_logout_mkd.png\" alt=\"\" title=\"\">\r\n        <\/a>\r\n    <\/div>\r\n    <div style=\"width: 45%; margin: 0px 0px 0px 445px;\">\r\n        <a href=\"\/de\/wp-content\/uploads\/produkte\/sticks\/mxi\/macos\/MXI-M550_logout_drvs_1_mkd.png\" class=\"highslide\"\r\n           onmouseover=\"hs.headingText=''\" onclick=\"return hs.expand(this, { headingText: '' } )\">\r\n            <img decoding=\"async\" src=\"\/de\/wp-content\/uploads\/produkte\/sticks\/mxi\/macos\/thumbs\/MXI-M550_logout_drvs_1_mkd.png\" alt=\"\"\r\n                 title=\"\">\r\n        <\/a>\r\n    <\/div>\r\n    <div style=\"width: 52%;margin: -205px 0px 115px 0px;\">\r\n        <p>\r\n            Zum vollst\u00e4ndigen Auswerfen des Sticks muss \u2013 wie unter MacOS \u00fcblich \u2013 das \u201eLOCKED\u201c Laufwerkssysmbol in den\r\n            Papierkorb des Docks gezogen werden.\r\n        <\/p>\r\n    <\/div>\r\n<\/div>","protected":false},"excerpt":{"rendered":"StealthKey Informationen Merkmale Technische Daten Einsatz unter Windows Einsatz unter","protected":false},"author":1,"featured_media":0,"parent":676,"menu_order":0,"comment_status":"closed","ping_status":"closed","template":"","meta":{"footnotes":""},"class_list":["post-1005","page","type-page","status-publish","hentry","no-wpautop","","tg-column-two"],"_links":{"self":[{"href":"https:\/\/www.ganec.de\/de\/wp-json\/wp\/v2\/pages\/1005","targetHints":{"allow":["GET"]}}],"collection":[{"href":"https:\/\/www.ganec.de\/de\/wp-json\/wp\/v2\/pages"}],"about":[{"href":"https:\/\/www.ganec.de\/de\/wp-json\/wp\/v2\/types\/page"}],"author":[{"embeddable":true,"href":"https:\/\/www.ganec.de\/de\/wp-json\/wp\/v2\/users\/1"}],"replies":[{"embeddable":true,"href":"https:\/\/www.ganec.de\/de\/wp-json\/wp\/v2\/comments?post=1005"}],"version-history":[{"count":3,"href":"https:\/\/www.ganec.de\/de\/wp-json\/wp\/v2\/pages\/1005\/revisions"}],"predecessor-version":[{"id":1008,"href":"https:\/\/www.ganec.de\/de\/wp-json\/wp\/v2\/pages\/1005\/revisions\/1008"}],"up":[{"embeddable":true,"href":"https:\/\/www.ganec.de\/de\/wp-json\/wp\/v2\/pages\/676"}],"wp:attachment":[{"href":"https:\/\/www.ganec.de\/de\/wp-json\/wp\/v2\/media?parent=1005"}],"curies":[{"name":"wp","href":"https:\/\/api.w.org\/{rel}","templated":true}]}}